{"id":1216,"date":"2020-07-09T20:28:39","date_gmt":"2020-07-09T20:28:39","guid":{"rendered":"http:\/\/www2.unifap.br\/neab\/?page_id=1216"},"modified":"2020-07-09T20:28:49","modified_gmt":"2020-07-09T20:28:49","slug":"acoes-afirmativas-para-alem-das-cotas","status":"publish","type":"page","link":"https:\/\/www2.unifap.br\/neab\/memorial\/2017-2\/acoes-afirmativas-para-alem-das-cotas\/","title":{"rendered":"A\u00e7\u00f5es Afirmativas: para al\u00e9m das cotas"},"content":{"rendered":"<p>Em alus\u00e3o ao m\u00eas da Consci\u00eancia Negra, o Neab promoveu um evento intitulado: A\u00e7\u00f5es Afirmativas: para al\u00e9m das cotas, tendo como finalidade, contribuir para a amplia\u00e7\u00e3o do debate e do alcance das Pol\u00edticas de A\u00e7\u00f5es Afirmativas. Para alcan\u00e7armos o objetivo do mesmo e buscar abranger todas as \u00e1reas de conhecimento foi organizada uma programa\u00e7\u00e3o riqu\u00edssima quanto as tem\u00e1ticas \u00e9tnico-raciais, a seguir disponibilizo a programa\u00e7\u00e3o do evento:<\/p>\n<p><strong>\u00a0<\/strong><\/p>\n<p><strong>Data: 16 de novembro<\/strong><\/p>\n<p><strong>MINI CURSOS \u2013 In\u00edcio 8h30min<\/strong><\/p>\n<ul>\n<li><strong>Tema:<\/strong> &#8220;Identidades Guianenses: olhares e percep\u00e7\u00f5es de uma escritora \/ autora Guianense\u201d<\/li>\n<\/ul>\n<p><strong>Ministrante:<\/strong> Profa. Christelle Johnny<\/p>\n<p><strong>Carga hor\u00e1ria:<\/strong> 4hrs<\/p>\n<p><strong>Local: <\/strong>Sala 01 do bloco de P\u00f3s-gradua\u00e7\u00e3o<\/p>\n<p>&nbsp;<\/p>\n<ul>\n<li><strong>Tema:<\/strong> \u201cSa\u00fade da popula\u00e7\u00e3o negra\u201d<\/li>\n<\/ul>\n<p><strong>Ministrante:<\/strong> Profa. Dra. Nelma Nunes \u2013 Neab\/Unifap<\/p>\n<p><strong>Carga hor\u00e1ria: <\/strong>4hrs<\/p>\n<p><strong>Local: <\/strong>Sala 02 do bloco de P\u00f3s-gradua\u00e7\u00e3o<\/p>\n<p>&nbsp;<\/p>\n<p><strong>ABERTURA SOLENE &#8211;\u00a0 In\u00edcio 14h<\/strong><\/p>\n<p><strong>Participantes: <\/strong>Representantes de Institui\u00e7\u00f5es P\u00fablicas (Improir, Seafro, Unifap, OAB, Neer)<\/p>\n<p><strong>Hor\u00e1rio:<\/strong> 14h30min<\/p>\n<p><strong>Local: <\/strong>Hall do Centro Integrado de Pesquisa e P\u00f3s-gradua\u00e7\u00e3o \u2013 Cipp\/Unifap (Pr\u00e9dio Aranha)<\/p>\n<p>&nbsp;<\/p>\n<p><strong>Men\u00e7\u00e3o Honrosa a <em>Raimunda Nazar\u00e9 da Silva Ramos, <\/em>sua representante, sua filha<em> Daiana Ronieli Ramos dos Santos.<\/em><\/strong><\/p>\n<p>&nbsp;<\/p>\n<p><strong>MESA DE DEBATES &#8211;<\/strong> \u201cA\u00e7\u00f5es afirmativas: para al\u00e9m das Cotas\u201d<\/p>\n<p><strong>\u00a0<\/strong><\/p>\n<p><strong>Participantes: <\/strong>Profa. Dra. Francisca de Paula de Oliveira \u2013 Ci\u00eancias Sociais\/Unifap, Prof. Dr. Handerson Joseph \u2013 Ci\u00eancias Sociais\/Unifap, Profa. Dra. Eliane Leal Vasquez \u2013 Matem\u00e1tica\/NAI\/Unifap, Prof. Dr. Alexandre Adalberto Pereira \u2013 Artes Visuais\/Unifap.<\/p>\n<p><strong>Mediadora: <\/strong>Profa. Dra. Piedade Lino Videira \u2013 Neab\/Unifap<\/p>\n<p><strong>Hor\u00e1rio: <\/strong>15h30min<\/p>\n<p><strong>Local: <\/strong>Hall do Centro Integrado de Pesquisa e P\u00f3s-gradua\u00e7\u00e3o \u2013 Cipp\/Unifap (Pr\u00e9dio Aranha).<\/p>\n<p><strong>Data: 17 de novembro<\/strong><\/p>\n<p>Foto 01 \u2013 Mesa \u00a0\u201cA\u00e7\u00f5es afirmativas: para al\u00e9m das Cotas\u201d<\/p>\n<p><a href=\"http:\/\/www2.unifap.br\/neab\/files\/2020\/07\/Sem-t\u00edtulo.png\"><img fetchpriority=\"high\" decoding=\"async\" class=\"aligncenter size-full wp-image-1218\" src=\"http:\/\/www2.unifap.br\/neab\/files\/2020\/07\/Sem-t\u00edtulo.png\" alt=\"\" width=\"483\" height=\"240\" srcset=\"https:\/\/www2.unifap.br\/neab\/files\/2020\/07\/Sem-t\u00edtulo.png 483w, https:\/\/www2.unifap.br\/neab\/files\/2020\/07\/Sem-t\u00edtulo-300x149.png 300w\" sizes=\"(max-width: 483px) 100vw, 483px\" \/><\/a><\/p>\n<p>Fonte: NEAB\/UNIFAP<\/p>\n<p><strong>\u00a0<\/strong><\/p>\n<p><strong>MINI CURSOS <\/strong><\/p>\n<p><strong>MANH\u00c3 &#8211; In\u00edcio 8:30<\/strong><\/p>\n<ul>\n<li><strong>Tema: <\/strong>\u201cCartografia social e metodologias de pesquisas em territ\u00f3rios tradicionalmente ocupados\u201d<\/li>\n<\/ul>\n<p><strong>Ministrante: <\/strong>Prof. Dr. Raimundo Diniz \u2013 Neab\/Unifap<\/p>\n<p><strong>Carga hor\u00e1ria: <\/strong>4hrs<\/p>\n<p><strong>Local: <\/strong>Sala 02 do bloco de P\u00f3s-gradua\u00e7\u00e3o<\/p>\n<p><strong>\u00a0<\/strong><\/p>\n<ul>\n<li><strong>Tema: <\/strong>&#8220;\u00c1frica no Brasil: como se formou a nossa l\u00edngua portuguesa?&#8221;<\/li>\n<\/ul>\n<p><strong>Ministrante: <\/strong>Profa. Dra. Suzana Pinto do Esp\u00edrito Santo \u2013 Neab\/Unifap<\/p>\n<p><strong>Carga hor\u00e1ria: <\/strong>4hrs<\/p>\n<p><strong>Local: <\/strong>Audit\u00f3rio 02 do Pr\u00e9dio do Cipp \u2013 Unifap (Pr\u00e9dio aranha)<\/p>\n<ul>\n<li><strong>Tema:<\/strong> \u201cDecolonialidade e resist\u00eancia LGBT\u201d<\/li>\n<\/ul>\n<p><strong>Ministrante: <\/strong>Prof. Dr. <a href=\"http:\/\/sigu.unifap.br\/instance\/sigu\/titan.php?target=body&amp;toSection=academico.homologar_diario&amp;toAction=viewDiario&amp;itemId=1321\">Alexandre Adalberto Pereira<\/a> &#8211; Unifap<\/p>\n<p><strong>Carga hor\u00e1ria: <\/strong>4hrs<\/p>\n<p><strong>Local: <\/strong>Haal \u2013 Unifap (Pr\u00e9dio aranha)<\/p>\n<p><strong>\u00a0<\/strong><\/p>\n<ul>\n<li><strong>Tema:<\/strong> \u201cRacismo e sofrimento ps\u00edquico\u201d<\/li>\n<\/ul>\n<p><strong>\u00a0\u00a0\u00a0\u00a0\u00a0\u00a0\u00a0\u00a0\u00a0\u00a0\u00a0 Ministrante:<\/strong> Thais Helena Rodrigues Ara\u00fajo dos Santos &#8211; UECE<\/p>\n<p><strong>\u00a0\u00a0\u00a0\u00a0\u00a0\u00a0\u00a0\u00a0\u00a0\u00a0\u00a0 Carga hor\u00e1ria: <\/strong>2hrs<\/p>\n<p><strong>\u00a0\u00a0\u00a0\u00a0\u00a0\u00a0\u00a0\u00a0\u00a0\u00a0\u00a0 Local: <\/strong>Audit\u00f3rio 01 do Pr\u00e9dio do Cipp \u2013 Unifap (Pr\u00e9dio aranha)<\/p>\n<p><strong>\u00a0<\/strong><\/p>\n<p><strong>RODA DE CONVERSA:<\/strong> \u201cA\u00e7\u00f5es Afirmativas: a perspectiva dos ativistas dos Movimentos Sociais\u201d<\/p>\n<p><strong>PARTIPANTES: <\/strong>C\u00e9sar Filho, Marlon J\u00fanior, Mayara Feitosa Teodoro, Romulo Cambraia Ribeiro<\/p>\n<p><strong>Hor\u00e1rio:<\/strong> 14:30hrs<\/p>\n<p><strong>Local: <\/strong>Hall do Centro Integrado de Pesquisa e P\u00f3s-gradua\u00e7\u00e3o \u2013 Cipp\/Unifap (Pr\u00e9dio Aranha).<\/p>\n<p>&nbsp;<\/p>\n<p>Foto 02 \u2013 Mesa \u00a0\u201cA\u00e7\u00f5es Afirmativas: a perspectiva dos ativistas dos Movimentos Sociais\u201d<\/p>\n<p><a href=\"http:\/\/www2.unifap.br\/neab\/files\/2020\/07\/Sem-t\u00edtulo2.png\"><img decoding=\"async\" class=\"aligncenter size-full wp-image-1217\" src=\"http:\/\/www2.unifap.br\/neab\/files\/2020\/07\/Sem-t\u00edtulo2.png\" alt=\"\" width=\"418\" height=\"278\" srcset=\"https:\/\/www2.unifap.br\/neab\/files\/2020\/07\/Sem-t\u00edtulo2.png 418w, https:\/\/www2.unifap.br\/neab\/files\/2020\/07\/Sem-t\u00edtulo2-300x200.png 300w\" sizes=\"(max-width: 418px) 100vw, 418px\" \/><\/a><\/p>\n<p>Fonte: NEAB\/UNIFAP<\/p>\n<p>&nbsp;<\/p>\n<p>&nbsp;<\/p>\n<p><img decoding=\"async\" src=\"https:\/\/scontent.fmao1-1.fna.fbcdn.net\/v\/t31.0-8\/23551048_1972040999680097_424546476598031555_o.jpg?_nc_cat=101&amp;_nc_sid=340051&amp;_nc_eui2=AeH2B3yYVhRT8lqg86E4MAQb8pH1gDkPqDvykfWAOQ-oOyh4iMcwLVRsumHoOEdP7HudZHdHQLJLl-YokrFxGeiz&amp;_nc_oc=AQnMxoIfMbPjL4FAhKs2pTav_DKVeZLiGfuVRhDl6s3XvkntNhpTp4pBt3RtR_Ql65ouYkoQUqqX2etrHJ-hTThB&amp;_nc_ht=scontent.fmao1-1.fna&amp;oh=765edb887a25d17383369d3160c4e90f&amp;oe=5F2C74AC\" \/><\/p>\n","protected":false},"excerpt":{"rendered":"<p>Em alus\u00e3o ao m\u00eas da Consci\u00eancia Negra, o Neab promoveu um evento intitulado: A\u00e7\u00f5es Afirmativas: para al\u00e9m das cotas, tendo como finalidade, contribuir para a amplia\u00e7\u00e3o do debate e do alcance das Pol\u00edticas de A\u00e7\u00f5es Afirmativas. Para alcan\u00e7armos o objetivo&hellip; <\/p>\n<p><a href=\"https:\/\/www2.unifap.br\/neab\/memorial\/2017-2\/acoes-afirmativas-para-alem-das-cotas\/\" class=\"readmore-button\">Continue Reading<\/a><\/p>\n","protected":false},"author":869,"featured_media":0,"parent":910,"menu_order":0,"comment_status":"closed","ping_status":"closed","template":"","meta":{"inline_featured_image":false,"ngg_post_thumbnail":0,"footnotes":""},"class_list":["post-1216","page","type-page","status-publish","hentry"],"_links":{"self":[{"href":"https:\/\/www2.unifap.br\/neab\/wp-json\/wp\/v2\/pages\/1216","targetHints":{"allow":["GET"]}}],"collection":[{"href":"https:\/\/www2.unifap.br\/neab\/wp-json\/wp\/v2\/pages"}],"about":[{"href":"https:\/\/www2.unifap.br\/neab\/wp-json\/wp\/v2\/types\/page"}],"author":[{"embeddable":true,"href":"https:\/\/www2.unifap.br\/neab\/wp-json\/wp\/v2\/users\/869"}],"replies":[{"embeddable":true,"href":"https:\/\/www2.unifap.br\/neab\/wp-json\/wp\/v2\/comments?post=1216"}],"version-history":[{"count":1,"href":"https:\/\/www2.unifap.br\/neab\/wp-json\/wp\/v2\/pages\/1216\/revisions"}],"predecessor-version":[{"id":1219,"href":"https:\/\/www2.unifap.br\/neab\/wp-json\/wp\/v2\/pages\/1216\/revisions\/1219"}],"up":[{"embeddable":true,"href":"https:\/\/www2.unifap.br\/neab\/wp-json\/wp\/v2\/pages\/910"}],"wp:attachment":[{"href":"https:\/\/www2.unifap.br\/neab\/wp-json\/wp\/v2\/media?parent=1216"}],"curies":[{"name":"wp","href":"https:\/\/api.w.org\/{rel}","templated":true}]}}