{"id":1310,"date":"2021-05-19T17:12:56","date_gmt":"2021-05-19T17:12:56","guid":{"rendered":"http:\/\/www2.unifap.br\/neab\/?page_id=1310"},"modified":"2021-05-19T17:16:35","modified_gmt":"2021-05-19T17:16:35","slug":"observatorio-de-politicas-de-acoes-afirmativas-do-amapa-pagina-em-construcao","status":"publish","type":"page","link":"https:\/\/www2.unifap.br\/neab\/observatorio-de-politicas-de-acoes-afirmativas-do-amapa-pagina-em-construcao\/","title":{"rendered":"Observat\u00f3rio de Pol\u00edticas de A\u00e7\u00f5es Afirmativas do Amap\u00e1 (P\u00e1gina em constru\u00e7\u00e3o)"},"content":{"rendered":"<p><strong>QUEM SOMOS?<\/strong><\/p>\n<p><strong>\u00a0<\/strong>O Observat\u00f3rio das Pol\u00edticas de A\u00e7\u00f5es Afirmativas coordenado pelo Neab-Unifap \u2013 \u00e9 um Programa Interinstitucional que atua de maneira transdisciplinar, que se relaciona com a Educa\u00e7\u00e3o, Direitos Humanos e Justi\u00e7a social, Antropologia das Popula\u00e7\u00f5es Afro-brasileiras (entre outras \u00e1reas de conhecimento) para promover a equidade de oportunidades a grupos em situa\u00e7\u00e3o de vulnerabilidade, no intuito de construir um projeto de sociedade que seja justo e solid\u00e1rio, sem preconceitos de origem, ra\u00e7a\/cor, religi\u00e3o, sexo, idade e quaisquer outras formas de discrimina\u00e7\u00e3o, com o objetivo de contribuir para a redu\u00e7\u00e3o da marginaliza\u00e7\u00e3o e das desigualdades raciais, sociais e regionais \u00a0que s\u00e3o princ\u00edpios fundamentais da sociedade brasileira, previstos na Constitui\u00e7\u00e3o Federal de 1988.<\/p>\n<p>O Observat\u00f3rio compreende um conjunto articulado de projetos e a\u00e7\u00f5es de car\u00e1ter transdisciplinar que integra atividades de pesquisa, ensino e extens\u00e3o voltadas ao monitoramento, levantamento de dados, compara\u00e7\u00e3o e an\u00e1lise da implanta\u00e7\u00e3o de pol\u00edticas de democratiza\u00e7\u00e3o de acesso e de perman\u00eancia no ensino superior e na educa\u00e7\u00e3o b\u00e1sica.<\/p>\n<p>Os pesquisadores e as pesquisadoras que integram o OPAAF desenvolvem suas atividades de ensino, pesquisa e extens\u00e3o orientados (as), ainda, em identificar, analisar e comparar os investimentos, recursos mobilizados, custos e impactos institucionais advindos da implementa\u00e7\u00e3o dessas pol\u00edticas, bem como seus controles institucionais e social, dando respostas efetivas \u00e0 sociedade sobre o investimento em educa\u00e7\u00e3o.<\/p>\n<p>Objetivo Geral:<\/p>\n<ul>\n<li>Potencializar a\u00e7\u00f5es e atividades que tenham como pressuposto incidir sobre as formas de implementa\u00e7\u00e3o das A\u00e7\u00f5es Afirmativas nas Institui\u00e7\u00f5es Federais de Ensino Superior no Amap\u00e1, bem como nas redes estadual e municipais.<\/li>\n<\/ul>\n<p>Objetivos espec\u00edficos:<\/p>\n<ul>\n<li>Estabelecer di\u00e1logo permanente e colaborativo com os sujeitos de direito (sujeitos-alvo da PAAF), bem como, com os grupos sociais que demandaram e viabilizam o acesso a essas pol\u00edticas, tais como comunidades tradicionais, quilombolas e de matriz africana, movimentos sociais, institui\u00e7\u00f5es escolares, coletivos de estudantes, coletivos culturais, dentre outros grupos,<\/li>\n<li>Realizar eventos de forma\u00e7\u00e3o voltados aos estudantes, \u00e0 comunidade universit\u00e1ria, bem como a sociedade civil organizada, visando instituir um estado de consci\u00eancia coletiva (cr\u00edtico e propositivo) de permanente controle social (monitoramento) de tais pol\u00edticas,<\/li>\n<li>Coordenar com a administra\u00e7\u00e3o da Unifap o levantamento do passivo de estudantes que ingressaram na Institui\u00e7\u00e3o pelas PAAF em per\u00edodo anterior \u00e0 Institucionaliza\u00e7\u00e3o da comiss\u00e3o de heteroidentifica\u00e7\u00e3o,<\/li>\n<li>Produzir dados e indicadores sobre a viabilidade de investimento e os impactos das PAAF na tomada de decis\u00e3o de gestores no setor p\u00fablico e privado a partir da produ\u00e7\u00e3o e divulga\u00e7\u00e3o do conhecimento nessa \u00e1rea.<\/li>\n<li>Possibilitar a otimiza\u00e7\u00e3o de recursos destinados a bolsas de perman\u00eancia e cong\u00eaneres atrav\u00e9s do detalhamento da composi\u00e7\u00e3o socioecon\u00f4mica e racial dos acad\u00eamicos das institui\u00e7\u00f5es.<\/li>\n<\/ul>\n<p><strong>Justificativa <\/strong><\/p>\n<p><strong>\u00a0<\/strong>No final do s\u00e9culo XX, os movimentos sociais negros organizados politicamente, e ap\u00f3s longo per\u00edodo de debates nacionais e internacionais, discuss\u00f5es e muito empenho, conceberam um conjunto de pol\u00edticas p\u00fablicas e privadas voltadas \u00e0 melhoria da qualidade de vida da popula\u00e7\u00e3o negra, e por conseguinte de toda sociedade brasileira, que foram denominadas A\u00e7\u00f5es Afirmativas. Essas A\u00e7\u00f5es, uma vez institucionalizadas como pol\u00edticas, vinculam \u00e0s institui\u00e7\u00f5es e \u00e0 sociedade, a responsabilidade de seu monitoramento, acompanhamento e avalia\u00e7\u00e3o. Entretanto, n\u00e3o \u00e9 poss\u00edvel avaliar, monitorar, aperfei\u00e7oar, sem uma criteriosa coleta e an\u00e1lise de dados estat\u00edsticos e qualitativos que possibilitam melhor compreender as PAAF.<\/p>\n<p>Nesse sentido, torna-se urgente e relevante nos debru\u00e7amos sobre o planejamento e a execu\u00e7\u00e3o das PAAF no Amap\u00e1, nos n\u00edveis Federal, Estadual, Municipal para al\u00e9m de compreender seus aspectos simb\u00f3licos, planejar, executar, avaliar e apontar possibilidades de ampliar o alcance e a exequibilidade das A\u00e7\u00f5es Afirmativas, inclusive no que diz respeito \u00e0 aloca\u00e7\u00e3o de recursos para melhorar as condi\u00e7\u00f5es objetivas e subjetivas dessa grande parcela da sociedade brasileira.<\/p>\n<p>Nessa perspectiva, o Observat\u00f3rio se apresenta como um relevante instrumento de estudos, capacita\u00e7\u00e3o, levantamento de dados e indicadores que trabalhando em rede, proporcionar\u00e1 conhecer a situa\u00e7\u00e3o das PAAF nas IES, Estado e munic\u00edpios para subsidiar seu planejamento e\u00a0 execu\u00e7\u00e3o.<\/p>\n<p><strong>Metodologia<\/strong><\/p>\n<p>A constru\u00e7\u00e3o metodol\u00f3gica do projeto, contempla as etapas e os interesses de pesquisa e, para cada uma das fases, a metodologia \u00e9 espec\u00edfica.<\/p>\n<p>Na fase de elabora\u00e7\u00e3o da proposta, foram realizadas reuni\u00f5es no intuito de estabelecer procedimentos e interesses comuns que direcionam as estrat\u00e9gias de implementa\u00e7\u00e3o mais eficiente das PAAF, bem como do papel integralizador dos movimentos sociais, na expectativa de que a pol\u00edtica realmente atenda \u00e0s suas finalidades.<\/p>\n<p><strong>Indicadores, Metas e Resultados<\/strong><\/p>\n<p>Indicadores: Hist\u00f3rico de a\u00e7\u00f5es afirmativas das institui\u00e7\u00f5es envolvidas, perfil dos\/as candidatos\/as (ra\u00e7a\/cor, sexo, geracional, econ\u00f4mico, origem, educacional, conjugal, e outros); demografia da regi\u00e3o norte e do Amap\u00e1; n\u00edvel de institucionaliza\u00e7\u00e3o das A\u00e7\u00f5es Afirmativas (monitoramento, acesso, perman\u00eancia, situa\u00e7\u00e3o de egressos), recurso or\u00e7ament\u00e1rio e mecanismos de controle social; mapeamento das pautas da sociedade civil e acad\u00eamica.<\/p>\n<p><strong>Metas:<\/strong><\/p>\n<ul>\n<li>Identificar, analisar, publicar e divulgar os dados observados sobre as PAAF para a comunidade acad\u00eamica e sociedade civil;<\/li>\n<li>Contribuir para a implementa\u00e7\u00e3o de PAAF sob o ponto de vista local e macro;<\/li>\n<li>Monitorar e propor medidas relativas \u00e0s PAAF dentro das institui\u00e7\u00f5es envolvidas;<\/li>\n<li>Realizar a\u00e7\u00f5es voltadas \u00e0 forma\u00e7\u00e3o para diversidade no \u00e2mbito da comunidade acad\u00eamica e sociedade civil.<\/li>\n<li>Produzir Manual Escolar Relativo a Cultura Negra do Amap\u00e1<\/li>\n<\/ul>\n<p><strong>Resultados esperados:<\/strong><\/p>\n<ul>\n<li>Respostas institucionais frente \u00e0s informa\u00e7\u00f5es levantadas pelo Observat\u00f3rio;<\/li>\n<li>Mapeamento, identifica\u00e7\u00e3o, monitoramento, avalia\u00e7\u00e3o e compartilhamento de resultados obtidos com as PAAF,<\/li>\n<li>Desenvolvimento de materiais audiovisuais para documenta\u00e7\u00e3o e dissemina\u00e7\u00e3o das atividades inerentes ao Observat\u00f3rio nas IES, bem como no Estado e Munic\u00edpios de Macap\u00e1;<\/li>\n<li>Planejamento e execu\u00e7\u00e3o de pesquisas que sejam relevantes para a popula\u00e7\u00e3o negra, levando em considera\u00e7\u00e3o as demandas identificadas em cada \u00e1rea.<\/li>\n<li>Cria\u00e7\u00e3o de um banco de dados unificado entre as Institui\u00e7\u00f5es envolvidas;<\/li>\n<li>Produ\u00e7\u00e3o de manual escolar relativo \u00e0 cultura afro-amapaense<\/li>\n<li>Realiza\u00e7\u00e3o de eventos.<\/li>\n<\/ul>\n<p>&nbsp;<\/p>\n<p>NEAB-UNIFAP &#8211; Observat\u00f3rio Interinstitucional de A\u00e7\u00f5es Afirmativas do Amap\u00e1<\/p>\n<p>Observat\u00f3rio Interinstitucional de A\u00e7\u00f5es Afirmativas do Amap\u00e1, em parceria com \u00f3rg\u00e3os e institui\u00e7\u00f5es nas esferas estadual e municipal: UNIFAP, IFAP, OAB-AP, Cons\u00f3rcio Regional de Neab, Neabis, Grupos Correlatos e sociedade civil organizada.<\/p>\n<p>\u00canfase: Ensino, Pesquisa e Extens\u00e3o<\/p>\n<p>Data inicial: 19\/05\/2021<\/p>\n<p>Data final: trata-se de um projeto permanente com renova\u00e7\u00e3o prevista de quatro em quatro anos<\/p>\n<p>Unidade de Origem: Neab-Unifap.<\/p>\n<p>Coordena\u00e7\u00e3o Geral:\u00a0 Piedade Lino Videira e Enilton Ferreira Vieira.<\/p>\n<p>\u00c1rea CNPq: Ci\u00eancias Humanas.<\/p>\n<p>Eixos Tem\u00e1ticos Principais: Educa\u00e7\u00e3o das Rela\u00e7\u00f5es \u00c9tnico-raciais, Direitos Humanos e Justi\u00e7a social, Antropologia das Popula\u00e7\u00f5es Afro-brasileiras.<\/p>\n<p>Linhas de Ensino 1: Educa\u00e7\u00e3o das Rela\u00e7\u00f5es \u00c9tnico-raciais;<\/p>\n<p>Linhas de Pesquisa 2: Direitos Humanos, Justi\u00e7a Social e A\u00e7\u00f5es Afirmativas;<\/p>\n<p>Linhas de Extens\u00e3o 3:<\/p>\n<p>Linhas de Extens\u00e3o 4:<\/p>\n","protected":false},"excerpt":{"rendered":"<p>QUEM SOMOS? \u00a0O Observat\u00f3rio das Pol\u00edticas de A\u00e7\u00f5es Afirmativas coordenado pelo Neab-Unifap \u2013 \u00e9 um Programa Interinstitucional que atua de maneira transdisciplinar, que se relaciona com a Educa\u00e7\u00e3o, Direitos Humanos e Justi\u00e7a social, Antropologia das Popula\u00e7\u00f5es Afro-brasileiras (entre outras \u00e1reas&hellip; <\/p>\n<p><a href=\"https:\/\/www2.unifap.br\/neab\/observatorio-de-politicas-de-acoes-afirmativas-do-amapa-pagina-em-construcao\/\" class=\"readmore-button\">Continue Reading<\/a><\/p>\n","protected":false},"author":869,"featured_media":0,"parent":0,"menu_order":0,"comment_status":"closed","ping_status":"closed","template":"","meta":{"inline_featured_image":false,"ngg_post_thumbnail":0,"footnotes":""},"class_list":["post-1310","page","type-page","status-publish","hentry"],"_links":{"self":[{"href":"https:\/\/www2.unifap.br\/neab\/wp-json\/wp\/v2\/pages\/1310","targetHints":{"allow":["GET"]}}],"collection":[{"href":"https:\/\/www2.unifap.br\/neab\/wp-json\/wp\/v2\/pages"}],"about":[{"href":"https:\/\/www2.unifap.br\/neab\/wp-json\/wp\/v2\/types\/page"}],"author":[{"embeddable":true,"href":"https:\/\/www2.unifap.br\/neab\/wp-json\/wp\/v2\/users\/869"}],"replies":[{"embeddable":true,"href":"https:\/\/www2.unifap.br\/neab\/wp-json\/wp\/v2\/comments?post=1310"}],"version-history":[{"count":4,"href":"https:\/\/www2.unifap.br\/neab\/wp-json\/wp\/v2\/pages\/1310\/revisions"}],"predecessor-version":[{"id":1314,"href":"https:\/\/www2.unifap.br\/neab\/wp-json\/wp\/v2\/pages\/1310\/revisions\/1314"}],"wp:attachment":[{"href":"https:\/\/www2.unifap.br\/neab\/wp-json\/wp\/v2\/media?parent=1310"}],"curies":[{"name":"wp","href":"https:\/\/api.w.org\/{rel}","templated":true}]}}