{"id":199,"date":"2016-05-03T15:10:48","date_gmt":"2016-05-03T15:10:48","guid":{"rendered":"http:\/\/www2.unifap.br\/neab\/?page_id=199"},"modified":"2017-11-07T19:38:37","modified_gmt":"2017-11-07T19:38:37","slug":"educacao","status":"publish","type":"page","link":"https:\/\/www2.unifap.br\/neab\/memorial\/acervo\/educacao\/","title":{"rendered":"Educa\u00e7\u00e3o"},"content":{"rendered":"<p><strong>Educa\u00e7\u00e3o e A\u00e7\u00f5es Afirmativas:\u00a0entre a injusti\u00e7a simb\u00f3lica\u00a0e a injusti\u00e7a econ\u00f4mica:<br \/>\n<\/strong>&gt;&gt;<a href=\"http:\/\/www2.unifap.br\/neab\/files\/2016\/03\/inep_Educa\u00e7\u00e3oeA\u00e7\u00f5esAfirmativas_2003_PBGoncalvesSilva_VRSilverio.pdf\">Educa\u00e7\u00e3o e A\u00e7\u00f5es Afirmativas<br \/>\n<\/a>Silva, Petronilha Beatriz Gon\u00e7alves e Silv\u00e9rio, Valter Roberto<\/p>\n<p><strong>Contribui\u00e7\u00f5es da narrativa ficcional na supera\u00e7\u00e3o do racismo e na implementa\u00e7\u00e3o da Lei N.\u00a010.639\/2003 nos curr\u00edculos.<br \/>\n<\/strong>&gt;&gt;<a href=\"http:\/\/www2.unifap.br\/neab\/files\/2016\/03\/Contribui\u00e7\u00f5es-da-narrativa-ficcional-na-supera\u00e7\u00e3o-do-racismo-e-na-implementa\u00e7\u00e3o-da-Lei-N.-10.6392003-nos-curr\u00edculos.pdf\">Contribui\u00e7\u00f5es da narrativa ficcional na supera\u00e7\u00e3o do racismo e na implementa\u00e7\u00e3o da Lei N. 10.6392003 nos curr\u00edculos<br \/>\n<\/a>Foster,\u00a0Eugenia da Luz Silva;Videira, Piedade Lino;Cust\u00f3dio, Elivaldo Serr\u00e3o.<\/p>\n<p><strong>Caderno de Projetos e Propostas Pedag\u00f3gicas para a\u00a0Implementa\u00e7\u00e3o da Lei 10.639\/03\u00a0no Estado do Amap\u00e1<br \/>\n&gt;&gt;<\/strong><a href=\"http:\/\/www2.unifap.br\/neab\/files\/2016\/05\/Souza-Silvaney-Rubens-Alves-de.zip\">Lei 10.639\/03\u00a0no Estado do Amap\u00e1<\/a><strong><br \/>\n<\/strong>Souza, Silvaney Rubens Alves de.<strong><br \/>\n<\/strong><\/p>\n<p>Ensino e Aprendizagem na Educa\u00e7\u00e3o B\u00e1sica: desafios curriculares &gt;&gt;\u00a0<a href=\"http:\/\/www2.fc.unesp.br\/cbe\/IVCBE-Vol-01.pdf\">PDF<\/a><\/p>\n<p>Cole\u00e7\u00e3o Educa\u00e7\u00e3o para Todos<\/p>\n<p><a href=\"http:\/\/portal.mec.gov.br\/index.php?option=com_content&amp;view=article&amp;id=13529%3Acolecao-educacao-para-todos&amp;catid=194%3Asecad-educacao-continuada&amp;Itemid=913\">Portal do MEC<\/a><\/p>\n<p><a href=\"https:\/\/alteritas96.wixsite.com\/resistencianegraemsc\">Acervo Digital &#8220;Resist\u00eancias negras em Santa Catarina&#8221;<\/a><\/p>\n<p>&nbsp;<\/p>\n","protected":false},"excerpt":{"rendered":"<p>Educa\u00e7\u00e3o e A\u00e7\u00f5es Afirmativas:\u00a0entre a injusti\u00e7a simb\u00f3lica\u00a0e a injusti\u00e7a econ\u00f4mica: &gt;&gt;Educa\u00e7\u00e3o e A\u00e7\u00f5es Afirmativas Silva, Petronilha Beatriz Gon\u00e7alves e Silv\u00e9rio, Valter Roberto Contribui\u00e7\u00f5es da narrativa ficcional na supera\u00e7\u00e3o do racismo e na implementa\u00e7\u00e3o da Lei N.\u00a010.639\/2003 nos curr\u00edculos. &gt;&gt;Contribui\u00e7\u00f5es da&hellip; <\/p>\n<p><a href=\"https:\/\/www2.unifap.br\/neab\/memorial\/acervo\/educacao\/\" class=\"readmore-button\">Continue Reading<\/a><\/p>\n","protected":false},"author":871,"featured_media":0,"parent":21,"menu_order":0,"comment_status":"open","ping_status":"open","template":"","meta":{"inline_featured_image":false,"ngg_post_thumbnail":0,"footnotes":""},"class_list":["post-199","page","type-page","status-publish","hentry"],"_links":{"self":[{"href":"https:\/\/www2.unifap.br\/neab\/wp-json\/wp\/v2\/pages\/199","targetHints":{"allow":["GET"]}}],"collection":[{"href":"https:\/\/www2.unifap.br\/neab\/wp-json\/wp\/v2\/pages"}],"about":[{"href":"https:\/\/www2.unifap.br\/neab\/wp-json\/wp\/v2\/types\/page"}],"author":[{"embeddable":true,"href":"https:\/\/www2.unifap.br\/neab\/wp-json\/wp\/v2\/users\/871"}],"replies":[{"embeddable":true,"href":"https:\/\/www2.unifap.br\/neab\/wp-json\/wp\/v2\/comments?post=199"}],"version-history":[{"count":15,"href":"https:\/\/www2.unifap.br\/neab\/wp-json\/wp\/v2\/pages\/199\/revisions"}],"predecessor-version":[{"id":1001,"href":"https:\/\/www2.unifap.br\/neab\/wp-json\/wp\/v2\/pages\/199\/revisions\/1001"}],"up":[{"embeddable":true,"href":"https:\/\/www2.unifap.br\/neab\/wp-json\/wp\/v2\/pages\/21"}],"wp:attachment":[{"href":"https:\/\/www2.unifap.br\/neab\/wp-json\/wp\/v2\/media?parent=199"}],"curies":[{"name":"wp","href":"https:\/\/api.w.org\/{rel}","templated":true}]}}