{"id":218,"date":"2016-06-06T14:43:13","date_gmt":"2016-06-06T14:43:13","guid":{"rendered":"http:\/\/www2.unifap.br\/neab\/?page_id=218"},"modified":"2016-06-06T14:57:26","modified_gmt":"2016-06-06T14:57:26","slug":"roda-de-conversa-patrimonio-cultural","status":"publish","type":"page","link":"https:\/\/www2.unifap.br\/neab\/memorial\/2016-2\/roda-de-conversa-patrimonio-cultural\/","title":{"rendered":"Roda de Conversa: Patrim\u00f4nio Cultural"},"content":{"rendered":"<p>O N\u00facleo de Estudos Afro-Brasileiros realizou no dia 25 de maio de 2016, em refer\u00eancia ao m\u00eas de anivers\u00e1rio de um ano do N\u00facleo, \u00a0um evento intitulado: &#8220;Roda de Conversa sobre Patrim\u00f4nio Cultural do Brasil e do Amap\u00e1&#8221;. Na oportunidade, inauguramos o Tabuleiro da Baiana do Acaraj\u00e9 (Cleide),\u00a0com venda de comidas e iguarias afro-brasileiras.<\/p>\n<p>Na ocasi\u00e3o, contamos com a palestra da Antrop\u00f3loga e Chefe da Divis\u00e3o T\u00e9cnica do Instituto do Patrim\u00f4nio Hist\u00f3rico e Art\u00edstico Nacional &#8211; IPHAN\/AP, Msc. Weleda Freitas, que falou sobre o Hist\u00f3rico do IPHAN, bem como das etapas que se devem seguir para registrar um bem como patrim\u00f4nio.<\/p>\n","protected":false},"excerpt":{"rendered":"<p>O N\u00facleo de Estudos Afro-Brasileiros realizou no dia 25 de maio de 2016, em refer\u00eancia ao m\u00eas de anivers\u00e1rio de um ano do N\u00facleo, \u00a0um evento intitulado: &#8220;Roda de Conversa sobre Patrim\u00f4nio Cultural do Brasil e do Amap\u00e1&#8221;. Na oportunidade,&hellip; <\/p>\n<p><a href=\"https:\/\/www2.unifap.br\/neab\/memorial\/2016-2\/roda-de-conversa-patrimonio-cultural\/\" class=\"readmore-button\">Continue Reading<\/a><\/p>\n","protected":false},"author":872,"featured_media":0,"parent":68,"menu_order":0,"comment_status":"open","ping_status":"open","template":"","meta":{"inline_featured_image":false,"ngg_post_thumbnail":0,"footnotes":""},"class_list":["post-218","page","type-page","status-publish","hentry"],"_links":{"self":[{"href":"https:\/\/www2.unifap.br\/neab\/wp-json\/wp\/v2\/pages\/218","targetHints":{"allow":["GET"]}}],"collection":[{"href":"https:\/\/www2.unifap.br\/neab\/wp-json\/wp\/v2\/pages"}],"about":[{"href":"https:\/\/www2.unifap.br\/neab\/wp-json\/wp\/v2\/types\/page"}],"author":[{"embeddable":true,"href":"https:\/\/www2.unifap.br\/neab\/wp-json\/wp\/v2\/users\/872"}],"replies":[{"embeddable":true,"href":"https:\/\/www2.unifap.br\/neab\/wp-json\/wp\/v2\/comments?post=218"}],"version-history":[{"count":3,"href":"https:\/\/www2.unifap.br\/neab\/wp-json\/wp\/v2\/pages\/218\/revisions"}],"predecessor-version":[{"id":229,"href":"https:\/\/www2.unifap.br\/neab\/wp-json\/wp\/v2\/pages\/218\/revisions\/229"}],"up":[{"embeddable":true,"href":"https:\/\/www2.unifap.br\/neab\/wp-json\/wp\/v2\/pages\/68"}],"wp:attachment":[{"href":"https:\/\/www2.unifap.br\/neab\/wp-json\/wp\/v2\/media?parent=218"}],"curies":[{"name":"wp","href":"https:\/\/api.w.org\/{rel}","templated":true}]}}