{"id":254,"date":"2016-06-16T11:45:34","date_gmt":"2016-06-16T11:45:34","guid":{"rendered":"http:\/\/www2.unifap.br\/neab\/?page_id=254"},"modified":"2017-01-23T13:12:37","modified_gmt":"2017-01-23T13:12:37","slug":"curso-extensionista","status":"publish","type":"page","link":"https:\/\/www2.unifap.br\/neab\/memorial\/2016-2\/curso-extensionista\/","title":{"rendered":"Curso Extensionista"},"content":{"rendered":"<p><span style=\"line-height: 1.5em\">\u00a0O N\u00facleo de Estudos Afro-Brasileiros (NEAB), da Universidade Federal do Amap\u00e1 (UNIFAP),<\/span><span style=\"line-height: 1.5em\">\u00a0realizar\u00e1 no m\u00eas de julho de 2016 o Curso <\/span><b style=\"line-height: 1.5em\"><i>Legisla\u00e7\u00e3o Antirracista e os Desafios para a implementa\u00e7\u00e3o de Pol\u00edticas de A\u00e7\u00e3o Afirmativa no Amap\u00e1<\/i><\/b><span style=\"line-height: 1.5em\">\u00a0 para fortalecer a atua\u00e7\u00e3o dos movimentos sociais negros e outros segmentos no processo de enfrentamento das desigualdades raciais no Amap\u00e1.\u00a0<\/span><\/p>\n<p><b>Objetivo<\/b><\/p>\n<p><span style=\"line-height: 1.5em\">Capacitar ativistas dos movimentos sociais negros, professores da rede p\u00fablica e t\u00e9cnicos da Universidade Federal do Amap\u00e1 \u2013 UNIFAP, bem como de institui\u00e7\u00f5es p\u00fablicas locais para \u00e0 promo\u00e7\u00e3o de incid\u00eancia pol\u00edtica na implementa\u00e7\u00e3o da legisla\u00e7\u00e3o antirracismo no Estado do Amap\u00e1.<\/span><\/p>\n<p><b>Carga Hor\u00e1ria<\/b><\/p>\n<p>O curso tem carga &#8211; hor\u00e1ria total de 60 h\/a e est\u00e1 organizado em 05 (cinco) m\u00f3dulos, \u00e0 realizar-se-\u00e1 as sextas (4h) e s\u00e1bados (12h \u2013 manh\u00e3 e tarde)<\/p>\n<p><b>Detalhamento do Curso<\/b><\/p>\n<p><b>Dia: 01\/06\/16 (sexta-feira)<br \/>\n<\/b><b><i>Cerim\u00f4nia de Lan\u00e7amento do Curso<br \/>\n<\/i><\/b><b><i>Mesa de abertura<\/i><\/b><\/p>\n<ul>\n<li>Profa. Dra. Eliane Superti &#8211; \u00a0Reitora da Universidade Federal do Amap\u00e1 \u2013 UNIFAP<\/li>\n<li>Profa. Dra. Piedade Lino Videira \u2013 Coordenadora Geral do NEAB<\/li>\n<li>Profa. Dra. Arthane Figueir\u00eado \u2013 Coordenadora\u00a0 Administrativa do Colegiado de Pedagogia<\/li>\n<li>Profa. Dra. Leila do Socorro Rodrigues Feio \u2013 Pr\u00f3-reitora de Gradua\u00e7\u00e3o<\/li>\n<li>Profa. Dra. Helena Sim\u00f5es \u2013 Pr\u00f3-reitora de Pesquisa e P\u00f3s-gradua\u00e7\u00e3o<\/li>\n<li>Prof. Dr. Rafael Pontes \u2013 Pr\u00f3-reitora de Extens\u00e3o e A\u00e7\u00f5es Comunit\u00e1rias<\/li>\n<li>Dep. Estadual Cristina Almeida \u2013 Assembl\u00e9ia Legislativa do Amap\u00e1<\/li>\n<li>Esmeraldina Santos \u2013 Movimento de Mulheres Negras<\/li>\n<li>Danilo Martins \u2013 Comiss\u00e3o da Verdade da Escravid\u00e3o da OAB<\/li>\n<\/ul>\n<p><em><strong>Apresenta\u00e7\u00e3o cultural<br \/>\n<\/strong><b>Aula Inaugural<br \/>\n<\/b><\/em>Tema:\u00a0<b>Di\u00e1spora africana e resist\u00eancia negra no Brasil<br \/>\n<\/b>Expositores: Prof.\u00aa Dr\u00aa. Joselina da Silva &#8211; Universidade Federal do Rio de Janeiro (Ufrj)<br \/>\nProf. Dr. Joseph Anderson &#8211; Universidade Federal do Amap\u00e1 (Unifap)<br \/>\nIn\u00edcio: 17h<\/p>\n<p><b>I M\u00f3dulo<br \/>\n<\/b><b>Dia: 02\/06\/16 (s\u00e1bado)<br \/>\n<\/b><b>Tema:\u00a0<\/b>Movimentos Sociais Negros no Brasil e no Amap\u00e1: aspectos hist\u00f3ricos e bandeiras de luta<br \/>\n<b>Facilitadores<\/b>: Prof.\u00aa Dr\u00aa. Joselina da Silva- Universidade Federal do Rio de Janeiro e,<br \/>\nPainel com lideran\u00e7as dos movimentos sociais negros do Amap\u00e1<\/p>\n<ul>\n<li>Mulheres<\/li>\n<li>Juventudes<\/li>\n<li>Quilombolas<\/li>\n<li>Povos Tradicionais de Matriz Africana<\/li>\n<li>Lgbtt<\/li>\n<\/ul>\n<p>In\u00edcio: 8h<br \/>\nT\u00e9rmino: 18h<\/p>\n<p><b>II M\u00f3dulo<br \/>\n<\/b><b>Dia: 08\/06\/16 (sexta-feira)<br \/>\n<\/b>Realiza\u00e7\u00e3o da Roda de Conversa intitulada: Marcos Legais de Luta Antirracista no Brasil<br \/>\n<b>Facilitadores<\/b>:<br \/>\nProf. Ms. Roberto Jos\u00e9 Nery Moraes (N\u00facleo de Direitos Humanos\/Unifap)<br \/>\nIn\u00edcio: 16h<br \/>\n<b><\/b><\/p>\n<p><b>Dia: 09\/06\/16 (s\u00e1bado)<\/b><\/p>\n<p><strong>Tema:<\/strong>\u00a0Marcos legais e regulat\u00f3rios de luta antirracista no Brasil P\u00f3s Durban: um olhar para a constru\u00e7\u00e3o das pol\u00edticas de a\u00e7\u00e3o afirmativa<br \/>\n<b>Facilitadores<\/b>:<br \/>\nConvidado (a) externo (a), a confirmar.<br \/>\nIn\u00edcio: 8h<br \/>\nT\u00e9rmino: 18h<\/p>\n<p><b>III M\u00f3dulo<br \/>\n<\/b><b>Dia: 15 (sexta) e 16\/06\/16 (s\u00e1bado)<br \/>\n<\/b><b>Tema:\u00a0<\/b>Bases epistemol\u00f3gicas e conceituais para a constru\u00e7\u00e3o de conhecimentos na perspectiva antirracista<br \/>\n<b>Facilitadoras:\u00a0<\/b>Prof.\u00aa Msc. Alzira Nogueira e Ana Carolina Magalh\u00e3es Acad\u00eamica de Filosofia-UNIFAP<br \/>\nIn\u00edcio: 16h (sexta)<br \/>\nT\u00e9rmino: 20h<br \/>\n<b>Dia: 16\/06\/16 &#8211; Orienta\u00e7\u00f5es sobre as normas da Abnt, para \u00e0 elabora\u00e7\u00e3o do trabalho final do curso<br \/>\n<\/b><b>Facilitadora:<\/b>\u00a0Prof.\u00aa Dr.\u00aa Norma Iracema de Barros Ferreira- curso de Pedagogia<br \/>\nIn\u00edcio no s\u00e1bado: 8h<br \/>\nT\u00e9rmino: 18h<\/p>\n<p><b>IV M\u00f3dulo<br \/>\n<\/b><b>Dia: 22\/06 (sexta-feira)<br \/>\n<b>Roda de conversa:<\/b><\/b>\u00a0Empreendedorismo e Fortalecimento da Identidade Negra<b><b><br \/>\n<\/b><b>Facilitadora:\u00a0<\/b><\/b>Ana Paula Concei\u00e7\u00e3o Oliveira (Institui\u00e7\u00e3o Social Mercado de Pretas de Recife\/PB)<br \/>\nIn\u00edcio: 16h (sexta)<br \/>\nT\u00e9rmino: 20h<b><br \/>\n<\/b><\/p>\n<p><b>Dia: 23\/06\/17 (s\u00e1bado)<br \/>\n<\/b><b>Tema:\u00a0<\/b>An\u00e1lise dos Marcos Regulat\u00f3rios das Pol\u00edticas P\u00fablicas Afirmativas no Amap\u00e1<br \/>\n<b>Facilitadores:\u00a0<\/b>Prof.\u00aa Dr.\u00aa<b>\u00a0<\/b>Z\u00e9lia Amador de Deus- Universidade Federal do Par\u00e1<b>\u00a0<\/b>e,\u00a0Painel com lideran\u00e7as dos movimentos sociais negros do Amap\u00e1<br \/>\nIn\u00edcio: 8h (s\u00e1bado)<br \/>\nT\u00e9rmino: 18h<\/p>\n<p><b>\u00a0<\/b><b>V M\u00f3dulo \u2013\u00a0<\/b>Orienta\u00e7\u00f5es para a constru\u00e7\u00e3o dos trabalhos de conclus\u00e3o de curso<br \/>\n<b>Facilitadora:\u00a0<\/b>Coordena\u00e7\u00e3o e equipe t\u00e9cnica<\/p>\n<p>Observa\u00e7\u00f5es: Nas sextas-feiras, a partir do dia 08 de julho, o lanche ser\u00e1 solid\u00e1rio, ou seja, cada pessoa poder\u00e1 trazer alimentos para partilhar.<br \/>\nLocal: Audit\u00f3rio de Letras e Artes-Unifap<\/p>\n<p><strong>\u00a0<\/strong><\/p>\n","protected":false},"excerpt":{"rendered":"<p>\u00a0O N\u00facleo de Estudos Afro-Brasileiros (NEAB), da Universidade Federal do Amap\u00e1 (UNIFAP),\u00a0realizar\u00e1 no m\u00eas de julho de 2016 o Curso Legisla\u00e7\u00e3o Antirracista e os Desafios para a implementa\u00e7\u00e3o de Pol\u00edticas de A\u00e7\u00e3o Afirmativa no Amap\u00e1\u00a0 para fortalecer a atua\u00e7\u00e3o dos&hellip; <\/p>\n<p><a href=\"https:\/\/www2.unifap.br\/neab\/memorial\/2016-2\/curso-extensionista\/\" class=\"readmore-button\">Continue Reading<\/a><\/p>\n","protected":false},"author":869,"featured_media":0,"parent":68,"menu_order":2,"comment_status":"open","ping_status":"closed","template":"","meta":{"inline_featured_image":false,"ngg_post_thumbnail":0,"footnotes":""},"class_list":["post-254","page","type-page","status-publish","hentry"],"_links":{"self":[{"href":"https:\/\/www2.unifap.br\/neab\/wp-json\/wp\/v2\/pages\/254","targetHints":{"allow":["GET"]}}],"collection":[{"href":"https:\/\/www2.unifap.br\/neab\/wp-json\/wp\/v2\/pages"}],"about":[{"href":"https:\/\/www2.unifap.br\/neab\/wp-json\/wp\/v2\/types\/page"}],"author":[{"embeddable":true,"href":"https:\/\/www2.unifap.br\/neab\/wp-json\/wp\/v2\/users\/869"}],"replies":[{"embeddable":true,"href":"https:\/\/www2.unifap.br\/neab\/wp-json\/wp\/v2\/comments?post=254"}],"version-history":[{"count":35,"href":"https:\/\/www2.unifap.br\/neab\/wp-json\/wp\/v2\/pages\/254\/revisions"}],"predecessor-version":[{"id":314,"href":"https:\/\/www2.unifap.br\/neab\/wp-json\/wp\/v2\/pages\/254\/revisions\/314"}],"up":[{"embeddable":true,"href":"https:\/\/www2.unifap.br\/neab\/wp-json\/wp\/v2\/pages\/68"}],"wp:attachment":[{"href":"https:\/\/www2.unifap.br\/neab\/wp-json\/wp\/v2\/media?parent=254"}],"curies":[{"name":"wp","href":"https:\/\/api.w.org\/{rel}","templated":true}]}}