{"id":316,"date":"2016-06-16T14:46:05","date_gmt":"2016-06-16T14:46:05","guid":{"rendered":"http:\/\/www2.unifap.br\/neab\/?page_id=316"},"modified":"2016-06-16T21:23:38","modified_gmt":"2016-06-16T21:23:38","slug":"inscricoes","status":"publish","type":"page","link":"https:\/\/www2.unifap.br\/neab\/memorial\/2016-2\/curso-extensionista\/inscricoes\/","title":{"rendered":"Inscri\u00e7\u00f5es"},"content":{"rendered":"<p><strong>Inscri\u00e7\u00f5es<\/strong><\/p>\n<p>As inscri\u00e7\u00f5es s\u00e3o gratuitas e poder\u00e3o ser realizadas pelo\u00a0<a href=\"https:\/\/docs.google.com\/forms\/d\/1EPLpAP2VMvd4gII8acvAYbSnPBLN9_wR6vx5XoQxAAE\/viewform\">LINK<\/a>, do dia 16 de junho at\u00e9 o dia 24 de \u00a0junho;<\/p>\n<p>O N\u00facleo de Estudos Afro-Brasileiros disponibilizar computadores \u00a0na sua coordena\u00e7\u00e3o ( localizada no Pr\u00e9dio CEPA, entre o Pr\u00e9dio Aranha e o Bloco da P\u00f3s-gradua\u00e7\u00e3o, em frente ao Restaurante Universit\u00e1rio da UNIFAP, das 08:00hrs \u00e0s 20:00hrs) \u00e0s pessoas que\u00a0<strong>n\u00e3o tiverem acesso \u00e0 internet<\/strong>\u00a0para efetuar a sua inscri\u00e7\u00e3o.<\/p>\n<p>No final do formul\u00e1rio de inscri\u00e7\u00e3o, o(a) candidato(a) dever\u00e1 preencher a Carta de Inten\u00e7\u00e3o, na qual dever\u00e1 apresentar os motivos pelos quais deseja participar desse Curso, bem como explicar a relev\u00e2ncia dessa capacita\u00e7\u00e3o para sua forma\u00e7\u00e3o.<\/p>\n<p>Sugerimos que primeiramente o(a) candidato(o) redija a sua Carta de Inten\u00e7\u00e3o em um editor de texto (Word), e em seguida copie e cole o texto no formul\u00e1rio, com no m\u00e1ximo 2500 caracteres.<\/p>\n<p>Telefone: 4009-2811<br \/>\nE-mail: neab@unifap.br<br \/>\n<strong><\/strong><\/p>\n<p><b>Sele\u00e7\u00e3o dos participantes<\/b><\/p>\n<p>Ser\u00e1 feita pela an\u00e1lise de curr\u00edculo e de carta de inten\u00e7\u00e3o apresentada no ato da inscri\u00e7\u00e3o.<\/p>\n<p><strong>Divulga\u00e7\u00e3o<\/strong><\/p>\n<p>A divulga\u00e7\u00e3o do resultado ser\u00e1 no site: www2.unifap.br\/neab;<\/p>\n<p><strong>Matr\u00edcula<\/strong><\/p>\n<p>Ser\u00e1 cobrado\u00a0<strong>uma taxa de R$ 20,00<\/strong>\u00a0para a efetiva\u00e7\u00e3o da matricula no curso.<br \/>\nA matricula ser\u00e1 realizada \u00a0na sala do NEAB, localizada no Pr\u00e9dio CEPA, entre o Pr\u00e9dio Aranha e o Bloco da P\u00f3s-gradua\u00e7\u00e3o, em frente ao Restaurante Universit\u00e1rio da UNIFAP.<\/p>\n<p>O processo de sele\u00e7\u00e3o obedecer\u00e1 ao seguinte cronograma:<\/p>\n<table border=\"1\" cellspacing=\"0\" cellpadding=\"0\">\n<tbody>\n<tr>\n<td valign=\"top\" width=\"283\"><b>ETAPAS<\/b><\/td>\n<td valign=\"top\" width=\"283\"><b>DATA<\/b><\/td>\n<\/tr>\n<tr>\n<td valign=\"top\" width=\"283\">INSCRI\u00c7\u00d5ES<\/td>\n<td valign=\"top\" width=\"283\">16\/06\/2016 a 24\/06\/2016<\/td>\n<\/tr>\n<tr>\n<td valign=\"top\" width=\"283\">DIVULGA\u00c7\u00c3O DO RESULTADO<\/td>\n<td valign=\"top\" width=\"283\">27\/06\/2016<\/td>\n<\/tr>\n<tr>\n<td valign=\"top\" width=\"283\">MATR\u00cdCULA<\/td>\n<td valign=\"top\" width=\"283\">28\/06\/2016<\/td>\n<\/tr>\n<tr>\n<td valign=\"top\" width=\"283\">2\u00ba CHAMADA<\/td>\n<td valign=\"top\" width=\"283\">29\/06\/2016<\/td>\n<\/tr>\n<tr>\n<td valign=\"top\" width=\"283\">MATR\u00cdCULA DA 2\u00ba CHAMADA<\/td>\n<td valign=\"top\" width=\"283\">30\/06\/2016<\/td>\n<\/tr>\n<\/tbody>\n<\/table>\n<p><strong>P\u00fablico Alvo<\/strong><\/p>\n<p>Estudantes: universit\u00e1rios cotistas, universit\u00e1rios em geral e secundaristas<br \/>\nServidores da Universidade Federal do Amap\u00e1<br \/>\nProfessores da rede p\u00fablica de ensino<br \/>\nT\u00e9cnicos de institui\u00e7\u00f5es p\u00fablicas estadual e municipais<br \/>\nAtivistas dos movimentos sociais negros, quilombolas, membros de comunidades de matriz africana, juventudes, LGBTT, movimentos de mulheres negras e movimentos feministas<\/p>\n","protected":false},"excerpt":{"rendered":"<p>Inscri\u00e7\u00f5es As inscri\u00e7\u00f5es s\u00e3o gratuitas e poder\u00e3o ser realizadas pelo\u00a0LINK, do dia 16 de junho at\u00e9 o dia 24 de \u00a0junho; O N\u00facleo de Estudos Afro-Brasileiros disponibilizar computadores \u00a0na sua coordena\u00e7\u00e3o ( localizada no Pr\u00e9dio CEPA, entre o Pr\u00e9dio Aranha&hellip; <\/p>\n<p><a href=\"https:\/\/www2.unifap.br\/neab\/memorial\/2016-2\/curso-extensionista\/inscricoes\/\" class=\"readmore-button\">Continue Reading<\/a><\/p>\n","protected":false},"author":869,"featured_media":0,"parent":254,"menu_order":0,"comment_status":"open","ping_status":"open","template":"","meta":{"inline_featured_image":false,"ngg_post_thumbnail":0,"footnotes":""},"class_list":["post-316","page","type-page","status-publish","hentry"],"_links":{"self":[{"href":"https:\/\/www2.unifap.br\/neab\/wp-json\/wp\/v2\/pages\/316","targetHints":{"allow":["GET"]}}],"collection":[{"href":"https:\/\/www2.unifap.br\/neab\/wp-json\/wp\/v2\/pages"}],"about":[{"href":"https:\/\/www2.unifap.br\/neab\/wp-json\/wp\/v2\/types\/page"}],"author":[{"embeddable":true,"href":"https:\/\/www2.unifap.br\/neab\/wp-json\/wp\/v2\/users\/869"}],"replies":[{"embeddable":true,"href":"https:\/\/www2.unifap.br\/neab\/wp-json\/wp\/v2\/comments?post=316"}],"version-history":[{"count":4,"href":"https:\/\/www2.unifap.br\/neab\/wp-json\/wp\/v2\/pages\/316\/revisions"}],"predecessor-version":[{"id":335,"href":"https:\/\/www2.unifap.br\/neab\/wp-json\/wp\/v2\/pages\/316\/revisions\/335"}],"up":[{"embeddable":true,"href":"https:\/\/www2.unifap.br\/neab\/wp-json\/wp\/v2\/pages\/254"}],"wp:attachment":[{"href":"https:\/\/www2.unifap.br\/neab\/wp-json\/wp\/v2\/media?parent=316"}],"curies":[{"name":"wp","href":"https:\/\/api.w.org\/{rel}","templated":true}]}}