{"id":319,"date":"2016-06-16T14:53:22","date_gmt":"2016-06-16T14:53:22","guid":{"rendered":"http:\/\/www2.unifap.br\/neab\/?page_id=319"},"modified":"2016-06-16T14:54:54","modified_gmt":"2016-06-16T14:54:54","slug":"ementas","status":"publish","type":"page","link":"https:\/\/www2.unifap.br\/neab\/memorial\/2016-2\/curso-extensionista\/ementas\/","title":{"rendered":"Ementas"},"content":{"rendered":"<p><b>I M\u00f3dulo <\/b><\/p>\n<p><b><i>Movimentos Sociais Negros no Brasil e no Amap\u00e1: aspectos hist\u00f3ricos e bandeiras de luta <\/i><\/b><\/p>\n<p><b>Ementa:<i> <\/i><\/b>Apresentar as trajet\u00f3rias dos movimentos sociais negros no Brasil e no Amap\u00e1, destacando o papel que desempenham na constru\u00e7\u00e3o da luta contra as desigualdades raciais,\u00a0 a partir da perspectiva dos diferentes segmentos (mulheres, juventudes, comunidades quilombolas, afrorreligiosos, Lgbt).<b><\/b><\/p>\n<p><b>II M\u00f3dulo<\/b><\/p>\n<p><b>Marcos Legais\/regulat\u00f3rios de luta antirracista no Brasil P\u00f3s Durban: um olhar para a constru\u00e7\u00e3o das pol\u00edticas de a\u00e7\u00e3o afirmativa<\/b><\/p>\n<p><b>Ementa: <\/b>Esse m\u00f3dulo \u00e9 dedicado \u00e0 an\u00e1lise das legisla\u00e7\u00f5es institu\u00eddas no Brasil com objetivo de criminalizar pr\u00e1ticas racistas, bem como para promover pol\u00edticas de a\u00e7\u00f5es afirmativas com incid\u00eancias na redu\u00e7\u00e3o de desigualdades de g\u00eanero e de ra\u00e7a (Estatuto da Igualdade Racial, Lei 10.639\/03, Pol\u00edtica de Sa\u00fade da Popula\u00e7\u00e3o Negra, Lei de Cotas \u2013 12.711\/12, dentre outras)<\/p>\n<p><b>III M\u00f3dulo <\/b><\/p>\n<p><b>Bases epistemol\u00f3gicas e conceituais para constru\u00e7\u00e3o de conhecimento na perspectiva antirracista<\/b><\/p>\n<p><b>Ementa:<\/b> O m\u00f3dulo dever\u00e1 possibilitar um olhar sobre categorias te\u00f3rico-anal\u00edticas fundantes para compreens\u00e3o dos processos de exclus\u00e3o, domina\u00e7\u00e3o e produ\u00e7\u00e3o do racismo na sociedade brasileira (patriarcado, colonialismo, imperialismo, escravid\u00e3o negra, feminismo negro, racismo, ra\u00e7a, branquitude). Ser\u00e1 abordado tamb\u00e9m os aspectos relativos \u00e0 metodologia do trabalho cient\u00edfico.<\/p>\n<p><b>IV M\u00f3dulo<\/b><\/p>\n<p><b>An\u00e1lise dos Marcos Regulat\u00f3rios das Pol\u00edticas P\u00fablicas Afirmativas no Amap\u00e1<\/b><\/p>\n<p><b>Ementa:<\/b> Esse m\u00f3dulo \u00e9 dedicado \u00e0 avalia\u00e7\u00e3o de pol\u00edticas p\u00fablicas e programas de a\u00e7\u00e3o afirmativa (sa\u00fade, educa\u00e7\u00e3o, comunidades quilombolas), no sentido de orientar a constru\u00e7\u00e3o de agenda pol\u00edtica para atua\u00e7\u00e3o dos movimentos sociais nesses campos , em especial.<\/p>\n<p><b>V M\u00f3dulo\u00a0\u00a0\u00a0\u00a0\u00a0\u00a0 <\/b><\/p>\n<p><b>Constru\u00e7\u00e3o dos trabalhos de conclus\u00e3o de curso<\/b><\/p>\n<p><b>Ementa:<\/b> Durante o m\u00f3dulo ser\u00e3o expostas as vers\u00f5es preliminares dos trabalhos de conclus\u00e3o de curso para di\u00e1logo entre os participantes e orienta\u00e7\u00e3o dos professores respons\u00e1veis.<\/p>\n","protected":false},"excerpt":{"rendered":"<p>I M\u00f3dulo Movimentos Sociais Negros no Brasil e no Amap\u00e1: aspectos hist\u00f3ricos e bandeiras de luta Ementa: Apresentar as trajet\u00f3rias dos movimentos sociais negros no Brasil e no Amap\u00e1, destacando o papel que desempenham na constru\u00e7\u00e3o da luta contra as&hellip; <\/p>\n<p><a href=\"https:\/\/www2.unifap.br\/neab\/memorial\/2016-2\/curso-extensionista\/ementas\/\" class=\"readmore-button\">Continue Reading<\/a><\/p>\n","protected":false},"author":869,"featured_media":0,"parent":254,"menu_order":2,"comment_status":"open","ping_status":"open","template":"","meta":{"inline_featured_image":false,"ngg_post_thumbnail":0,"footnotes":""},"class_list":["post-319","page","type-page","status-publish","hentry"],"_links":{"self":[{"href":"https:\/\/www2.unifap.br\/neab\/wp-json\/wp\/v2\/pages\/319","targetHints":{"allow":["GET"]}}],"collection":[{"href":"https:\/\/www2.unifap.br\/neab\/wp-json\/wp\/v2\/pages"}],"about":[{"href":"https:\/\/www2.unifap.br\/neab\/wp-json\/wp\/v2\/types\/page"}],"author":[{"embeddable":true,"href":"https:\/\/www2.unifap.br\/neab\/wp-json\/wp\/v2\/users\/869"}],"replies":[{"embeddable":true,"href":"https:\/\/www2.unifap.br\/neab\/wp-json\/wp\/v2\/comments?post=319"}],"version-history":[{"count":1,"href":"https:\/\/www2.unifap.br\/neab\/wp-json\/wp\/v2\/pages\/319\/revisions"}],"predecessor-version":[{"id":320,"href":"https:\/\/www2.unifap.br\/neab\/wp-json\/wp\/v2\/pages\/319\/revisions\/320"}],"up":[{"embeddable":true,"href":"https:\/\/www2.unifap.br\/neab\/wp-json\/wp\/v2\/pages\/254"}],"wp:attachment":[{"href":"https:\/\/www2.unifap.br\/neab\/wp-json\/wp\/v2\/media?parent=319"}],"curies":[{"name":"wp","href":"https:\/\/api.w.org\/{rel}","templated":true}]}}