{"id":32,"date":"2016-03-01T17:19:33","date_gmt":"2016-03-01T17:19:33","guid":{"rendered":"http:\/\/www2.unifap.br\/neab\/?page_id=32"},"modified":"2020-07-06T13:53:07","modified_gmt":"2020-07-06T13:53:07","slug":"contatos","status":"publish","type":"page","link":"https:\/\/www2.unifap.br\/neab\/apresentacao\/contatos\/","title":{"rendered":"Contato"},"content":{"rendered":"<p style=\"text-align: left\" align=\"center\"><p class=\"wpcf7-contact-form-not-found\"><strong>Erro:<\/strong> Formul\u00e1rio de contato n\u00e3o encontrado.<\/p><\/p>\n<p align=\"center\">\n<p style=\"text-align: left\" align=\"center\">Coordenadora Geral:<\/p>\n<ul>\n<li>Piedade Lino Videira<\/li>\n<\/ul>\n<p style=\"text-align: left\" align=\"center\">Bolsistas:<\/p>\n<ul>\n<li>C\u00e9sar dos Santos Rodrigues Filho<\/li>\n<li>Elzilene Paiva Garcia<\/li>\n<\/ul>\n<p style=\"text-align: left\" align=\"center\"><span style=\"line-height: 1.5em\">End.: Rod. Juscelino Kubitscheck, Km 02, s\/n, Jardim Marco Zero, Macap\u00e1,\u00a0<\/span>CEP: 68903-419<br \/>\nPr\u00e9dio: Aranha, em frente ao Restaurante Universit\u00e1rio (RU).<br \/>\nSala: Audit\u00f3rio 03 CIPP, entrada pela Ilha C<\/p>\n<p style=\"text-align: left\" align=\"center\"><a href=\"http:\/\/www2.unifap.br\/neab\/files\/2016\/03\/NEAB_Localizacao.png\"><img fetchpriority=\"high\" decoding=\"async\" class=\"alignnone size-medium wp-image-535\" src=\"http:\/\/www2.unifap.br\/neab\/files\/2016\/03\/NEAB_Localizacao-300x232.png\" alt=\"NEAB_Localizacao\" width=\"300\" height=\"232\" srcset=\"https:\/\/www2.unifap.br\/neab\/files\/2016\/03\/NEAB_Localizacao-300x232.png 300w, https:\/\/www2.unifap.br\/neab\/files\/2016\/03\/NEAB_Localizacao.png 703w\" sizes=\"(max-width: 300px) 100vw, 300px\" \/><\/a><\/p>\n<p style=\"text-align: left\" align=\"center\">E-mail: neab@unifap.br<br \/>\nTelefone: (96) 4009-2811<br \/>\n<span style=\"line-height: 1.5em\">Facebook:\u00a0<\/span><a style=\"line-height: 1.5em\" title=\"https:\/\/www.facebook.com\/neabunifap\/\" href=\"https:\/\/www.facebook.com\/neabunifap\/\">https:\/\/www.facebook.com\/neabunifap\/<\/a><\/p>\n","protected":false},"excerpt":{"rendered":"<p>Coordenadora Geral: Piedade Lino Videira Bolsistas: C\u00e9sar dos Santos Rodrigues Filho Elzilene Paiva Garcia End.: Rod. Juscelino Kubitscheck, Km 02, s\/n, Jardim Marco Zero, Macap\u00e1,\u00a0CEP: 68903-419 Pr\u00e9dio: Aranha, em frente ao Restaurante Universit\u00e1rio (RU). Sala: Audit\u00f3rio 03 CIPP, entrada pela&hellip; <\/p>\n<p><a href=\"https:\/\/www2.unifap.br\/neab\/apresentacao\/contatos\/\" class=\"readmore-button\">Continue Reading<\/a><\/p>\n","protected":false},"author":869,"featured_media":0,"parent":10,"menu_order":4,"comment_status":"open","ping_status":"closed","template":"","meta":{"inline_featured_image":false,"ngg_post_thumbnail":0,"footnotes":""},"class_list":["post-32","page","type-page","status-publish","hentry"],"_links":{"self":[{"href":"https:\/\/www2.unifap.br\/neab\/wp-json\/wp\/v2\/pages\/32","targetHints":{"allow":["GET"]}}],"collection":[{"href":"https:\/\/www2.unifap.br\/neab\/wp-json\/wp\/v2\/pages"}],"about":[{"href":"https:\/\/www2.unifap.br\/neab\/wp-json\/wp\/v2\/types\/page"}],"author":[{"embeddable":true,"href":"https:\/\/www2.unifap.br\/neab\/wp-json\/wp\/v2\/users\/869"}],"replies":[{"embeddable":true,"href":"https:\/\/www2.unifap.br\/neab\/wp-json\/wp\/v2\/comments?post=32"}],"version-history":[{"count":12,"href":"https:\/\/www2.unifap.br\/neab\/wp-json\/wp\/v2\/pages\/32\/revisions"}],"predecessor-version":[{"id":1176,"href":"https:\/\/www2.unifap.br\/neab\/wp-json\/wp\/v2\/pages\/32\/revisions\/1176"}],"up":[{"embeddable":true,"href":"https:\/\/www2.unifap.br\/neab\/wp-json\/wp\/v2\/pages\/10"}],"wp:attachment":[{"href":"https:\/\/www2.unifap.br\/neab\/wp-json\/wp\/v2\/media?parent=32"}],"curies":[{"name":"wp","href":"https:\/\/api.w.org\/{rel}","templated":true}]}}