{"id":322,"date":"2016-06-16T14:56:22","date_gmt":"2016-06-16T14:56:22","guid":{"rendered":"http:\/\/www2.unifap.br\/neab\/?page_id=322"},"modified":"2016-06-16T15:01:58","modified_gmt":"2016-06-16T15:01:58","slug":"programacao","status":"publish","type":"page","link":"https:\/\/www2.unifap.br\/neab\/memorial\/2016-2\/curso-extensionista\/programacao\/","title":{"rendered":"Programa\u00e7\u00e3o"},"content":{"rendered":"<p>&nbsp;<\/p>\n<table border=\"1\" cellspacing=\"0\" cellpadding=\"0\">\n<tbody>\n<tr>\n<td valign=\"top\">\n<p align=\"center\"><b>Dia<\/b><\/p>\n<\/td>\n<td valign=\"top\">\n<p align=\"center\"><b>Hor\u00e1rio<\/b><\/p>\n<\/td>\n<td valign=\"top\">\n<p align=\"center\"><b>Programa\u00e7\u00e3o<\/b><\/p>\n<\/td>\n<td valign=\"top\">\n<p align=\"center\"><b>Expositores\/facilitadores<\/b><b><\/b><\/p>\n<\/td>\n<\/tr>\n<tr>\n<td valign=\"top\">\n<p align=\"center\"><b>01\/06\/16<br \/>\n(sexta-feira)<\/b><\/p>\n<\/td>\n<td valign=\"top\">\n<p align=\"center\">17h<\/p>\n<\/td>\n<td valign=\"top\">\n<p align=\"center\">Cerim\u00f4nia de Lan\u00e7amento do Curso<br \/>\nMesa de abertura<br \/>\nApresenta\u00e7\u00e3o cultural<br \/>\nAula Inaugural<\/p>\n<p align=\"center\">Tema:\u00a0Di\u00e1spora africana e resist\u00eancia negra no Brasil<\/p>\n<\/td>\n<td valign=\"top\">Prof.\u00aa Dr\u00aa. Joselina da Silva \u2013 (Ufrj)<br \/>\nProf. Dr. Joseph Anderson \u2013(Unifap)<\/td>\n<\/tr>\n<tr>\n<td valign=\"top\">\n<p align=\"center\"><b>02\/06\/16<br \/>\n(s\u00e1bado)*<\/b><\/p>\n<\/td>\n<td valign=\"top\">\n<p align=\"center\">8h \u00e0s 18h<\/p>\n<p align=\"center\">\n<\/td>\n<td valign=\"top\">\n<p align=\"center\">M\u00f3dulo I<\/p>\n<p align=\"center\">Tema: Movimentos Sociais Negros no Brasil e no Amap\u00e1: aspectos hist\u00f3ricos e bandeiras de luta<\/p>\n<\/td>\n<td valign=\"top\">Prof.\u00aa Dr\u00aa. Joselina da Silva- (Ufrj) e,<br \/>\nPainel com lideran\u00e7as dos movimentos sociais negros do Amap\u00e1<\/p>\n<ul>\n<li>Mulheres<\/li>\n<li>Juventudes<\/li>\n<li>Quilombolas<\/li>\n<li>Povos Tradicionais de Matriz Africana<\/li>\n<li>Lgbtt<\/li>\n<\/ul>\n<\/td>\n<\/tr>\n<tr>\n<td valign=\"top\">\n<p align=\"center\"><b>08\/06\/16 <\/b><b><br \/>\n(sexta-feira)<\/b><\/p>\n<\/td>\n<td valign=\"top\">\n<p align=\"center\">16h<\/p>\n<\/td>\n<td valign=\"top\">\n<p align=\"center\">Roda de Conversa: Marcos Legais de Luta Antirracista no Brasil<\/p>\n<\/td>\n<td valign=\"top\">Prof. Ms. Roberto Jos\u00e9 Nery Moraes (N\u00facleo de Direitos Humanos\/Unifap)<\/td>\n<\/tr>\n<tr>\n<td valign=\"top\">\n<p align=\"center\"><b>09\/06\/16 (s\u00e1bado)*<\/b><\/p>\n<\/td>\n<td valign=\"top\">\n<p align=\"center\">8h \u00e0s 18h<\/p>\n<\/td>\n<td valign=\"top\">\n<p align=\"center\">M\u00f3dulo II<\/p>\n<p align=\"center\">Tema: Marcos legais e regulat\u00f3rios de luta antirracista no Brasil P\u00f3s Durban: um olhar para a constru\u00e7\u00e3o das pol\u00edticas de a\u00e7\u00e3o afirmativa<\/p>\n<\/td>\n<td valign=\"top\">Convidado (a) externo (a), a confirmar.<\/td>\n<\/tr>\n<tr>\n<td valign=\"top\">\n<p align=\"center\"><b>15<\/b><b>\/06\/16 (sexta)<\/b><\/p>\n<\/td>\n<td valign=\"top\">\n<p align=\"center\">16h<\/p>\n<\/td>\n<td valign=\"top\">\n<p align=\"center\">Roda de Conversa: Bases epistemol\u00f3gicas e conceituais para a constru\u00e7\u00e3o de conhecimentos na perspectiva antirracista<\/p>\n<\/td>\n<td valign=\"top\">Prof.\u00aa Msc. Alzira Nogueira e Ana Carolina Magalh\u00e3es Acad\u00eamica de Filosofia-UNIFAP<\/td>\n<\/tr>\n<tr>\n<td valign=\"top\">\n<p align=\"center\"><b>16\/06\/16 (s\u00e1bado)*<\/b><\/p>\n<\/td>\n<td valign=\"top\">\n<p align=\"center\">8h \u00e0s 18h<\/p>\n<\/td>\n<td valign=\"top\">\n<p align=\"center\">M\u00f3dulo III<\/p>\n<p align=\"center\">Orienta\u00e7\u00f5es sobre as normas da ABNT, para \u00e0 elabora\u00e7\u00e3o do trabalho final do curso<\/p>\n<\/td>\n<td valign=\"top\">Prof.\u00aa Dr.\u00aa Norma Iracema de Barros Ferreira- Curso de Pedagogia<\/td>\n<\/tr>\n<tr>\n<td valign=\"top\">\n<p align=\"center\"><b>22\/06<\/b><b>\/16 (sexta-feira)<\/b><\/p>\n<\/td>\n<td valign=\"top\">\n<p align=\"center\">16h<\/p>\n<\/td>\n<td valign=\"top\">\n<p align=\"center\">Roda de Conversa: Marcos Regulat\u00f3rios das Pol\u00edticas P\u00fablicas Afirmativas no Amap\u00e1<\/p>\n<\/td>\n<td valign=\"top\">Prof.\u00aa Dr.\u00aa Z\u00e9lia Amador de Deus- Universidade Federal do Par\u00e1 e, Painel com lideran\u00e7as dos movimentos sociais negros do Amap\u00e1.<\/td>\n<\/tr>\n<tr>\n<td valign=\"top\">\n<p align=\"center\"><b>23\/06\/16<br \/>\n(s\u00e1bado)*<\/b><\/p>\n<\/td>\n<td valign=\"top\">\n<p align=\"center\">8h \u00e0s 18h<\/p>\n<\/td>\n<td valign=\"top\">\n<p align=\"center\">M\u00f3dulo IV<\/p>\n<p align=\"center\">Tema: An\u00e1lise dos Marcos Regulat\u00f3rios das Pol\u00edticas P\u00fablicas Afirmativas no Amap\u00e1<\/p>\n<\/td>\n<td valign=\"top\"><\/td>\n<\/tr>\n<tr>\n<td valign=\"top\">\n<p align=\"center\"><b>29\/06<\/b><b>\/16 (sexta-feira)<\/b><\/p>\n<\/td>\n<td valign=\"top\">\n<p align=\"center\">16h<\/p>\n<\/td>\n<td valign=\"top\">\n<p align=\"center\">Roda de conversa: Empreendedorismo e Fortalecimento da Identidade Negra<\/p>\n<\/td>\n<td valign=\"top\">Ana Paula Concei\u00e7\u00e3o Oliveira (Institui\u00e7\u00e3o Social Mercado de Pretas de Recife\/PB)<\/td>\n<\/tr>\n<tr>\n<td valign=\"top\">\n<p align=\"center\"><b>30\/06\/16<br \/>\n(s\u00e1bado)*<\/b><\/p>\n<\/td>\n<td valign=\"top\">\n<p align=\"center\">8h \u00e0s 18h<\/p>\n<\/td>\n<td valign=\"top\">\n<p align=\"center\">M\u00f3dulo V<br \/>\nConstru\u00e7\u00e3o dos trabalhos de conclus\u00e3o de curso<\/p>\n<\/td>\n<td valign=\"top\">Coordena\u00e7\u00e3o e equipe t\u00e9cnica<\/td>\n<\/tr>\n<\/tbody>\n<\/table>\n<div>\n<p><b>Observa\u00e7\u00f5es:<\/b><\/p>\n<p><b>* No s\u00e1bado haver\u00e1 intervalo entre as 12h e 14h para almo\u00e7o.<\/b><\/p>\n<\/div>\n<p><b>\u00a0<\/b><\/p>\n<p>&nbsp;<\/p>\n<p>&nbsp;<\/p>\n","protected":false},"excerpt":{"rendered":"<p>&nbsp; Dia Hor\u00e1rio Programa\u00e7\u00e3o Expositores\/facilitadores 01\/06\/16 (sexta-feira) 17h Cerim\u00f4nia de Lan\u00e7amento do Curso Mesa de abertura Apresenta\u00e7\u00e3o cultural Aula Inaugural Tema:\u00a0Di\u00e1spora africana e resist\u00eancia negra no Brasil Prof.\u00aa Dr\u00aa. Joselina da Silva \u2013 (Ufrj) Prof. Dr. Joseph Anderson \u2013(Unifap) 02\/06\/16&hellip; <\/p>\n<p><a href=\"https:\/\/www2.unifap.br\/neab\/memorial\/2016-2\/curso-extensionista\/programacao\/\" class=\"readmore-button\">Continue Reading<\/a><\/p>\n","protected":false},"author":869,"featured_media":0,"parent":254,"menu_order":1,"comment_status":"open","ping_status":"open","template":"","meta":{"inline_featured_image":false,"ngg_post_thumbnail":0,"footnotes":""},"class_list":["post-322","page","type-page","status-publish","hentry"],"_links":{"self":[{"href":"https:\/\/www2.unifap.br\/neab\/wp-json\/wp\/v2\/pages\/322","targetHints":{"allow":["GET"]}}],"collection":[{"href":"https:\/\/www2.unifap.br\/neab\/wp-json\/wp\/v2\/pages"}],"about":[{"href":"https:\/\/www2.unifap.br\/neab\/wp-json\/wp\/v2\/types\/page"}],"author":[{"embeddable":true,"href":"https:\/\/www2.unifap.br\/neab\/wp-json\/wp\/v2\/users\/869"}],"replies":[{"embeddable":true,"href":"https:\/\/www2.unifap.br\/neab\/wp-json\/wp\/v2\/comments?post=322"}],"version-history":[{"count":3,"href":"https:\/\/www2.unifap.br\/neab\/wp-json\/wp\/v2\/pages\/322\/revisions"}],"predecessor-version":[{"id":330,"href":"https:\/\/www2.unifap.br\/neab\/wp-json\/wp\/v2\/pages\/322\/revisions\/330"}],"up":[{"embeddable":true,"href":"https:\/\/www2.unifap.br\/neab\/wp-json\/wp\/v2\/pages\/254"}],"wp:attachment":[{"href":"https:\/\/www2.unifap.br\/neab\/wp-json\/wp\/v2\/media?parent=322"}],"curies":[{"name":"wp","href":"https:\/\/api.w.org\/{rel}","templated":true}]}}