{"id":409,"date":"2016-07-13T11:56:59","date_gmt":"2016-07-13T11:56:59","guid":{"rendered":"http:\/\/www2.unifap.br\/neab\/?page_id=409"},"modified":"2017-02-17T20:49:03","modified_gmt":"2017-02-17T20:49:03","slug":"sites-uteis","status":"publish","type":"page","link":"https:\/\/www2.unifap.br\/neab\/memorial\/acervo\/sites-uteis\/","title":{"rendered":"Sites \u00fateis &#8211; Material para Download"},"content":{"rendered":"<p>Instituto B\u00fazios &lt;<a href=\"http:\/\/www.institutobuzios.org.br\/\">http:\/\/www.institutobuzios.org.br\/<\/a>&gt;<\/p>\n<p>Material do Curso de Extens\u00e3o Legisla\u00e7\u00e3o Antirracismo: &lt;<a title=\"https:\/\/mega.nz\/#F!aZYDWbia!J_CttY0TwYANODb41zdxHA\" href=\"https:\/\/mega.nz\/#F!aZYDWbia!J_CttY0TwYANODb41zdxHA\">https:\/\/mega.nz\/#F!aZYDWbia!J_CttY0TwYANODb41zdxHA<\/a>&gt;<\/p>\n<p>Patrim\u00f4nio Cultural Quilombola: &lt;<a href=\"http:\/\/comunidades.lides.unifap.br\/\">http:\/\/comunidades.lides.unifap.br\/<\/a>&gt;<\/p>\n","protected":false},"excerpt":{"rendered":"<p>Instituto B\u00fazios &lt;http:\/\/www.institutobuzios.org.br\/&gt; Material do Curso de Extens\u00e3o Legisla\u00e7\u00e3o Antirracismo: &lt;https:\/\/mega.nz\/#F!aZYDWbia!J_CttY0TwYANODb41zdxHA&gt; Patrim\u00f4nio Cultural Quilombola: &lt;http:\/\/comunidades.lides.unifap.br\/&gt;<\/p>\n","protected":false},"author":869,"featured_media":0,"parent":21,"menu_order":0,"comment_status":"open","ping_status":"closed","template":"","meta":{"inline_featured_image":false,"ngg_post_thumbnail":0,"footnotes":""},"class_list":["post-409","page","type-page","status-publish","hentry"],"_links":{"self":[{"href":"https:\/\/www2.unifap.br\/neab\/wp-json\/wp\/v2\/pages\/409","targetHints":{"allow":["GET"]}}],"collection":[{"href":"https:\/\/www2.unifap.br\/neab\/wp-json\/wp\/v2\/pages"}],"about":[{"href":"https:\/\/www2.unifap.br\/neab\/wp-json\/wp\/v2\/types\/page"}],"author":[{"embeddable":true,"href":"https:\/\/www2.unifap.br\/neab\/wp-json\/wp\/v2\/users\/869"}],"replies":[{"embeddable":true,"href":"https:\/\/www2.unifap.br\/neab\/wp-json\/wp\/v2\/comments?post=409"}],"version-history":[{"count":9,"href":"https:\/\/www2.unifap.br\/neab\/wp-json\/wp\/v2\/pages\/409\/revisions"}],"predecessor-version":[{"id":858,"href":"https:\/\/www2.unifap.br\/neab\/wp-json\/wp\/v2\/pages\/409\/revisions\/858"}],"up":[{"embeddable":true,"href":"https:\/\/www2.unifap.br\/neab\/wp-json\/wp\/v2\/pages\/21"}],"wp:attachment":[{"href":"https:\/\/www2.unifap.br\/neab\/wp-json\/wp\/v2\/media?parent=409"}],"curies":[{"name":"wp","href":"https:\/\/api.w.org\/{rel}","templated":true}]}}