{"id":438,"date":"2016-07-21T15:00:32","date_gmt":"2016-07-21T15:00:32","guid":{"rendered":"http:\/\/www2.unifap.br\/neab\/?page_id=438"},"modified":"2020-07-21T22:40:32","modified_gmt":"2020-07-21T22:40:32","slug":"finalidades","status":"publish","type":"page","link":"https:\/\/www2.unifap.br\/neab\/apresentacao\/finalidades\/","title":{"rendered":"Finalidades"},"content":{"rendered":"\t\t<div data-elementor-type=\"wp-page\" data-elementor-id=\"438\" class=\"elementor elementor-438\">\n\t\t\t\t\t\t<section class=\"elementor-section elementor-top-section elementor-element elementor-element-7766f4ff elementor-section-boxed elementor-section-height-default elementor-section-height-default\" data-id=\"7766f4ff\" data-element_type=\"section\" data-e-type=\"section\">\n\t\t\t\t\t\t<div class=\"elementor-container elementor-column-gap-default\">\n\t\t\t\t\t<div class=\"elementor-column elementor-col-100 elementor-top-column elementor-element elementor-element-5a41ac2e\" data-id=\"5a41ac2e\" data-element_type=\"column\" data-e-type=\"column\">\n\t\t\t<div class=\"elementor-widget-wrap elementor-element-populated\">\n\t\t\t\t\t\t<div class=\"elementor-element elementor-element-72a7f923 elementor-widget elementor-widget-text-editor\" data-id=\"72a7f923\" data-element_type=\"widget\" data-e-type=\"widget\" data-widget_type=\"text-editor.default\">\n\t\t\t\t<div class=\"elementor-widget-container\">\n\t\t\t\t\t\t\t\t\tO N\u00facleo de Estudos Afro-brasileiros, doravante denominado NEAB, vinculado \u00e0 Funda\u00e7\u00e3o Universidade Federal do Amap\u00e1 (UNIFAP) \u00e9 constitu\u00eddo por n\u00facleos, grupos de pesquisas e grupos de extens\u00e3o devidamente certificados, tem por finalidade:\r\n\r\nI &#8211; Promover a produ\u00e7\u00e3o e dissemina\u00e7\u00e3o do conhecimento sobre a popula\u00e7\u00e3o negra, particularmente do estado do Amap\u00e1, por meio do ensino, da pesquisa e da extens\u00e3o.\r\n\r\nII &#8211; Estimular o desenvolvimento de pol\u00edticas de diversidade \u00e9tnico-racial, de promo\u00e7\u00e3o da igualdade e de valoriza\u00e7\u00e3o das popula\u00e7\u00f5es de matriz africana;\r\n\r\nIII &#8211; Estabelecer rela\u00e7\u00f5es de coopera\u00e7\u00e3o t\u00e9cnico-cient\u00edfica com institui\u00e7\u00f5es federais, estaduais, municipais e particulares, bem como internacionais visando \u00e0 consecu\u00e7\u00e3o de seus objetivos;\r\n\r\nIV &#8211; Sensibilizar a comunidade acad\u00eamica (professores, acad\u00eamicos e t\u00e9cnico-administrativos em educa\u00e7\u00e3o) acerca das altera\u00e7\u00f5es promovidas nas Diretrizes e Bases da Educa\u00e7\u00e3o Nacional (Lei n. 9.394\/1996, Art. 26 A, CNE\/CP 001\/2004, e da Resolu\u00e7\u00e3o n. 003\/2004) que definem as diretrizes curriculares nacionais para educa\u00e7\u00e3o das Rela\u00e7\u00f5es \u00c9tnico-raciais e ensino da Hist\u00f3ria Afro-brasileira e Africana, bem como sobre a Lei n. 12.711\/2012 \u2013 intitulada como \u201cLei de Cotas\u201d \u2013 e Resolu\u00e7\u00e3o n. 008\/2012- CNE\/CP \u2013 a qual define Diretrizes Curriculares Nacionais para a Educa\u00e7\u00e3o Escolar Quilombola na Educa\u00e7\u00e3o B\u00e1sica.\t\t\t\t\t\t\t\t<\/div>\n\t\t\t\t<\/div>\n\t\t\t\t\t<\/div>\n\t\t<\/div>\n\t\t\t\t\t<\/div>\n\t\t<\/section>\n\t\t\t\t<\/div>\n\t\t","protected":false},"excerpt":{"rendered":"<p>O N\u00facleo de Estudos Afro-brasileiros, doravante denominado NEAB, vinculado \u00e0 Funda\u00e7\u00e3o Universidade Federal do Amap\u00e1 (UNIFAP) \u00e9 constitu\u00eddo por n\u00facleos, grupos de pesquisas e grupos de extens\u00e3o devidamente certificados, tem por finalidade: I &#8211; Promover a produ\u00e7\u00e3o e dissemina\u00e7\u00e3o do&hellip; <\/p>\n<p><a href=\"https:\/\/www2.unifap.br\/neab\/apresentacao\/finalidades\/\" class=\"readmore-button\">Continue Reading<\/a><\/p>\n","protected":false},"author":869,"featured_media":0,"parent":10,"menu_order":1,"comment_status":"open","ping_status":"closed","template":"","meta":{"inline_featured_image":false,"ngg_post_thumbnail":0,"footnotes":""},"class_list":["post-438","page","type-page","status-publish","hentry"],"_links":{"self":[{"href":"https:\/\/www2.unifap.br\/neab\/wp-json\/wp\/v2\/pages\/438","targetHints":{"allow":["GET"]}}],"collection":[{"href":"https:\/\/www2.unifap.br\/neab\/wp-json\/wp\/v2\/pages"}],"about":[{"href":"https:\/\/www2.unifap.br\/neab\/wp-json\/wp\/v2\/types\/page"}],"author":[{"embeddable":true,"href":"https:\/\/www2.unifap.br\/neab\/wp-json\/wp\/v2\/users\/869"}],"replies":[{"embeddable":true,"href":"https:\/\/www2.unifap.br\/neab\/wp-json\/wp\/v2\/comments?post=438"}],"version-history":[{"count":2,"href":"https:\/\/www2.unifap.br\/neab\/wp-json\/wp\/v2\/pages\/438\/revisions"}],"predecessor-version":[{"id":1244,"href":"https:\/\/www2.unifap.br\/neab\/wp-json\/wp\/v2\/pages\/438\/revisions\/1244"}],"up":[{"embeddable":true,"href":"https:\/\/www2.unifap.br\/neab\/wp-json\/wp\/v2\/pages\/10"}],"wp:attachment":[{"href":"https:\/\/www2.unifap.br\/neab\/wp-json\/wp\/v2\/media?parent=438"}],"curies":[{"name":"wp","href":"https:\/\/api.w.org\/{rel}","templated":true}]}}