{"id":440,"date":"2016-07-21T15:02:02","date_gmt":"2016-07-21T15:02:02","guid":{"rendered":"http:\/\/www2.unifap.br\/neab\/?page_id=440"},"modified":"2017-10-05T18:45:34","modified_gmt":"2017-10-05T18:45:34","slug":"objetivos","status":"publish","type":"page","link":"https:\/\/www2.unifap.br\/neab\/apresentacao\/objetivos\/","title":{"rendered":"Objetivos"},"content":{"rendered":"<p>O NEAB tem como objetivos espec\u00edficos:<\/p>\n<p>I- Contribuir para a amplia\u00e7\u00e3o do debate e do alcance das Pol\u00edticas de A\u00e7\u00f5es Afirmativas no \u00e2mbito da UNIFAP.<\/p>\n<p>II- Instituir uma Comiss\u00e3o Permanente de Operacionaliza\u00e7\u00e3o, Acompanhamento e Avalia\u00e7\u00e3o das A\u00e7\u00f5es Afirmativas no que tange as rela\u00e7\u00f5es \u00e9tnico-raciais no interior da UNIFAP, a fim de monitorar a implementa\u00e7\u00e3o das pol\u00edticas de a\u00e7\u00f5es afirmativas no \u00e2mbito dos servi\u00e7os, programas, editais, projetos e a\u00e7\u00f5es envolvidas com base no trip\u00e9 ensino-pesquisa-extens\u00e3o;<\/p>\n<p>III- estimular e apoiar projetos de pesquisa, ensino e extens\u00e3o voltados para as tem\u00e1ticas \u00e9tnico-raciais, especialmente do estado do Amap\u00e1;<\/p>\n<p>IV- Incentivar a cria\u00e7\u00e3o e oferta de cursos de forma\u00e7\u00e3o continuada para docentes da rede p\u00fablica de ensino e da institui\u00e7\u00e3o sede, bem como para servidores p\u00fablicos e sociedade civil, relacionados \u00e0 tem\u00e1tica \u00e9tnico-racial;<\/p>\n<p>V- Promover, sistematicamente, semin\u00e1rios e outros f\u00f3runs de discuss\u00e3o envolvendo professores da UNIFAP e demais institui\u00e7\u00f5es de ensino do Amap\u00e1, e segmentos da sociedade civil, visando a forma\u00e7\u00e3o de uma sociedade reconhecedora e respeitadora da diversidade \u00e9tnico-racial brasileira e amapaense;<\/p>\n<p>VI- Organizar, catalogar e disponibilizar materiais produzidos atrav\u00e9s de diversos projetos de ensino, pesquisa e extens\u00e3o vinculados ao NEAB, visando disseminar conhecimentos acerca das tem\u00e1ticas a ele concernentes;<\/p>\n<p>VII- Proporcionar a\u00e7\u00f5es que contribuam para disseminar o debate acerca das tem\u00e1ticas: diversidade \u00e9tnica, cultural, de g\u00eanero, sexual, religiosa, visando \u00e0 promo\u00e7\u00e3o da igualdade \u00e9tnico-racial atrav\u00e9s do combate ao racismo, preconceito e todas as formas de discrimina\u00e7\u00e3o correlatas;<\/p>\n<p>VIII-\u00a0Produzir materiais pedag\u00f3gicos que auxiliem a comunidade escolar e professores (as) no desenvolvimento de atividades vinculadas \u00e0s tem\u00e1ticas desenvolvidas pelo NEAB;<\/p>\n<p>IX- Divulgar resultados de atividades desenvolvidas pelo N\u00facleo e por profissionais vinculados (as) a ele, junto \u00e0s escolas, \u00f3rg\u00e3os e institui\u00e7\u00f5es educacionais locais, bem como em eventos cient\u00edfico-culturais de \u00e2mbito nacional e internacional, e em peri\u00f3dicos, meios de comunica\u00e7\u00e3o impressos e digitais e no seio da sociedade amapaense.<\/p>\n<p>\u00a7 1\u00ba A pol\u00edtica de publica\u00e7\u00e3o se refere \u00e0s cole\u00e7\u00f5es produzidas e organizadas pelo NEAB\/UNIFAP pertinentes aos objetivos do N\u00facleo.<\/p>\n<p>X- Monitorar e requerer a implementa\u00e7\u00e3o das Leis federais n. 10.639\/2003, observando o cumprimento do Parecer CNE\/CP n. 001\/2004 e da Resolu\u00e7\u00e3o n. 003\/2004 que definem as Diretrizes Curriculares Nacionais para Educa\u00e7\u00e3o das Rela\u00e7\u00f5es \u00c9tnico-raciais e o ensino de Hist\u00f3ria Afro-brasileira e Africana; a Lei n. 12.711\/2012 \u2013 intitulada \u201cLei de Cotas\u201d \u2013 e a Resolu\u00e7\u00e3o n. 008\/2012 \u2013 CNE\/CP, que define Diretrizes Curriculares Nacionais para a Educa\u00e7\u00e3o Escolar Quilombola na Educa\u00e7\u00e3o B\u00e1sica;<\/p>\n<p>XI- Prestar assessorias, consultorias, coopera\u00e7\u00f5es t\u00e9cnicas e propor parcerias e conv\u00eanios com institui\u00e7\u00f5es p\u00fablicas e privadas, que n\u00e3o sejam contr\u00e1rios aos objetivos do NEAB;<\/p>\n<p>XII- Instituir parcerias e, sempre que poss\u00edvel, apresentar propostas para ofertas de cursos de extens\u00e3o, aperfei\u00e7oamento, capacita\u00e7\u00e3o e especializa\u00e7\u00e3o cuja realiza\u00e7\u00e3o se dar\u00e1 sob a coordena\u00e7\u00e3o do NEAB;<\/p>\n<p>XIII- Adquirir materiais bibliogr\u00e1ficos, did\u00e1tico-pedag\u00f3gicos e audiovisuais concernentes \u00e0 tem\u00e1tica do NEAB, bem como promover a organiza\u00e7\u00e3o do acervo do Centro de Mem\u00f3rias do referido N\u00facleo;<\/p>\n<p>XIV- Realizar avalia\u00e7\u00f5es trimestrais das atividades desenvolvidas pelo NEAB.<\/p>\n","protected":false},"excerpt":{"rendered":"<p>O NEAB tem como objetivos espec\u00edficos: I- Contribuir para a amplia\u00e7\u00e3o do debate e do alcance das Pol\u00edticas de A\u00e7\u00f5es Afirmativas no \u00e2mbito da UNIFAP. II- Instituir uma Comiss\u00e3o Permanente de Operacionaliza\u00e7\u00e3o, Acompanhamento e Avalia\u00e7\u00e3o das A\u00e7\u00f5es Afirmativas no que&hellip; <\/p>\n<p><a href=\"https:\/\/www2.unifap.br\/neab\/apresentacao\/objetivos\/\" class=\"readmore-button\">Continue Reading<\/a><\/p>\n","protected":false},"author":869,"featured_media":0,"parent":10,"menu_order":2,"comment_status":"open","ping_status":"closed","template":"","meta":{"inline_featured_image":false,"ngg_post_thumbnail":0,"footnotes":""},"class_list":["post-440","page","type-page","status-publish","hentry"],"_links":{"self":[{"href":"https:\/\/www2.unifap.br\/neab\/wp-json\/wp\/v2\/pages\/440","targetHints":{"allow":["GET"]}}],"collection":[{"href":"https:\/\/www2.unifap.br\/neab\/wp-json\/wp\/v2\/pages"}],"about":[{"href":"https:\/\/www2.unifap.br\/neab\/wp-json\/wp\/v2\/types\/page"}],"author":[{"embeddable":true,"href":"https:\/\/www2.unifap.br\/neab\/wp-json\/wp\/v2\/users\/869"}],"replies":[{"embeddable":true,"href":"https:\/\/www2.unifap.br\/neab\/wp-json\/wp\/v2\/comments?post=440"}],"version-history":[{"count":1,"href":"https:\/\/www2.unifap.br\/neab\/wp-json\/wp\/v2\/pages\/440\/revisions"}],"predecessor-version":[{"id":441,"href":"https:\/\/www2.unifap.br\/neab\/wp-json\/wp\/v2\/pages\/440\/revisions\/441"}],"up":[{"embeddable":true,"href":"https:\/\/www2.unifap.br\/neab\/wp-json\/wp\/v2\/pages\/10"}],"wp:attachment":[{"href":"https:\/\/www2.unifap.br\/neab\/wp-json\/wp\/v2\/media?parent=440"}],"curies":[{"name":"wp","href":"https:\/\/api.w.org\/{rel}","templated":true}]}}