{"id":50,"date":"2016-03-01T18:58:17","date_gmt":"2016-03-01T18:58:17","guid":{"rendered":"http:\/\/www2.unifap.br\/neab\/?page_id=50"},"modified":"2016-03-10T15:07:23","modified_gmt":"2016-03-10T15:07:23","slug":"2015-2","status":"publish","type":"page","link":"https:\/\/www2.unifap.br\/neab\/memorial\/2015-2\/","title":{"rendered":"2015"},"content":{"rendered":"<p style=\"text-align: center\">Quadro 1-Resumo de atividades do NEAB<\/p>\n<div align=\"center\">\n<table border=\"1\" cellspacing=\"0\" cellpadding=\"0\">\n<tbody>\n<tr>\n<td>\n<p align=\"center\"><b>Data<\/b><\/p>\n<\/td>\n<td>\n<p align=\"center\"><b>Atividade\/Evento<\/b><\/p>\n<\/td>\n<td>\n<p align=\"center\"><b>Local<\/b><\/p>\n<\/td>\n<\/tr>\n<tr>\n<td>\n<p align=\"center\"><b>18 e 19\/05\/2015<\/b><\/p>\n<\/td>\n<td>\n<p align=\"center\">Semin\u00e1rio de Pol\u00edticas Afirmativas na UNIFAP: cria\u00e7\u00e3o e implementa\u00e7\u00e3o do N\u00facleo de Estudos Afro-brasileiros (NEAB)<\/p>\n<\/td>\n<td>\n<p align=\"center\">Anfiteatro da UNIFAP<\/p>\n<\/td>\n<\/tr>\n<tr>\n<td>\n<p align=\"center\"><b>10, 16,17, 22, 25 e 30 de junho;<\/b><\/p>\n<p align=\"center\"><b>30 de julho;<\/b><\/p>\n<p align=\"center\"><b>11 de agosto.<\/b><\/p>\n<\/td>\n<td>\n<p align=\"center\">Reuni\u00f5es de trabalho<\/p>\n<\/td>\n<td>\n<p align=\"center\">&#8211;<\/p>\n<\/td>\n<\/tr>\n<tr>\n<td>\n<p align=\"center\"><b>08 e 15\/10\/2015<\/b><\/p>\n<\/td>\n<td>\n<p align=\"center\">Ciclos de Forma\u00e7\u00e3o: Povos e Comunidades Tradicionais<\/p>\n<\/td>\n<td>\n<p align=\"center\">Audit\u00f3rio da PROGEP\/ UNIFAP.<\/p>\n<\/td>\n<\/tr>\n<tr>\n<td>\n<p align=\"center\"><b>17\/10\/2015<\/b><\/p>\n<\/td>\n<td>\n<p align=\"center\">Forma\u00e7\u00e3o de Professores para Educa\u00e7\u00e3o das Rela\u00e7\u00f5es \u00c9tnico-raciais<\/p>\n<\/td>\n<td>\n<p align=\"center\">Escola Estadual Josefa Jucileide Amoras Colares \u2013 Macap\u00e1<\/p>\n<\/td>\n<\/tr>\n<tr>\n<td>\n<p align=\"center\"><b>05\/11\/2015<\/b><\/p>\n<\/td>\n<td>\n<p align=\"center\">Ciclos de Forma\u00e7\u00e3o: Empoderamento e protagonismo em comunidades negras, afrodescendente e quilombolas<\/p>\n<\/td>\n<td>\n<p align=\"center\">Audit\u00f3rio do CIPP \u2013 UNIFAP.<\/p>\n<\/td>\n<\/tr>\n<tr>\n<td>\n<p align=\"center\"><b>12\/11\/2015<\/b><\/p>\n<\/td>\n<td>\n<p align=\"center\">Roda de Conversa: Os Movimentos Sociais Negros no Amap\u00e1<\/p>\n<\/td>\n<td>\n<p align=\"center\">Audit\u00f3rio de Letras\/Artes \u2013 UNIFAP<\/p>\n<\/td>\n<\/tr>\n<tr>\n<td>\n<p align=\"center\"><b>21\/11\/2015<\/b><\/p>\n<\/td>\n<td>\n<p align=\"center\">I Encontro sobre Cultura Afro-brasileira no Munic\u00edpio do Oiapoque<\/p>\n<\/td>\n<td>\n<p align=\"center\">Campus Binacional \u2013 Oiapoque<\/p>\n<\/td>\n<\/tr>\n<tr>\n<td>\n<p align=\"center\"><b>27\/11\/2015<\/b><\/p>\n<\/td>\n<td>\n<p align=\"center\">Roda de Conversa: O mapa da viol\u00eancia 2015: um olhar para as desigualdades de g\u00eanero e ra\u00e7a<\/p>\n<\/td>\n<td>\n<p align=\"center\">Audit\u00f3rio de Letras\/Artes \u2013 UNIFAP<\/p>\n<\/td>\n<\/tr>\n<tr>\n<td>\n<p align=\"center\"><b>27 e 28\/11\/2015<\/b><\/p>\n<\/td>\n<td>\n<p align=\"center\">IV Mostra de Ci\u00eancias e Cultura: Afrodescendente no estado do Amap\u00e1 \u2013 Educa\u00e7\u00e3o e racismo: conhecendo as contradi\u00e7\u00f5es do passado e constru\u00eddo a escola do futuro<\/p>\n<\/td>\n<td>\n<p align=\"center\">Laranjal do Jari<\/p>\n<\/td>\n<\/tr>\n<tr>\n<td>\n<p align=\"center\"><b>07\/12\/2015<\/b><\/p>\n<\/td>\n<td>\n<p align=\"center\">Roda de Conversa: Empreendorismo de Mulheres Negras<\/p>\n<\/td>\n<td>\n<p align=\"center\">Laguinho<\/p>\n<\/td>\n<\/tr>\n<\/tbody>\n<\/table>\n<\/div>\n<p style=\"text-align: center\">Fonte: NEAB\/UNIFAP<\/p>\n","protected":false},"excerpt":{"rendered":"<p>Quadro 1-Resumo de atividades do NEAB Data Atividade\/Evento Local 18 e 19\/05\/2015 Semin\u00e1rio de Pol\u00edticas Afirmativas na UNIFAP: cria\u00e7\u00e3o e implementa\u00e7\u00e3o do N\u00facleo de Estudos Afro-brasileiros (NEAB) Anfiteatro da UNIFAP 10, 16,17, 22, 25 e 30 de junho; 30 de&hellip; <\/p>\n<p><a href=\"https:\/\/www2.unifap.br\/neab\/memorial\/2015-2\/\" class=\"readmore-button\">Continue Reading<\/a><\/p>\n","protected":false},"author":869,"featured_media":0,"parent":7,"menu_order":0,"comment_status":"open","ping_status":"open","template":"","meta":{"inline_featured_image":false,"ngg_post_thumbnail":0,"footnotes":""},"class_list":["post-50","page","type-page","status-publish","hentry"],"_links":{"self":[{"href":"https:\/\/www2.unifap.br\/neab\/wp-json\/wp\/v2\/pages\/50","targetHints":{"allow":["GET"]}}],"collection":[{"href":"https:\/\/www2.unifap.br\/neab\/wp-json\/wp\/v2\/pages"}],"about":[{"href":"https:\/\/www2.unifap.br\/neab\/wp-json\/wp\/v2\/types\/page"}],"author":[{"embeddable":true,"href":"https:\/\/www2.unifap.br\/neab\/wp-json\/wp\/v2\/users\/869"}],"replies":[{"embeddable":true,"href":"https:\/\/www2.unifap.br\/neab\/wp-json\/wp\/v2\/comments?post=50"}],"version-history":[{"count":5,"href":"https:\/\/www2.unifap.br\/neab\/wp-json\/wp\/v2\/pages\/50\/revisions"}],"predecessor-version":[{"id":190,"href":"https:\/\/www2.unifap.br\/neab\/wp-json\/wp\/v2\/pages\/50\/revisions\/190"}],"up":[{"embeddable":true,"href":"https:\/\/www2.unifap.br\/neab\/wp-json\/wp\/v2\/pages\/7"}],"wp:attachment":[{"href":"https:\/\/www2.unifap.br\/neab\/wp-json\/wp\/v2\/media?parent=50"}],"curies":[{"name":"wp","href":"https:\/\/api.w.org\/{rel}","templated":true}]}}