{"id":562,"date":"2016-09-12T14:31:49","date_gmt":"2016-09-12T14:31:49","guid":{"rendered":"http:\/\/www2.unifap.br\/neab\/?page_id=562"},"modified":"2017-01-15T15:05:17","modified_gmt":"2017-01-15T15:05:17","slug":"acoes","status":"publish","type":"page","link":"https:\/\/www2.unifap.br\/neab\/acoes\/","title":{"rendered":"A\u00e7\u00f5es"},"content":{"rendered":"<p>Comiss\u00e3o de Analise e Reformula\u00e7\u00e3o da Resolu\u00e7\u00e3o que estabelece as Pol\u00edticas de A\u00e7\u00f5es Afirmativas na Universidade Federal do Amap\u00e1 &gt;&gt;<a href=\"http:\/\/www2.unifap.br\/neab\/files\/2016\/09\/portaria.pdf\">Portaria n. 1957\/2016<\/a><\/p>\n<p>Comiss\u00e3o para apresentar proposta de Resolu\u00e7\u00e3o sobre inclus\u00e3o de negros (pretos e pardos), ind\u00edgenas e pessoas com defici\u00eancias em seus Programas de P\u00f3s-Gradua\u00e7\u00e3o (Mestrado, Mestrado Profissional e Doutorado) como Pol\u00edticas de A\u00e7\u00f5es Afirmativas&gt;&gt;<a href=\"http:\/\/www2.unifap.br\/neab\/files\/2016\/09\/portaria-1.pdf\">Portaria n. 1697\/2016<\/a><\/p>\n","protected":false},"excerpt":{"rendered":"<p>Comiss\u00e3o de Analise e Reformula\u00e7\u00e3o da Resolu\u00e7\u00e3o que estabelece as Pol\u00edticas de A\u00e7\u00f5es Afirmativas na Universidade Federal do Amap\u00e1 &gt;&gt;Portaria n. 1957\/2016 Comiss\u00e3o para apresentar proposta de Resolu\u00e7\u00e3o sobre inclus\u00e3o de negros (pretos e pardos), ind\u00edgenas e pessoas com defici\u00eancias&hellip; <\/p>\n<p><a href=\"https:\/\/www2.unifap.br\/neab\/acoes\/\" class=\"readmore-button\">Continue Reading<\/a><\/p>\n","protected":false},"author":869,"featured_media":0,"parent":0,"menu_order":2,"comment_status":"open","ping_status":"closed","template":"","meta":{"inline_featured_image":false,"ngg_post_thumbnail":0,"footnotes":""},"class_list":["post-562","page","type-page","status-publish","hentry"],"_links":{"self":[{"href":"https:\/\/www2.unifap.br\/neab\/wp-json\/wp\/v2\/pages\/562","targetHints":{"allow":["GET"]}}],"collection":[{"href":"https:\/\/www2.unifap.br\/neab\/wp-json\/wp\/v2\/pages"}],"about":[{"href":"https:\/\/www2.unifap.br\/neab\/wp-json\/wp\/v2\/types\/page"}],"author":[{"embeddable":true,"href":"https:\/\/www2.unifap.br\/neab\/wp-json\/wp\/v2\/users\/869"}],"replies":[{"embeddable":true,"href":"https:\/\/www2.unifap.br\/neab\/wp-json\/wp\/v2\/comments?post=562"}],"version-history":[{"count":4,"href":"https:\/\/www2.unifap.br\/neab\/wp-json\/wp\/v2\/pages\/562\/revisions"}],"predecessor-version":[{"id":689,"href":"https:\/\/www2.unifap.br\/neab\/wp-json\/wp\/v2\/pages\/562\/revisions\/689"}],"wp:attachment":[{"href":"https:\/\/www2.unifap.br\/neab\/wp-json\/wp\/v2\/media?parent=562"}],"curies":[{"name":"wp","href":"https:\/\/api.w.org\/{rel}","templated":true}]}}