{"id":627,"date":"2016-10-13T14:14:07","date_gmt":"2016-10-13T14:14:07","guid":{"rendered":"http:\/\/www2.unifap.br\/neab\/?page_id=627"},"modified":"2016-10-13T14:18:07","modified_gmt":"2016-10-13T14:18:07","slug":"bolsa-permanencia","status":"publish","type":"page","link":"https:\/\/www2.unifap.br\/neab\/bolsa-permanencia\/","title":{"rendered":"Bolsa Perman\u00eancia"},"content":{"rendered":"<p>Conforme <a href=\"http:\/\/www2.unifap.br\/neab\/files\/2016\/10\/COMUNICADO-OF\u00cdCIO-CIRCULAR-MEC.pdf\">COMUNICADO<\/a>, do\u00a0Departamento de A\u00e7\u00f5es Comunit\u00e1rias e Estudantis (Dace), da Universidade Federal do Amap\u00e1 (Unifap),\u00a0foram estabelecidos para o ano de 2017 dois per\u00edodos de inscri\u00e7\u00e3o para discentes ind\u00edgenas e quilombolas, conforme tabela a seguir:<\/p>\n<table border=\"1\" cellspacing=\"0\" cellpadding=\"0\">\n<tbody>\n<tr>\n<td colspan=\"3\" valign=\"top\" width=\"474\">\u00a0<b>Per\u00edodos de inscri\u00e7\u00e3o para discentes ind\u00edgenas e quilombolas <\/b><\/td>\n<\/tr>\n<tr>\n<td valign=\"top\" width=\"158\"><\/td>\n<td valign=\"top\" width=\"158\"><b>IN\u00cdCIO<\/b><\/td>\n<td valign=\"top\" width=\"158\"><b>FIM <\/b><\/td>\n<\/tr>\n<tr>\n<td valign=\"top\" width=\"158\">1\u00ba Semestre<\/td>\n<td valign=\"top\" width=\"158\">01\/03\/2017<\/td>\n<td valign=\"top\" width=\"158\">28\/04\/2017<\/td>\n<\/tr>\n<tr>\n<td valign=\"top\" width=\"158\">2\u00ba Semestre<\/td>\n<td valign=\"top\" width=\"158\">01\/08\/2017<\/td>\n<td valign=\"top\" width=\"158\">29\/09\/2017<\/td>\n<\/tr>\n<\/tbody>\n<\/table>\n<p>Informamos tamb\u00e9m, que o processo para garantir o benef\u00edcio segue as diretrizes do <a href=\"http:\/\/www2.unifap.br\/neab\/files\/2016\/10\/Manual-Bolsa-Pemanencia.pdf\">Manual-Bolsa-Perman\u00eancia<\/a>.<\/p>\n<p>&nbsp;<\/p>\n<p>&nbsp;<\/p>\n<p>&nbsp;<\/p>\n","protected":false},"excerpt":{"rendered":"<p>Conforme COMUNICADO, do\u00a0Departamento de A\u00e7\u00f5es Comunit\u00e1rias e Estudantis (Dace), da Universidade Federal do Amap\u00e1 (Unifap),\u00a0foram estabelecidos para o ano de 2017 dois per\u00edodos de inscri\u00e7\u00e3o para discentes ind\u00edgenas e quilombolas, conforme tabela a seguir: \u00a0Per\u00edodos de inscri\u00e7\u00e3o para discentes ind\u00edgenas&hellip; <\/p>\n<p><a href=\"https:\/\/www2.unifap.br\/neab\/bolsa-permanencia\/\" class=\"readmore-button\">Continue Reading<\/a><\/p>\n","protected":false},"author":869,"featured_media":0,"parent":0,"menu_order":3,"comment_status":"open","ping_status":"open","template":"","meta":{"inline_featured_image":false,"ngg_post_thumbnail":0,"footnotes":""},"class_list":["post-627","page","type-page","status-publish","hentry"],"_links":{"self":[{"href":"https:\/\/www2.unifap.br\/neab\/wp-json\/wp\/v2\/pages\/627","targetHints":{"allow":["GET"]}}],"collection":[{"href":"https:\/\/www2.unifap.br\/neab\/wp-json\/wp\/v2\/pages"}],"about":[{"href":"https:\/\/www2.unifap.br\/neab\/wp-json\/wp\/v2\/types\/page"}],"author":[{"embeddable":true,"href":"https:\/\/www2.unifap.br\/neab\/wp-json\/wp\/v2\/users\/869"}],"replies":[{"embeddable":true,"href":"https:\/\/www2.unifap.br\/neab\/wp-json\/wp\/v2\/comments?post=627"}],"version-history":[{"count":2,"href":"https:\/\/www2.unifap.br\/neab\/wp-json\/wp\/v2\/pages\/627\/revisions"}],"predecessor-version":[{"id":632,"href":"https:\/\/www2.unifap.br\/neab\/wp-json\/wp\/v2\/pages\/627\/revisions\/632"}],"wp:attachment":[{"href":"https:\/\/www2.unifap.br\/neab\/wp-json\/wp\/v2\/media?parent=627"}],"curies":[{"name":"wp","href":"https:\/\/api.w.org\/{rel}","templated":true}]}}