{"id":68,"date":"2016-03-01T19:21:11","date_gmt":"2016-03-01T19:21:11","guid":{"rendered":"http:\/\/www2.unifap.br\/neab\/?page_id=68"},"modified":"2016-06-06T14:36:43","modified_gmt":"2016-06-06T14:36:43","slug":"2016-2","status":"publish","type":"page","link":"https:\/\/www2.unifap.br\/neab\/memorial\/2016-2\/","title":{"rendered":"2016"},"content":{"rendered":"<p style=\"text-align: center\">Quadro 1-Resumo de atividades do NEAB<\/p>\n<div align=\"center\">\n<table border=\"1\" cellspacing=\"0\" cellpadding=\"0\">\n<tbody>\n<tr>\n<td width=\"75\">\n<p align=\"center\"><b>Data<\/b><\/p>\n<\/td>\n<td width=\"346\">\n<p align=\"center\"><b>Atividade\/Evento<\/b><\/p>\n<\/td>\n<td>\n<p align=\"center\"><b>Local<\/b><\/p>\n<\/td>\n<\/tr>\n<tr>\n<td width=\"75\">\n<p align=\"center\"><b>26 jan.<\/b><\/p>\n<\/td>\n<td width=\"346\">\n<p align=\"center\">Roda de Conversa: Juventude e Viol\u00eancia: debatendo a quest\u00e3o racial<\/p>\n<\/td>\n<td>\n<p align=\"center\">Audit\u00f3rio de Letras\/Artes \u2013 UNIFAP<\/p>\n<\/td>\n<\/tr>\n<tr>\n<td width=\"75\">\n<p align=\"center\"><b>11 fev.<\/b><\/p>\n<\/td>\n<td width=\"346\">\n<p align=\"center\">Roda de Conversa: Planos Setoriais de Cultura<\/p>\n<\/td>\n<td>\n<p align=\"center\">Audit\u00f3rio do CEPA \u2013 UNIFAP<\/p>\n<\/td>\n<\/tr>\n<tr>\n<td width=\"75\">\n<p align=\"center\"><b>18\u00a0<\/b><b>mar.<\/b><\/p>\n<\/td>\n<td width=\"346\">\n<p align=\"center\">Roda de Conversa: Intoler\u00e2ncia Religiosa no Amap\u00e1<\/p>\n<\/td>\n<td>\n<p align=\"center\">Audit\u00f3rio de Letras\/Artes \u2013 UNIFAP<\/p>\n<\/td>\n<\/tr>\n<\/tbody>\n<\/table>\n<p>Fonte: NEAB\/UNIFAP<\/p>\n<\/div>\n","protected":false},"excerpt":{"rendered":"<p>Quadro 1-Resumo de atividades do NEAB Data Atividade\/Evento Local 26 jan. Roda de Conversa: Juventude e Viol\u00eancia: debatendo a quest\u00e3o racial Audit\u00f3rio de Letras\/Artes \u2013 UNIFAP 11 fev. Roda de Conversa: Planos Setoriais de Cultura Audit\u00f3rio do CEPA \u2013 UNIFAP&hellip; <\/p>\n<p><a href=\"https:\/\/www2.unifap.br\/neab\/memorial\/2016-2\/\" class=\"readmore-button\">Continue Reading<\/a><\/p>\n","protected":false},"author":869,"featured_media":0,"parent":7,"menu_order":1,"comment_status":"open","ping_status":"open","template":"","meta":{"inline_featured_image":false,"ngg_post_thumbnail":0,"footnotes":""},"class_list":["post-68","page","type-page","status-publish","hentry"],"_links":{"self":[{"href":"https:\/\/www2.unifap.br\/neab\/wp-json\/wp\/v2\/pages\/68","targetHints":{"allow":["GET"]}}],"collection":[{"href":"https:\/\/www2.unifap.br\/neab\/wp-json\/wp\/v2\/pages"}],"about":[{"href":"https:\/\/www2.unifap.br\/neab\/wp-json\/wp\/v2\/types\/page"}],"author":[{"embeddable":true,"href":"https:\/\/www2.unifap.br\/neab\/wp-json\/wp\/v2\/users\/869"}],"replies":[{"embeddable":true,"href":"https:\/\/www2.unifap.br\/neab\/wp-json\/wp\/v2\/comments?post=68"}],"version-history":[{"count":5,"href":"https:\/\/www2.unifap.br\/neab\/wp-json\/wp\/v2\/pages\/68\/revisions"}],"predecessor-version":[{"id":194,"href":"https:\/\/www2.unifap.br\/neab\/wp-json\/wp\/v2\/pages\/68\/revisions\/194"}],"up":[{"embeddable":true,"href":"https:\/\/www2.unifap.br\/neab\/wp-json\/wp\/v2\/pages\/7"}],"wp:attachment":[{"href":"https:\/\/www2.unifap.br\/neab\/wp-json\/wp\/v2\/media?parent=68"}],"curies":[{"name":"wp","href":"https:\/\/api.w.org\/{rel}","templated":true}]}}