{"id":7,"date":"2016-03-01T15:47:26","date_gmt":"2016-03-01T15:47:26","guid":{"rendered":"http:\/\/www2.unifap.br\/neab\/?page_id=7"},"modified":"2016-03-01T19:27:07","modified_gmt":"2016-03-01T19:27:07","slug":"memorial","status":"publish","type":"page","link":"https:\/\/www2.unifap.br\/neab\/memorial\/","title":{"rendered":"Memorial"},"content":{"rendered":"<p>O NEAB\/UNIFAP realizou diversas a\u00e7\u00f5es desde o registro do projeto de extens\u00e3o Pol\u00edticas Afirmativas na UNIFAP: cria\u00e7\u00e3o e implementa\u00e7\u00e3o do N\u00facleo de Estudos Afro-Brasileiros (NEAB), junto ao Departamento de Extens\u00e3o (DEX), da Pr\u00f3-reitoria de Extens\u00e3o e A\u00e7\u00f5es Comunit\u00e1rias (PROEAC) sob o n\u00famero de 28\/2015.<\/p>\n","protected":false},"excerpt":{"rendered":"<p>O NEAB\/UNIFAP realizou diversas a\u00e7\u00f5es desde o registro do projeto de extens\u00e3o Pol\u00edticas Afirmativas na UNIFAP: cria\u00e7\u00e3o e implementa\u00e7\u00e3o do N\u00facleo de Estudos Afro-Brasileiros (NEAB), junto ao Departamento de Extens\u00e3o (DEX), da Pr\u00f3-reitoria de Extens\u00e3o e A\u00e7\u00f5es Comunit\u00e1rias (PROEAC) sob&hellip; <\/p>\n<p><a href=\"https:\/\/www2.unifap.br\/neab\/memorial\/\" class=\"readmore-button\">Continue Reading<\/a><\/p>\n","protected":false},"author":869,"featured_media":0,"parent":0,"menu_order":2,"comment_status":"open","ping_status":"closed","template":"","meta":{"inline_featured_image":false,"ngg_post_thumbnail":0,"footnotes":""},"class_list":["post-7","page","type-page","status-publish","hentry"],"_links":{"self":[{"href":"https:\/\/www2.unifap.br\/neab\/wp-json\/wp\/v2\/pages\/7","targetHints":{"allow":["GET"]}}],"collection":[{"href":"https:\/\/www2.unifap.br\/neab\/wp-json\/wp\/v2\/pages"}],"about":[{"href":"https:\/\/www2.unifap.br\/neab\/wp-json\/wp\/v2\/types\/page"}],"author":[{"embeddable":true,"href":"https:\/\/www2.unifap.br\/neab\/wp-json\/wp\/v2\/users\/869"}],"replies":[{"embeddable":true,"href":"https:\/\/www2.unifap.br\/neab\/wp-json\/wp\/v2\/comments?post=7"}],"version-history":[{"count":4,"href":"https:\/\/www2.unifap.br\/neab\/wp-json\/wp\/v2\/pages\/7\/revisions"}],"predecessor-version":[{"id":66,"href":"https:\/\/www2.unifap.br\/neab\/wp-json\/wp\/v2\/pages\/7\/revisions\/66"}],"wp:attachment":[{"href":"https:\/\/www2.unifap.br\/neab\/wp-json\/wp\/v2\/media?parent=7"}],"curies":[{"name":"wp","href":"https:\/\/api.w.org\/{rel}","templated":true}]}}