{"id":910,"date":"2017-05-24T12:13:09","date_gmt":"2017-05-24T12:13:09","guid":{"rendered":"http:\/\/www2.unifap.br\/neab\/?page_id=910"},"modified":"2020-07-09T19:51:45","modified_gmt":"2020-07-09T19:51:45","slug":"2017-2","status":"publish","type":"page","link":"https:\/\/www2.unifap.br\/neab\/memorial\/2017-2\/","title":{"rendered":"2017"},"content":{"rendered":"<p>Quadro -Resumo de atividades do NEAB<\/p>\n<table width=\"623\">\n<tbody>\n<tr>\n<td width=\"107\"><strong>Data<\/strong><\/td>\n<td width=\"390\"><strong>Atividade\/Evento<\/strong><\/td>\n<td width=\"126\"><strong>Local<\/strong><\/td>\n<\/tr>\n<tr>\n<td width=\"107\"><strong>25 de abril<\/strong><\/td>\n<td width=\"390\">Chamada Geral em Defesa das Cotas no Processo Seletivo<\/td>\n<td width=\"126\">Pr\u00e9dio do Cipp -UNIFAP<\/td>\n<\/tr>\n<tr>\n<td width=\"107\"><strong>02 de maio<\/strong><\/td>\n<td width=\"390\">Manifesta\u00e7\u00e3o P\u00fablica a favor da garantia das cotas na Unifap<\/td>\n<td width=\"126\">Port\u00e3o principal &#8211; UNIFAP<\/td>\n<\/tr>\n<tr>\n<td width=\"107\"><strong>18 de maio<\/strong><\/td>\n<td width=\"390\">Anivers\u00e1rio do N\u00facleo de Estudos Afro-Brasileiros \u2013 Neab\/Unifap<\/td>\n<td width=\"126\">Pr\u00e9dio do Cipp -UNIFAP<\/td>\n<\/tr>\n<tr>\n<td width=\"107\"><strong>18\/08 a 04\/10<\/strong><\/td>\n<td width=\"390\">Ciclos de Estudos &#8211; Neab<\/td>\n<td width=\"126\">Pr\u00e9dio do Cipp e Cepa -UNIFAP<\/td>\n<\/tr>\n<tr>\n<td width=\"107\"><strong>29 de setembro<\/strong><\/td>\n<td width=\"390\">Roda de conversa sobre Hist\u00f3ria da \u00c1frica e Afro-Brasileira e Forma\u00e7\u00e3o Docente<\/td>\n<td width=\"126\">Pr\u00e9dio do Cipp -UNIFAP<\/td>\n<\/tr>\n<tr>\n<td width=\"107\"><strong>16 e 17 de novembro<\/strong><\/td>\n<td width=\"390\">A\u00e7\u00f5es Afirmativas: para al\u00e9m das cotas<\/td>\n<td width=\"126\">Pr\u00e9dio do Cipp e Cepa -UNIFAP<\/td>\n<\/tr>\n<\/tbody>\n<\/table>\n<p>Fonte: NEAB\/UNIFAP<\/p>\n","protected":false},"excerpt":{"rendered":"<p>Quadro -Resumo de atividades do NEAB Data Atividade\/Evento Local 25 de abril Chamada Geral em Defesa das Cotas no Processo Seletivo Pr\u00e9dio do Cipp -UNIFAP 02 de maio Manifesta\u00e7\u00e3o P\u00fablica a favor da garantia das cotas na Unifap Port\u00e3o principal&hellip; <\/p>\n<p><a href=\"https:\/\/www2.unifap.br\/neab\/memorial\/2017-2\/\" class=\"readmore-button\">Continue Reading<\/a><\/p>\n","protected":false},"author":869,"featured_media":0,"parent":7,"menu_order":3,"comment_status":"open","ping_status":"open","template":"","meta":{"inline_featured_image":false,"ngg_post_thumbnail":0,"footnotes":""},"class_list":["post-910","page","type-page","status-publish","hentry"],"_links":{"self":[{"href":"https:\/\/www2.unifap.br\/neab\/wp-json\/wp\/v2\/pages\/910","targetHints":{"allow":["GET"]}}],"collection":[{"href":"https:\/\/www2.unifap.br\/neab\/wp-json\/wp\/v2\/pages"}],"about":[{"href":"https:\/\/www2.unifap.br\/neab\/wp-json\/wp\/v2\/types\/page"}],"author":[{"embeddable":true,"href":"https:\/\/www2.unifap.br\/neab\/wp-json\/wp\/v2\/users\/869"}],"replies":[{"embeddable":true,"href":"https:\/\/www2.unifap.br\/neab\/wp-json\/wp\/v2\/comments?post=910"}],"version-history":[{"count":2,"href":"https:\/\/www2.unifap.br\/neab\/wp-json\/wp\/v2\/pages\/910\/revisions"}],"predecessor-version":[{"id":1192,"href":"https:\/\/www2.unifap.br\/neab\/wp-json\/wp\/v2\/pages\/910\/revisions\/1192"}],"up":[{"embeddable":true,"href":"https:\/\/www2.unifap.br\/neab\/wp-json\/wp\/v2\/pages\/7"}],"wp:attachment":[{"href":"https:\/\/www2.unifap.br\/neab\/wp-json\/wp\/v2\/media?parent=910"}],"curies":[{"name":"wp","href":"https:\/\/api.w.org\/{rel}","templated":true}]}}