{"id":944,"date":"2017-08-04T17:21:24","date_gmt":"2017-08-04T17:21:24","guid":{"rendered":"http:\/\/www2.unifap.br\/neab\/?page_id=944"},"modified":"2017-11-07T16:58:58","modified_gmt":"2017-11-07T16:58:58","slug":"cronograma-de-discussao","status":"publish","type":"page","link":"https:\/\/www2.unifap.br\/neab\/ciclo-de-estudos-neab\/cronograma-de-discussao\/","title":{"rendered":"Novo Cronograma de Discuss\u00e3o"},"content":{"rendered":"<table width=\"0\" border=\"1\" cellspacing=\"0\" cellpadding=\"0\">\n<tbody>\n<tr>\n<td colspan=\"2\" width=\"725\">\n<p align=\"center\"><b>CRONOGRAMA DE LEITURAS E DISCUSS\u00c3O<\/b><\/p>\n<\/td>\n<\/tr>\n<tr>\n<td width=\"312\">\n<p align=\"center\"><b>DATA<\/b><\/p>\n<\/td>\n<td width=\"414\">\n<p align=\"center\"><b>TEXTO<\/b><\/p>\n<\/td>\n<\/tr>\n<tr>\n<td width=\"312\"><b>18\/08\/2017<\/b><\/td>\n<td width=\"414\">Textos 1: <strong>Comunidades quilombolas do brasil: desafios e perspectivas<\/strong>Carm\u00e9lia Aparecida Silva Miranda<strong>\u00a0<\/strong><\/td>\n<\/tr>\n<tr>\n<td width=\"312\"><b>06\/09\/2017<\/b><\/td>\n<td width=\"414\">Texto 2: <b>Movimento Quilombola: Reflex\u00f5es sobre seus aspectos pol\u00edtico-organizativos e identit\u00e1rias<\/b>B\u00e1rbara Oliveira Souza<\/td>\n<\/tr>\n<tr>\n<td width=\"312\"><b>20\/09\/2017<\/b><\/td>\n<td width=\"414\">Texto 3: <b>Terras de quilombo: identidade \u00e9tnica e os caminhos do reconhecimento<\/b>Eliane Cantarino O\u2019Dwyer<\/td>\n<\/tr>\n<tr>\n<td width=\"312\"><b>01\/11\/2017<\/b><\/td>\n<td width=\"414\">Texto 4: <b>Os Quilombos e as Novas Etnias<\/b>Alfredo Wagner Berno de Almeida<\/td>\n<\/tr>\n<tr>\n<td width=\"312\"><b>22\/11\/2017<\/b><\/td>\n<td width=\"414\">Texto 5: <b>\u201cDireitos territoriais quilombolas no ordenamento jur\u00eddico brasileiro:<br \/>\nentraves \u00e0 concretiza\u00e7\u00e3o\u201d<\/b>Giovanna Bonilha Milano<\/td>\n<\/tr>\n<tr>\n<td width=\"312\"><b>06\/12\/2017<\/b><\/td>\n<td width=\"414\">Texto 6: <b>Territ\u00f3rio, Territorialidade e Identidade Territorial: categorias para an\u00e1lise da<\/b><b><br \/>\n<\/b><b>din\u00e2mica territorial quilombola no cen\u00e1rio geogr\u00e1fico<\/b><i>Andressa Rodrigues Sensato Oliveira<\/i><\/p>\n<p><i><\/i><i>Carla Holanda da Silva<\/i><\/td>\n<\/tr>\n<tr>\n<td width=\"312\"><b>20\/12\/2017<\/b><\/td>\n<td width=\"414\">Texto 7: <b>A luta pela garantia dos direitos quilombolas e<br \/>\nas pol\u00edticas p\u00fablicas de a\u00e7\u00e3o afirmativa: Limites e Desafios<\/b>Amarildo Carvalho de Souza<\/td>\n<\/tr>\n<tr>\n<td width=\"312\"><b>10\/01\/2018<\/b><\/td>\n<td width=\"414\">Texto 8: <b>Os quilombos e a pr\u00e1tica profissional dos antrop\u00f3logos<\/b>Eliane Cantarino O\u2019Dwyer<\/td>\n<\/tr>\n<tr>\n<td width=\"312\"><strong>24\/01\/2018<\/strong><\/td>\n<td width=\"414\">Texto 9: <b>Reinventando a hist\u00f3ria dos quilombos: rasuras e confabula\u00e7\u00f5es<\/b>Richard Price<\/td>\n<\/tr>\n<tr>\n<td width=\"312\"><b>pendente<\/b><\/td>\n<td width=\"414\">Texto 10: <b>Sobre imagens e quilombos: notas a respeito da constru\u00e7\u00e3o da percep\u00e7\u00e3o<br \/>\nacerca das comunidades quilombolas<\/b>Lu\u00eds Fernando Cardoso e Cardoso<\/td>\n<\/tr>\n<\/tbody>\n<\/table>\n","protected":false},"excerpt":{"rendered":"<p>CRONOGRAMA DE LEITURAS E DISCUSS\u00c3O DATA TEXTO 18\/08\/2017 Textos 1: Comunidades quilombolas do brasil: desafios e perspectivasCarm\u00e9lia Aparecida Silva Miranda\u00a0 06\/09\/2017 Texto 2: Movimento Quilombola: Reflex\u00f5es sobre seus aspectos pol\u00edtico-organizativos e identit\u00e1riasB\u00e1rbara Oliveira Souza 20\/09\/2017 Texto 3: Terras de quilombo:&hellip; <\/p>\n<p><a href=\"https:\/\/www2.unifap.br\/neab\/ciclo-de-estudos-neab\/cronograma-de-discussao\/\" class=\"readmore-button\">Continue Reading<\/a><\/p>\n","protected":false},"author":872,"featured_media":0,"parent":941,"menu_order":0,"comment_status":"open","ping_status":"open","template":"","meta":{"inline_featured_image":false,"ngg_post_thumbnail":0,"footnotes":""},"class_list":["post-944","page","type-page","status-publish","hentry"],"_links":{"self":[{"href":"https:\/\/www2.unifap.br\/neab\/wp-json\/wp\/v2\/pages\/944","targetHints":{"allow":["GET"]}}],"collection":[{"href":"https:\/\/www2.unifap.br\/neab\/wp-json\/wp\/v2\/pages"}],"about":[{"href":"https:\/\/www2.unifap.br\/neab\/wp-json\/wp\/v2\/types\/page"}],"author":[{"embeddable":true,"href":"https:\/\/www2.unifap.br\/neab\/wp-json\/wp\/v2\/users\/872"}],"replies":[{"embeddable":true,"href":"https:\/\/www2.unifap.br\/neab\/wp-json\/wp\/v2\/comments?post=944"}],"version-history":[{"count":4,"href":"https:\/\/www2.unifap.br\/neab\/wp-json\/wp\/v2\/pages\/944\/revisions"}],"predecessor-version":[{"id":1096,"href":"https:\/\/www2.unifap.br\/neab\/wp-json\/wp\/v2\/pages\/944\/revisions\/1096"}],"up":[{"embeddable":true,"href":"https:\/\/www2.unifap.br\/neab\/wp-json\/wp\/v2\/pages\/941"}],"wp:attachment":[{"href":"https:\/\/www2.unifap.br\/neab\/wp-json\/wp\/v2\/media?parent=944"}],"curies":[{"name":"wp","href":"https:\/\/api.w.org\/{rel}","templated":true}]}}