{"id":251,"date":"2021-09-03T23:09:43","date_gmt":"2021-09-03T23:09:43","guid":{"rendered":"http:\/\/www2.unifap.br\/neamzg\/?page_id=251"},"modified":"2023-05-03T22:31:00","modified_gmt":"2023-05-03T22:31:00","slug":"ensino-pesquisa-e-extensao-na-reserva-extrativista-do-rio-cajari","status":"publish","type":"page","link":"https:\/\/www2.unifap.br\/neamzg\/ensino-pesquisa-e-extensao-na-reserva-extrativista-do-rio-cajari\/","title":{"rendered":"Ensino, pesquisa e extens\u00e3o na Reserva Extrativista do Rio Cajari"},"content":{"rendered":"<p><a href=\"http:\/\/www2.unifap.br\/neamzg\/files\/2022\/05\/capa-nea.png\"><img fetchpriority=\"high\" decoding=\"async\" class=\"aligncenter size-full wp-image-301\" src=\"http:\/\/www2.unifap.br\/neamzg\/files\/2022\/05\/capa-nea.png\" alt=\"\" width=\"1275\" height=\"720\"><\/a><\/p>\n<p><span class=\"fontstyle0\">Para a divulga\u00e7\u00e3o de algumas das a\u00e7\u00f5es de pesquisa e extens\u00e3o junto a popula\u00e7\u00f5es tradicionais do Territ\u00f3rio Sul do Estado do Amap\u00e1, foi desenvolvido o livro <\/span><span class=\"fontstyle2\">&#8220;Ensino, pesquisa e extens\u00e3o na Reserva Extrativista do Rio Cajari &#8211; A\u00e7\u00f5es do NEA-UNIFAP\/MZG&#8221;<\/span><span class=\"fontstyle0\">, composto por quatro cap\u00edtulos que abordam diferentes temas. Esta publica\u00e7\u00e3o \u00e9 destinada a escolas e comunidades do campo, em especial as da Reserva Extrativista do Rio Cajari, atendidas no projeto de cria\u00e7\u00e3o do n\u00facleo.<\/span><\/p>\n<p><a href=\"http:\/\/www.unifap.br\/pesquisadores-do-campus-mazagao-publicam-e-book-sobre-agroecologia\/\">Divulga\u00e7\u00e3o<\/a><\/p>\n<p><a href=\"https:\/\/www.researchgate.net\/publication\/354424429_Ensino_pesquisa_e_extensao_na_Reserva_Extrativista_do_Rio_Cajari_-_Acoes_do_NEA-UNIFAPMZG\">Acesso ao PDF do livro<\/a><\/p>\n","protected":false},"excerpt":{"rendered":"<p>Para a divulga\u00e7\u00e3o de algumas das a\u00e7\u00f5es de pesquisa e extens\u00e3o junto a popula\u00e7\u00f5es tradicionais do Territ\u00f3rio Sul do Estado do Amap\u00e1, foi desenvolvido o livro &#8220;Ensino, pesquisa e extens\u00e3o na Reserva Extrativista do Rio Cajari &#8211; A\u00e7\u00f5es do NEA-UNIFAP\/MZG&#8221;,&hellip; <\/p>\n<p><a href=\"https:\/\/www2.unifap.br\/neamzg\/ensino-pesquisa-e-extensao-na-reserva-extrativista-do-rio-cajari\/\" class=\"readmore-button\">Continue Reading<\/a><\/p>\n","protected":false},"author":2426,"featured_media":0,"parent":0,"menu_order":0,"comment_status":"closed","ping_status":"closed","template":"","meta":{"inline_featured_image":false,"ngg_post_thumbnail":0,"footnotes":""},"class_list":["post-251","page","type-page","status-publish","hentry"],"_links":{"self":[{"href":"https:\/\/www2.unifap.br\/neamzg\/wp-json\/wp\/v2\/pages\/251","targetHints":{"allow":["GET"]}}],"collection":[{"href":"https:\/\/www2.unifap.br\/neamzg\/wp-json\/wp\/v2\/pages"}],"about":[{"href":"https:\/\/www2.unifap.br\/neamzg\/wp-json\/wp\/v2\/types\/page"}],"author":[{"embeddable":true,"href":"https:\/\/www2.unifap.br\/neamzg\/wp-json\/wp\/v2\/users\/2426"}],"replies":[{"embeddable":true,"href":"https:\/\/www2.unifap.br\/neamzg\/wp-json\/wp\/v2\/comments?post=251"}],"version-history":[{"count":4,"href":"https:\/\/www2.unifap.br\/neamzg\/wp-json\/wp\/v2\/pages\/251\/revisions"}],"predecessor-version":[{"id":343,"href":"https:\/\/www2.unifap.br\/neamzg\/wp-json\/wp\/v2\/pages\/251\/revisions\/343"}],"wp:attachment":[{"href":"https:\/\/www2.unifap.br\/neamzg\/wp-json\/wp\/v2\/media?parent=251"}],"curies":[{"name":"wp","href":"https:\/\/api.w.org\/{rel}","templated":true}]}}