{"id":333,"date":"2022-09-13T21:18:27","date_gmt":"2022-09-13T21:18:27","guid":{"rendered":"https:\/\/www2.unifap.br\/neamzg\/?page_id=333"},"modified":"2022-09-13T21:18:27","modified_gmt":"2022-09-13T21:18:27","slug":"fichas-agroecologicas","status":"publish","type":"page","link":"https:\/\/www2.unifap.br\/neamzg\/fichas-agroecologicas\/","title":{"rendered":"Fichas agroecol\u00f3gicas"},"content":{"rendered":"<p><a href=\"http:\/\/www2.unifap.br\/neamzg\/files\/2022\/09\/Ficha-Agroecologica-PANC.pdf\">PLANTAS ALIMENT\u00cdCIAS N\u00c3O CONVENCIONAIS (PANC)<\/a><\/p>\n<p><a href=\"http:\/\/www2.unifap.br\/neamzg\/files\/2022\/09\/Ficha-Agroecoloogica-irrigacao-de-baixo-Custo.pdf\">SISTEMA DE IRRIGA\u00c7\u00c3O \u201cBUBBLER\u201d<\/a><\/p>\n","protected":false},"excerpt":{"rendered":"<p>PLANTAS ALIMENT\u00cdCIAS N\u00c3O CONVENCIONAIS (PANC) SISTEMA DE IRRIGA\u00c7\u00c3O \u201cBUBBLER\u201d<\/p>\n","protected":false},"author":2426,"featured_media":0,"parent":0,"menu_order":0,"comment_status":"closed","ping_status":"closed","template":"","meta":{"inline_featured_image":false,"ngg_post_thumbnail":0,"footnotes":""},"class_list":["post-333","page","type-page","status-publish","hentry"],"_links":{"self":[{"href":"https:\/\/www2.unifap.br\/neamzg\/wp-json\/wp\/v2\/pages\/333","targetHints":{"allow":["GET"]}}],"collection":[{"href":"https:\/\/www2.unifap.br\/neamzg\/wp-json\/wp\/v2\/pages"}],"about":[{"href":"https:\/\/www2.unifap.br\/neamzg\/wp-json\/wp\/v2\/types\/page"}],"author":[{"embeddable":true,"href":"https:\/\/www2.unifap.br\/neamzg\/wp-json\/wp\/v2\/users\/2426"}],"replies":[{"embeddable":true,"href":"https:\/\/www2.unifap.br\/neamzg\/wp-json\/wp\/v2\/comments?post=333"}],"version-history":[{"count":1,"href":"https:\/\/www2.unifap.br\/neamzg\/wp-json\/wp\/v2\/pages\/333\/revisions"}],"predecessor-version":[{"id":336,"href":"https:\/\/www2.unifap.br\/neamzg\/wp-json\/wp\/v2\/pages\/333\/revisions\/336"}],"wp:attachment":[{"href":"https:\/\/www2.unifap.br\/neamzg\/wp-json\/wp\/v2\/media?parent=333"}],"curies":[{"name":"wp","href":"https:\/\/api.w.org\/{rel}","templated":true}]}}