{"id":50,"date":"2018-11-23T18:35:58","date_gmt":"2018-11-23T18:35:58","guid":{"rendered":"http:\/\/www2.unifap.br\/neamzg\/?page_id=50"},"modified":"2021-10-12T22:34:54","modified_gmt":"2021-10-12T22:34:54","slug":"vi-congresso-brasileiro-de-educacao-ambiental-aplicada-e-gestao-territorial","status":"publish","type":"page","link":"https:\/\/www2.unifap.br\/neamzg\/vi-congresso-brasileiro-de-educacao-ambiental-aplicada-e-gestao-territorial\/","title":{"rendered":"VI Congresso Brasileiro de Educa\u00e7\u00e3o Ambiental Aplicada e Gest\u00e3o Territorial"},"content":{"rendered":"<p><a href=\"http:\/\/www2.unifap.br\/neamzg\/files\/2018\/11\/Imagem1.png\"><img decoding=\"async\" class=\"aligncenter size-full wp-image-51\" src=\"http:\/\/www2.unifap.br\/neamzg\/files\/2018\/11\/Imagem1.png\" alt=\"Imagem1\" width=\"198\" height=\"199\" srcset=\"https:\/\/www2.unifap.br\/neamzg\/files\/2018\/11\/Imagem1.png 198w, https:\/\/www2.unifap.br\/neamzg\/files\/2018\/11\/Imagem1-150x150.png 150w, https:\/\/www2.unifap.br\/neamzg\/files\/2018\/11\/Imagem1-70x70.png 70w\" sizes=\"(max-width: 198px) 100vw, 198px\" \/><\/a><\/p>\n<p>No decorrer dos dias 26 a 29 de setembro de 2018, ocorreu na Universidade Federal do Amap\u00e1, <i>Campus<\/i> Marco Zero, Macap\u00e1\/AP, o VI Congresso Brasileiro de Educa\u00e7\u00e3o Ambiental Aplicada e Gest\u00e3o Territorial: limites e desafios da sustentabilidade ambiental no s\u00e9culo XXI (CBEAAGT), que teve como objetivo debates e trocas de experi\u00eancias acad\u00eamicas a n\u00edvel nacional, buscando contribuir com a difus\u00e3o de ideias de trabalhos que buscam a constru\u00e7\u00e3o de uma sociedade mais sustent\u00e1vel. No dia 26, a partir das 14 horas, ocorreu o credenciamento e das 18h30min \u00e0s 19h00min o cerimonial de abertura. Durante o dia 27, no per\u00edodo da manh\u00e3, houve a I mesa redonda com o tema: Educa\u00e7\u00e3o patrimonial e comunidades tradicionais e a I palestra sobre Ecopedagogia e \u00e9tica ambiental na educa\u00e7\u00e3o formal e informal, \u00e0 tarde, ap\u00f3s os debates da II mesa redonda sobre conflitos socioambientais e popula\u00e7\u00f5es tradicionais, tiveram exposi\u00e7\u00f5es de trabalhos em pain\u00e9is do eixo 1 a 5, das 16:30min \u00e0s 18:00min no gin\u00e1sio poliesportivo. Das 19h45min \u00e0s 20h30min ocorreu a II palestra, que tratava de Geotecnologias aplicadas ao planejamento e gest\u00e3o ambiental, encerrando as atividades. Durante o dia 28, pela manh\u00e3, retomou-se as atividades com a III mesa redonda, com o tema Planejamento e gest\u00e3o dos recursos h\u00eddricos e a III palestra sobre Planejamento, gest\u00e3o ambiental e desenvolvimento, \u00e0 tarde deu-se prosseguimento a mais uma etapa de exposi\u00e7\u00f5es de trabalhos dos demais eixos tem\u00e1ticos (de 6 a 10); ainda \u00e0 tarde, ocorreu a IV mesa redonda com o tema Sociodiversidade e biotecnologias alternativas. A partir das 18h00min at\u00e9 \u00e0s 18h30min, aconteceu a conferencia de encerramento com o tema Planejamento e gest\u00e3o de bacias hidrogr\u00e1ficas. Na manh\u00e3 do dia 29 foram ofertados minicursos com certifica\u00e7\u00e3o de 4 horas, assim finalizando o VI CBEAAGT.<\/p>\n<p>Entre os diversos trabalhos e tem\u00e1ticas apresentados no evento, foi exposto o trabalho intitulado \u201cPARA N\u00c3O DIZER QUE N\u00c3O FALEI DAS FLORES&#8230; E DOS POLINIZADORES TAMB\u00c9M: A\u00c7\u00c3O NA RESEX RIO CAJARI, ESTADO DO AMAP\u00c1\u201d, apresentado pelas discentes do Curso de Licenciatura em Educa\u00e7\u00e3o do Campo, UNIFAP- <i>Campus<\/i> Mazag\u00e3o, Ang\u00e9lica da Costa e Daniele da Costa, e pela docente Mellissa Sobrinho, integrantes do NEA-UNIFAP\/MZG. Este trabalho relatou a\u00e7\u00f5es em duas escolas no sul do Amap\u00e1, em turmas de 5\u00ba e 7\u00ba ano do Ensino Fundamental I e II, respectivamente, tendo como objetivo divulgar conhecimentos cient\u00edficos sobre reprodu\u00e7\u00e3o de plantas e sobre polinizadores e onde foram trabalhadas diversas atividades para a melhor compreens\u00e3o do tema.<\/p>\n<p><a href=\"https:\/\/www2.unifap.br\/editora\/files\/2020\/09\/educacao-ambiental-no-cotidiano.pdf\">Publica\u00e7\u00e3o<\/a><\/p>\n<p>Texto:&nbsp;Ang\u00e9lica da Costa e Daniele da Costa<\/p>\n","protected":false},"excerpt":{"rendered":"<p>No decorrer dos dias 26 a 29 de setembro de 2018, ocorreu na Universidade Federal do Amap\u00e1, Campus Marco Zero, Macap\u00e1\/AP, o VI Congresso Brasileiro de Educa\u00e7\u00e3o Ambiental Aplicada e Gest\u00e3o Territorial: limites e desafios da sustentabilidade ambiental no s\u00e9culo&hellip; <\/p>\n<p><a href=\"https:\/\/www2.unifap.br\/neamzg\/vi-congresso-brasileiro-de-educacao-ambiental-aplicada-e-gestao-territorial\/\" class=\"readmore-button\">Continue Reading<\/a><\/p>\n","protected":false},"author":2426,"featured_media":0,"parent":0,"menu_order":0,"comment_status":"closed","ping_status":"closed","template":"","meta":{"inline_featured_image":false,"ngg_post_thumbnail":0,"footnotes":""},"class_list":["post-50","page","type-page","status-publish","hentry"],"_links":{"self":[{"href":"https:\/\/www2.unifap.br\/neamzg\/wp-json\/wp\/v2\/pages\/50","targetHints":{"allow":["GET"]}}],"collection":[{"href":"https:\/\/www2.unifap.br\/neamzg\/wp-json\/wp\/v2\/pages"}],"about":[{"href":"https:\/\/www2.unifap.br\/neamzg\/wp-json\/wp\/v2\/types\/page"}],"author":[{"embeddable":true,"href":"https:\/\/www2.unifap.br\/neamzg\/wp-json\/wp\/v2\/users\/2426"}],"replies":[{"embeddable":true,"href":"https:\/\/www2.unifap.br\/neamzg\/wp-json\/wp\/v2\/comments?post=50"}],"version-history":[{"count":4,"href":"https:\/\/www2.unifap.br\/neamzg\/wp-json\/wp\/v2\/pages\/50\/revisions"}],"predecessor-version":[{"id":204,"href":"https:\/\/www2.unifap.br\/neamzg\/wp-json\/wp\/v2\/pages\/50\/revisions\/204"}],"wp:attachment":[{"href":"https:\/\/www2.unifap.br\/neamzg\/wp-json\/wp\/v2\/media?parent=50"}],"curies":[{"name":"wp","href":"https:\/\/api.w.org\/{rel}","templated":true}]}}