{"id":3768,"date":"2025-04-20T01:32:36","date_gmt":"2025-04-20T04:32:36","guid":{"rendered":"https:\/\/www2.unifap.br\/nepla\/?page_id=3768"},"modified":"2025-12-14T14:43:22","modified_gmt":"2025-12-14T17:43:22","slug":"projetos-de-pesquisa","status":"publish","type":"page","link":"https:\/\/www2.unifap.br\/nepla\/projetos-de-pesquisa\/","title":{"rendered":"PROJETOS DE PESQUISA"},"content":{"rendered":"\t\t<div data-elementor-type=\"wp-page\" data-elementor-id=\"3768\" class=\"elementor elementor-3768\">\n\t\t\t\t\t\t<section class=\"elementor-section elementor-top-section elementor-element elementor-element-b414239 elementor-section-boxed elementor-section-height-default elementor-section-height-default\" data-id=\"b414239\" data-element_type=\"section\" data-e-type=\"section\">\n\t\t\t\t\t\t\t<div class=\"elementor-background-overlay\"><\/div>\n\t\t\t\t\t\t\t<div class=\"elementor-container elementor-column-gap-default\">\n\t\t\t\t\t<div class=\"elementor-column elementor-col-100 elementor-top-column elementor-element elementor-element-8a9fdcf\" data-id=\"8a9fdcf\" data-element_type=\"column\" data-e-type=\"column\">\n\t\t\t<div class=\"elementor-widget-wrap elementor-element-populated\">\n\t\t\t\t\t\t<div class=\"elementor-element elementor-element-2639183 elementor-widget elementor-widget-page-title\" data-id=\"2639183\" data-element_type=\"widget\" data-e-type=\"widget\" data-settings=\"{&quot;align_mobile&quot;:&quot;center&quot;}\" data-widget_type=\"page-title.default\">\n\t\t\t\t<div class=\"elementor-widget-container\">\n\t\t\t\t\t\t\t\n\t\t<div class=\"hfe-page-title hfe-page-title-wrapper elementor-widget-heading\">\n\n\t\t\t\t\t\t\t\t<h2 class=\"elementor-heading-title elementor-size-default\">\n\t\t\t\t\t\t\t\t\n\t\t\t\tPROJETOS DE PESQUISA  \n\t\t\t<\/h2 > \n\t\t\t\t\t<\/div>\n\t\t\t\t\t\t<\/div>\n\t\t\t\t<\/div>\n\t\t\t\t<div class=\"elementor-element elementor-element-1801c4b elementor-widget elementor-widget-text-editor\" data-id=\"1801c4b\" data-element_type=\"widget\" data-e-type=\"widget\" data-widget_type=\"text-editor.default\">\n\t\t\t\t\t\t\t\t\t<p style=\"text-align: justify\">Re\u00fanem-se, neste espa\u00e7o, os projetos de pesquisa desenvolvidos no \u00e2mbito do N\u00facleo de Estudos e Pesquisas Interdisciplinares em Lingu\u00edstica Aplicada (NEPLA), que expressam o compromisso do grupo com a produ\u00e7\u00e3o de conhecimento cr\u00edtico, transdisciplinar e socialmente situado. Os projetos articulam linguagem, educa\u00e7\u00e3o, pr\u00e1ticas discursivas e contextos socioculturais, mobilizando perspectivas te\u00f3ricas da Lingu\u00edstica Aplicada cr\u00edtica e indisciplinar, com \u00eanfase em educa\u00e7\u00e3o lingu\u00edstica, forma\u00e7\u00e3o de professoras\/es, letramentos cr\u00edticos e decoloniais, pol\u00edticas lingu\u00edsticas, identidades e usos sociais da linguagem. Essas investiga\u00e7\u00f5es orientam as a\u00e7\u00f5es acad\u00eamicas do grupo e sustentam a integra\u00e7\u00e3o entre ensino, pesquisa e forma\u00e7\u00e3o em diferentes n\u00edveis.&nbsp;<\/p>\t\t\t\t\t\t\t\t<\/div>\n\t\t<div class=\"elementor-element elementor-element-fd721cb e-con-full e-flex e-con e-child\" data-id=\"fd721cb\" data-element_type=\"container\" data-e-type=\"container\" data-settings=\"{&quot;background_background&quot;:&quot;classic&quot;}\">\n\t\t\t\t<div class=\"elementor-element elementor-element-158e425 e-n-tabs-mobile elementor-widget elementor-widget-n-tabs\" data-id=\"158e425\" data-element_type=\"widget\" data-e-type=\"widget\" data-widget_type=\"nested-tabs.default\">\n\t\t\t\t\t\t\t<div class=\"e-n-tabs\" data-widget-number=\"22602789\" aria-label=\"Abas. Abra itens com &quot;Enter&quot; ou &quot;Espa\u00e7o&quot;, feche com &quot;Escape&quot; e navegue usando as teclas de &quot;Seta&quot;.\">\n\t\t\t<div class=\"e-n-tabs-heading\" role=\"tablist\">\n\t\t\t\t\t<button id=\"e-n-tab-title-226027891\" data-tab-title-id=\"e-n-tab-title-226027891\" class=\"e-n-tab-title\" aria-selected=\"true\" data-tab-index=\"1\" role=\"tab\" tabindex=\"0\" aria-controls=\"e-n-tab-content-226027891\" style=\"--n-tabs-title-order: 1;\">\n\t\t\t\t\t\t<span class=\"e-n-tab-title-text\">\n\t\t\t\tT\u00edtulo da Pesquisa 1\t\t\t<\/span>\n\t\t<\/button>\n\t\t\t\t<button id=\"e-n-tab-title-226027892\" data-tab-title-id=\"e-n-tab-title-226027892\" class=\"e-n-tab-title\" aria-selected=\"false\" data-tab-index=\"2\" role=\"tab\" tabindex=\"-1\" aria-controls=\"e-n-tab-content-226027892\" style=\"--n-tabs-title-order: 2;\">\n\t\t\t\t\t\t<span class=\"e-n-tab-title-text\">\n\t\t\t\tT\u00edtulo da Pesquisa 2\t\t\t<\/span>\n\t\t<\/button>\n\t\t\t\t<button id=\"e-n-tab-title-226027893\" data-tab-title-id=\"e-n-tab-title-226027893\" class=\"e-n-tab-title\" aria-selected=\"false\" data-tab-index=\"3\" role=\"tab\" tabindex=\"-1\" aria-controls=\"e-n-tab-content-226027893\" style=\"--n-tabs-title-order: 3;\">\n\t\t\t\t\t\t<span class=\"e-n-tab-title-text\">\n\t\t\t\tT\u00edtulo da Pesquisa 3\t\t\t<\/span>\n\t\t<\/button>\n\t\t\t\t\t<\/div>\n\t\t\t<div class=\"e-n-tabs-content\">\n\t\t\t\t<div id=\"e-n-tab-content-226027891\" role=\"tabpanel\" aria-labelledby=\"e-n-tab-title-226027891\" data-tab-index=\"1\" style=\"--n-tabs-title-order: 1;\" class=\"e-active elementor-element elementor-element-b36d1fb e-con-full e-flex e-con e-child\" data-id=\"b36d1fb\" data-element_type=\"container\" data-e-type=\"container\" data-settings=\"{&quot;background_background&quot;:&quot;classic&quot;}\">\n\t\t\t\t<div class=\"elementor-element elementor-element-8d5e1eb elementor-widget elementor-widget-text-editor\" data-id=\"8d5e1eb\" data-element_type=\"widget\" data-e-type=\"widget\" data-widget_type=\"text-editor.default\">\n\t\t\t\t\t\t\t\t\t<strong><p>Coordenador:<\/strong> Nome<\/p>\n<strong><p>Descri\u00e7\u00e3o:<\/strong> Descri\u00e7\u00e3o<\/p>\n<strong><p>Membros:<\/strong> Nome<\/p>\t\t\t\t\t\t\t\t<\/div>\n\t\t\t\t<\/div>\n\t\t<div id=\"e-n-tab-content-226027892\" role=\"tabpanel\" aria-labelledby=\"e-n-tab-title-226027892\" data-tab-index=\"2\" style=\"--n-tabs-title-order: 2;\" class=\" elementor-element elementor-element-a2e94ac e-con-full e-flex e-con e-child\" data-id=\"a2e94ac\" data-element_type=\"container\" data-e-type=\"container\" data-settings=\"{&quot;background_background&quot;:&quot;classic&quot;}\">\n\t\t\t\t<div class=\"elementor-element elementor-element-275f530 elementor-widget elementor-widget-text-editor\" data-id=\"275f530\" data-element_type=\"widget\" data-e-type=\"widget\" data-widget_type=\"text-editor.default\">\n\t\t\t\t\t\t\t\t\t<strong><p>Coordenador:<\/strong> Nome<\/p>\n<strong><p>Descri\u00e7\u00e3o:<\/strong> Descri\u00e7\u00e3o<\/p>\n<strong><p>Membros:<\/strong> Nome<\/p>\t\t\t\t\t\t\t\t<\/div>\n\t\t\t\t<\/div>\n\t\t<div id=\"e-n-tab-content-226027893\" role=\"tabpanel\" aria-labelledby=\"e-n-tab-title-226027893\" data-tab-index=\"3\" style=\"--n-tabs-title-order: 3;\" class=\" elementor-element elementor-element-b9b9f95 e-con-full e-flex e-con e-child\" data-id=\"b9b9f95\" data-element_type=\"container\" data-e-type=\"container\" data-settings=\"{&quot;background_background&quot;:&quot;classic&quot;}\">\n\t\t\t\t<div class=\"elementor-element elementor-element-e549825 elementor-widget elementor-widget-text-editor\" data-id=\"e549825\" data-element_type=\"widget\" data-e-type=\"widget\" data-widget_type=\"text-editor.default\">\n\t\t\t\t\t\t\t\t\t<strong><p>Coordenador:<\/strong> Nome<\/p>\n<strong><p>Descri\u00e7\u00e3o:<\/strong> Descri\u00e7\u00e3o<\/p>\n<strong><p>Membros:<\/strong> Nome<\/p>\t\t\t\t\t\t\t\t<\/div>\n\t\t\t\t<\/div>\n\t\t\t\t\t<\/div>\n\t\t<\/div>\n\t\t\t\t\t\t<\/div>\n\t\t\t\t<\/div>\n\t\t\t\t\t<\/div>\n\t\t<\/div>\n\t\t\t\t\t<\/div>\n\t\t<\/section>\n\t\t\t\t<\/div>\n\t\t","protected":false},"excerpt":{"rendered":"<p>PROJETOS DE PESQUISA Re\u00fanem-se, neste espa\u00e7o, os projetos de pesquisa desenvolvidos no \u00e2mbito do N\u00facleo de Estudos e Pesquisas Interdisciplinares em Lingu\u00edstica Aplicada (NEPLA), que expressam o compromisso do grupo com a produ\u00e7\u00e3o de conhecimento cr\u00edtico, transdisciplinar e socialmente situado. Os projetos articulam linguagem, educa\u00e7\u00e3o, pr\u00e1ticas discursivas e contextos socioculturais, mobilizando perspectivas te\u00f3ricas da Lingu\u00edstica&#8230;<\/p>\n","protected":false},"author":104,"featured_media":0,"parent":0,"menu_order":0,"comment_status":"closed","ping_status":"closed","template":"","meta":{"inline_featured_image":false,"site-sidebar-layout":"no-sidebar","site-content-layout":"page-builder","ast-site-content-layout":"full-width-container","site-content-style":"default","site-sidebar-style":"default","ast-global-header-display":"","ast-banner-title-visibility":"","ast-main-header-display":"","ast-hfb-above-header-display":"","ast-hfb-below-header-display":"","ast-hfb-mobile-header-display":"","site-post-title":"disabled","ast-breadcrumbs-content":"","ast-featured-img":"disabled","footer-sml-layout":"","theme-transparent-header-meta":"","adv-header-id-meta":"","stick-header-meta":"","header-above-stick-meta":"","header-main-stick-meta":"","header-below-stick-meta":"","astra-migrate-meta-layouts":"default","ast-page-background-enabled":"default","ast-page-background-meta":{"desktop":{"background-color":"","background-image":"","background-repeat":"repeat","background-position":"center center","background-size":"auto","background-attachment":"scroll","background-type":"","background-media":"","overlay-type":"","overlay-color":"","overlay-opacity":"","overlay-gradient":""},"tablet":{"background-color":"","background-image":"","background-repeat":"repeat","background-position":"center center","background-size":"auto","background-attachment":"scroll","background-type":"","background-media":"","overlay-type":"","overlay-color":"","overlay-opacity":"","overlay-gradient":""},"mobile":{"background-color":"","background-image":"","background-repeat":"repeat","background-position":"center center","background-size":"auto","background-attachment":"scroll","background-type":"","background-media":"","overlay-type":"","overlay-color":"","overlay-opacity":"","overlay-gradient":""}},"ast-content-background-meta":{"desktop":{"background-color":"var(--ast-global-color-5)","background-image":"","background-repeat":"repeat","background-position":"center center","background-size":"auto","background-attachment":"scroll","background-type":"","background-media":"","overlay-type":"","overlay-color":"","overlay-opacity":"","overlay-gradient":""},"tablet":{"background-color":"var(--ast-global-color-5)","background-image":"","background-repeat":"repeat","background-position":"center center","background-size":"auto","background-attachment":"scroll","background-type":"","background-media":"","overlay-type":"","overlay-color":"","overlay-opacity":"","overlay-gradient":""},"mobile":{"background-color":"var(--ast-global-color-5)","background-image":"","background-repeat":"repeat","background-position":"center center","background-size":"auto","background-attachment":"scroll","background-type":"","background-media":"","overlay-type":"","overlay-color":"","overlay-opacity":"","overlay-gradient":""}},"footnotes":""},"folder":[],"class_list":["post-3768","page","type-page","status-publish","hentry"],"_links":{"self":[{"href":"https:\/\/www2.unifap.br\/nepla\/wp-json\/wp\/v2\/pages\/3768","targetHints":{"allow":["GET"]}}],"collection":[{"href":"https:\/\/www2.unifap.br\/nepla\/wp-json\/wp\/v2\/pages"}],"about":[{"href":"https:\/\/www2.unifap.br\/nepla\/wp-json\/wp\/v2\/types\/page"}],"author":[{"embeddable":true,"href":"https:\/\/www2.unifap.br\/nepla\/wp-json\/wp\/v2\/users\/104"}],"replies":[{"embeddable":true,"href":"https:\/\/www2.unifap.br\/nepla\/wp-json\/wp\/v2\/comments?post=3768"}],"version-history":[{"count":18,"href":"https:\/\/www2.unifap.br\/nepla\/wp-json\/wp\/v2\/pages\/3768\/revisions"}],"predecessor-version":[{"id":4492,"href":"https:\/\/www2.unifap.br\/nepla\/wp-json\/wp\/v2\/pages\/3768\/revisions\/4492"}],"wp:attachment":[{"href":"https:\/\/www2.unifap.br\/nepla\/wp-json\/wp\/v2\/media?parent=3768"}],"wp:term":[{"taxonomy":"folder","embeddable":true,"href":"https:\/\/www2.unifap.br\/nepla\/wp-json\/wp\/v2\/folder?post=3768"}],"curies":[{"name":"wp","href":"https:\/\/api.w.org\/{rel}","templated":true}]}}