{"id":5825,"date":"2026-01-09T11:19:51","date_gmt":"2026-01-09T14:19:51","guid":{"rendered":"https:\/\/www2.unifap.br\/nepla\/?page_id=5825"},"modified":"2026-02-26T14:30:55","modified_gmt":"2026-02-26T17:30:55","slug":"programa-pec-ple","status":"publish","type":"page","link":"https:\/\/www2.unifap.br\/nepla\/projetos-de-extensao\/programa-pec-ple\/","title":{"rendered":"PROGRAMA PEC-PLE"},"content":{"rendered":"\t\t<div data-elementor-type=\"wp-page\" data-elementor-id=\"5825\" class=\"elementor elementor-5825\">\n\t\t\t\t<div class=\"elementor-element elementor-element-a0851e7 e-flex e-con-boxed e-con e-parent\" data-id=\"a0851e7\" data-element_type=\"container\" data-e-type=\"container\">\n\t\t\t\t\t<div class=\"e-con-inner\">\n\t\t<div class=\"elementor-element elementor-element-56aa049 e-con-full e-flex e-con e-child\" data-id=\"56aa049\" data-element_type=\"container\" data-e-type=\"container\">\n\t\t\t\t<div class=\"elementor-element elementor-element-8e084e3 elementor-widget elementor-widget-image\" data-id=\"8e084e3\" data-element_type=\"widget\" data-e-type=\"widget\" data-widget_type=\"image.default\">\n\t\t\t\t\t\t\t\t\t\t\t\t\t\t\t<img fetchpriority=\"high\" decoding=\"async\" width=\"768\" height=\"183\" src=\"https:\/\/www2.unifap.br\/nepla\/files\/2025\/04\/logo-PEC-PLE-colorido-PT-768x183.png\" class=\"attachment-medium_large size-medium_large wp-image-3582\" alt=\"\" srcset=\"https:\/\/www2.unifap.br\/nepla\/files\/2025\/04\/logo-PEC-PLE-colorido-PT-768x183.png 768w, https:\/\/www2.unifap.br\/nepla\/files\/2025\/04\/logo-PEC-PLE-colorido-PT-300x71.png 300w, https:\/\/www2.unifap.br\/nepla\/files\/2025\/04\/logo-PEC-PLE-colorido-PT-1024x244.png 1024w, https:\/\/www2.unifap.br\/nepla\/files\/2025\/04\/logo-PEC-PLE-colorido-PT-1536x366.png 1536w, https:\/\/www2.unifap.br\/nepla\/files\/2025\/04\/logo-PEC-PLE-colorido-PT-2048x487.png 2048w\" sizes=\"(max-width: 768px) 100vw, 768px\" \/>\t\t\t\t\t\t\t\t\t\t\t\t\t\t\t<\/div>\n\t\t\t\t<\/div>\n\t\t\t\t\t<\/div>\n\t\t\t\t<\/div>\n\t\t<div class=\"elementor-element elementor-element-4298212 e-flex e-con-boxed e-con e-parent\" data-id=\"4298212\" data-element_type=\"container\" data-e-type=\"container\">\n\t\t\t\t\t<div class=\"e-con-inner\">\n\t\t\t\t<div class=\"elementor-element elementor-element-5331f5d elementor-widget elementor-widget-heading\" data-id=\"5331f5d\" data-element_type=\"widget\" data-e-type=\"widget\" data-widget_type=\"heading.default\">\n\t\t\t\t\t<h2 class=\"elementor-heading-title elementor-size-default\"><b><u>PEC-PLE (Portugu\u00eas como L\u00edngua Estrangeira\/Adicional)<\/u><\/b><\/h2>\t\t\t\t<\/div>\n\t\t\t\t\t<\/div>\n\t\t\t\t<\/div>\n\t\t<div class=\"elementor-element elementor-element-4360fb9 e-flex e-con-boxed e-con e-parent\" data-id=\"4360fb9\" data-element_type=\"container\" data-e-type=\"container\">\n\t\t\t\t\t<div class=\"e-con-inner\">\n\t\t\t\t<div class=\"elementor-element elementor-element-d56df6c elementor-widget elementor-widget-text-editor\" data-id=\"d56df6c\" data-element_type=\"widget\" data-e-type=\"widget\" data-widget_type=\"text-editor.default\">\n\t\t\t\t\t\t\t\t\t<p>PEC e PEC-PLE referem-se a modalidades do Programa de Estudantes Conv\u00eanio (PEC), um programa do governo brasileiro que visa a forma\u00e7\u00e3o e qualifica\u00e7\u00e3o de estudantes internacionais em institui\u00e7\u00f5es de ensino superior no Brasil. PEC-PLE \u00e9 para cursos de Portugu\u00eas como L\u00edngua Estrangeira, geralmente oferecido como prepara\u00e7\u00e3o para o PEC-G, em institui\u00e7\u00f5es de ensino superior para estudantes internacionais que desejam ingressar em cursos de gradua\u00e7\u00e3o ou p\u00f3s-gradua\u00e7\u00e3o no Brasil.<br><b style=\"font-style: inherit\"><br><\/b><\/p>\n<p><b style=\"font-style: inherit\">O que \u00e9?<\/b><\/p>\n<p>Um curso preparat\u00f3rio de portugu\u00eas para estudantes estrangeiros que ainda n\u00e3o t\u00eam a profici\u00eancia necess\u00e1ria para ingressar diretamente na gradua\u00e7\u00e3o (PEC-G).<\/p>\n<p><b>Quem pode participar?<\/b><br>Candidatos aprovados no PEC-G que n\u00e3o atingiram o n\u00edvel de profici\u00eancia em portugu\u00eas exigido pela institui\u00e7\u00e3o de ensino.<\/p>\n<p>Benef\u00edcios:<br>Permite que estudantes estrangeiros adquiram a profici\u00eancia em portugu\u00eas necess\u00e1ria para cursar a gradua\u00e7\u00e3o no Brasil.<\/p>\n<p><b>Atividades do PEC-PLE na Unifap.<\/b><\/p>\n<p><b><i>Quem desenvolve as a\u00e7\u00f5es de ensino de Portugu\u00eas L\u00edngua Estrangeira? <\/i><\/b><\/p>\n<p><span style=\"font-style: inherit;font-weight: inherit\">A Universidade Federal do Amap\u00e1 participa do Programa de Estudantes-Conv\u00eanio de Portugu\u00eas como L\u00edngua Estrangeira (PEC-PLE), que oferece Curso preparat\u00f3rio de L\u00edngua Portuguesa para a obten\u00e7\u00e3o do Celpe-Bras (exame de profici\u00eancia em l\u00edngua portuguesa), um dos requisitos para o ingresso dos(as) estudantes de pa\u00edses n\u00e3o lus\u00f3fonos nos Cursos de Gradua\u00e7\u00e3o pelo PEC-G.&nbsp;<\/span><\/p>\n<p><b>As atividades do PEC-PLE s\u00e3o desenvolvidas em tr\u00eas inst\u00e2ncias:   <\/b><\/p>\n<p>Pr\u00f3-Reitoria de Coopera\u00e7\u00e3o e Rela\u00e7\u00f5es Interinstitucionais (PROCRI)<\/p>\n<p>Curso se Letras Portugu\u00eas-Franc\u00eas<\/p>\n<p>Grupo de Pesquisa N\u00facleo de Estudos e Pesquisas Interdisciplinares em Lingu\u00edstica Aplicada &#8211; NEPLA <\/p>\n<p><b>Equipe atual (2026)<\/b><\/p>\n<p><b>Coordenador e professor do PEC-PLE<\/b>: Prof. Dr. Rosivaldo Gomes <\/p>\n<p><b>Coordenador do Celpe-Bras<\/b>: Prof. Dr. Olaci Carvalho <\/p>\n<p><b>Coordenador do PEC-G<\/b>: Anderson Marinho<\/p>\n<p><b>Coordenadora de Mobilidade Internacional<\/b>: Dra. Manoela Santana Gortz    <\/p><p>Monitores de L\u00edngua Portuguesa<\/p>\t\t\t\t\t\t\t\t<\/div>\n\t\t\t\t\t<\/div>\n\t\t\t\t<\/div>\n\t\t\t\t<section class=\"elementor-section elementor-top-section elementor-element elementor-element-d928c06 elementor-section-boxed elementor-section-height-default elementor-section-height-default\" data-id=\"d928c06\" data-element_type=\"section\" data-e-type=\"section\">\n\t\t\t\t\t\t\t<div class=\"elementor-background-overlay\"><\/div>\n\t\t\t\t\t\t\t<div class=\"elementor-container elementor-column-gap-default\">\n\t\t\t\t\t<div class=\"elementor-column elementor-col-100 elementor-top-column elementor-element elementor-element-66df644\" data-id=\"66df644\" data-element_type=\"column\" data-e-type=\"column\">\n\t\t\t<div class=\"elementor-widget-wrap elementor-element-populated\">\n\t\t\t\t<div class=\"elementor-element elementor-element-a9e73ae e-grid e-con-boxed e-con e-parent\" data-id=\"a9e73ae\" data-element_type=\"container\" data-e-type=\"container\">\n\t\t\t\t\t<div class=\"e-con-inner\">\n\t\t\t\t<div class=\"elementor-element elementor-element-192d331 elementor-position-inline-start elementor-view-default elementor-mobile-position-block-start elementor-widget elementor-widget-icon-box\" data-id=\"192d331\" data-element_type=\"widget\" data-e-type=\"widget\" data-widget_type=\"icon-box.default\">\n\t\t\t\t\t\t\t<div class=\"elementor-icon-box-wrapper\">\n\n\t\t\t\t\t\t<div class=\"elementor-icon-box-icon\">\n\t\t\t\t<a href=\"https:\/\/www2.unifap.br\/nepla\/projetos-de-extensao\/programa-pec-ple\/historio-ple-unifap\/\" class=\"elementor-icon\" tabindex=\"-1\" aria-label=\"HIST\u00d3RIA DO PLE\/A NA UNIFAP\">\n\t\t\t\t<svg aria-hidden=\"true\" class=\"e-font-icon-svg e-fab-hire-a-helper\" viewBox=\"0 0 512 512\" xmlns=\"http:\/\/www.w3.org\/2000\/svg\"><path d=\"M443.1 0H71.9C67.9 37.3 37.4 67.8 0 71.7v371.5c37.4 4.9 66 32.4 71.9 68.8h372.2c3-36.4 32.5-65.8 67.9-69.8V71.7c-36.4-5.9-65-35.3-68.9-71.7zm-37 404.9c-36.3 0-18.8-2-55.1-2-35.8 0-21 2-56.1 2-5.9 0-4.9-8.2 0-9.8 22.8-7.6 22.9-10.2 24.6-12.8 10.4-15.6 5.9-83 5.9-113 0-5.3-6.4-12.8-13.8-12.8H200.4c-7.4 0-13.8 7.5-13.8 12.8 0 30-4.5 97.4 5.9 113 1.7 2.5 1.8 5.2 24.6 12.8 4.9 1.6 6 9.8 0 9.8-35.1 0-20.3-2-56.1-2-36.3 0-18.8 2-55.1 2-7.9 0-5.8-10.8 0-10.8 10.2-3.4 13.5-3.5 21.7-13.8 7.7-12.9 7.9-44.4 7.9-127.8V151.3c0-22.2-12.2-28.3-28.6-32.4-8.8-2.2-4-11.8 1-11.8 36.5 0 20.6 2 57.1 2 32.7 0 16.5-2 49.2-2 3.3 0 8.5 8.3 1 10.8-4.9 1.6-27.6 3.7-27.6 39.3 0 45.6-.2 55.8 1 68.8 0 1.3 2.3 12.8 12.8 12.8h109.2c10.5 0 12.8-11.5 12.8-12.8 1.2-13 1-23.2 1-68.8 0-35.6-22.7-37.7-27.6-39.3-7.5-2.5-2.3-10.8 1-10.8 32.7 0 16.5 2 49.2 2 36.5 0 20.6-2 57.1-2 4.9 0 9.9 9.6 1 11.8-16.4 4.1-28.6 10.3-28.6 32.4v101.2c0 83.4.1 114.9 7.9 127.8 8.2 10.2 11.4 10.4 21.7 13.8 5.8 0 7.8 10.8 0 10.8z\"><\/path><\/svg>\t\t\t\t<\/a>\n\t\t\t<\/div>\n\t\t\t\n\t\t\t\t\t\t<div class=\"elementor-icon-box-content\">\n\n\t\t\t\t\t\t\t\t\t<h4 class=\"elementor-icon-box-title\">\n\t\t\t\t\t\t<a href=\"https:\/\/www2.unifap.br\/nepla\/projetos-de-extensao\/programa-pec-ple\/historio-ple-unifap\/\" >\n\t\t\t\t\t\t\tHIST\u00d3RIA DO PLE\/A NA UNIFAP\t\t\t\t\t\t<\/a>\n\t\t\t\t\t<\/h4>\n\t\t\t\t\n\t\t\t\t\t\t\t\t\t<p class=\"elementor-icon-box-description\">\n\t\t\t\t\t\tConhe\u00e7a nossas a\u00e7\u00f5es\t\t\t\t\t<\/p>\n\t\t\t\t\n\t\t\t<\/div>\n\t\t\t\n\t\t<\/div>\n\t\t\t\t\t\t<\/div>\n\t\t\t\t<div class=\"elementor-element elementor-element-c63726e elementor-position-inline-start elementor-view-default elementor-mobile-position-block-start elementor-widget elementor-widget-icon-box\" data-id=\"c63726e\" data-element_type=\"widget\" data-e-type=\"widget\" data-widget_type=\"icon-box.default\">\n\t\t\t\t\t\t\t<div class=\"elementor-icon-box-wrapper\">\n\n\t\t\t\t\t\t<div class=\"elementor-icon-box-icon\">\n\t\t\t\t<a href=\"https:\/\/www2.unifap.br\/nepla\/projetos-de-extensao\/programa-pec-ple\/coordenacao-pec-ple\/\" class=\"elementor-icon\" tabindex=\"-1\" aria-label=\"COORDENA\u00c7\u00c3O E EQUIPE PEC-PLE\">\n\t\t\t\t<svg aria-hidden=\"true\" class=\"e-font-icon-svg e-fas-users\" viewBox=\"0 0 640 512\" xmlns=\"http:\/\/www.w3.org\/2000\/svg\"><path d=\"M96 224c35.3 0 64-28.7 64-64s-28.7-64-64-64-64 28.7-64 64 28.7 64 64 64zm448 0c35.3 0 64-28.7 64-64s-28.7-64-64-64-64 28.7-64 64 28.7 64 64 64zm32 32h-64c-17.6 0-33.5 7.1-45.1 18.6 40.3 22.1 68.9 62 75.1 109.4h66c17.7 0 32-14.3 32-32v-32c0-35.3-28.7-64-64-64zm-256 0c61.9 0 112-50.1 112-112S381.9 32 320 32 208 82.1 208 144s50.1 112 112 112zm76.8 32h-8.3c-20.8 10-43.9 16-68.5 16s-47.6-6-68.5-16h-8.3C179.6 288 128 339.6 128 403.2V432c0 26.5 21.5 48 48 48h288c26.5 0 48-21.5 48-48v-28.8c0-63.6-51.6-115.2-115.2-115.2zm-223.7-13.4C161.5 263.1 145.6 256 128 256H64c-35.3 0-64 28.7-64 64v32c0 17.7 14.3 32 32 32h65.9c6.3-47.4 34.9-87.3 75.2-109.4z\"><\/path><\/svg>\t\t\t\t<\/a>\n\t\t\t<\/div>\n\t\t\t\n\t\t\t\t\t\t<div class=\"elementor-icon-box-content\">\n\n\t\t\t\t\t\t\t\t\t<h4 class=\"elementor-icon-box-title\">\n\t\t\t\t\t\t<a href=\"https:\/\/www2.unifap.br\/nepla\/projetos-de-extensao\/programa-pec-ple\/coordenacao-pec-ple\/\" >\n\t\t\t\t\t\t\tCOORDENA\u00c7\u00c3O E EQUIPE PEC-PLE\t\t\t\t\t\t<\/a>\n\t\t\t\t\t<\/h4>\n\t\t\t\t\n\t\t\t\t\t\t\t\t\t<p class=\"elementor-icon-box-description\">\n\t\t\t\t\t\tEquipe do programa\t\t\t\t\t<\/p>\n\t\t\t\t\n\t\t\t<\/div>\n\t\t\t\n\t\t<\/div>\n\t\t\t\t\t\t<\/div>\n\t\t\t\t<div class=\"elementor-element elementor-element-3c68e7c elementor-position-inline-start elementor-view-default elementor-mobile-position-block-start elementor-widget elementor-widget-icon-box\" data-id=\"3c68e7c\" data-element_type=\"widget\" data-e-type=\"widget\" data-widget_type=\"icon-box.default\">\n\t\t\t\t\t\t\t<div class=\"elementor-icon-box-wrapper\">\n\n\t\t\t\t\t\t<div class=\"elementor-icon-box-icon\">\n\t\t\t\t<a href=\"https:\/\/www2.unifap.br\/nepla\/projetos-de-extensao\/programa-pec-ple\/alunos-pec-ple\/\" class=\"elementor-icon\" tabindex=\"-1\" aria-label=\"ALUNOS PEC-PLE\">\n\t\t\t\t<svg aria-hidden=\"true\" class=\"e-font-icon-svg e-fas-user-graduate\" viewBox=\"0 0 448 512\" xmlns=\"http:\/\/www.w3.org\/2000\/svg\"><path d=\"M319.4 320.6L224 416l-95.4-95.4C57.1 323.7 0 382.2 0 454.4v9.6c0 26.5 21.5 48 48 48h352c26.5 0 48-21.5 48-48v-9.6c0-72.2-57.1-130.7-128.6-133.8zM13.6 79.8l6.4 1.5v58.4c-7 4.2-12 11.5-12 20.3 0 8.4 4.6 15.4 11.1 19.7L3.5 242c-1.7 6.9 2.1 14 7.6 14h41.8c5.5 0 9.3-7.1 7.6-14l-15.6-62.3C51.4 175.4 56 168.4 56 160c0-8.8-5-16.1-12-20.3V87.1l66 15.9c-8.6 17.2-14 36.4-14 57 0 70.7 57.3 128 128 128s128-57.3 128-128c0-20.6-5.3-39.8-14-57l96.3-23.2c18.2-4.4 18.2-27.1 0-31.5l-190.4-46c-13-3.1-26.7-3.1-39.7 0L13.6 48.2c-18.1 4.4-18.1 27.2 0 31.6z\"><\/path><\/svg>\t\t\t\t<\/a>\n\t\t\t<\/div>\n\t\t\t\n\t\t\t\t\t\t<div class=\"elementor-icon-box-content\">\n\n\t\t\t\t\t\t\t\t\t<h4 class=\"elementor-icon-box-title\">\n\t\t\t\t\t\t<a href=\"https:\/\/www2.unifap.br\/nepla\/projetos-de-extensao\/programa-pec-ple\/alunos-pec-ple\/\" >\n\t\t\t\t\t\t\tALUNOS PEC-PLE\t\t\t\t\t\t<\/a>\n\t\t\t\t\t<\/h4>\n\t\t\t\t\n\t\t\t\t\t\t\t\t\t<p class=\"elementor-icon-box-description\">\n\t\t\t\t\t\tNossos alunos\t\t\t\t\t<\/p>\n\t\t\t\t\n\t\t\t<\/div>\n\t\t\t\n\t\t<\/div>\n\t\t\t\t\t\t<\/div>\n\t\t\t\t<div class=\"elementor-element elementor-element-854c08f elementor-position-inline-start elementor-view-default elementor-mobile-position-block-start elementor-widget elementor-widget-icon-box\" data-id=\"854c08f\" data-element_type=\"widget\" data-e-type=\"widget\" data-widget_type=\"icon-box.default\">\n\t\t\t\t\t\t\t<div class=\"elementor-icon-box-wrapper\">\n\n\t\t\t\t\t\t<div class=\"elementor-icon-box-icon\">\n\t\t\t\t<a href=\"https:\/\/www2.unifap.br\/nepla\/projetos-de-extensao\/programa-pec-ple\/informacoes-importantes\/informacoes-de-matricula-para-alunos-pec-ple-unifap\/\" class=\"elementor-icon\" tabindex=\"-1\" aria-label=\"CALEND\u00c1RIOS DE ATIVIDADES \">\n\t\t\t\t<svg aria-hidden=\"true\" class=\"e-font-icon-svg e-far-calendar-alt\" viewBox=\"0 0 448 512\" xmlns=\"http:\/\/www.w3.org\/2000\/svg\"><path d=\"M148 288h-40c-6.6 0-12-5.4-12-12v-40c0-6.6 5.4-12 12-12h40c6.6 0 12 5.4 12 12v40c0 6.6-5.4 12-12 12zm108-12v-40c0-6.6-5.4-12-12-12h-40c-6.6 0-12 5.4-12 12v40c0 6.6 5.4 12 12 12h40c6.6 0 12-5.4 12-12zm96 0v-40c0-6.6-5.4-12-12-12h-40c-6.6 0-12 5.4-12 12v40c0 6.6 5.4 12 12 12h40c6.6 0 12-5.4 12-12zm-96 96v-40c0-6.6-5.4-12-12-12h-40c-6.6 0-12 5.4-12 12v40c0 6.6 5.4 12 12 12h40c6.6 0 12-5.4 12-12zm-96 0v-40c0-6.6-5.4-12-12-12h-40c-6.6 0-12 5.4-12 12v40c0 6.6 5.4 12 12 12h40c6.6 0 12-5.4 12-12zm192 0v-40c0-6.6-5.4-12-12-12h-40c-6.6 0-12 5.4-12 12v40c0 6.6 5.4 12 12 12h40c6.6 0 12-5.4 12-12zm96-260v352c0 26.5-21.5 48-48 48H48c-26.5 0-48-21.5-48-48V112c0-26.5 21.5-48 48-48h48V12c0-6.6 5.4-12 12-12h40c6.6 0 12 5.4 12 12v52h128V12c0-6.6 5.4-12 12-12h40c6.6 0 12 5.4 12 12v52h48c26.5 0 48 21.5 48 48zm-48 346V160H48v298c0 3.3 2.7 6 6 6h340c3.3 0 6-2.7 6-6z\"><\/path><\/svg>\t\t\t\t<\/a>\n\t\t\t<\/div>\n\t\t\t\n\t\t\t\t\t\t<div class=\"elementor-icon-box-content\">\n\n\t\t\t\t\t\t\t\t\t<h4 class=\"elementor-icon-box-title\">\n\t\t\t\t\t\t<a href=\"https:\/\/www2.unifap.br\/nepla\/projetos-de-extensao\/programa-pec-ple\/informacoes-importantes\/informacoes-de-matricula-para-alunos-pec-ple-unifap\/\" >\n\t\t\t\t\t\t\tCALEND\u00c1RIOS DE ATIVIDADES \t\t\t\t\t\t<\/a>\n\t\t\t\t\t<\/h4>\n\t\t\t\t\n\t\t\t\t\t\t\t\t\t<p class=\"elementor-icon-box-description\">\n\t\t\t\t\t\tInforma\u00e7\u00f5es de matr\u00edcula para alunos PEC - PLE - Unifap\t\t\t\t\t<\/p>\n\t\t\t\t\n\t\t\t<\/div>\n\t\t\t\n\t\t<\/div>\n\t\t\t\t\t\t<\/div>\n\t\t\t\t<div class=\"elementor-element elementor-element-30e6f91 elementor-position-inline-start elementor-view-default elementor-mobile-position-block-start elementor-widget elementor-widget-icon-box\" data-id=\"30e6f91\" data-element_type=\"widget\" data-e-type=\"widget\" data-widget_type=\"icon-box.default\">\n\t\t\t\t\t\t\t<div class=\"elementor-icon-box-wrapper\">\n\n\t\t\t\t\t\t<div class=\"elementor-icon-box-icon\">\n\t\t\t\t<a href=\"https:\/\/www2.unifap.br\/nepla\/projetos-de-extensao\/programa-pec-ple\/alunos-pec-ple\/\" class=\"elementor-icon\" tabindex=\"-1\" aria-label=\"Documentos \">\n\t\t\t\t<svg aria-hidden=\"true\" class=\"e-font-icon-svg e-far-calendar-alt\" viewBox=\"0 0 448 512\" xmlns=\"http:\/\/www.w3.org\/2000\/svg\"><path d=\"M148 288h-40c-6.6 0-12-5.4-12-12v-40c0-6.6 5.4-12 12-12h40c6.6 0 12 5.4 12 12v40c0 6.6-5.4 12-12 12zm108-12v-40c0-6.6-5.4-12-12-12h-40c-6.6 0-12 5.4-12 12v40c0 6.6 5.4 12 12 12h40c6.6 0 12-5.4 12-12zm96 0v-40c0-6.6-5.4-12-12-12h-40c-6.6 0-12 5.4-12 12v40c0 6.6 5.4 12 12 12h40c6.6 0 12-5.4 12-12zm-96 96v-40c0-6.6-5.4-12-12-12h-40c-6.6 0-12 5.4-12 12v40c0 6.6 5.4 12 12 12h40c6.6 0 12-5.4 12-12zm-96 0v-40c0-6.6-5.4-12-12-12h-40c-6.6 0-12 5.4-12 12v40c0 6.6 5.4 12 12 12h40c6.6 0 12-5.4 12-12zm192 0v-40c0-6.6-5.4-12-12-12h-40c-6.6 0-12 5.4-12 12v40c0 6.6 5.4 12 12 12h40c6.6 0 12-5.4 12-12zm96-260v352c0 26.5-21.5 48-48 48H48c-26.5 0-48-21.5-48-48V112c0-26.5 21.5-48 48-48h48V12c0-6.6 5.4-12 12-12h40c6.6 0 12 5.4 12 12v52h128V12c0-6.6 5.4-12 12-12h40c6.6 0 12 5.4 12 12v52h48c26.5 0 48 21.5 48 48zm-48 346V160H48v298c0 3.3 2.7 6 6 6h340c3.3 0 6-2.7 6-6z\"><\/path><\/svg>\t\t\t\t<\/a>\n\t\t\t<\/div>\n\t\t\t\n\t\t\t\t\t\t<div class=\"elementor-icon-box-content\">\n\n\t\t\t\t\t\t\t\t\t<h4 class=\"elementor-icon-box-title\">\n\t\t\t\t\t\t<a href=\"https:\/\/www2.unifap.br\/nepla\/projetos-de-extensao\/programa-pec-ple\/alunos-pec-ple\/\" >\n\t\t\t\t\t\t\tDocumentos \t\t\t\t\t\t<\/a>\n\t\t\t\t\t<\/h4>\n\t\t\t\t\n\t\t\t\t\t\t\t\t\t<p class=\"elementor-icon-box-description\">\n\t\t\t\t\t\tPortarias, Decretos <br>Editais \t\t\t\t\t<\/p>\n\t\t\t\t\n\t\t\t<\/div>\n\t\t\t\n\t\t<\/div>\n\t\t\t\t\t\t<\/div>\n\t\t\t\t<div class=\"elementor-element elementor-element-11d6474 elementor-position-inline-start elementor-view-default elementor-mobile-position-block-start elementor-widget elementor-widget-icon-box\" data-id=\"11d6474\" data-element_type=\"widget\" data-e-type=\"widget\" data-widget_type=\"icon-box.default\">\n\t\t\t\t\t\t\t<div class=\"elementor-icon-box-wrapper\">\n\n\t\t\t\t\t\t<div class=\"elementor-icon-box-icon\">\n\t\t\t\t<a href=\"https:\/\/www2.unifap.br\/nepla\/projetos-de-extensao\/programa-pec-ple\/alunos-pec-ple\/\" class=\"elementor-icon\" tabindex=\"-1\" aria-label=\"PEC - PLE Unifap em imagens \">\n\t\t\t\t<svg aria-hidden=\"true\" class=\"e-font-icon-svg e-far-calendar-alt\" viewBox=\"0 0 448 512\" xmlns=\"http:\/\/www.w3.org\/2000\/svg\"><path d=\"M148 288h-40c-6.6 0-12-5.4-12-12v-40c0-6.6 5.4-12 12-12h40c6.6 0 12 5.4 12 12v40c0 6.6-5.4 12-12 12zm108-12v-40c0-6.6-5.4-12-12-12h-40c-6.6 0-12 5.4-12 12v40c0 6.6 5.4 12 12 12h40c6.6 0 12-5.4 12-12zm96 0v-40c0-6.6-5.4-12-12-12h-40c-6.6 0-12 5.4-12 12v40c0 6.6 5.4 12 12 12h40c6.6 0 12-5.4 12-12zm-96 96v-40c0-6.6-5.4-12-12-12h-40c-6.6 0-12 5.4-12 12v40c0 6.6 5.4 12 12 12h40c6.6 0 12-5.4 12-12zm-96 0v-40c0-6.6-5.4-12-12-12h-40c-6.6 0-12 5.4-12 12v40c0 6.6 5.4 12 12 12h40c6.6 0 12-5.4 12-12zm192 0v-40c0-6.6-5.4-12-12-12h-40c-6.6 0-12 5.4-12 12v40c0 6.6 5.4 12 12 12h40c6.6 0 12-5.4 12-12zm96-260v352c0 26.5-21.5 48-48 48H48c-26.5 0-48-21.5-48-48V112c0-26.5 21.5-48 48-48h48V12c0-6.6 5.4-12 12-12h40c6.6 0 12 5.4 12 12v52h128V12c0-6.6 5.4-12 12-12h40c6.6 0 12 5.4 12 12v52h48c26.5 0 48 21.5 48 48zm-48 346V160H48v298c0 3.3 2.7 6 6 6h340c3.3 0 6-2.7 6-6z\"><\/path><\/svg>\t\t\t\t<\/a>\n\t\t\t<\/div>\n\t\t\t\n\t\t\t\t\t\t<div class=\"elementor-icon-box-content\">\n\n\t\t\t\t\t\t\t\t\t<h4 class=\"elementor-icon-box-title\">\n\t\t\t\t\t\t<a href=\"https:\/\/www2.unifap.br\/nepla\/projetos-de-extensao\/programa-pec-ple\/alunos-pec-ple\/\" >\n\t\t\t\t\t\t\tPEC - PLE Unifap em imagens \t\t\t\t\t\t<\/a>\n\t\t\t\t\t<\/h4>\n\t\t\t\t\n\t\t\t\t\t\t\t\t\t<p class=\"elementor-icon-box-description\">\n\t\t\t\t\t\tRegistros fotogr\u00e1ficos \t\t\t\t\t<\/p>\n\t\t\t\t\n\t\t\t<\/div>\n\t\t\t\n\t\t<\/div>\n\t\t\t\t\t\t<\/div>\n\t\t\t\t<div class=\"elementor-element elementor-element-afda311 elementor-position-inline-start elementor-view-default elementor-mobile-position-block-start elementor-widget elementor-widget-icon-box\" data-id=\"afda311\" data-element_type=\"widget\" data-e-type=\"widget\" data-widget_type=\"icon-box.default\">\n\t\t\t\t\t\t\t<div class=\"elementor-icon-box-wrapper\">\n\n\t\t\t\t\t\t<div class=\"elementor-icon-box-icon\">\n\t\t\t\t<a href=\"https:\/\/www2.unifap.br\/nepla\/projetos-de-extensao\/programa-pec-ple\/informacoes-importantes\/\" class=\"elementor-icon\" tabindex=\"-1\" aria-label=\"Informa\u00e7\u00f5es Importantes\">\n\t\t\t\t<svg aria-hidden=\"true\" class=\"e-font-icon-svg e-far-newspaper\" viewBox=\"0 0 576 512\" xmlns=\"http:\/\/www.w3.org\/2000\/svg\"><path d=\"M552 64H112c-20.858 0-38.643 13.377-45.248 32H24c-13.255 0-24 10.745-24 24v272c0 30.928 25.072 56 56 56h496c13.255 0 24-10.745 24-24V88c0-13.255-10.745-24-24-24zM48 392V144h16v248c0 4.411-3.589 8-8 8s-8-3.589-8-8zm480 8H111.422c.374-2.614.578-5.283.578-8V112h416v288zM172 280h136c6.627 0 12-5.373 12-12v-96c0-6.627-5.373-12-12-12H172c-6.627 0-12 5.373-12 12v96c0 6.627 5.373 12 12 12zm28-80h80v40h-80v-40zm-40 140v-24c0-6.627 5.373-12 12-12h136c6.627 0 12 5.373 12 12v24c0 6.627-5.373 12-12 12H172c-6.627 0-12-5.373-12-12zm192 0v-24c0-6.627 5.373-12 12-12h104c6.627 0 12 5.373 12 12v24c0 6.627-5.373 12-12 12H364c-6.627 0-12-5.373-12-12zm0-144v-24c0-6.627 5.373-12 12-12h104c6.627 0 12 5.373 12 12v24c0 6.627-5.373 12-12 12H364c-6.627 0-12-5.373-12-12zm0 72v-24c0-6.627 5.373-12 12-12h104c6.627 0 12 5.373 12 12v24c0 6.627-5.373 12-12 12H364c-6.627 0-12-5.373-12-12z\"><\/path><\/svg>\t\t\t\t<\/a>\n\t\t\t<\/div>\n\t\t\t\n\t\t\t\t\t\t<div class=\"elementor-icon-box-content\">\n\n\t\t\t\t\t\t\t\t\t<h4 class=\"elementor-icon-box-title\">\n\t\t\t\t\t\t<a href=\"https:\/\/www2.unifap.br\/nepla\/projetos-de-extensao\/programa-pec-ple\/informacoes-importantes\/\" >\n\t\t\t\t\t\t\tInforma\u00e7\u00f5es Importantes\t\t\t\t\t\t<\/a>\n\t\t\t\t\t<\/h4>\n\t\t\t\t\n\t\t\t\t\t\t\t\t\t<p class=\"elementor-icon-box-description\">\n\t\t\t\t\t\tAcesse as informa\u00e7\u00f5es de matr\u00edculas, processos seletivos\t\t\t\t\t<\/p>\n\t\t\t\t\n\t\t\t<\/div>\n\t\t\t\n\t\t<\/div>\n\t\t\t\t\t\t<\/div>\n\t\t\t\t\t<\/div>\n\t\t\t\t<\/div>\n\t\t\t\t\t<\/div>\n\t\t<\/div>\n\t\t\t\t\t<\/div>\n\t\t<\/section>\n\t\t\t\t<\/div>\n\t\t","protected":false},"excerpt":{"rendered":"<p>PEC-PLE (Portugu\u00eas como L\u00edngua Estrangeira\/Adicional) PEC e PEC-PLE referem-se a modalidades do Programa de Estudantes Conv\u00eanio (PEC), um programa do governo brasileiro que visa a forma\u00e7\u00e3o e qualifica\u00e7\u00e3o de estudantes internacionais em institui\u00e7\u00f5es de ensino superior no Brasil. PEC-PLE \u00e9 para cursos de Portugu\u00eas como L\u00edngua Estrangeira, geralmente oferecido como prepara\u00e7\u00e3o para o PEC-G, em&#8230;<\/p>\n","protected":false},"author":104,"featured_media":0,"parent":3465,"menu_order":0,"comment_status":"closed","ping_status":"closed","template":"","meta":{"inline_featured_image":false,"site-sidebar-layout":"no-sidebar","site-content-layout":"page-builder","ast-site-content-layout":"full-width-container","site-content-style":"default","site-sidebar-style":"default","ast-global-header-display":"","ast-banner-title-visibility":"","ast-main-header-display":"","ast-hfb-above-header-display":"","ast-hfb-below-header-display":"","ast-hfb-mobile-header-display":"","site-post-title":"disabled","ast-breadcrumbs-content":"","ast-featured-img":"disabled","footer-sml-layout":"","theme-transparent-header-meta":"default","adv-header-id-meta":"","stick-header-meta":"","header-above-stick-meta":"","header-main-stick-meta":"","header-below-stick-meta":"","astra-migrate-meta-layouts":"set","ast-page-background-enabled":"default","ast-page-background-meta":{"desktop":{"background-color":"","background-image":"","background-repeat":"repeat","background-position":"center center","background-size":"auto","background-attachment":"scroll","background-type":"","background-media":"","overlay-type":"","overlay-color":"","overlay-opacity":"","overlay-gradient":""},"tablet":{"background-color":"","background-image":"","background-repeat":"repeat","background-position":"center center","background-size":"auto","background-attachment":"scroll","background-type":"","background-media":"","overlay-type":"","overlay-color":"","overlay-opacity":"","overlay-gradient":""},"mobile":{"background-color":"","background-image":"","background-repeat":"repeat","background-position":"center center","background-size":"auto","background-attachment":"scroll","background-type":"","background-media":"","overlay-type":"","overlay-color":"","overlay-opacity":"","overlay-gradient":""}},"ast-content-background-meta":{"desktop":{"background-color":"var(--ast-global-color-5)","background-image":"","background-repeat":"repeat","background-position":"center center","background-size":"auto","background-attachment":"scroll","background-type":"","background-media":"","overlay-type":"","overlay-color":"","overlay-opacity":"","overlay-gradient":""},"tablet":{"background-color":"var(--ast-global-color-5)","background-image":"","background-repeat":"repeat","background-position":"center center","background-size":"auto","background-attachment":"scroll","background-type":"","background-media":"","overlay-type":"","overlay-color":"","overlay-opacity":"","overlay-gradient":""},"mobile":{"background-color":"var(--ast-global-color-5)","background-image":"","background-repeat":"repeat","background-position":"center center","background-size":"auto","background-attachment":"scroll","background-type":"","background-media":"","overlay-type":"","overlay-color":"","overlay-opacity":"","overlay-gradient":""}},"footnotes":""},"folder":[21],"class_list":["post-5825","page","type-page","status-publish","hentry"],"_links":{"self":[{"href":"https:\/\/www2.unifap.br\/nepla\/wp-json\/wp\/v2\/pages\/5825","targetHints":{"allow":["GET"]}}],"collection":[{"href":"https:\/\/www2.unifap.br\/nepla\/wp-json\/wp\/v2\/pages"}],"about":[{"href":"https:\/\/www2.unifap.br\/nepla\/wp-json\/wp\/v2\/types\/page"}],"author":[{"embeddable":true,"href":"https:\/\/www2.unifap.br\/nepla\/wp-json\/wp\/v2\/users\/104"}],"replies":[{"embeddable":true,"href":"https:\/\/www2.unifap.br\/nepla\/wp-json\/wp\/v2\/comments?post=5825"}],"version-history":[{"count":28,"href":"https:\/\/www2.unifap.br\/nepla\/wp-json\/wp\/v2\/pages\/5825\/revisions"}],"predecessor-version":[{"id":5930,"href":"https:\/\/www2.unifap.br\/nepla\/wp-json\/wp\/v2\/pages\/5825\/revisions\/5930"}],"up":[{"embeddable":true,"href":"https:\/\/www2.unifap.br\/nepla\/wp-json\/wp\/v2\/pages\/3465"}],"wp:attachment":[{"href":"https:\/\/www2.unifap.br\/nepla\/wp-json\/wp\/v2\/media?parent=5825"}],"wp:term":[{"taxonomy":"folder","embeddable":true,"href":"https:\/\/www2.unifap.br\/nepla\/wp-json\/wp\/v2\/folder?post=5825"}],"curies":[{"name":"wp","href":"https:\/\/api.w.org\/{rel}","templated":true}]}}