{"id":5830,"date":"2026-01-09T11:34:56","date_gmt":"2026-01-09T14:34:56","guid":{"rendered":"https:\/\/www2.unifap.br\/nepla\/?page_id=5830"},"modified":"2026-01-09T13:51:25","modified_gmt":"2026-01-09T16:51:25","slug":"informacoes-importantes","status":"publish","type":"page","link":"https:\/\/www2.unifap.br\/nepla\/projetos-de-extensao\/programa-pec-ple\/informacoes-importantes\/","title":{"rendered":"Informa\u00e7\u00f5es Importantes"},"content":{"rendered":"\t\t<div data-elementor-type=\"wp-page\" data-elementor-id=\"5830\" class=\"elementor elementor-5830\">\n\t\t\t\t\t\t<section class=\"elementor-section elementor-top-section elementor-element elementor-element-20d700d elementor-section-boxed elementor-section-height-default elementor-section-height-default\" data-id=\"20d700d\" data-element_type=\"section\" data-e-type=\"section\">\n\t\t\t\t\t\t\t<div class=\"elementor-background-overlay\"><\/div>\n\t\t\t\t\t\t\t<div class=\"elementor-container elementor-column-gap-default\">\n\t\t\t\t\t<div class=\"elementor-column elementor-col-100 elementor-top-column elementor-element elementor-element-bc618e3\" data-id=\"bc618e3\" data-element_type=\"column\" data-e-type=\"column\">\n\t\t\t<div class=\"elementor-widget-wrap elementor-element-populated\">\n\t\t\t\t\t\t<div class=\"elementor-element elementor-element-2d3c0ed elementor-widget elementor-widget-heading\" data-id=\"2d3c0ed\" data-element_type=\"widget\" data-e-type=\"widget\" data-widget_type=\"heading.default\">\n\t\t\t\t\t<h2 class=\"elementor-heading-title elementor-size-default\">Informa\u00e7\u00f5es Importantes<\/h2>\t\t\t\t<\/div>\n\t\t<div class=\"elementor-element elementor-element-1c8f2fa e-flex e-con-boxed e-con e-parent\" data-id=\"1c8f2fa\" data-element_type=\"container\" data-e-type=\"container\">\n\t\t\t\t\t<div class=\"e-con-inner\">\n\t\t<div class=\"elementor-element elementor-element-82ed7a8 e-con-full e-flex e-con e-child\" data-id=\"82ed7a8\" data-element_type=\"container\" data-e-type=\"container\">\n\t\t\t\t<div class=\"elementor-element elementor-element-ac35b73 elementor-widget elementor-widget-image\" data-id=\"ac35b73\" data-element_type=\"widget\" data-e-type=\"widget\" data-widget_type=\"image.default\">\n\t\t\t\t\t\t\t\t\t\t\t\t\t\t\t<img fetchpriority=\"high\" decoding=\"async\" width=\"1024\" height=\"579\" src=\"https:\/\/www2.unifap.br\/nepla\/files\/2026\/01\/pec-ple-1024x579.png\" class=\"attachment-large size-large wp-image-5504\" alt=\"\" srcset=\"https:\/\/www2.unifap.br\/nepla\/files\/2026\/01\/pec-ple-1024x579.png 1024w, https:\/\/www2.unifap.br\/nepla\/files\/2026\/01\/pec-ple-300x170.png 300w, https:\/\/www2.unifap.br\/nepla\/files\/2026\/01\/pec-ple-768x434.png 768w, https:\/\/www2.unifap.br\/nepla\/files\/2026\/01\/pec-ple.png 1150w\" sizes=\"(max-width: 1024px) 100vw, 1024px\" \/>\t\t\t\t\t\t\t\t\t\t\t\t\t\t\t<\/div>\n\t\t\t\t<div class=\"elementor-element elementor-element-58f6003 elementor-widget elementor-widget-heading\" data-id=\"58f6003\" data-element_type=\"widget\" data-e-type=\"widget\" data-widget_type=\"heading.default\">\n\t\t\t\t\t<h2 class=\"elementor-heading-title elementor-size-default\">Informa\u00e7\u00f5es de matr\u00edcula para alunos PEC - PLE - Unifap<\/h2>\t\t\t\t<\/div>\n\t\t\t\t<div class=\"elementor-element elementor-element-5646374 elementor-align-center elementor-widget elementor-widget-button\" data-id=\"5646374\" data-element_type=\"widget\" data-e-type=\"widget\" data-widget_type=\"button.default\">\n\t\t\t\t\t\t\t\t\t\t<a class=\"elementor-button elementor-button-link elementor-size-sm\" href=\"https:\/\/www2.unifap.br\/nepla\/projetos-de-extensao\/informacoes-de-matricula-para-alunos-pec-ple-unifap\/\">\n\t\t\t\t\t\t<span class=\"elementor-button-content-wrapper\">\n\t\t\t\t\t\t\t\t\t<span class=\"elementor-button-text\">Clique aqui<\/span>\n\t\t\t\t\t<\/span>\n\t\t\t\t\t<\/a>\n\t\t\t\t\t\t\t\t<\/div>\n\t\t\t\t<\/div>\n\t\t<div class=\"elementor-element elementor-element-d99d09a e-con-full e-flex e-con e-child\" data-id=\"d99d09a\" data-element_type=\"container\" data-e-type=\"container\">\n\t\t\t\t<div class=\"elementor-element elementor-element-4b6ed78 elementor-widget elementor-widget-image\" data-id=\"4b6ed78\" data-element_type=\"widget\" data-e-type=\"widget\" data-widget_type=\"image.default\">\n\t\t\t\t\t\t\t\t\t\t\t\t\t\t\t<img decoding=\"async\" width=\"1024\" height=\"576\" src=\"https:\/\/www2.unifap.br\/nepla\/files\/2026\/01\/00-MEC-1024x576.png\" class=\"attachment-large size-large wp-image-5508\" alt=\"\" srcset=\"https:\/\/www2.unifap.br\/nepla\/files\/2026\/01\/00-MEC-1024x576.png 1024w, https:\/\/www2.unifap.br\/nepla\/files\/2026\/01\/00-MEC-300x169.png 300w, https:\/\/www2.unifap.br\/nepla\/files\/2026\/01\/00-MEC-768x432.png 768w, https:\/\/www2.unifap.br\/nepla\/files\/2026\/01\/00-MEC.png 1280w\" sizes=\"(max-width: 1024px) 100vw, 1024px\" \/>\t\t\t\t\t\t\t\t\t\t\t\t\t\t\t<\/div>\n\t\t\t\t<div class=\"elementor-element elementor-element-59b8c99 elementor-widget elementor-widget-heading\" data-id=\"59b8c99\" data-element_type=\"widget\" data-e-type=\"widget\" data-widget_type=\"heading.default\">\n\t\t\t\t\t<h2 class=\"elementor-heading-title elementor-size-default\">Programa de Estudantes - Conv\u00eanio - Sele\u00e7\u00e3o PEC-G e PEC-PLE 2026<\/h2>\t\t\t\t<\/div>\n\t\t\t\t<div class=\"elementor-element elementor-element-5854669 elementor-align-center elementor-widget elementor-widget-button\" data-id=\"5854669\" data-element_type=\"widget\" data-e-type=\"widget\" data-widget_type=\"button.default\">\n\t\t\t\t\t\t\t\t\t\t<a class=\"elementor-button elementor-button-link elementor-size-sm\" href=\"https:\/\/youtu.be\/cs2olLDylZg?si=FQP9cA5ojrwcibsn\" target=\"_blank\">\n\t\t\t\t\t\t<span class=\"elementor-button-content-wrapper\">\n\t\t\t\t\t\t\t\t\t<span class=\"elementor-button-text\">Clique aqui<\/span>\n\t\t\t\t\t<\/span>\n\t\t\t\t\t<\/a>\n\t\t\t\t\t\t\t\t<\/div>\n\t\t\t\t<\/div>\n\t\t<div class=\"elementor-element elementor-element-75d7f4e e-con-full e-flex e-con e-child\" data-id=\"75d7f4e\" data-element_type=\"container\" data-e-type=\"container\">\n\t\t\t\t<div class=\"elementor-element elementor-element-754478b elementor-widget elementor-widget-image\" data-id=\"754478b\" data-element_type=\"widget\" data-e-type=\"widget\" data-widget_type=\"image.default\">\n\t\t\t\t\t\t\t\t\t\t\t\t\t\t\t<img decoding=\"async\" width=\"1024\" height=\"576\" src=\"https:\/\/www2.unifap.br\/nepla\/files\/2026\/01\/maxresdefault-1024x576.jpg\" class=\"attachment-large size-large wp-image-5513\" alt=\"\" srcset=\"https:\/\/www2.unifap.br\/nepla\/files\/2026\/01\/maxresdefault-1024x576.jpg 1024w, https:\/\/www2.unifap.br\/nepla\/files\/2026\/01\/maxresdefault-300x169.jpg 300w, https:\/\/www2.unifap.br\/nepla\/files\/2026\/01\/maxresdefault-768x432.jpg 768w, https:\/\/www2.unifap.br\/nepla\/files\/2026\/01\/maxresdefault.jpg 1280w\" sizes=\"(max-width: 1024px) 100vw, 1024px\" \/>\t\t\t\t\t\t\t\t\t\t\t\t\t\t\t<\/div>\n\t\t\t\t<div class=\"elementor-element elementor-element-ad00a75 elementor-widget elementor-widget-heading\" data-id=\"ad00a75\" data-element_type=\"widget\" data-e-type=\"widget\" data-widget_type=\"heading.default\">\n\t\t\t\t\t<h2 class=\"elementor-heading-title elementor-size-default\">Programme d'\u00c9tudiants - Convention du Br\u00e9sil - S\u00e9lection PEC-G et PEC-PLE 2026<\/h2>\t\t\t\t<\/div>\n\t\t\t\t<div class=\"elementor-element elementor-element-892108a elementor-align-center elementor-widget elementor-widget-button\" data-id=\"892108a\" data-element_type=\"widget\" data-e-type=\"widget\" data-widget_type=\"button.default\">\n\t\t\t\t\t\t\t\t\t\t<a class=\"elementor-button elementor-button-link elementor-size-sm\" href=\"https:\/\/youtu.be\/8K6dV_wIi5s?si=8YU0GOQM_N4KcxRs\" target=\"_blank\">\n\t\t\t\t\t\t<span class=\"elementor-button-content-wrapper\">\n\t\t\t\t\t\t\t\t\t<span class=\"elementor-button-text\">Clique aqui<\/span>\n\t\t\t\t\t<\/span>\n\t\t\t\t\t<\/a>\n\t\t\t\t\t\t\t\t<\/div>\n\t\t\t\t<\/div>\n\t\t<div class=\"elementor-element elementor-element-2f59be1 e-con-full e-flex e-con e-child\" data-id=\"2f59be1\" data-element_type=\"container\" data-e-type=\"container\">\n\t\t\t\t<div class=\"elementor-element elementor-element-bb5b8a3 elementor-widget elementor-widget-image\" data-id=\"bb5b8a3\" data-element_type=\"widget\" data-e-type=\"widget\" data-widget_type=\"image.default\">\n\t\t\t\t\t\t\t\t\t\t\t\t\t\t\t<img loading=\"lazy\" decoding=\"async\" width=\"640\" height=\"361\" src=\"https:\/\/www2.unifap.br\/nepla\/files\/2026\/01\/sddefault-e1767977417206.jpg\" class=\"attachment-large size-large wp-image-5552\" alt=\"\" srcset=\"https:\/\/www2.unifap.br\/nepla\/files\/2026\/01\/sddefault-e1767977417206.jpg 640w, https:\/\/www2.unifap.br\/nepla\/files\/2026\/01\/sddefault-e1767977417206-300x169.jpg 300w\" sizes=\"(max-width: 640px) 100vw, 640px\" \/>\t\t\t\t\t\t\t\t\t\t\t\t\t\t\t<\/div>\n\t\t\t\t<div class=\"elementor-element elementor-element-6fc7a3f elementor-widget elementor-widget-heading\" data-id=\"6fc7a3f\" data-element_type=\"widget\" data-e-type=\"widget\" data-widget_type=\"heading.default\">\n\t\t\t\t\t<h2 class=\"elementor-heading-title elementor-size-default\">Programa de Estudantes - Convenio de Brasil - Selecci\u00f3n PEC-G y PEC-PLE 2026<\/h2>\t\t\t\t<\/div>\n\t\t\t\t<div class=\"elementor-element elementor-element-02c4a3a elementor-align-center elementor-widget elementor-widget-button\" data-id=\"02c4a3a\" data-element_type=\"widget\" data-e-type=\"widget\" data-widget_type=\"button.default\">\n\t\t\t\t\t\t\t\t\t\t<a class=\"elementor-button elementor-button-link elementor-size-sm\" href=\"https:\/\/youtu.be\/pg4gTdNhX3U?si=v-TEkkRQjiJRlbIp\" target=\"_blank\">\n\t\t\t\t\t\t<span class=\"elementor-button-content-wrapper\">\n\t\t\t\t\t\t\t\t\t<span class=\"elementor-button-text\">Clique aqui<\/span>\n\t\t\t\t\t<\/span>\n\t\t\t\t\t<\/a>\n\t\t\t\t\t\t\t\t<\/div>\n\t\t\t\t<\/div>\n\t\t<div class=\"elementor-element elementor-element-98fbe9e e-con-full e-flex e-con e-child\" data-id=\"98fbe9e\" data-element_type=\"container\" data-e-type=\"container\">\n\t\t\t\t<div class=\"elementor-element elementor-element-e6ff5af elementor-widget elementor-widget-image\" data-id=\"e6ff5af\" data-element_type=\"widget\" data-e-type=\"widget\" data-widget_type=\"image.default\">\n\t\t\t\t\t\t\t\t\t\t\t\t\t\t\t<img loading=\"lazy\" decoding=\"async\" width=\"686\" height=\"386\" src=\"https:\/\/www2.unifap.br\/nepla\/files\/2026\/01\/hq720.jpg\" class=\"attachment-large size-large wp-image-5561\" alt=\"\" srcset=\"https:\/\/www2.unifap.br\/nepla\/files\/2026\/01\/hq720.jpg 686w, https:\/\/www2.unifap.br\/nepla\/files\/2026\/01\/hq720-300x169.jpg 300w\" sizes=\"(max-width: 686px) 100vw, 686px\" \/>\t\t\t\t\t\t\t\t\t\t\t\t\t\t\t<\/div>\n\t\t\t\t<div class=\"elementor-element elementor-element-af0e2fa elementor-widget elementor-widget-heading\" data-id=\"af0e2fa\" data-element_type=\"widget\" data-e-type=\"widget\" data-widget_type=\"heading.default\">\n\t\t\t\t\t<h2 class=\"elementor-heading-title elementor-size-default\">Brazilian Program for Exhange Students - 2026 PEC-G and PEC-PLE Selection Process<\/h2>\t\t\t\t<\/div>\n\t\t\t\t<div class=\"elementor-element elementor-element-6e09084 elementor-align-center elementor-widget elementor-widget-button\" data-id=\"6e09084\" data-element_type=\"widget\" data-e-type=\"widget\" data-widget_type=\"button.default\">\n\t\t\t\t\t\t\t\t\t\t<a class=\"elementor-button elementor-button-link elementor-size-sm\" href=\"https:\/\/youtu.be\/1icoAyvEBEM?si=xwfd0bqr42Ib41ZV\" target=\"_blank\">\n\t\t\t\t\t\t<span class=\"elementor-button-content-wrapper\">\n\t\t\t\t\t\t\t\t\t<span class=\"elementor-button-text\">Clique aqui<\/span>\n\t\t\t\t\t<\/span>\n\t\t\t\t\t<\/a>\n\t\t\t\t\t\t\t\t<\/div>\n\t\t\t\t<\/div>\n\t\t<div class=\"elementor-element elementor-element-61d2014 e-con-full e-flex e-con e-child\" data-id=\"61d2014\" data-element_type=\"container\" data-e-type=\"container\">\n\t\t\t\t<\/div>\n\t\t\t\t\t<\/div>\n\t\t\t\t<\/div>\n\t\t\t\t\t<\/div>\n\t\t<\/div>\n\t\t\t\t\t<\/div>\n\t\t<\/section>\n\t\t\t\t<\/div>\n\t\t","protected":false},"excerpt":{"rendered":"<p>Informa\u00e7\u00f5es Importantes Informa\u00e7\u00f5es de matr\u00edcula para alunos PEC &#8211; PLE &#8211; Unifap Clique aqui Programa de Estudantes &#8211; Conv\u00eanio &#8211; Sele\u00e7\u00e3o PEC-G e PEC-PLE 2026 Clique aqui Programme d&#8217;\u00c9tudiants &#8211; Convention du Br\u00e9sil &#8211; S\u00e9lection PEC-G et PEC-PLE 2026 Clique aqui Programa de Estudantes &#8211; Convenio de Brasil &#8211; Selecci\u00f3n PEC-G y PEC-PLE 2026 Clique&#8230;<\/p>\n","protected":false},"author":104,"featured_media":0,"parent":5825,"menu_order":0,"comment_status":"closed","ping_status":"closed","template":"","meta":{"inline_featured_image":false,"site-sidebar-layout":"no-sidebar","site-content-layout":"page-builder","ast-site-content-layout":"full-width-container","site-content-style":"default","site-sidebar-style":"default","ast-global-header-display":"","ast-banner-title-visibility":"","ast-main-header-display":"","ast-hfb-above-header-display":"","ast-hfb-below-header-display":"","ast-hfb-mobile-header-display":"","site-post-title":"disabled","ast-breadcrumbs-content":"","ast-featured-img":"disabled","footer-sml-layout":"","theme-transparent-header-meta":"default","adv-header-id-meta":"","stick-header-meta":"","header-above-stick-meta":"","header-main-stick-meta":"","header-below-stick-meta":"","astra-migrate-meta-layouts":"set","ast-page-background-enabled":"default","ast-page-background-meta":{"desktop":{"background-color":"","background-image":"","background-repeat":"repeat","background-position":"center center","background-size":"auto","background-attachment":"scroll","background-type":"","background-media":"","overlay-type":"","overlay-color":"","overlay-opacity":"","overlay-gradient":""},"tablet":{"background-color":"","background-image":"","background-repeat":"repeat","background-position":"center center","background-size":"auto","background-attachment":"scroll","background-type":"","background-media":"","overlay-type":"","overlay-color":"","overlay-opacity":"","overlay-gradient":""},"mobile":{"background-color":"","background-image":"","background-repeat":"repeat","background-position":"center center","background-size":"auto","background-attachment":"scroll","background-type":"","background-media":"","overlay-type":"","overlay-color":"","overlay-opacity":"","overlay-gradient":""}},"ast-content-background-meta":{"desktop":{"background-color":"var(--ast-global-color-5)","background-image":"","background-repeat":"repeat","background-position":"center center","background-size":"auto","background-attachment":"scroll","background-type":"","background-media":"","overlay-type":"","overlay-color":"","overlay-opacity":"","overlay-gradient":""},"tablet":{"background-color":"var(--ast-global-color-5)","background-image":"","background-repeat":"repeat","background-position":"center center","background-size":"auto","background-attachment":"scroll","background-type":"","background-media":"","overlay-type":"","overlay-color":"","overlay-opacity":"","overlay-gradient":""},"mobile":{"background-color":"var(--ast-global-color-5)","background-image":"","background-repeat":"repeat","background-position":"center center","background-size":"auto","background-attachment":"scroll","background-type":"","background-media":"","overlay-type":"","overlay-color":"","overlay-opacity":"","overlay-gradient":""}},"footnotes":""},"folder":[21],"class_list":["post-5830","page","type-page","status-publish","hentry"],"_links":{"self":[{"href":"https:\/\/www2.unifap.br\/nepla\/wp-json\/wp\/v2\/pages\/5830","targetHints":{"allow":["GET"]}}],"collection":[{"href":"https:\/\/www2.unifap.br\/nepla\/wp-json\/wp\/v2\/pages"}],"about":[{"href":"https:\/\/www2.unifap.br\/nepla\/wp-json\/wp\/v2\/types\/page"}],"author":[{"embeddable":true,"href":"https:\/\/www2.unifap.br\/nepla\/wp-json\/wp\/v2\/users\/104"}],"replies":[{"embeddable":true,"href":"https:\/\/www2.unifap.br\/nepla\/wp-json\/wp\/v2\/comments?post=5830"}],"version-history":[{"count":21,"href":"https:\/\/www2.unifap.br\/nepla\/wp-json\/wp\/v2\/pages\/5830\/revisions"}],"predecessor-version":[{"id":5859,"href":"https:\/\/www2.unifap.br\/nepla\/wp-json\/wp\/v2\/pages\/5830\/revisions\/5859"}],"up":[{"embeddable":true,"href":"https:\/\/www2.unifap.br\/nepla\/wp-json\/wp\/v2\/pages\/5825"}],"wp:attachment":[{"href":"https:\/\/www2.unifap.br\/nepla\/wp-json\/wp\/v2\/media?parent=5830"}],"wp:term":[{"taxonomy":"folder","embeddable":true,"href":"https:\/\/www2.unifap.br\/nepla\/wp-json\/wp\/v2\/folder?post=5830"}],"curies":[{"name":"wp","href":"https:\/\/api.w.org\/{rel}","templated":true}]}}