{"id":1094,"date":"2022-03-08T18:01:38","date_gmt":"2022-03-08T21:01:38","guid":{"rendered":"http:\/\/www2.unifap.br\/nitt\/?page_id=1094"},"modified":"2022-08-24T16:08:11","modified_gmt":"2022-08-24T19:08:11","slug":"organograma-nitt","status":"publish","type":"page","link":"https:\/\/www2.unifap.br\/nitt\/institucional\/organograma-nitt\/","title":{"rendered":"Organograma NITT"},"content":{"rendered":"\t\t<div data-elementor-type=\"wp-page\" data-elementor-id=\"1094\" class=\"elementor elementor-1094\">\n\t\t\t\t\t\t<section class=\"elementor-section elementor-top-section elementor-element elementor-element-400f6f25 elementor-section-content-middle elementor-section-boxed elementor-section-height-default elementor-section-height-default\" data-id=\"400f6f25\" data-element_type=\"section\" data-e-type=\"section\" data-settings=\"{&quot;background_background&quot;:&quot;classic&quot;}\">\n\t\t\t\t\t\t<div class=\"elementor-container elementor-column-gap-no\">\n\t\t\t\t\t<div class=\"elementor-column elementor-col-50 elementor-top-column elementor-element elementor-element-6bf78c06\" data-id=\"6bf78c06\" data-element_type=\"column\" data-e-type=\"column\">\n\t\t\t<div class=\"elementor-widget-wrap elementor-element-populated\">\n\t\t\t\t\t\t<div class=\"elementor-element elementor-element-221a3d85 elementor-widget elementor-widget-heading\" data-id=\"221a3d85\" data-element_type=\"widget\" data-e-type=\"widget\" data-widget_type=\"heading.default\">\n\t\t\t\t<div class=\"elementor-widget-container\">\n\t\t\t\t\t<h3 class=\"elementor-heading-title elementor-size-default\">Organograma\nNITT<\/h3>\t\t\t\t<\/div>\n\t\t\t\t<\/div>\n\t\t\t\t<div class=\"elementor-element elementor-element-619771ea elementor-widget-divider--view-line elementor-widget elementor-widget-divider\" data-id=\"619771ea\" data-element_type=\"widget\" data-e-type=\"widget\" data-widget_type=\"divider.default\">\n\t\t\t\t<div class=\"elementor-widget-container\">\n\t\t\t\t\t\t\t<div class=\"elementor-divider\">\n\t\t\t<span class=\"elementor-divider-separator\">\n\t\t\t\t\t\t<\/span>\n\t\t<\/div>\n\t\t\t\t\t\t<\/div>\n\t\t\t\t<\/div>\n\t\t\t\t\t<\/div>\n\t\t<\/div>\n\t\t\t\t<div class=\"elementor-column elementor-col-50 elementor-top-column elementor-element elementor-element-2d49589b\" data-id=\"2d49589b\" data-element_type=\"column\" data-e-type=\"column\">\n\t\t\t<div class=\"elementor-widget-wrap elementor-element-populated\">\n\t\t\t\t\t\t<div class=\"elementor-element elementor-element-8826949 elementor-invisible elementor-widget elementor-widget-image\" data-id=\"8826949\" data-element_type=\"widget\" data-e-type=\"widget\" data-settings=\"{&quot;_animation&quot;:&quot;fadeInUp&quot;}\" data-widget_type=\"image.default\">\n\t\t\t\t<div class=\"elementor-widget-container\">\n\t\t\t\t\t\t\t\t\t\t\t\t\t\t\t<img fetchpriority=\"high\" decoding=\"async\" width=\"1024\" height=\"695\" src=\"https:\/\/www2.unifap.br\/nitt\/files\/2022\/03\/Organograma-1024x695.png\" class=\"attachment-large size-large wp-image-1240\" alt=\"\" srcset=\"https:\/\/www2.unifap.br\/nitt\/files\/2022\/03\/Organograma-1024x695.png 1024w, https:\/\/www2.unifap.br\/nitt\/files\/2022\/03\/Organograma-300x204.png 300w, https:\/\/www2.unifap.br\/nitt\/files\/2022\/03\/Organograma-768x521.png 768w, https:\/\/www2.unifap.br\/nitt\/files\/2022\/03\/Organograma-1536x1042.png 1536w, https:\/\/www2.unifap.br\/nitt\/files\/2022\/03\/Organograma-2048x1390.png 2048w\" sizes=\"(max-width: 1024px) 100vw, 1024px\" \/>\t\t\t\t\t\t\t\t\t\t\t\t\t\t\t<\/div>\n\t\t\t\t<\/div>\n\t\t\t\t\t<\/div>\n\t\t<\/div>\n\t\t\t\t\t<\/div>\n\t\t<\/section>\n\t\t\t\t<section class=\"elementor-section elementor-top-section elementor-element elementor-element-c47475d elementor-section-boxed elementor-section-height-default elementor-section-height-default elementor-invisible\" data-id=\"c47475d\" data-element_type=\"section\" data-e-type=\"section\" data-settings=\"{&quot;background_background&quot;:&quot;classic&quot;,&quot;animation&quot;:&quot;fadeInUp&quot;}\">\n\t\t\t\t\t\t<div class=\"elementor-container elementor-column-gap-default\">\n\t\t\t\t\t<div class=\"elementor-column elementor-col-100 elementor-top-column elementor-element elementor-element-43354f0\" data-id=\"43354f0\" data-element_type=\"column\" data-e-type=\"column\">\n\t\t\t<div class=\"elementor-widget-wrap elementor-element-populated\">\n\t\t\t\t\t\t<div class=\"elementor-element elementor-element-64758fb elementor-tabs-view-vertical elementor-tabs-alignment-center elementor-widget elementor-widget-tabs\" data-id=\"64758fb\" data-element_type=\"widget\" data-e-type=\"widget\" data-widget_type=\"tabs.default\">\n\t\t\t\t<div class=\"elementor-widget-container\">\n\t\t\t\t\t\t\t<div class=\"elementor-tabs\">\n\t\t\t<div class=\"elementor-tabs-wrapper\" role=\"tablist\" >\n\t\t\t\t\t\t\t\t\t<div id=\"elementor-tab-title-1051\" class=\"elementor-tab-title elementor-tab-desktop-title\" aria-selected=\"true\" data-tab=\"1\" role=\"tab\" tabindex=\"0\" aria-controls=\"elementor-tab-content-1051\" aria-expanded=\"false\">Coordena\u00e7\u00e3o Geral<\/div>\n\t\t\t\t\t\t\t\t\t<div id=\"elementor-tab-title-1052\" class=\"elementor-tab-title elementor-tab-desktop-title\" aria-selected=\"false\" data-tab=\"2\" role=\"tab\" tabindex=\"-1\" aria-controls=\"elementor-tab-content-1052\" aria-expanded=\"false\">Secretaria Executiva<\/div>\n\t\t\t\t\t\t\t\t\t<div id=\"elementor-tab-title-1053\" class=\"elementor-tab-title elementor-tab-desktop-title\" aria-selected=\"false\" data-tab=\"3\" role=\"tab\" tabindex=\"-1\" aria-controls=\"elementor-tab-content-1053\" aria-expanded=\"false\">Coordenadoria de Propriedade Intelectual<\/div>\n\t\t\t\t\t\t\t\t\t<div id=\"elementor-tab-title-1054\" class=\"elementor-tab-title elementor-tab-desktop-title\" aria-selected=\"false\" data-tab=\"4\" role=\"tab\" tabindex=\"-1\" aria-controls=\"elementor-tab-content-1054\" aria-expanded=\"false\">Coordenadoria de Parque Tecnol\u00f3gico<\/div>\n\t\t\t\t\t\t\t\t\t<div id=\"elementor-tab-title-1055\" class=\"elementor-tab-title elementor-tab-desktop-title\" aria-selected=\"false\" data-tab=\"5\" role=\"tab\" tabindex=\"-1\" aria-controls=\"elementor-tab-content-1055\" aria-expanded=\"false\">Coordenadoria de Projetos e Parcerias de Transfer\u00eancia de Tecnologia<\/div>\n\t\t\t\t\t\t\t<\/div>\n\t\t\t<div class=\"elementor-tabs-content-wrapper\" role=\"tablist\" aria-orientation=\"vertical\">\n\t\t\t\t\t\t\t\t\t<div class=\"elementor-tab-title elementor-tab-mobile-title\" aria-selected=\"true\" data-tab=\"1\" role=\"tab\" tabindex=\"0\" aria-controls=\"elementor-tab-content-1051\" aria-expanded=\"false\">Coordena\u00e7\u00e3o Geral<\/div>\n\t\t\t\t\t<div id=\"elementor-tab-content-1051\" class=\"elementor-tab-content elementor-clearfix\" data-tab=\"1\" role=\"tabpanel\" aria-labelledby=\"elementor-tab-title-1051\" tabindex=\"0\" hidden=\"false\"><p><b>COMPET\u00caNCIA:<\/b>\u00a0Elaborar, conjuntamente com os demais titulares das Coordena\u00e7\u00f5es, a pol\u00edtica de propriedade intelectual da UNIFAP, bem como as metas e programas de trabalho dos projetos de inova\u00e7\u00e3o tecnol\u00f3gica da Universidade.<\/p><\/div>\n\t\t\t\t\t\t\t\t\t<div class=\"elementor-tab-title elementor-tab-mobile-title\" aria-selected=\"false\" data-tab=\"2\" role=\"tab\" tabindex=\"-1\" aria-controls=\"elementor-tab-content-1052\" aria-expanded=\"false\">Secretaria Executiva<\/div>\n\t\t\t\t\t<div id=\"elementor-tab-content-1052\" class=\"elementor-tab-content elementor-clearfix\" data-tab=\"2\" role=\"tabpanel\" aria-labelledby=\"elementor-tab-title-1052\" tabindex=\"0\" hidden=\"hidden\"><p><b>COMPET\u00caNCIA:\u00a0<\/b>Administrativa (elabora\u00e7\u00e3o de documentos, servi\u00e7o de protocolo e arquivo, encaminhamentos, atendimento ao p\u00fablico)<\/p><\/div>\n\t\t\t\t\t\t\t\t\t<div class=\"elementor-tab-title elementor-tab-mobile-title\" aria-selected=\"false\" data-tab=\"3\" role=\"tab\" tabindex=\"-1\" aria-controls=\"elementor-tab-content-1053\" aria-expanded=\"false\">Coordenadoria de Propriedade Intelectual<\/div>\n\t\t\t\t\t<div id=\"elementor-tab-content-1053\" class=\"elementor-tab-content elementor-clearfix\" data-tab=\"3\" role=\"tabpanel\" aria-labelledby=\"elementor-tab-title-1053\" tabindex=\"0\" hidden=\"hidden\"><p><b>COMPET\u00caNCIA: <\/b><span style=\"font-weight: 400\">Promover a adequada prote\u00e7\u00e3o das inven\u00e7\u00f5es geradas no \u00e2mbito da UNIFAP.<\/span><\/p><\/div>\n\t\t\t\t\t\t\t\t\t<div class=\"elementor-tab-title elementor-tab-mobile-title\" aria-selected=\"false\" data-tab=\"4\" role=\"tab\" tabindex=\"-1\" aria-controls=\"elementor-tab-content-1054\" aria-expanded=\"false\">Coordenadoria de Parque Tecnol\u00f3gico<\/div>\n\t\t\t\t\t<div id=\"elementor-tab-content-1054\" class=\"elementor-tab-content elementor-clearfix\" data-tab=\"4\" role=\"tabpanel\" aria-labelledby=\"elementor-tab-title-1054\" tabindex=\"0\" hidden=\"hidden\"><p><b>COMPET\u00caNCIA: <\/b><span style=\"font-weight: 400\">Proceder \u00e0 instala\u00e7\u00e3o de parques e incubadoras, bem como ao fortalecimento de empresas de bases tecnol\u00f3gicas; Receber demandas cient\u00edficas e tecnol\u00f3gicas da comunidade; Avaliar a viabilidade t\u00e9cnica dos pedidos de prote\u00e7\u00e3o das inven\u00e7\u00f5es geradas no \u00e2mbito da UNIFAP.<\/span><\/p><\/div>\n\t\t\t\t\t\t\t\t\t<div class=\"elementor-tab-title elementor-tab-mobile-title\" aria-selected=\"false\" data-tab=\"5\" role=\"tab\" tabindex=\"-1\" aria-controls=\"elementor-tab-content-1055\" aria-expanded=\"false\">Coordenadoria de Projetos e Parcerias de Transfer\u00eancia de Tecnologia<\/div>\n\t\t\t\t\t<div id=\"elementor-tab-content-1055\" class=\"elementor-tab-content elementor-clearfix\" data-tab=\"5\" role=\"tabpanel\" aria-labelledby=\"elementor-tab-title-1055\" tabindex=\"0\" hidden=\"hidden\"><p><b>COMPET\u00caNCIA:\u00a0<\/b>Analisar \u00e0 viabilidade econ\u00f4mica os pedidos de prote\u00e7\u00e3o das inven\u00e7\u00f5es; Identificar parcerias no setor produtivo para o desenvolvimento e explora\u00e7\u00e3o comercial de novas tecnologias; Identificar parcerias que podem ser exploradas por seguimentos espec\u00edficos do setor produtivo envolvidos com a UNIFAP; Desenvolver parcerias com o setor produtivo, visando a transfer\u00eancia de tecnologias geradas no \u00e2mbito da UNIFAP; Negociar licen\u00e7as para explora\u00e7\u00e3o das inven\u00e7\u00f5es.<\/p><\/div>\n\t\t\t\t\t\t\t<\/div>\n\t\t<\/div>\n\t\t\t\t\t\t<\/div>\n\t\t\t\t<\/div>\n\t\t\t\t<div class=\"elementor-element elementor-element-7ce29c6 elementor-widget elementor-widget-spacer\" data-id=\"7ce29c6\" data-element_type=\"widget\" data-e-type=\"widget\" data-widget_type=\"spacer.default\">\n\t\t\t\t<div class=\"elementor-widget-container\">\n\t\t\t\t\t\t\t<div class=\"elementor-spacer\">\n\t\t\t<div class=\"elementor-spacer-inner\"><\/div>\n\t\t<\/div>\n\t\t\t\t\t\t<\/div>\n\t\t\t\t<\/div>\n\t\t\t\t\t<\/div>\n\t\t<\/div>\n\t\t\t\t\t<\/div>\n\t\t<\/section>\n\t\t\t\t<\/div>\n\t\t","protected":false},"excerpt":{"rendered":"<p>Organograma NITT Coordena\u00e7\u00e3o Geral Secretaria Executiva Coordenadoria de Propriedade Intelectual Coordenadoria de Parque Tecnol\u00f3gico Coordenadoria de Projetos e Parcerias de Transfer\u00eancia de Tecnologia Coordena\u00e7\u00e3o Geral COMPET\u00caNCIA:\u00a0Elaborar, conjuntamente com os demais titulares das Coordena\u00e7\u00f5es, a pol\u00edtica de propriedade intelectual da UNIFAP, bem como as metas e programas de trabalho dos projetos de inova\u00e7\u00e3o tecnol\u00f3gica da Universidade&#8230;.<\/p>\n","protected":false},"author":3898,"featured_media":0,"parent":865,"menu_order":3,"comment_status":"closed","ping_status":"closed","template":"","meta":{"inline_featured_image":false,"ngg_post_thumbnail":0,"footnotes":""},"class_list":["post-1094","page","type-page","status-publish","hentry","entry"],"_links":{"self":[{"href":"https:\/\/www2.unifap.br\/nitt\/wp-json\/wp\/v2\/pages\/1094","targetHints":{"allow":["GET"]}}],"collection":[{"href":"https:\/\/www2.unifap.br\/nitt\/wp-json\/wp\/v2\/pages"}],"about":[{"href":"https:\/\/www2.unifap.br\/nitt\/wp-json\/wp\/v2\/types\/page"}],"author":[{"embeddable":true,"href":"https:\/\/www2.unifap.br\/nitt\/wp-json\/wp\/v2\/users\/3898"}],"replies":[{"embeddable":true,"href":"https:\/\/www2.unifap.br\/nitt\/wp-json\/wp\/v2\/comments?post=1094"}],"version-history":[{"count":85,"href":"https:\/\/www2.unifap.br\/nitt\/wp-json\/wp\/v2\/pages\/1094\/revisions"}],"predecessor-version":[{"id":4027,"href":"https:\/\/www2.unifap.br\/nitt\/wp-json\/wp\/v2\/pages\/1094\/revisions\/4027"}],"up":[{"embeddable":true,"href":"https:\/\/www2.unifap.br\/nitt\/wp-json\/wp\/v2\/pages\/865"}],"wp:attachment":[{"href":"https:\/\/www2.unifap.br\/nitt\/wp-json\/wp\/v2\/media?parent=1094"}],"curies":[{"name":"wp","href":"https:\/\/api.w.org\/{rel}","templated":true}]}}