{"id":1144,"date":"2022-03-08T19:17:50","date_gmt":"2022-03-08T22:17:50","guid":{"rendered":"http:\/\/www2.unifap.br\/nitt\/?page_id=1144"},"modified":"2022-04-07T15:30:11","modified_gmt":"2022-04-07T18:30:11","slug":"comunicacao-de-invencao","status":"publish","type":"page","link":"https:\/\/www2.unifap.br\/nitt\/comunicacao-de-invencao\/","title":{"rendered":"Comunica\u00e7\u00e3o de inven\u00e7\u00e3o"},"content":{"rendered":"\t\t<div data-elementor-type=\"wp-page\" data-elementor-id=\"1144\" class=\"elementor elementor-1144\">\n\t\t\t\t\t\t<section class=\"elementor-section elementor-top-section elementor-element elementor-element-6453ee23 elementor-section-content-middle elementor-section-boxed elementor-section-height-default elementor-section-height-default elementor-invisible\" data-id=\"6453ee23\" data-element_type=\"section\" data-e-type=\"section\" data-settings=\"{&quot;animation&quot;:&quot;fadeInUp&quot;}\">\n\t\t\t\t\t\t<div class=\"elementor-container elementor-column-gap-no\">\n\t\t\t\t\t<div class=\"elementor-column elementor-col-100 elementor-top-column elementor-element elementor-element-1795b9c3\" data-id=\"1795b9c3\" data-element_type=\"column\" data-e-type=\"column\">\n\t\t\t<div class=\"elementor-widget-wrap elementor-element-populated\">\n\t\t\t\t\t\t<div class=\"elementor-element elementor-element-7408286d elementor-widget elementor-widget-heading\" data-id=\"7408286d\" data-element_type=\"widget\" data-e-type=\"widget\" data-widget_type=\"heading.default\">\n\t\t\t\t<div class=\"elementor-widget-container\">\n\t\t\t\t\t<h3 class=\"elementor-heading-title elementor-size-default\">Comunica\u00e7\u00e3o de Inven\u00e7\u00e3o\n<\/h3>\t\t\t\t<\/div>\n\t\t\t\t<\/div>\n\t\t\t\t<div class=\"elementor-element elementor-element-1cddbd7 elementor-widget-divider--view-line elementor-widget elementor-widget-divider\" data-id=\"1cddbd7\" data-element_type=\"widget\" data-e-type=\"widget\" data-widget_type=\"divider.default\">\n\t\t\t\t<div class=\"elementor-widget-container\">\n\t\t\t\t\t\t\t<div class=\"elementor-divider\">\n\t\t\t<span class=\"elementor-divider-separator\">\n\t\t\t\t\t\t<\/span>\n\t\t<\/div>\n\t\t\t\t\t\t<\/div>\n\t\t\t\t<\/div>\n\t\t\t\t\t<\/div>\n\t\t<\/div>\n\t\t\t\t\t<\/div>\n\t\t<\/section>\n\t\t\t\t<section class=\"elementor-section elementor-top-section elementor-element elementor-element-aea5d90 elementor-section-boxed elementor-section-height-default elementor-section-height-default elementor-invisible\" data-id=\"aea5d90\" data-element_type=\"section\" data-e-type=\"section\" data-settings=\"{&quot;animation&quot;:&quot;fadeInUp&quot;,&quot;background_background&quot;:&quot;classic&quot;}\">\n\t\t\t\t\t\t<div class=\"elementor-container elementor-column-gap-default\">\n\t\t\t\t\t<div class=\"elementor-column elementor-col-100 elementor-top-column elementor-element elementor-element-a440615\" data-id=\"a440615\" data-element_type=\"column\" data-e-type=\"column\">\n\t\t\t<div class=\"elementor-widget-wrap elementor-element-populated\">\n\t\t\t\t\t\t<div class=\"elementor-element elementor-element-05bbbe9 elementor-widget elementor-widget-image\" data-id=\"05bbbe9\" data-element_type=\"widget\" data-e-type=\"widget\" data-widget_type=\"image.default\">\n\t\t\t\t<div class=\"elementor-widget-container\">\n\t\t\t\t\t\t\t\t\t\t\t\t\t\t\t<img fetchpriority=\"high\" decoding=\"async\" width=\"947\" height=\"1024\" src=\"https:\/\/www2.unifap.br\/nitt\/files\/2022\/04\/Comunicado-de-invenc\u0327a\u0303o.png\" class=\"attachment-large size-large wp-image-4039\" alt=\"\" \/>\t\t\t\t\t\t\t\t\t\t\t\t\t\t\t<\/div>\n\t\t\t\t<\/div>\n\t\t\t\t\t<\/div>\n\t\t<\/div>\n\t\t\t\t\t<\/div>\n\t\t<\/section>\n\t\t\t\t<\/div>\n\t\t","protected":false},"excerpt":{"rendered":"<p>Comunica\u00e7\u00e3o de Inven\u00e7\u00e3o<\/p>\n","protected":false},"author":3898,"featured_media":0,"parent":0,"menu_order":0,"comment_status":"closed","ping_status":"closed","template":"","meta":{"inline_featured_image":false,"ngg_post_thumbnail":0,"footnotes":""},"class_list":["post-1144","page","type-page","status-publish","hentry","entry"],"_links":{"self":[{"href":"https:\/\/www2.unifap.br\/nitt\/wp-json\/wp\/v2\/pages\/1144","targetHints":{"allow":["GET"]}}],"collection":[{"href":"https:\/\/www2.unifap.br\/nitt\/wp-json\/wp\/v2\/pages"}],"about":[{"href":"https:\/\/www2.unifap.br\/nitt\/wp-json\/wp\/v2\/types\/page"}],"author":[{"embeddable":true,"href":"https:\/\/www2.unifap.br\/nitt\/wp-json\/wp\/v2\/users\/3898"}],"replies":[{"embeddable":true,"href":"https:\/\/www2.unifap.br\/nitt\/wp-json\/wp\/v2\/comments?post=1144"}],"version-history":[{"count":15,"href":"https:\/\/www2.unifap.br\/nitt\/wp-json\/wp\/v2\/pages\/1144\/revisions"}],"predecessor-version":[{"id":4080,"href":"https:\/\/www2.unifap.br\/nitt\/wp-json\/wp\/v2\/pages\/1144\/revisions\/4080"}],"wp:attachment":[{"href":"https:\/\/www2.unifap.br\/nitt\/wp-json\/wp\/v2\/media?parent=1144"}],"curies":[{"name":"wp","href":"https:\/\/api.w.org\/{rel}","templated":true}]}}