{"id":1343,"date":"2022-03-13T10:27:55","date_gmt":"2022-03-13T13:27:55","guid":{"rendered":"http:\/\/www2.unifap.br\/nitt\/?page_id=1343"},"modified":"2025-08-14T18:06:55","modified_gmt":"2025-08-14T21:06:55","slug":"pibiti-resolucao","status":"publish","type":"page","link":"https:\/\/www2.unifap.br\/nitt\/pibiti-resolucao\/","title":{"rendered":"PIBITI-Resolu\u00e7\u00e3o"},"content":{"rendered":"\t\t<div data-elementor-type=\"wp-page\" data-elementor-id=\"1343\" class=\"elementor elementor-1343\">\n\t\t\t\t\t\t<section class=\"elementor-section elementor-top-section elementor-element elementor-element-263a3436 elementor-section-content-middle elementor-section-boxed elementor-section-height-default elementor-section-height-default elementor-invisible\" data-id=\"263a3436\" data-element_type=\"section\" data-e-type=\"section\" data-settings=\"{&quot;animation&quot;:&quot;fadeInUp&quot;,&quot;background_background&quot;:&quot;classic&quot;}\">\n\t\t\t\t\t\t<div class=\"elementor-container elementor-column-gap-no\">\n\t\t\t\t\t<div class=\"elementor-column elementor-col-50 elementor-top-column elementor-element elementor-element-7af0598\" data-id=\"7af0598\" data-element_type=\"column\" data-e-type=\"column\">\n\t\t\t<div class=\"elementor-widget-wrap elementor-element-populated\">\n\t\t\t\t\t\t<div class=\"elementor-element elementor-element-25c4f140 elementor-widget elementor-widget-heading\" data-id=\"25c4f140\" data-element_type=\"widget\" data-e-type=\"widget\" data-widget_type=\"heading.default\">\n\t\t\t\t<div class=\"elementor-widget-container\">\n\t\t\t\t\t<h3 class=\"elementor-heading-title elementor-size-default\">PIBITI<\/h3>\t\t\t\t<\/div>\n\t\t\t\t<\/div>\n\t\t\t\t<div class=\"elementor-element elementor-element-fd9c38a elementor-widget elementor-widget-text-editor\" data-id=\"fd9c38a\" data-element_type=\"widget\" data-e-type=\"widget\" data-widget_type=\"text-editor.default\">\n\t\t\t\t<div class=\"elementor-widget-container\">\n\t\t\t\t\t\t\t\t\t<p>Apresentan\u00e7\u00e3o<\/p>\t\t\t\t\t\t\t\t<\/div>\n\t\t\t\t<\/div>\n\t\t\t\t<div class=\"elementor-element elementor-element-267507c1 elementor-widget-divider--view-line elementor-widget elementor-widget-divider\" data-id=\"267507c1\" data-element_type=\"widget\" data-e-type=\"widget\" data-widget_type=\"divider.default\">\n\t\t\t\t<div class=\"elementor-widget-container\">\n\t\t\t\t\t\t\t<div class=\"elementor-divider\">\n\t\t\t<span class=\"elementor-divider-separator\">\n\t\t\t\t\t\t<\/span>\n\t\t<\/div>\n\t\t\t\t\t\t<\/div>\n\t\t\t\t<\/div>\n\t\t\t\t\t<\/div>\n\t\t<\/div>\n\t\t\t\t<div class=\"elementor-column elementor-col-50 elementor-top-column elementor-element elementor-element-491416fa\" data-id=\"491416fa\" data-element_type=\"column\" data-e-type=\"column\">\n\t\t\t<div class=\"elementor-widget-wrap elementor-element-populated\">\n\t\t\t\t\t\t<div class=\"elementor-element elementor-element-5e054a8c elementor-widget elementor-widget-image\" data-id=\"5e054a8c\" data-element_type=\"widget\" data-e-type=\"widget\" data-widget_type=\"image.default\">\n\t\t\t\t<div class=\"elementor-widget-container\">\n\t\t\t\t\t\t\t\t\t\t\t\t\t\t\t<img decoding=\"async\" width=\"150\" height=\"71\" src=\"https:\/\/www2.unifap.br\/nitt\/files\/2022\/03\/logo_pibiti.png\" class=\"attachment-thumbnail size-thumbnail wp-image-3079\" alt=\"\" \/>\t\t\t\t\t\t\t\t\t\t\t\t\t\t\t<\/div>\n\t\t\t\t<\/div>\n\t\t\t\t\t<\/div>\n\t\t<\/div>\n\t\t\t\t\t<\/div>\n\t\t<\/section>\n\t\t\t\t<section class=\"elementor-section elementor-top-section elementor-element elementor-element-55a5c81 elementor-section-boxed elementor-section-height-default elementor-section-height-default elementor-invisible\" data-id=\"55a5c81\" data-element_type=\"section\" data-e-type=\"section\" data-settings=\"{&quot;animation&quot;:&quot;fadeInUp&quot;}\">\n\t\t\t\t\t\t<div class=\"elementor-container elementor-column-gap-default\">\n\t\t\t\t\t<div class=\"elementor-column elementor-col-100 elementor-top-column elementor-element elementor-element-9e47a1b\" data-id=\"9e47a1b\" data-element_type=\"column\" data-e-type=\"column\">\n\t\t\t<div class=\"elementor-widget-wrap elementor-element-populated\">\n\t\t\t\t\t\t<section class=\"elementor-section elementor-inner-section elementor-element elementor-element-4d98912 elementor-section-boxed elementor-section-height-default elementor-section-height-default\" data-id=\"4d98912\" data-element_type=\"section\" data-e-type=\"section\">\n\t\t\t\t\t\t<div class=\"elementor-container elementor-column-gap-default\">\n\t\t\t\t\t<div class=\"elementor-column elementor-col-100 elementor-inner-column elementor-element elementor-element-f55a707\" data-id=\"f55a707\" data-element_type=\"column\" data-e-type=\"column\">\n\t\t\t<div class=\"elementor-widget-wrap elementor-element-populated\">\n\t\t\t\t\t\t<div class=\"elementor-element elementor-element-3c0ae4e elementor-widget elementor-widget-text-editor\" data-id=\"3c0ae4e\" data-element_type=\"widget\" data-e-type=\"widget\" data-widget_type=\"text-editor.default\">\n\t\t\t\t<div class=\"elementor-widget-container\">\n\t\t\t\t\t\t\t\t\t<h2 style=\"text-align: justify\"><span style=\"color: #000000\">PIBITI &#8211; Programa Institucional de Bolsas de Inicia\u00e7\u00e3o em Desenvolvimento Tecnol\u00f3gico e Inova\u00e7\u00e3o<\/span><\/h2><p style=\"text-align: justify\"><span style=\"color: #000000\">O Programa Institucional de Bolsas de Inicia\u00e7\u00e3o em Desenvolvimento Tecnol\u00f3gico e Inova\u00e7\u00e3o (PIBITI) tem por objetivo estimular os jovens do ensino superior nas atividades, metodologias, conhecimentos e pr\u00e1ticas pr\u00f3prias ao desenvolvimento tecnol\u00f3gico e processos de inova\u00e7\u00e3o.<\/span><\/p>\t\t\t\t\t\t\t\t<\/div>\n\t\t\t\t<\/div>\n\t\t\t\t<div class=\"elementor-element elementor-element-2664dbc elementor-widget elementor-widget-text-editor\" data-id=\"2664dbc\" data-element_type=\"widget\" data-e-type=\"widget\" data-widget_type=\"text-editor.default\">\n\t\t\t\t<div class=\"elementor-widget-container\">\n\t\t\t\t\t\t\t\t\t<h4 style=\"text-align: justify\"><span style=\"color: #000000\">OBJETIVOS<\/span><\/h4><ul><li style=\"text-align: justify\"><span style=\"color: #000000\">Contribuir para a forma\u00e7\u00e3o e inser\u00e7\u00e3o de estudantes em atividades de pesquisa, desenvolvimento tecnol\u00f3gico e inova\u00e7\u00e3o;<\/span><\/li><li style=\"text-align: justify\"><span style=\"color: #000000\">Contribuir para a forma\u00e7\u00e3o de recursos humanos que se dedicar\u00e3o ao fortalecimento da capacidade inovadora das empresas no Pa\u00eds, e<\/span><\/li><li><span style=\"color: #000000\">Contribuir para a forma\u00e7\u00e3o do cidad\u00e3o pleno, com condi\u00e7\u00f5es de participar de forma criativa e empreendedora na sua comunidade.<\/span><\/li><\/ul>\t\t\t\t\t\t\t\t<\/div>\n\t\t\t\t<\/div>\n\t\t\t\t<div class=\"elementor-element elementor-element-9ca0b71 elementor-drop-cap-yes elementor-drop-cap-view-default elementor-widget elementor-widget-text-editor\" data-id=\"9ca0b71\" data-element_type=\"widget\" data-e-type=\"widget\" data-settings=\"{&quot;drop_cap&quot;:&quot;yes&quot;}\" data-widget_type=\"text-editor.default\">\n\t\t\t\t<div class=\"elementor-widget-container\">\n\t\t\t\t\t\t\t\t\t<h4 style=\"text-align: justify\"><span style=\"color: #000000\">EVOLU\u00c7\u00c3O DAS BOLSAS PIBITI (2015-2025)<\/span><\/h4><ul><li style=\"text-align: justify\"><span style=\"color: #000000\">Cabe ressaltar que desde sua implementa\u00e7\u00e3o em 2015, o quantitativo de bolsas disponibilizadas pelas institui\u00e7\u00e3o e pelo CNPq s\u00f3 aumentaram no decorrer dos anos, assim como a demanda. Abaixo segue a evolu\u00e7\u00e3o do quantitativo de bolsas ao longo dos anos.<\/span><\/li><\/ul><div>\u00a0<\/div><div><span style=\"color: #000000\"><a href=\"http:\/\/www2.unifap.br\/nitt\/files\/2025\/08\/Pibiti-Inscricoes.png\"><img fetchpriority=\"high\" decoding=\"async\" class=\"aligncenter wp-image-6941 \" src=\"http:\/\/www2.unifap.br\/nitt\/files\/2025\/08\/Pibiti-Inscricoes-1024x615.png\" alt=\"\" width=\"500\" height=\"300\" srcset=\"https:\/\/www2.unifap.br\/nitt\/files\/2025\/08\/Pibiti-Inscricoes-1024x615.png 1024w, https:\/\/www2.unifap.br\/nitt\/files\/2025\/08\/Pibiti-Inscricoes-300x180.png 300w, https:\/\/www2.unifap.br\/nitt\/files\/2025\/08\/Pibiti-Inscricoes-768x461.png 768w, https:\/\/www2.unifap.br\/nitt\/files\/2025\/08\/Pibiti-Inscricoes-1536x923.png 1536w, https:\/\/www2.unifap.br\/nitt\/files\/2025\/08\/Pibiti-Inscricoes.png 1653w\" sizes=\"(max-width: 500px) 100vw, 500px\" \/><\/a><a href=\"http:\/\/www2.unifap.br\/nitt\/files\/2025\/08\/Pibiti-Bolsas.png\"><img decoding=\"async\" class=\"aligncenter wp-image-6940 \" src=\"http:\/\/www2.unifap.br\/nitt\/files\/2025\/08\/Pibiti-Bolsas.png\" alt=\"\" width=\"501\" height=\"301\" srcset=\"https:\/\/www2.unifap.br\/nitt\/files\/2025\/08\/Pibiti-Bolsas.png 1653w, https:\/\/www2.unifap.br\/nitt\/files\/2025\/08\/Pibiti-Bolsas-300x180.png 300w, https:\/\/www2.unifap.br\/nitt\/files\/2025\/08\/Pibiti-Bolsas-1024x615.png 1024w, https:\/\/www2.unifap.br\/nitt\/files\/2025\/08\/Pibiti-Bolsas-768x461.png 768w, https:\/\/www2.unifap.br\/nitt\/files\/2025\/08\/Pibiti-Bolsas-1536x923.png 1536w\" sizes=\"(max-width: 501px) 100vw, 501px\" \/><\/a><br \/><\/span><\/div><div><span style=\"color: #000000\">\u00a0<\/span><\/div>\t\t\t\t\t\t\t\t<\/div>\n\t\t\t\t<\/div>\n\t\t\t\t<div class=\"elementor-element elementor-element-ab50457 elementor-widget elementor-widget-toggle\" data-id=\"ab50457\" data-element_type=\"widget\" data-e-type=\"widget\" data-widget_type=\"toggle.default\">\n\t\t\t\t<div class=\"elementor-widget-container\">\n\t\t\t\t\t\t\t<div class=\"elementor-toggle\">\n\t\t\t\t\t\t\t<div class=\"elementor-toggle-item\">\n\t\t\t\t\t<div id=\"elementor-tab-title-1791\" class=\"elementor-tab-title\" data-tab=\"1\" role=\"button\" aria-controls=\"elementor-tab-content-1791\" aria-expanded=\"false\">\n\t\t\t\t\t\t\t\t\t\t\t\t<span class=\"elementor-toggle-icon elementor-toggle-icon-left\" aria-hidden=\"true\">\n\t\t\t\t\t\t\t\t\t\t\t\t\t\t\t<span class=\"elementor-toggle-icon-closed\"><i class=\"fas fa-caret-right\"><\/i><\/span>\n\t\t\t\t\t\t\t\t<span class=\"elementor-toggle-icon-opened\"><i class=\"elementor-toggle-icon-opened fas fa-caret-up\"><\/i><\/span>\n\t\t\t\t\t\t\t\t\t\t\t\t\t<\/span>\n\t\t\t\t\t\t\t\t\t\t\t\t<a class=\"elementor-toggle-title\" tabindex=\"0\">RESOLU\u00c7\u00c3O CNPq N\u00ba 4, DE 27 DE MAIO DE 2021<\/a>\n\t\t\t\t\t<\/div>\n\n\t\t\t\t\t<div id=\"elementor-tab-content-1791\" class=\"elementor-tab-content elementor-clearfix\" data-tab=\"1\" role=\"region\" aria-labelledby=\"elementor-tab-title-1791\"><p style=\"text-align: left\">A <a href=\"https:\/\/www.in.gov.br\/web\/dou\/-\/resolucao-cnpq-n-4-de-27-de-maio-de-2021-322673342\">RESOLU\u00c7\u00c3O CNPq N\u00ba 4, DE 27 DE MAIO DE 2021<\/a>, disp\u00f5e sobre:<\/p><ul><li style=\"text-align: left\">Regulamenta, na forma do anexo, o Pr\u00eamio Destaque na Inicia\u00e7\u00e3o Cient\u00edfica e Tecnol\u00f3gica.<\/li><li style=\"text-align: left\">Ficam convalidadas todas as edi\u00e7\u00f5es do Pr\u00eamio Destaque na Inicia\u00e7\u00e3o Cient\u00edfica e Tecnol\u00f3gica realizadas at\u00e9 a presente data.<\/li><li style=\"text-align: left\">Esta Resolu\u00e7\u00e3o entra em vigor no primeiro dia \u00fatil do m\u00eas seguinte ao da sua publica\u00e7\u00e3o.<\/li><\/ul><\/div>\n\t\t\t\t<\/div>\n\t\t\t\t\t\t\t<div class=\"elementor-toggle-item\">\n\t\t\t\t\t<div id=\"elementor-tab-title-1792\" class=\"elementor-tab-title\" data-tab=\"2\" role=\"button\" aria-controls=\"elementor-tab-content-1792\" aria-expanded=\"false\">\n\t\t\t\t\t\t\t\t\t\t\t\t<span class=\"elementor-toggle-icon elementor-toggle-icon-left\" aria-hidden=\"true\">\n\t\t\t\t\t\t\t\t\t\t\t\t\t\t\t<span class=\"elementor-toggle-icon-closed\"><i class=\"fas fa-caret-right\"><\/i><\/span>\n\t\t\t\t\t\t\t\t<span class=\"elementor-toggle-icon-opened\"><i class=\"elementor-toggle-icon-opened fas fa-caret-up\"><\/i><\/span>\n\t\t\t\t\t\t\t\t\t\t\t\t\t<\/span>\n\t\t\t\t\t\t\t\t\t\t\t\t<a class=\"elementor-toggle-title\" tabindex=\"0\">Norma do CNPq RN - 042\/2019 - Quota no Pa\u00eds<\/a>\n\t\t\t\t\t<\/div>\n\n\t\t\t\t\t<div id=\"elementor-tab-content-1792\" class=\"elementor-tab-content elementor-clearfix\" data-tab=\"2\" role=\"region\" aria-labelledby=\"elementor-tab-title-1792\"><p style=\"text-align: left\">A <a href=\"http:\/\/www.cnpq.br\/web\/guest\/view\/-\/journal_content\/56_INSTANCE_0oED\/10157\/1361366\">Norma do CNPq RN &#8211; 042\/2019<\/a> disp\u00f5e sobre Bolsas por Quota no Pa\u00eds.<\/p><p style=\"text-align: left\">Ela estabelece as normas gerais e espec\u00edficas para as seguintes modalidades de bolsas por quota no Pa\u00eds:<\/p><ul><li><a href=\"http:\/\/memoria2.cnpq.br\/web\/guest\/view\/-\/journal_content\/56_INSTANCE_0oED\/10157\/100352\">altera na RN 17\/2006<\/a><\/li><li style=\"text-align: left\">Apoio T\u00e9cnico (AT)<\/li><li style=\"text-align: left\">Inicia\u00e7\u00e3o Cient\u00edfica (IC)<\/li><li style=\"text-align: left\">Programa Institucional de Bolsas de Inicia\u00e7\u00e3o Cient\u00edfica (PIBIC)<br \/>\u2013 P\u00f3s-Gradua\u00e7\u00e3o \u2013 Mestrado (GM) e Doutorado (GD)<\/li><li style=\"text-align: left\">Inicia\u00e7\u00e3o Cient\u00edfica J\u00fanior (ICJ)<\/li><li style=\"text-align: left\">Programa Institucional de Bolsas de Inicia\u00e7\u00e3o em Desenvolvimento Tecnol\u00f3gico e Inova\u00e7\u00e3o (PIBITI).<\/li><\/ul><\/div>\n\t\t\t\t<\/div>\n\t\t\t\t\t\t\t<div class=\"elementor-toggle-item\">\n\t\t\t\t\t<div id=\"elementor-tab-title-1793\" class=\"elementor-tab-title\" data-tab=\"3\" role=\"button\" aria-controls=\"elementor-tab-content-1793\" aria-expanded=\"false\">\n\t\t\t\t\t\t\t\t\t\t\t\t<span class=\"elementor-toggle-icon elementor-toggle-icon-left\" aria-hidden=\"true\">\n\t\t\t\t\t\t\t\t\t\t\t\t\t\t\t<span class=\"elementor-toggle-icon-closed\"><i class=\"fas fa-caret-right\"><\/i><\/span>\n\t\t\t\t\t\t\t\t<span class=\"elementor-toggle-icon-opened\"><i class=\"elementor-toggle-icon-opened fas fa-caret-up\"><\/i><\/span>\n\t\t\t\t\t\t\t\t\t\t\t\t\t<\/span>\n\t\t\t\t\t\t\t\t\t\t\t\t<a class=\"elementor-toggle-title\" tabindex=\"0\">RESOLU\u00c7\u00c3O n\u00ba 020\/2015 \u2013 CONSU\/UNIFAP, de 13 de agosto de 2015.<\/a>\n\t\t\t\t\t<\/div>\n\n\t\t\t\t\t<div id=\"elementor-tab-content-1793\" class=\"elementor-tab-content elementor-clearfix\" data-tab=\"3\" role=\"region\" aria-labelledby=\"elementor-tab-title-1793\"><p><span class=\"fontstyle0\">Revoga a Resolu\u00e7\u00e3o n.\u00ba 07\/2015-CONSU e estabelece as diretrizes que regulamentam o preenchimento do Plano de Atividades Individuais do Docente (PAID) e a respectiva distribui\u00e7\u00e3o da carga hor\u00e1ria de trabalho, no \u00e2mbito da Universidade Federal do Amap\u00e1.<\/span> <\/p><p><span class=\"fontstyle0\">AP\u00caNDICE B \u2013 Par\u00e2metros para distribui\u00e7\u00e3o da carga hor\u00e1ria no PAID, por grupo de atividades<\/span> <\/p><ul><li>IV \u2013 ATIVIDADES DE PESQUISA (CH &#8211; SEMANAL PIBITI)<\/li><li><a href=\"http:\/\/www2.unifap.br\/nitt\/files\/2022\/03\/Resolucao_n_20-2015_Estabelece_diretrize_PAID_Revog_res_07-2015.pdf\">RESOLU\u00c7\u00c3O n\u00ba 020\/2015 \u2013 CONSU\/UNIFAP, de 13 de agosto de 2015.<\/a><\/li><\/ul><\/div>\n\t\t\t\t<\/div>\n\t\t\t\t\t\t\t\t<\/div>\n\t\t\t\t\t\t<\/div>\n\t\t\t\t<\/div>\n\t\t\t\t\t<\/div>\n\t\t<\/div>\n\t\t\t\t\t<\/div>\n\t\t<\/section>\n\t\t\t\t\t<\/div>\n\t\t<\/div>\n\t\t\t\t\t<\/div>\n\t\t<\/section>\n\t\t\t\t<section class=\"elementor-section elementor-top-section elementor-element elementor-element-7fcbc32 elementor-section-boxed elementor-section-height-default elementor-section-height-default\" data-id=\"7fcbc32\" data-element_type=\"section\" data-e-type=\"section\">\n\t\t\t\t\t\t<div class=\"elementor-container elementor-column-gap-default\">\n\t\t\t\t\t<div class=\"elementor-column elementor-col-100 elementor-top-column elementor-element elementor-element-6c2f777\" data-id=\"6c2f777\" data-element_type=\"column\" data-e-type=\"column\">\n\t\t\t<div class=\"elementor-widget-wrap\">\n\t\t\t\t\t\t\t<\/div>\n\t\t<\/div>\n\t\t\t\t\t<\/div>\n\t\t<\/section>\n\t\t\t\t<section class=\"elementor-section elementor-top-section elementor-element elementor-element-9a745db elementor-section-boxed elementor-section-height-default elementor-section-height-default\" data-id=\"9a745db\" data-element_type=\"section\" data-e-type=\"section\">\n\t\t\t\t\t\t<div class=\"elementor-container elementor-column-gap-default\">\n\t\t\t\t\t<div class=\"elementor-column elementor-col-100 elementor-top-column elementor-element elementor-element-5512683\" data-id=\"5512683\" data-element_type=\"column\" data-e-type=\"column\">\n\t\t\t<div class=\"elementor-widget-wrap\">\n\t\t\t\t\t\t\t<\/div>\n\t\t<\/div>\n\t\t\t\t\t<\/div>\n\t\t<\/section>\n\t\t\t\t<\/div>\n\t\t","protected":false},"excerpt":{"rendered":"<p>PIBITI Apresentan\u00e7\u00e3o PIBITI &#8211; Programa Institucional de Bolsas de Inicia\u00e7\u00e3o em Desenvolvimento Tecnol\u00f3gico e Inova\u00e7\u00e3o O Programa Institucional de Bolsas de Inicia\u00e7\u00e3o em Desenvolvimento Tecnol\u00f3gico e Inova\u00e7\u00e3o (PIBITI) tem por objetivo estimular os jovens do ensino superior nas atividades, metodologias, conhecimentos e pr\u00e1ticas pr\u00f3prias ao desenvolvimento tecnol\u00f3gico e processos de inova\u00e7\u00e3o. OBJETIVOS Contribuir para a&#8230;<\/p>\n","protected":false},"author":2504,"featured_media":0,"parent":0,"menu_order":0,"comment_status":"closed","ping_status":"closed","template":"","meta":{"inline_featured_image":false,"ngg_post_thumbnail":0,"footnotes":""},"class_list":["post-1343","page","type-page","status-publish","hentry","entry"],"_links":{"self":[{"href":"https:\/\/www2.unifap.br\/nitt\/wp-json\/wp\/v2\/pages\/1343","targetHints":{"allow":["GET"]}}],"collection":[{"href":"https:\/\/www2.unifap.br\/nitt\/wp-json\/wp\/v2\/pages"}],"about":[{"href":"https:\/\/www2.unifap.br\/nitt\/wp-json\/wp\/v2\/types\/page"}],"author":[{"embeddable":true,"href":"https:\/\/www2.unifap.br\/nitt\/wp-json\/wp\/v2\/users\/2504"}],"replies":[{"embeddable":true,"href":"https:\/\/www2.unifap.br\/nitt\/wp-json\/wp\/v2\/comments?post=1343"}],"version-history":[{"count":94,"href":"https:\/\/www2.unifap.br\/nitt\/wp-json\/wp\/v2\/pages\/1343\/revisions"}],"predecessor-version":[{"id":6954,"href":"https:\/\/www2.unifap.br\/nitt\/wp-json\/wp\/v2\/pages\/1343\/revisions\/6954"}],"wp:attachment":[{"href":"https:\/\/www2.unifap.br\/nitt\/wp-json\/wp\/v2\/media?parent=1343"}],"curies":[{"name":"wp","href":"https:\/\/api.w.org\/{rel}","templated":true}]}}