{"id":1689,"date":"2022-03-20T08:39:41","date_gmt":"2022-03-20T11:39:41","guid":{"rendered":"http:\/\/www2.unifap.br\/nitt\/?page_id=1689"},"modified":"2022-03-29T15:29:53","modified_gmt":"2022-03-29T18:29:53","slug":"orientacoes-e-manuais-pibiti","status":"publish","type":"page","link":"https:\/\/www2.unifap.br\/nitt\/orientacoes-e-manuais-pibiti\/","title":{"rendered":"Orienta\u00e7\u00f5es e Manuais PIBITI"},"content":{"rendered":"\t\t<div data-elementor-type=\"wp-page\" data-elementor-id=\"1689\" class=\"elementor elementor-1689\">\n\t\t\t\t\t\t<section class=\"elementor-section elementor-top-section elementor-element elementor-element-45197fe1 elementor-section-content-middle elementor-section-boxed elementor-section-height-default elementor-section-height-default elementor-invisible\" data-id=\"45197fe1\" data-element_type=\"section\" data-e-type=\"section\" data-settings=\"{&quot;animation&quot;:&quot;fadeInUp&quot;,&quot;background_background&quot;:&quot;classic&quot;}\">\n\t\t\t\t\t\t<div class=\"elementor-container elementor-column-gap-no\">\n\t\t\t\t\t<div class=\"elementor-column elementor-col-50 elementor-top-column elementor-element elementor-element-52af2a70\" data-id=\"52af2a70\" data-element_type=\"column\" data-e-type=\"column\">\n\t\t\t<div class=\"elementor-widget-wrap elementor-element-populated\">\n\t\t\t\t\t\t<div class=\"elementor-element elementor-element-52fd61e elementor-widget elementor-widget-heading\" data-id=\"52fd61e\" data-element_type=\"widget\" data-e-type=\"widget\" data-widget_type=\"heading.default\">\n\t\t\t\t<div class=\"elementor-widget-container\">\n\t\t\t\t\t<h3 class=\"elementor-heading-title elementor-size-default\">Orienta\u00e7\u00f5es &amp; Manuais<\/h3>\t\t\t\t<\/div>\n\t\t\t\t<\/div>\n\t\t\t\t<div class=\"elementor-element elementor-element-53e9085f elementor-widget-divider--view-line elementor-widget elementor-widget-divider\" data-id=\"53e9085f\" data-element_type=\"widget\" data-e-type=\"widget\" data-widget_type=\"divider.default\">\n\t\t\t\t<div class=\"elementor-widget-container\">\n\t\t\t\t\t\t\t<div class=\"elementor-divider\">\n\t\t\t<span class=\"elementor-divider-separator\">\n\t\t\t\t\t\t<\/span>\n\t\t<\/div>\n\t\t\t\t\t\t<\/div>\n\t\t\t\t<\/div>\n\t\t\t\t\t<\/div>\n\t\t<\/div>\n\t\t\t\t<div class=\"elementor-column elementor-col-50 elementor-top-column elementor-element elementor-element-18cb8552\" data-id=\"18cb8552\" data-element_type=\"column\" data-e-type=\"column\">\n\t\t\t<div class=\"elementor-widget-wrap elementor-element-populated\">\n\t\t\t\t\t\t<div class=\"elementor-element elementor-element-40e57512 elementor-widget elementor-widget-image\" data-id=\"40e57512\" data-element_type=\"widget\" data-e-type=\"widget\" data-widget_type=\"image.default\">\n\t\t\t\t<div class=\"elementor-widget-container\">\n\t\t\t\t\t\t\t\t\t\t\t\t\t\t\t<img decoding=\"async\" width=\"150\" height=\"71\" src=\"https:\/\/www2.unifap.br\/nitt\/files\/2022\/03\/logo_pibiti.png\" class=\"attachment-thumbnail size-thumbnail wp-image-3079\" alt=\"\" \/>\t\t\t\t\t\t\t\t\t\t\t\t\t\t\t<\/div>\n\t\t\t\t<\/div>\n\t\t\t\t\t<\/div>\n\t\t<\/div>\n\t\t\t\t\t<\/div>\n\t\t<\/section>\n\t\t\t\t<section class=\"elementor-section elementor-top-section elementor-element elementor-element-7a0a8027 elementor-section-boxed elementor-section-height-default elementor-section-height-default elementor-invisible\" data-id=\"7a0a8027\" data-element_type=\"section\" data-e-type=\"section\" data-settings=\"{&quot;animation&quot;:&quot;fadeInUp&quot;}\">\n\t\t\t\t\t\t<div class=\"elementor-container elementor-column-gap-default\">\n\t\t\t\t\t<div class=\"elementor-column elementor-col-100 elementor-top-column elementor-element elementor-element-1ad14ac\" data-id=\"1ad14ac\" data-element_type=\"column\" data-e-type=\"column\">\n\t\t\t<div class=\"elementor-widget-wrap elementor-element-populated\">\n\t\t\t\t\t\t<section class=\"elementor-section elementor-inner-section elementor-element elementor-element-5b76a92d elementor-section-boxed elementor-section-height-default elementor-section-height-default\" data-id=\"5b76a92d\" data-element_type=\"section\" data-e-type=\"section\">\n\t\t\t\t\t\t<div class=\"elementor-container elementor-column-gap-default\">\n\t\t\t\t\t<div class=\"elementor-column elementor-col-100 elementor-inner-column elementor-element elementor-element-627f35f6\" data-id=\"627f35f6\" data-element_type=\"column\" data-e-type=\"column\">\n\t\t\t<div class=\"elementor-widget-wrap elementor-element-populated\">\n\t\t\t\t\t\t<div class=\"elementor-element elementor-element-54af813 elementor-widget elementor-widget-heading\" data-id=\"54af813\" data-element_type=\"widget\" data-e-type=\"widget\" data-widget_type=\"heading.default\">\n\t\t\t\t<div class=\"elementor-widget-container\">\n\t\t\t\t\t<h2 class=\"elementor-heading-title elementor-size-default\">Orienta\u00e7\u00f5es sobre a Entrega do Relat\u00f3rio Parcial do PIBITI<\/h2>\t\t\t\t<\/div>\n\t\t\t\t<\/div>\n\t\t\t\t<div class=\"elementor-element elementor-element-653fa9f6 elementor-widget elementor-widget-text-editor\" data-id=\"653fa9f6\" data-element_type=\"widget\" data-e-type=\"widget\" data-widget_type=\"text-editor.default\">\n\t\t\t\t<div class=\"elementor-widget-container\">\n\t\t\t\t\t\t\t\t\t<p><span style=\"font-size: 16px\">O Relat\u00f3rio Parcial relativo \u00e0s bolsas PIBITI deve ser submetido no SIGAA, nos per\u00edodos estabelecidos pelo respectivo edital, conforme orientado a seguir:<\/span><\/p><ol><li>O envio do relat\u00f3rio parcial dever\u00e1 ser feito pelo discente, atrav\u00e9s do caminho SIGAA \u2192 M\u00f3dulos \u2192 Portal do Discente \u2192 Pesquisa \u2192 Relat\u00f3rios de Inicia\u00e7\u00e3o Cient\u00edfica \u2192 Relat\u00f3rios Parciais \u2192 Enviar (<a href=\"https:\/\/docs.info.ufrn.br\/doku.php?id=suporte:manuais:sigaa:portal_do_discente:pesquisa:relatorios_de_iniciacao_cientifica:relatorios_parciais:enviar\" data-saferedirecturl=\"https:\/\/www.google.com\/url?q=https:\/\/docs.info.ufrn.br\/doku.php?id%3Dsuporte:manuais:sigaa:portal_do_discente:pesquisa:relatorios_de_iniciacao_cientifica:relatorios_parciais:enviar&amp;source=gmail&amp;ust=1647113467359000&amp;usg=AOvVaw295oE_LJK-KCNODH6BBCZj\"><strong>clique para cessar tutorial<\/strong><\/a>).<\/li><li>Ap\u00f3s o envio, o orientador dever\u00e1 emitir parecer, no sistema, sobre o relat\u00f3rio parcial (<strong><a href=\"https:\/\/docs.info.ufrn.br\/doku.php?id=suporte:manuais:sigaa:portal_do_docente:pesquisa:relatorios_de_iniciacao_cientifica:relatorios_parciais:consultar_emitir_parecer\" data-saferedirecturl=\"https:\/\/www.google.com\/url?q=https:\/\/docs.info.ufrn.br\/doku.php?id%3Dsuporte:manuais:sigaa:portal_do_docente:pesquisa:relatorios_de_iniciacao_cientifica:relatorios_parciais:consultar_emitir_parecer&amp;source=gmail&amp;ust=1647113467359000&amp;usg=AOvVaw1LoBkirjY2OiaAjvLV6icc\">clique para acessar tutorial<\/a><\/strong>).<\/li><\/ol><p>Ao t\u00e9rmino do prazo, os bolsistas com pend\u00eancia de relat\u00f3rio ter\u00e3o a inicia\u00e7\u00e3o cient\u00edfica suspensa, conforme regra edital\u00edcia.<\/p><p>D\u00favidas podem ser enviadas para\u00a0<a href=\"mailto:nitt@unifap.br\"><strong>nitt@unifap.br<\/strong><\/a>\u00a0e\u00a0<strong><a href=\"mailto:dpq@unifap.br\">dpq@unifap.br<\/a><\/strong><\/p>\t\t\t\t\t\t\t\t<\/div>\n\t\t\t\t<\/div>\n\t\t\t\t\t<\/div>\n\t\t<\/div>\n\t\t\t\t\t<\/div>\n\t\t<\/section>\n\t\t\t\t<div class=\"elementor-element elementor-element-83e560e elementor-widget elementor-widget-heading\" data-id=\"83e560e\" data-element_type=\"widget\" data-e-type=\"widget\" data-widget_type=\"heading.default\">\n\t\t\t\t<div class=\"elementor-widget-container\">\n\t\t\t\t\t<h2 class=\"elementor-heading-title elementor-size-default\">Aviso para Bolsistas e Orientadores\/as<\/h2>\t\t\t\t<\/div>\n\t\t\t\t<\/div>\n\t\t\t\t<div class=\"elementor-element elementor-element-802a680 elementor-widget elementor-widget-text-editor\" data-id=\"802a680\" data-element_type=\"widget\" data-e-type=\"widget\" data-widget_type=\"text-editor.default\">\n\t\t\t\t<div class=\"elementor-widget-container\">\n\t\t\t\t\t\t\t\t\t<p><a href=\"http:\/\/www2.unifap.br\/nitt\/files\/2017\/08\/Freq.AGOSTO-2017.pdf\">Acesse a frequ\u00eancia de AGOSTO \/ 17 e clique para download AQUI.<\/a><\/p>\t\t\t\t\t\t\t\t<\/div>\n\t\t\t\t<\/div>\n\t\t\t\t\t<\/div>\n\t\t<\/div>\n\t\t\t\t\t<\/div>\n\t\t<\/section>\n\t\t\t\t<\/div>\n\t\t","protected":false},"excerpt":{"rendered":"<p>Orienta\u00e7\u00f5es &amp; Manuais Orienta\u00e7\u00f5es sobre a Entrega do Relat\u00f3rio Parcial do PIBITI O Relat\u00f3rio Parcial relativo \u00e0s bolsas PIBITI deve ser submetido no SIGAA, nos per\u00edodos estabelecidos pelo respectivo edital, conforme orientado a seguir: O envio do relat\u00f3rio parcial dever\u00e1 ser feito pelo discente, atrav\u00e9s do caminho SIGAA \u2192 M\u00f3dulos \u2192 Portal do Discente \u2192&#8230;<\/p>\n","protected":false},"author":2504,"featured_media":0,"parent":0,"menu_order":0,"comment_status":"closed","ping_status":"closed","template":"","meta":{"inline_featured_image":false,"ngg_post_thumbnail":0,"footnotes":""},"class_list":["post-1689","page","type-page","status-publish","hentry","entry"],"_links":{"self":[{"href":"https:\/\/www2.unifap.br\/nitt\/wp-json\/wp\/v2\/pages\/1689","targetHints":{"allow":["GET"]}}],"collection":[{"href":"https:\/\/www2.unifap.br\/nitt\/wp-json\/wp\/v2\/pages"}],"about":[{"href":"https:\/\/www2.unifap.br\/nitt\/wp-json\/wp\/v2\/types\/page"}],"author":[{"embeddable":true,"href":"https:\/\/www2.unifap.br\/nitt\/wp-json\/wp\/v2\/users\/2504"}],"replies":[{"embeddable":true,"href":"https:\/\/www2.unifap.br\/nitt\/wp-json\/wp\/v2\/comments?post=1689"}],"version-history":[{"count":33,"href":"https:\/\/www2.unifap.br\/nitt\/wp-json\/wp\/v2\/pages\/1689\/revisions"}],"predecessor-version":[{"id":3172,"href":"https:\/\/www2.unifap.br\/nitt\/wp-json\/wp\/v2\/pages\/1689\/revisions\/3172"}],"wp:attachment":[{"href":"https:\/\/www2.unifap.br\/nitt\/wp-json\/wp\/v2\/media?parent=1689"}],"curies":[{"name":"wp","href":"https:\/\/api.w.org\/{rel}","templated":true}]}}