{"id":252,"date":"2016-06-27T15:06:01","date_gmt":"2016-06-27T15:06:01","guid":{"rendered":"http:\/\/www2.unifap.br\/nitt\/?page_id=252"},"modified":"2017-09-15T19:33:59","modified_gmt":"2017-09-15T19:33:59","slug":"newsletter-inovaunifap","status":"publish","type":"page","link":"https:\/\/www2.unifap.br\/nitt\/transferencia-de-tecnologia\/newsletter-inovaunifap\/","title":{"rendered":"Newsletter #INOVAUNIFAP"},"content":{"rendered":"<p>Conhe\u00e7a a #INOVAUNIFAP, newsletter do N\u00facleo de Inova\u00e7\u00e3o e Transfer\u00eancia de Tecnologia da Unifap. Trata-se de um compilado integrado de not\u00edcias relativas a temas como Inova\u00e7\u00e3o, Tecnologia, Empreendedorismo e Desenvolvimento, com o objetivo de divulgar oportunidades, bolsas, informa\u00e7\u00f5es e textos. Agradecemos a aten\u00e7\u00e3o e seguimos abertos para a coopera\u00e7\u00e3o e colabora\u00e7\u00e3o. Para se inscrever na #INOVAUNIFAP, envie por favor um e-mail para nitt@unifap.br com o assunto &#8220;INSCRI\u00c7\u00c3O NA NEWSLETTER&#8221;.<\/p>\n<ul>\n<li><a href=\"http:\/\/www2.unifap.br\/nitt\/files\/2017\/02\/INOVAUNIFAP-N.-1-2017.pdf\" target=\"_blank\"><strong>#INOVAUNIFAP | Newsletter do NITT, n. 1 | 2017<\/strong><\/a><\/li>\n<li><strong><a href=\"http:\/\/www2.unifap.br\/nitt\/files\/2017\/03\/INOVAUNIFAP-N.-2-2017.pdf\" target=\"_blank\">#INOVAUNIFAP | Newsletter do NITT, n. 2 | 2017<\/a><\/strong><\/li>\n<li><a href=\"http:\/\/www2.unifap.br\/nitt\/files\/2017\/03\/INOVAUNIFAP-N.-3-2017.pdf\" target=\"_blank\"><strong>#INOVAUNIFAP | Newsletter do NITT, n. 3 | 2017<\/strong><\/a><\/li>\n<li><a href=\"http:\/\/www2.unifap.br\/nitt\/files\/2017\/03\/INOVAUNIFAP-N.-4-2017.pdf\" target=\"_blank\"><strong>#INOVAUNIFAP | Newsletter do NITT, n. 4 | 2017<\/strong><\/a><\/li>\n<li><a href=\"http:\/\/www2.unifap.br\/nitt\/files\/2017\/05\/INOVAUNIFAP-N.-5-2017.pdf\" target=\"_blank\"><strong>#INOVAUNIFAP | Newsletter do NITT, n. 5 | 2017<\/strong><\/a><\/li>\n<li><a href=\"http:\/\/www2.unifap.br\/nitt\/files\/2017\/06\/INOVAUNIFAP-N.-6-2017.pdf\" target=\"_blank\"><strong>#INOVAUNIFAP | Newsletter do NITT, n. 6 | 2017<\/strong><\/a><\/li>\n<li><a href=\"http:\/\/www2.unifap.br\/nitt\/files\/2017\/06\/INOVAUNIFAP-N.-7-2017.pdf\" target=\"_blank\"><strong>#INOVAUNIFAP | Newsletter do NITT, n. 7 | 2017<\/strong><\/a><\/li>\n<li><a href=\"http:\/\/www2.unifap.br\/nitt\/files\/2017\/07\/INOVAUNIFAP-N.-8-2017.pdf\" target=\"_blank\"><strong>#INOVAUNIFAP | Newsletter do NITT, n. 8 | 2017<\/strong><\/a><\/li>\n<li><a href=\"http:\/\/www2.unifap.br\/nitt\/files\/2017\/07\/INOVAUNIFAP-N.-9-2017.pdf\" target=\"_blank\"><strong>#INOVAUNIFAP | Newsletter do NITT, n. 9 | 2017<\/strong><\/a><\/li>\n<li><a href=\"http:\/\/www2.unifap.br\/nitt\/files\/2017\/08\/INOVAUNIFAP-N.-10-2017.pdf\" target=\"_blank\"><strong>#INOVAUNIFAP | Newsletter do NITT, n. 10 | 2017<\/strong><\/a><\/li>\n<li><a href=\"http:\/\/www2.unifap.br\/nitt\/files\/2017\/08\/INOVAUNIFAP-N.-10-2017.pdf\" target=\"_blank\"><strong>#INOVAUNIFAP | Newsletter do NITT, n. 11 | 2017<\/strong><\/a><\/li>\n<li><a href=\"http:\/\/bit.ly\/2vZp9zx\" target=\"_blank\"><strong>#INOVAUNIFAP | Newsletter do NITT, n. 12 | 2017<\/strong><\/a><\/li>\n<\/ul>\n<p>&nbsp;<\/p>\n<p>2016<\/p>\n<ul>\n<li><strong><a href=\"http:\/\/www2.unifap.br\/nitt\/files\/2016\/06\/INOVAUNIFAP-N.-1-2016.pdf\" target=\"_blank\">#INOVAUNIFAP | Newsletter do NITT, n. 1 | 2016<\/a><\/strong><\/li>\n<\/ul>\n<ul>\n<li><strong><a href=\"http:\/\/www2.unifap.br\/nitt\/files\/2016\/07\/INOVAUNIFAP-N.-2-2016.pdf\" target=\"_blank\">#INOVAUNIFAP | Newsletter do NITT, n. 2 | 2016<\/a><\/strong><\/li>\n<\/ul>\n<ul>\n<li><strong><a href=\"http:\/\/www2.unifap.br\/nitt\/files\/2016\/07\/INOVAUNIFAP-N.-3-2016.pdf\" target=\"_blank\">#INOVAUNIFAP | Newsletter do NITT, n. 3 | 2016<\/a><\/strong><\/li>\n<\/ul>\n<ul>\n<li><strong><a href=\"http:\/\/www2.unifap.br\/nitt\/files\/2016\/08\/INOVAUNIFAP-N.-4-2016.pdf\" target=\"_blank\">#INOVAUNIFAP | Newsletter do NITT, n. 4 | 2016<\/a><\/strong><\/li>\n<\/ul>\n<ul>\n<li><strong><a href=\"http:\/\/www2.unifap.br\/nitt\/files\/2016\/08\/INOVAUNIFAP-N.-5-2016.pdf\" target=\"_blank\">#INOVAUNIFAP | Newsletter do NITT, n. 5 | 2016<\/a><\/strong><\/li>\n<\/ul>\n<ul>\n<li><strong><a href=\"http:\/\/www2.unifap.br\/nitt\/files\/2016\/09\/INOVAUNIFAP-N.-6-2016.pdf\" target=\"_blank\">#INOVAUNIFAP | Newsletter do NITT, n. 6 | 2016<\/a><\/strong><\/li>\n<\/ul>\n<ul>\n<li><strong><a href=\"http:\/\/www2.unifap.br\/nitt\/files\/2016\/09\/INOVAUNIFAP-N.-7-2016.pdf\" target=\"_blank\">#INOVAUNIFAP | Newsletter do NITT, n. 7 | 2016<\/a><\/strong><\/li>\n<\/ul>\n<ul>\n<li><strong><\/strong><a href=\"http:\/\/www2.unifap.br\/nitt\/files\/2016\/10\/INOVAUNIFAP-N.-8-2016.pdf\" target=\"_blank\"><strong>#INOVAUNIFAP | Newsletter do NITT, n. 8 | 2016<\/strong><\/a><\/li>\n<\/ul>\n<ul>\n<li><strong><a href=\"http:\/\/www2.unifap.br\/nitt\/files\/2016\/10\/INOVAUNIFAP-N.-9-2016.pdf\" target=\"_blank\">#INOVAUNIFAP | Newsletter do NITT, n. 9 | 2016<\/a><\/strong><\/li>\n<\/ul>\n<ul>\n<li><a href=\"http:\/\/www2.unifap.br\/nitt\/files\/2016\/11\/INOVAUNIFAP-N.-10-2016.pdf\" target=\"_blank\"><strong>#INOVAUNIFAP | Newsletter do NITT, n. 10 | 2016<\/strong><\/a><\/li>\n<\/ul>\n<ul>\n<li><a href=\"http:\/\/www2.unifap.br\/nitt\/files\/2016\/11\/INOVAUNIFAP-N.-11-2016.pdf\" target=\"_blank\"><strong>#INOVAUNIFAP | Newsletter do NITT, n. 11 | 2016<\/strong><\/a><\/li>\n<\/ul>\n","protected":false},"excerpt":{"rendered":"<p>Conhe\u00e7a a #INOVAUNIFAP, newsletter do N\u00facleo de Inova\u00e7\u00e3o e Transfer\u00eancia de Tecnologia da Unifap. Trata-se de um compilado integrado de not\u00edcias relativas a temas como Inova\u00e7\u00e3o, Tecnologia, Empreendedorismo e Desenvolvimento, com o objetivo de divulgar oportunidades, bolsas, informa\u00e7\u00f5es e textos. Agradecemos a aten\u00e7\u00e3o e seguimos abertos para a coopera\u00e7\u00e3o e colabora\u00e7\u00e3o. Para se inscrever na&#8230;<\/p>\n","protected":false},"author":168,"featured_media":0,"parent":49,"menu_order":4,"comment_status":"open","ping_status":"closed","template":"","meta":{"inline_featured_image":false,"ngg_post_thumbnail":0,"footnotes":""},"class_list":["post-252","page","type-page","status-publish","hentry","entry"],"_links":{"self":[{"href":"https:\/\/www2.unifap.br\/nitt\/wp-json\/wp\/v2\/pages\/252","targetHints":{"allow":["GET"]}}],"collection":[{"href":"https:\/\/www2.unifap.br\/nitt\/wp-json\/wp\/v2\/pages"}],"about":[{"href":"https:\/\/www2.unifap.br\/nitt\/wp-json\/wp\/v2\/types\/page"}],"author":[{"embeddable":true,"href":"https:\/\/www2.unifap.br\/nitt\/wp-json\/wp\/v2\/users\/168"}],"replies":[{"embeddable":true,"href":"https:\/\/www2.unifap.br\/nitt\/wp-json\/wp\/v2\/comments?post=252"}],"version-history":[{"count":28,"href":"https:\/\/www2.unifap.br\/nitt\/wp-json\/wp\/v2\/pages\/252\/revisions"}],"predecessor-version":[{"id":458,"href":"https:\/\/www2.unifap.br\/nitt\/wp-json\/wp\/v2\/pages\/252\/revisions\/458"}],"up":[{"embeddable":true,"href":"https:\/\/www2.unifap.br\/nitt\/wp-json\/wp\/v2\/pages\/49"}],"wp:attachment":[{"href":"https:\/\/www2.unifap.br\/nitt\/wp-json\/wp\/v2\/media?parent=252"}],"curies":[{"name":"wp","href":"https:\/\/api.w.org\/{rel}","templated":true}]}}