{"id":3274,"date":"2022-03-29T18:10:38","date_gmt":"2022-03-29T21:10:38","guid":{"rendered":"https:\/\/www2.unifap.br\/nitt\/?page_id=3274"},"modified":"2022-04-07T11:49:17","modified_gmt":"2022-04-07T14:49:17","slug":"protecao-sui-generis","status":"publish","type":"page","link":"https:\/\/www2.unifap.br\/nitt\/protecao-sui-generis\/","title":{"rendered":"Prote\u00e7\u00e3o Sui Generis"},"content":{"rendered":"\t\t<div data-elementor-type=\"wp-page\" data-elementor-id=\"3274\" class=\"elementor elementor-3274\">\n\t\t\t\t\t\t<section class=\"elementor-section elementor-top-section elementor-element elementor-element-221de8fc elementor-section-content-middle elementor-section-boxed elementor-section-height-default elementor-section-height-default elementor-invisible\" data-id=\"221de8fc\" data-element_type=\"section\" data-e-type=\"section\" data-settings=\"{&quot;animation&quot;:&quot;fadeInUp&quot;}\">\n\t\t\t\t\t\t<div class=\"elementor-container elementor-column-gap-no\">\n\t\t\t\t\t<div class=\"elementor-column elementor-col-50 elementor-top-column elementor-element elementor-element-5e7fc816\" data-id=\"5e7fc816\" data-element_type=\"column\" data-e-type=\"column\">\n\t\t\t<div class=\"elementor-widget-wrap elementor-element-populated\">\n\t\t\t\t\t\t<div class=\"elementor-element elementor-element-67e966bf elementor-widget elementor-widget-heading\" data-id=\"67e966bf\" data-element_type=\"widget\" data-e-type=\"widget\" data-widget_type=\"heading.default\">\n\t\t\t\t<div class=\"elementor-widget-container\">\n\t\t\t\t\t<h3 class=\"elementor-heading-title elementor-size-default\">Prote\u00e7\u00e3o \nSui Generis\n<\/h3>\t\t\t\t<\/div>\n\t\t\t\t<\/div>\n\t\t\t\t<div class=\"elementor-element elementor-element-7994fc70 elementor-widget-divider--view-line elementor-widget elementor-widget-divider\" data-id=\"7994fc70\" data-element_type=\"widget\" data-e-type=\"widget\" data-widget_type=\"divider.default\">\n\t\t\t\t<div class=\"elementor-widget-container\">\n\t\t\t\t\t\t\t<div class=\"elementor-divider\">\n\t\t\t<span class=\"elementor-divider-separator\">\n\t\t\t\t\t\t<\/span>\n\t\t<\/div>\n\t\t\t\t\t\t<\/div>\n\t\t\t\t<\/div>\n\t\t\t\t\t<\/div>\n\t\t<\/div>\n\t\t\t\t<div class=\"elementor-column elementor-col-50 elementor-top-column elementor-element elementor-element-68be8afe\" data-id=\"68be8afe\" data-element_type=\"column\" data-e-type=\"column\">\n\t\t\t<div class=\"elementor-widget-wrap elementor-element-populated\">\n\t\t\t\t\t\t<div class=\"elementor-element elementor-element-504a8275 elementor-widget elementor-widget-image\" data-id=\"504a8275\" data-element_type=\"widget\" data-e-type=\"widget\" data-widget_type=\"image.default\">\n\t\t\t\t<div class=\"elementor-widget-container\">\n\t\t\t\t\t\t\t\t\t\t\t\t\t\t\t<img decoding=\"async\" width=\"150\" height=\"150\" src=\"https:\/\/www2.unifap.br\/nitt\/files\/2022\/04\/Marca.png\" class=\"attachment-thumbnail size-thumbnail wp-image-3711\" alt=\"\" \/>\t\t\t\t\t\t\t\t\t\t\t\t\t\t\t<\/div>\n\t\t\t\t<\/div>\n\t\t\t\t\t<\/div>\n\t\t<\/div>\n\t\t\t\t\t<\/div>\n\t\t<\/section>\n\t\t\t\t<section class=\"elementor-section elementor-top-section elementor-element elementor-element-52a820e8 elementor-section-boxed elementor-section-height-default elementor-section-height-default elementor-invisible\" data-id=\"52a820e8\" data-element_type=\"section\" data-e-type=\"section\" data-settings=\"{&quot;animation&quot;:&quot;fadeInUp&quot;}\">\n\t\t\t\t\t\t<div class=\"elementor-container elementor-column-gap-default\">\n\t\t\t\t\t<div class=\"elementor-column elementor-col-100 elementor-top-column elementor-element elementor-element-35eb03f\" data-id=\"35eb03f\" data-element_type=\"column\" data-e-type=\"column\">\n\t\t\t<div class=\"elementor-widget-wrap elementor-element-populated\">\n\t\t\t\t\t\t<div class=\"elementor-element elementor-element-10208ced elementor-widget-divider--view-line_text elementor-widget-divider--element-align-center elementor-widget elementor-widget-divider\" data-id=\"10208ced\" data-element_type=\"widget\" data-e-type=\"widget\" data-widget_type=\"divider.default\">\n\t\t\t\t<div class=\"elementor-widget-container\">\n\t\t\t\t\t\t\t<div class=\"elementor-divider\">\n\t\t\t<span class=\"elementor-divider-separator\">\n\t\t\t\t\t\t\t<span class=\"elementor-divider__text elementor-divider__element\">\n\t\t\t\tTopografia de circuitos integrados\t\t\t\t<\/span>\n\t\t\t\t\t\t<\/span>\n\t\t<\/div>\n\t\t\t\t\t\t<\/div>\n\t\t\t\t<\/div>\n\t\t\t\t\t<\/div>\n\t\t<\/div>\n\t\t\t\t\t<\/div>\n\t\t<\/section>\n\t\t\t\t<section class=\"elementor-section elementor-top-section elementor-element elementor-element-46c3d08 elementor-section-content-middle elementor-section-boxed elementor-section-height-default elementor-section-height-default elementor-invisible\" data-id=\"46c3d08\" data-element_type=\"section\" data-e-type=\"section\" data-settings=\"{&quot;animation&quot;:&quot;fadeInUp&quot;}\">\n\t\t\t\t\t\t<div class=\"elementor-container elementor-column-gap-no\">\n\t\t\t\t\t<div class=\"elementor-column elementor-col-100 elementor-top-column elementor-element elementor-element-6f4753d\" data-id=\"6f4753d\" data-element_type=\"column\" data-e-type=\"column\">\n\t\t\t<div class=\"elementor-widget-wrap elementor-element-populated\">\n\t\t\t\t\t\t<div class=\"elementor-element elementor-element-c144bfa elementor-widget elementor-widget-image\" data-id=\"c144bfa\" data-element_type=\"widget\" data-e-type=\"widget\" data-widget_type=\"image.default\">\n\t\t\t\t<div class=\"elementor-widget-container\">\n\t\t\t\t\t\t\t\t\t\t\t\t\t\t\t<img fetchpriority=\"high\" decoding=\"async\" width=\"300\" height=\"194\" src=\"https:\/\/www2.unifap.br\/nitt\/files\/2022\/04\/13.png\" class=\"attachment-medium size-medium wp-image-3727\" alt=\"\" \/>\t\t\t\t\t\t\t\t\t\t\t\t\t\t\t<\/div>\n\t\t\t\t<\/div>\n\t\t\t\t<div class=\"elementor-element elementor-element-29175012 elementor-widget elementor-widget-text-editor\" data-id=\"29175012\" data-element_type=\"widget\" data-e-type=\"widget\" data-widget_type=\"text-editor.default\">\n\t\t\t\t<div class=\"elementor-widget-container\">\n\t\t\t\t\t\t\t\t\t<p><span style=\"font-weight: 400\">\u00c9 uma s\u00e9rie de imagens relacionadas, constru\u00eddas ou codificadas sob qualquer meio ou forma, que<\/span><span style=\"font-weight: 400\"><br \/><\/span><span style=\"font-weight: 400\">represente a configura\u00e7\u00e3o tridimensional das camadas que comp\u00f5em um circuito integrado, e na qual cada imagem represente, no todo ou em parte, a disposi\u00e7\u00e3o geom\u00e9trica ou arranjos da superf\u00edcie do circuito integrado em qualquer est\u00e1gio de sua concep\u00e7\u00e3o ou manufatura.<\/span><\/p><p><b><i>Prazo de prote\u00e7\u00e3o: <\/i><\/b><span style=\"font-weight: 400\">10 (dez) anos, contados a partir da data de registro ou da <\/span><span style=\"font-weight: 400\">data da primeira explora\u00e7\u00e3o.<\/span><\/p>\t\t\t\t\t\t\t\t<\/div>\n\t\t\t\t<\/div>\n\t\t\t\t<section class=\"elementor-section elementor-inner-section elementor-element elementor-element-4752262 elementor-section-boxed elementor-section-height-default elementor-section-height-default\" data-id=\"4752262\" data-element_type=\"section\" data-e-type=\"section\">\n\t\t\t\t\t\t<div class=\"elementor-container elementor-column-gap-default\">\n\t\t\t\t\t<div class=\"elementor-column elementor-col-50 elementor-inner-column elementor-element elementor-element-d575e64\" data-id=\"d575e64\" data-element_type=\"column\" data-e-type=\"column\">\n\t\t\t<div class=\"elementor-widget-wrap elementor-element-populated\">\n\t\t\t\t\t\t<div class=\"elementor-element elementor-element-ef9c794 elementor-widget elementor-widget-text-editor\" data-id=\"ef9c794\" data-element_type=\"widget\" data-e-type=\"widget\" data-widget_type=\"text-editor.default\">\n\t\t\t\t<div class=\"elementor-widget-container\">\n\t\t\t\t\t\t\t\t\t<p><b><i>Saiba mais sobre o Registro de Topografia de circuitos integrados<\/i><\/b><\/p>\t\t\t\t\t\t\t\t<\/div>\n\t\t\t\t<\/div>\n\t\t\t\t\t<\/div>\n\t\t<\/div>\n\t\t\t\t<div class=\"elementor-column elementor-col-50 elementor-inner-column elementor-element elementor-element-ed13f6f\" data-id=\"ed13f6f\" data-element_type=\"column\" data-e-type=\"column\">\n\t\t\t<div class=\"elementor-widget-wrap elementor-element-populated\">\n\t\t\t\t\t\t<div class=\"elementor-element elementor-element-3c6f4c0 elementor-widget elementor-widget-button\" data-id=\"3c6f4c0\" data-element_type=\"widget\" data-e-type=\"widget\" data-widget_type=\"button.default\">\n\t\t\t\t<div class=\"elementor-widget-container\">\n\t\t\t\t\t\t\t\t\t<div class=\"elementor-button-wrapper\">\n\t\t\t\t\t<a class=\"elementor-button elementor-button-link elementor-size-sm\" href=\"https:\/\/www.gov.br\/inpi\/pt-br\/servicos\/topografias-de-circuitos-integrados\/guia-basico\">\n\t\t\t\t\t\t<span class=\"elementor-button-content-wrapper\">\n\t\t\t\t\t\t\t\t\t<span class=\"elementor-button-text\">ACESSAR<\/span>\n\t\t\t\t\t<\/span>\n\t\t\t\t\t<\/a>\n\t\t\t\t<\/div>\n\t\t\t\t\t\t\t\t<\/div>\n\t\t\t\t<\/div>\n\t\t\t\t\t<\/div>\n\t\t<\/div>\n\t\t\t\t\t<\/div>\n\t\t<\/section>\n\t\t\t\t\t<\/div>\n\t\t<\/div>\n\t\t\t\t\t<\/div>\n\t\t<\/section>\n\t\t\t\t<section class=\"elementor-section elementor-top-section elementor-element elementor-element-98b1954 elementor-section-boxed elementor-section-height-default elementor-section-height-default elementor-invisible\" data-id=\"98b1954\" data-element_type=\"section\" data-e-type=\"section\" data-settings=\"{&quot;animation&quot;:&quot;fadeInUp&quot;}\">\n\t\t\t\t\t\t<div class=\"elementor-container elementor-column-gap-default\">\n\t\t\t\t\t<div class=\"elementor-column elementor-col-100 elementor-top-column elementor-element elementor-element-6a63148\" data-id=\"6a63148\" data-element_type=\"column\" data-e-type=\"column\">\n\t\t\t<div class=\"elementor-widget-wrap elementor-element-populated\">\n\t\t\t\t\t\t<div class=\"elementor-element elementor-element-6405532 elementor-widget-divider--view-line_text elementor-widget-divider--element-align-center elementor-widget elementor-widget-divider\" data-id=\"6405532\" data-element_type=\"widget\" data-e-type=\"widget\" data-widget_type=\"divider.default\">\n\t\t\t\t<div class=\"elementor-widget-container\">\n\t\t\t\t\t\t\t<div class=\"elementor-divider\">\n\t\t\t<span class=\"elementor-divider-separator\">\n\t\t\t\t\t\t\t<span class=\"elementor-divider__text elementor-divider__element\">\n\t\t\t\tCultivar\t\t\t\t<\/span>\n\t\t\t\t\t\t<\/span>\n\t\t<\/div>\n\t\t\t\t\t\t<\/div>\n\t\t\t\t<\/div>\n\t\t\t\t<div class=\"elementor-element elementor-element-b18a4c2 elementor-widget elementor-widget-image\" data-id=\"b18a4c2\" data-element_type=\"widget\" data-e-type=\"widget\" data-widget_type=\"image.default\">\n\t\t\t\t<div class=\"elementor-widget-container\">\n\t\t\t\t\t\t\t\t\t\t\t\t\t\t\t<img decoding=\"async\" width=\"300\" height=\"194\" src=\"https:\/\/www2.unifap.br\/nitt\/files\/2022\/04\/14.png\" class=\"attachment-medium size-medium wp-image-3728\" alt=\"\" \/>\t\t\t\t\t\t\t\t\t\t\t\t\t\t\t<\/div>\n\t\t\t\t<\/div>\n\t\t\t\t\t<\/div>\n\t\t<\/div>\n\t\t\t\t\t<\/div>\n\t\t<\/section>\n\t\t\t\t<section class=\"elementor-section elementor-top-section elementor-element elementor-element-ef8810a elementor-section-boxed elementor-section-height-default elementor-section-height-default elementor-invisible\" data-id=\"ef8810a\" data-element_type=\"section\" data-e-type=\"section\" data-settings=\"{&quot;animation&quot;:&quot;fadeInUp&quot;}\">\n\t\t\t\t\t\t<div class=\"elementor-container elementor-column-gap-default\">\n\t\t\t\t\t<div class=\"elementor-column elementor-col-100 elementor-top-column elementor-element elementor-element-e380281\" data-id=\"e380281\" data-element_type=\"column\" data-e-type=\"column\">\n\t\t\t<div class=\"elementor-widget-wrap elementor-element-populated\">\n\t\t\t\t\t\t<div class=\"elementor-element elementor-element-476efe9 elementor-widget elementor-widget-text-editor\" data-id=\"476efe9\" data-element_type=\"widget\" data-e-type=\"widget\" data-widget_type=\"text-editor.default\">\n\t\t\t\t<div class=\"elementor-widget-container\">\n\t\t\t\t\t\t\t\t\t<p><span style=\"font-weight: 400\">\u00c9 uma determinada forma de uma planta cultivada, correspondendo a um determinado gen\u00f3tipo e fen\u00f3tipo que foi selecionado e recebeu um nome \u00fanico e devidamente registrado com base nas suas caracter\u00edsticas produtivas, decorativas ou outras que o tornem interessante para cultivo.<\/span><\/p>\n<p><span style=\"font-weight: 400\">A Lei n\u00ba 9.456 de 22 de abril de 1997, no Art. 3\u00ba, define Cultivar como: a variedade de qualquer g\u00eanero ou esp\u00e9cie vegetal superior que seja claramente distingu\u00edvel de outras cultivares conhecidas por margem m\u00ednima de descritores, por sua denomina\u00e7\u00e3o pr\u00f3pria, que seja homog\u00eanea e est\u00e1vel quanto aos descritores atrav\u00e9s de gera\u00e7\u00f5es sucessivas e seja de esp\u00e9cie pass\u00edvel de uso pelo complexo agroflorestal, descrita em publica\u00e7\u00e3o especializada dispon\u00edvel e acess\u00edvel ao p\u00fablico, bem como a linhagem componente de h\u00edbridos;<\/span><\/p>\n<p><span style=\"font-weight: 400\">A prote\u00e7\u00e3o se efetua mediante a concess\u00e3o de certificado de Prote\u00e7\u00e3o de Cultivar expedida pelo Minist\u00e9rio da Agricultura, Pecu\u00e1ria e Abastecimento (MAPA) atrav\u00e9s do Servi\u00e7o Nacional de Prote\u00e7\u00e3o de Cultivares (SNPC) assegura a seu titular o direito \u00e0 reprodu\u00e7\u00e3o comercial no territ\u00f3rio brasileiro, ficando vedados a terceiros, durante o prazo de prote\u00e7\u00e3o, a produ\u00e7\u00e3o com fins comerciais, o oferecimento \u00e0 venda ou a comercializa\u00e7\u00e3o, do material de propaga\u00e7\u00e3o da cultivar, sem sua autoriza\u00e7\u00e3o.<\/span><\/p>\n<p><b><i>Prazo de prote\u00e7\u00e3o:<\/i><\/b><span style=\"font-weight: 400\"> 15 (quinze) anos para cultivares em geral e 18 (dezoito) anos para videiras, frut\u00edferas e esp\u00e9cies florestais, sendo que ao final desses prazos a cultivar ir\u00e1 para dom\u00ednio p\u00fablico.<\/span><\/p>\t\t\t\t\t\t\t\t<\/div>\n\t\t\t\t<\/div>\n\t\t\t\t<section class=\"elementor-section elementor-inner-section elementor-element elementor-element-9a38087 elementor-section-boxed elementor-section-height-default elementor-section-height-default\" data-id=\"9a38087\" data-element_type=\"section\" data-e-type=\"section\">\n\t\t\t\t\t\t<div class=\"elementor-container elementor-column-gap-default\">\n\t\t\t\t\t<div class=\"elementor-column elementor-col-50 elementor-inner-column elementor-element elementor-element-fa6d4c4\" data-id=\"fa6d4c4\" data-element_type=\"column\" data-e-type=\"column\">\n\t\t\t<div class=\"elementor-widget-wrap elementor-element-populated\">\n\t\t\t\t\t\t<div class=\"elementor-element elementor-element-1339cce elementor-widget elementor-widget-text-editor\" data-id=\"1339cce\" data-element_type=\"widget\" data-e-type=\"widget\" data-widget_type=\"text-editor.default\">\n\t\t\t\t<div class=\"elementor-widget-container\">\n\t\t\t\t\t\t\t\t\t<p><b><i>Registro de Cultivar<\/i><\/b><\/p>\t\t\t\t\t\t\t\t<\/div>\n\t\t\t\t<\/div>\n\t\t\t\t\t<\/div>\n\t\t<\/div>\n\t\t\t\t<div class=\"elementor-column elementor-col-50 elementor-inner-column elementor-element elementor-element-939ae0f\" data-id=\"939ae0f\" data-element_type=\"column\" data-e-type=\"column\">\n\t\t\t<div class=\"elementor-widget-wrap elementor-element-populated\">\n\t\t\t\t\t\t<div class=\"elementor-element elementor-element-671805c elementor-widget elementor-widget-button\" data-id=\"671805c\" data-element_type=\"widget\" data-e-type=\"widget\" data-widget_type=\"button.default\">\n\t\t\t\t<div class=\"elementor-widget-container\">\n\t\t\t\t\t\t\t\t\t<div class=\"elementor-button-wrapper\">\n\t\t\t\t\t<a class=\"elementor-button elementor-button-link elementor-size-sm\" href=\"https:\/\/sistemas.agricultura.gov.br\/snpc\/cultivarweb\/cultivares_protegidas.php\">\n\t\t\t\t\t\t<span class=\"elementor-button-content-wrapper\">\n\t\t\t\t\t\t\t\t\t<span class=\"elementor-button-text\">ACESSAR<\/span>\n\t\t\t\t\t<\/span>\n\t\t\t\t\t<\/a>\n\t\t\t\t<\/div>\n\t\t\t\t\t\t\t\t<\/div>\n\t\t\t\t<\/div>\n\t\t\t\t\t<\/div>\n\t\t<\/div>\n\t\t\t\t\t<\/div>\n\t\t<\/section>\n\t\t\t\t<div class=\"elementor-element elementor-element-91cb9ca elementor-widget-divider--view-line elementor-widget elementor-widget-divider\" data-id=\"91cb9ca\" data-element_type=\"widget\" data-e-type=\"widget\" data-widget_type=\"divider.default\">\n\t\t\t\t<div class=\"elementor-widget-container\">\n\t\t\t\t\t\t\t<div class=\"elementor-divider\">\n\t\t\t<span class=\"elementor-divider-separator\">\n\t\t\t\t\t\t<\/span>\n\t\t<\/div>\n\t\t\t\t\t\t<\/div>\n\t\t\t\t<\/div>\n\t\t\t\t<div class=\"elementor-element elementor-element-1ee3b27 elementor-widget elementor-widget-text-editor\" data-id=\"1ee3b27\" data-element_type=\"widget\" data-e-type=\"widget\" data-widget_type=\"text-editor.default\">\n\t\t\t\t<div class=\"elementor-widget-container\">\n\t\t\t\t\t\t\t\t\t<p><strong>A cultivar deve atender aos seguintes requisitos para registro:<\/strong><\/p>\t\t\t\t\t\t\t\t<\/div>\n\t\t\t\t<\/div>\n\t\t\t\t\t<\/div>\n\t\t<\/div>\n\t\t\t\t\t<\/div>\n\t\t<\/section>\n\t\t\t\t<section class=\"elementor-section elementor-top-section elementor-element elementor-element-5641070 elementor-section-boxed elementor-section-height-default elementor-section-height-default\" data-id=\"5641070\" data-element_type=\"section\" data-e-type=\"section\">\n\t\t\t\t\t\t<div class=\"elementor-container elementor-column-gap-default\">\n\t\t\t\t\t<div class=\"elementor-column elementor-col-100 elementor-top-column elementor-element elementor-element-e666e5b\" data-id=\"e666e5b\" data-element_type=\"column\" data-e-type=\"column\">\n\t\t\t<div class=\"elementor-widget-wrap elementor-element-populated\">\n\t\t\t\t\t\t<div class=\"elementor-element elementor-element-427f754 elementor-widget elementor-widget-text-editor\" data-id=\"427f754\" data-element_type=\"widget\" data-e-type=\"widget\" data-widget_type=\"text-editor.default\">\n\t\t\t\t<div class=\"elementor-widget-container\">\n\t\t\t\t\t\t\t\t\t<ul><li><span style=\"font-weight: 400\">N\u00e3o ter sido comercializada no Brasil h\u00e1 mais de um ano;<\/span><span style=\"font-weight: 400\"><br \/><\/span><\/li><li><span style=\"font-weight: 400\">N\u00e3o ter sido comercializada no exterior h\u00e1 mais de quatro anos (h\u00e1 mais de seis anos para videiras, frut\u00edferas e esp\u00e9cies florestais);<\/span><span style=\"font-weight: 400\"><br \/><\/span><\/li><li><span style=\"font-weight: 400\">Ser distinta (diferente de outras cujos descritores sejam conhecidos);<\/span><span style=\"font-weight: 400\"><br \/><\/span><\/li><li><span style=\"font-weight: 400\">Ser homog\u00eanea (quanto \u00e0s caracter\u00edsticas em cada ciclo reprodutivo);<\/span><span style=\"font-weight: 400\"><br \/><\/span><\/li><li><span style=\"font-weight: 400\">Ser est\u00e1vel (quanto \u00e0 repeti\u00e7\u00e3o das mesmas caracter\u00edsticas ao longo de gera\u00e7\u00f5es sucessivas);<\/span><\/li><li><span style=\"font-weight: 400\">O requerente deve entregar ao SNPC amostra viva da cultivar, al\u00e9m de manter em seu poder, \u00e0 disposi\u00e7\u00e3o do \u00f3rg\u00e3o, outra amostra, indicando o local onde poder\u00e1 ser encontrada.<\/span><\/li><\/ul>\t\t\t\t\t\t\t\t<\/div>\n\t\t\t\t<\/div>\n\t\t\t\t\t<\/div>\n\t\t<\/div>\n\t\t\t\t\t<\/div>\n\t\t<\/section>\n\t\t\t\t<section class=\"elementor-section elementor-top-section elementor-element elementor-element-dabdb7a elementor-section-boxed elementor-section-height-default elementor-section-height-default elementor-invisible\" data-id=\"dabdb7a\" data-element_type=\"section\" data-e-type=\"section\" data-settings=\"{&quot;animation&quot;:&quot;fadeInUp&quot;,&quot;background_background&quot;:&quot;classic&quot;}\">\n\t\t\t\t\t\t<div class=\"elementor-container elementor-column-gap-default\">\n\t\t\t\t\t<div class=\"elementor-column elementor-col-100 elementor-top-column elementor-element elementor-element-9c7fc5d\" data-id=\"9c7fc5d\" data-element_type=\"column\" data-e-type=\"column\">\n\t\t\t<div class=\"elementor-widget-wrap elementor-element-populated\">\n\t\t\t\t\t\t<div class=\"elementor-element elementor-element-5c9cd23 elementor-widget-divider--view-line_text elementor-widget-divider--element-align-center elementor-widget elementor-widget-divider\" data-id=\"5c9cd23\" data-element_type=\"widget\" data-e-type=\"widget\" data-widget_type=\"divider.default\">\n\t\t\t\t<div class=\"elementor-widget-container\">\n\t\t\t\t\t\t\t<div class=\"elementor-divider\">\n\t\t\t<span class=\"elementor-divider-separator\">\n\t\t\t\t\t\t\t<span class=\"elementor-divider__text elementor-divider__element\">\n\t\t\t\tConhecimento tradicional\t\t\t\t<\/span>\n\t\t\t\t\t\t<\/span>\n\t\t<\/div>\n\t\t\t\t\t\t<\/div>\n\t\t\t\t<\/div>\n\t\t\t\t<div class=\"elementor-element elementor-element-32c95fe elementor-widget elementor-widget-image\" data-id=\"32c95fe\" data-element_type=\"widget\" data-e-type=\"widget\" data-widget_type=\"image.default\">\n\t\t\t\t<div class=\"elementor-widget-container\">\n\t\t\t\t\t\t\t\t\t\t\t\t\t\t\t<img loading=\"lazy\" decoding=\"async\" width=\"300\" height=\"169\" src=\"https:\/\/www2.unifap.br\/nitt\/files\/2022\/04\/4-1.png\" class=\"attachment-medium size-medium wp-image-3784\" alt=\"\" \/>\t\t\t\t\t\t\t\t\t\t\t\t\t\t\t<\/div>\n\t\t\t\t<\/div>\n\t\t\t\t\t<\/div>\n\t\t<\/div>\n\t\t\t\t\t<\/div>\n\t\t<\/section>\n\t\t\t\t<section class=\"elementor-section elementor-top-section elementor-element elementor-element-fb79430 elementor-section-boxed elementor-section-height-default elementor-section-height-default elementor-invisible\" data-id=\"fb79430\" data-element_type=\"section\" data-e-type=\"section\" data-settings=\"{&quot;animation&quot;:&quot;fadeInUp&quot;}\">\n\t\t\t\t\t\t<div class=\"elementor-container elementor-column-gap-default\">\n\t\t\t\t\t<div class=\"elementor-column elementor-col-100 elementor-top-column elementor-element elementor-element-fe9804f\" data-id=\"fe9804f\" data-element_type=\"column\" data-e-type=\"column\">\n\t\t\t<div class=\"elementor-widget-wrap elementor-element-populated\">\n\t\t\t\t\t\t<div class=\"elementor-element elementor-element-deb483b elementor-widget elementor-widget-text-editor\" data-id=\"deb483b\" data-element_type=\"widget\" data-e-type=\"widget\" data-widget_type=\"text-editor.default\">\n\t\t\t\t<div class=\"elementor-widget-container\">\n\t\t\t\t\t\t\t\t\t<p><span style=\"font-weight: 400\">S\u00e3o conhecimentos produzidos e praticados ao longo dos anos e passados de gera\u00e7\u00f5es para gera\u00e7\u00f5es, por povos ind\u00edgenas, quilombolas e comunidades locais, sendo que esse conhecimento faz parte da cultura e identidade desses povos.\u00a0<\/span><\/p><p><span style=\"font-weight: 400\">Tipos de prote\u00e7\u00e3o para Conhecimento tradicional:<\/span><\/p><p><b>PROTE\u00c7\u00c3O POSITIVA:<\/b><span style=\"font-weight: 400\"> refere-se aquisi\u00e7\u00e3o de um direito de propriedade intelectual pelos pr\u00f3prios detentores do Conhecimento Tradicional ou por um direito alternativo previsto em um sistema <\/span><i><span style=\"font-weight: 400\">sui generis<\/span><\/i><span style=\"font-weight: 400\">. Essa prote\u00e7\u00e3o tamb\u00e9m pode se dar de forma contratual (acordos de reparti\u00e7\u00e3o de benef\u00edcios), criando assim mecanismo para que os detentores do direito tenham benef\u00edcios de explora\u00e7\u00f5es comerciais desses conhecimentos.<\/span><\/p><p><b>PROTE\u00c7\u00c3O DEFENSIVA:<\/b><span style=\"font-weight: 400\"> refere-se \u00e0s provis\u00f5es previstas em lei para prevenir pedidos de direitos de propriedade intelectual sobre o conhecimento, express\u00f5es culturais ou produtos, impedindo que terceiros adquiram direitos de propriedade intelectual sobre os conhecimentos tradicionais.\u00a0<\/span><\/p><p><span style=\"font-weight: 400\">A Organiza\u00e7\u00e3o Mundial da Propriedade Intelectual (OMPI) aborda 3 (tr\u00eas) \u00e1reas relacionadas aos conhecimentos tradicionais:<\/span><\/p><p><b>Conhecimentos tradicionais no sentido estrito:<\/b><span style=\"font-weight: 400\"> conhecimentos t\u00e9cnicos, pr\u00e1ticas, aptid\u00f5es e inova\u00e7\u00f5es relacionados como por exemplo, a biodiversidade, a agricultura e a sa\u00fade;<\/span><span style=\"font-weight: 400\"><br \/><\/span><b>Express\u00f5es culturais tradicionais\/express\u00f5es do folclore:<\/b><span style=\"font-weight: 400\"> manifesta\u00e7\u00f5es culturais, como m\u00fasica, arte, desenhos, s\u00edmbolos e representa\u00e7\u00f5es ou execu\u00e7\u00f5es;<\/span><\/p><p><b>Recursos gen\u00e9ticos:<\/b><span style=\"font-weight: 400\"> material gen\u00e9tico com valor real ou potencial encontrado em plantas, animais e microrganismos.<\/span><\/p>\t\t\t\t\t\t\t\t<\/div>\n\t\t\t\t<\/div>\n\t\t\t\t\t<\/div>\n\t\t<\/div>\n\t\t\t\t\t<\/div>\n\t\t<\/section>\n\t\t\t\t<\/div>\n\t\t","protected":false},"excerpt":{"rendered":"<p>Prote\u00e7\u00e3o Sui Generis Topografia de circuitos integrados \u00c9 uma s\u00e9rie de imagens relacionadas, constru\u00eddas ou codificadas sob qualquer meio ou forma, querepresente a configura\u00e7\u00e3o tridimensional das camadas que comp\u00f5em um circuito integrado, e na qual cada imagem represente, no todo ou em parte, a disposi\u00e7\u00e3o geom\u00e9trica ou arranjos da superf\u00edcie do circuito integrado em qualquer&#8230;<\/p>\n","protected":false},"author":3898,"featured_media":0,"parent":0,"menu_order":0,"comment_status":"closed","ping_status":"closed","template":"","meta":{"inline_featured_image":false,"ngg_post_thumbnail":0,"footnotes":""},"class_list":["post-3274","page","type-page","status-publish","hentry","entry"],"_links":{"self":[{"href":"https:\/\/www2.unifap.br\/nitt\/wp-json\/wp\/v2\/pages\/3274","targetHints":{"allow":["GET"]}}],"collection":[{"href":"https:\/\/www2.unifap.br\/nitt\/wp-json\/wp\/v2\/pages"}],"about":[{"href":"https:\/\/www2.unifap.br\/nitt\/wp-json\/wp\/v2\/types\/page"}],"author":[{"embeddable":true,"href":"https:\/\/www2.unifap.br\/nitt\/wp-json\/wp\/v2\/users\/3898"}],"replies":[{"embeddable":true,"href":"https:\/\/www2.unifap.br\/nitt\/wp-json\/wp\/v2\/comments?post=3274"}],"version-history":[{"count":55,"href":"https:\/\/www2.unifap.br\/nitt\/wp-json\/wp\/v2\/pages\/3274\/revisions"}],"predecessor-version":[{"id":4010,"href":"https:\/\/www2.unifap.br\/nitt\/wp-json\/wp\/v2\/pages\/3274\/revisions\/4010"}],"wp:attachment":[{"href":"https:\/\/www2.unifap.br\/nitt\/wp-json\/wp\/v2\/media?parent=3274"}],"curies":[{"name":"wp","href":"https:\/\/api.w.org\/{rel}","templated":true}]}}