{"id":396,"date":"2017-06-12T14:08:24","date_gmt":"2017-06-12T14:08:24","guid":{"rendered":"http:\/\/www2.unifap.br\/nitt\/?page_id=396"},"modified":"2022-03-29T18:52:27","modified_gmt":"2022-03-29T21:52:27","slug":"mapeamento-doutoral-2017","status":"publish","type":"page","link":"https:\/\/www2.unifap.br\/nitt\/mapeamento-doutoral-2017\/","title":{"rendered":"Mapeamento Doutoral 2017"},"content":{"rendered":"\t\t<div data-elementor-type=\"wp-page\" data-elementor-id=\"396\" class=\"elementor elementor-396\">\n\t\t\t\t\t\t<section class=\"elementor-section elementor-top-section elementor-element elementor-element-42bb1efa elementor-section-content-middle elementor-section-boxed elementor-section-height-default elementor-section-height-default elementor-invisible\" data-id=\"42bb1efa\" data-element_type=\"section\" data-e-type=\"section\" data-settings=\"{&quot;animation&quot;:&quot;fadeInUp&quot;,&quot;background_background&quot;:&quot;classic&quot;}\">\n\t\t\t\t\t\t<div class=\"elementor-container elementor-column-gap-no\">\n\t\t\t\t\t<div class=\"elementor-column elementor-col-50 elementor-top-column elementor-element elementor-element-15bf999b\" data-id=\"15bf999b\" data-element_type=\"column\" data-e-type=\"column\">\n\t\t\t<div class=\"elementor-widget-wrap elementor-element-populated\">\n\t\t\t\t\t\t<div class=\"elementor-element elementor-element-5e44bb58 elementor-widget elementor-widget-heading\" data-id=\"5e44bb58\" data-element_type=\"widget\" data-e-type=\"widget\" data-widget_type=\"heading.default\">\n\t\t\t\t<div class=\"elementor-widget-container\">\n\t\t\t\t\t<h3 class=\"elementor-heading-title elementor-size-default\">Mapeamento Doutoral 2017<\/h3>\t\t\t\t<\/div>\n\t\t\t\t<\/div>\n\t\t\t\t<div class=\"elementor-element elementor-element-663512c5 elementor-widget-divider--view-line elementor-widget elementor-widget-divider\" data-id=\"663512c5\" data-element_type=\"widget\" data-e-type=\"widget\" data-widget_type=\"divider.default\">\n\t\t\t\t<div class=\"elementor-widget-container\">\n\t\t\t\t\t\t\t<div class=\"elementor-divider\">\n\t\t\t<span class=\"elementor-divider-separator\">\n\t\t\t\t\t\t<\/span>\n\t\t<\/div>\n\t\t\t\t\t\t<\/div>\n\t\t\t\t<\/div>\n\t\t\t\t\t<\/div>\n\t\t<\/div>\n\t\t\t\t<div class=\"elementor-column elementor-col-50 elementor-top-column elementor-element elementor-element-4705d0f9\" data-id=\"4705d0f9\" data-element_type=\"column\" data-e-type=\"column\">\n\t\t\t<div class=\"elementor-widget-wrap\">\n\t\t\t\t\t\t\t<\/div>\n\t\t<\/div>\n\t\t\t\t\t<\/div>\n\t\t<\/section>\n\t\t\t\t<section class=\"elementor-section elementor-top-section elementor-element elementor-element-583191c0 elementor-section-boxed elementor-section-height-default elementor-section-height-default elementor-invisible\" data-id=\"583191c0\" data-element_type=\"section\" data-e-type=\"section\" data-settings=\"{&quot;animation&quot;:&quot;fadeInUp&quot;}\">\n\t\t\t\t\t\t<div class=\"elementor-container elementor-column-gap-default\">\n\t\t\t\t\t<div class=\"elementor-column elementor-col-100 elementor-top-column elementor-element elementor-element-f7a39c1\" data-id=\"f7a39c1\" data-element_type=\"column\" data-e-type=\"column\">\n\t\t\t<div class=\"elementor-widget-wrap elementor-element-populated\">\n\t\t\t\t\t\t<section class=\"elementor-section elementor-inner-section elementor-element elementor-element-2bd4f30a elementor-section-boxed elementor-section-height-default elementor-section-height-default\" data-id=\"2bd4f30a\" data-element_type=\"section\" data-e-type=\"section\">\n\t\t\t\t\t\t<div class=\"elementor-container elementor-column-gap-default\">\n\t\t\t\t\t<div class=\"elementor-column elementor-col-100 elementor-inner-column elementor-element elementor-element-74c1e4b1\" data-id=\"74c1e4b1\" data-element_type=\"column\" data-e-type=\"column\">\n\t\t\t<div class=\"elementor-widget-wrap elementor-element-populated\">\n\t\t\t\t\t\t<div class=\"elementor-element elementor-element-3ec7c9b6 elementor-widget elementor-widget-text-editor\" data-id=\"3ec7c9b6\" data-element_type=\"widget\" data-e-type=\"widget\" data-widget_type=\"text-editor.default\">\n\t\t\t\t<div class=\"elementor-widget-container\">\n\t\t\t\t\t\t\t\t\t<p>Com o objetivo de dar publicidade, transpar\u00eancia e organizar informa\u00e7\u00f5es de consulta p\u00fablica a respeito da localiza\u00e7\u00e3o, das \u00e1reas de atua\u00e7\u00e3o e dos contatos eletr\u00f4nicos dos\/as pesquisadores\/as da Universidade Federal do Amap\u00e1, o N\u00facleo de Inova\u00e7\u00e3o e Transfer\u00eancia de Tecnologia (NITT), como uma divis\u00e3o da Pr\u00f3-Reitoria de Pesquisa e P\u00f3s-Gradua\u00e7\u00e3o (PROPESPG) desta ICT, convida a todas e todos para conhecer o seu Mapeamento de Pesquisadores\/as Doutores\/as, realizado ao longo dos meses de mar\u00e7o, abril e maio de 2017.<\/p><p>Constru\u00edmos tal banco de informa\u00e7\u00f5es imbu\u00eddos do princ\u00edpio de que tais saberes, concentrados em suas pesquisadoras e pesquisadores, constituem o mais importante ativo da Universidade e s\u00e3o de utilidade n\u00e3o apenas interna, mas externa \u00e0 Universidade e ao dispor de todo o ecossistema regional, nacional e internacional de inova\u00e7\u00e3o, conhecimento e tecnologia. As informa\u00e7\u00f5es dispon\u00edveis dialogam diretamente com o <strong><a href=\"http:\/\/www2.unifap.br\/dpq\/\" target=\"_blank\" rel=\"noopener\">banco de dados do Departamento de Pesquisa (DPQ)<\/a><\/strong>, bem como as informa\u00e7\u00f5es tamb\u00e9m <strong><a href=\"http:\/\/www2.unifap.br\/dpg\/programas-de-pos-graduacao\/\" target=\"_blank\" rel=\"noopener\">dispon\u00edveis no site do Departamento de P\u00f3s-Gradua\u00e7\u00e3o (DPG)<\/a> <\/strong>desta IFES.<\/p><p>Os crit\u00e9rios de mapeamento foram definidos por Departamento e Campi da Unifap, bem como as informa\u00e7\u00f5es foram extra\u00eddas dos Curriculum Lattes dos\/as pesquisadores\/as.\u00a0Pedimos, em caso de qualquer informa\u00e7\u00e3o a ser incorporada ou d\u00favida a ser resolvida, o contato com o e-mail nitt@unifap.br . Obrigado e boa visita!<\/p>\t\t\t\t\t\t\t\t<\/div>\n\t\t\t\t<\/div>\n\t\t\t\t<div class=\"elementor-element elementor-element-2629c50 elementor-widget elementor-widget-text-editor\" data-id=\"2629c50\" data-element_type=\"widget\" data-e-type=\"widget\" data-widget_type=\"text-editor.default\">\n\t\t\t\t<div class=\"elementor-widget-container\">\n\t\t\t\t\t\t\t\t\t<ul><li><strong><a href=\"http:\/\/www2.unifap.br\/nitt\/files\/2017\/06\/MAPEAMENTO-DE-PESQUISADORES.AS-DOUTORES.AS-DO-DEPARTAMENTO-DE-MEIO-AMBIENTE-E-DESENVOLVIMENTO.pdf\" target=\"_blank\" rel=\"noopener\">Departamento de Meio Ambiente e Desenvolvimento (DMAD)<\/a><\/strong><\/li><li><strong><a href=\"http:\/\/www2.unifap.br\/nitt\/files\/2017\/06\/MAPEAMENTO-DE-PESQUISADORES.AS-DOUTORES.AS-DO-DEPARTAMENTO-DE-LETRAS-E-ARTES.pdf\" target=\"_blank\" rel=\"noopener\">Departamento de Letras e Artes (DEPLA)<\/a><\/strong><\/li><li><strong><a href=\"http:\/\/www2.unifap.br\/nitt\/files\/2017\/06\/MAPEAMENTO-DE-PESQUISADORES.AS-DOUTORES.AS-DO-DEPARTAMENTO-DE-EDUCA\u00c7\u00c3O.pdf\" target=\"_blank\" rel=\"noopener\">Departamento de Educa\u00e7\u00e3o (DEDU)<\/a><\/strong><\/li><li><strong><a href=\"http:\/\/www2.unifap.br\/nitt\/files\/2017\/06\/MAPEAMENTO-DE-PESQUISADORES.AS-DOUTORES.AS-DO-DEPARTAMENTO-DE-CI\u00caNCIAS-EXATAS-E-TECNOL\u00d3GICAS.pdf\" target=\"_blank\" rel=\"noopener\">Departamento de Ci\u00eancias Exatas e Tecnol\u00f3gicas (DCET)<\/a><\/strong><\/li><li><a href=\"http:\/\/www2.unifap.br\/nitt\/files\/2017\/06\/MAPEAMENTO-DE-PESQUISADORES.AS-DOUTORES.AS-DO-DEPARTAMENTO-DE-CI\u00caNCIAS-BIOL\u00d3GICAS-E-DA-SA\u00daDE.pdf\" target=\"_blank\" rel=\"noopener\"><strong>Departamento de Ci\u00eancias Biol\u00f3gicas e da Sa\u00fade (DCBS)<\/strong><\/a><\/li><li><a href=\"http:\/\/www2.unifap.br\/nitt\/files\/2017\/06\/MAPEAMENTO-DE-PESQUISADORES.AS-DOUTORES.AS-DO-DEPARTAMENTO-DE-FILOSOFIA-E-CI\u00caNCIAS-HUMANAS.pdf\" target=\"_blank\" rel=\"noopener\"><strong>Departamento de Filosofia e Ci\u00eancias Humanas (DFCH)<\/strong><\/a><\/li><li><strong><a href=\"http:\/\/www2.unifap.br\/nitt\/files\/2017\/06\/MAPEAMENTO-DE-PESQUISADORES.AS-DOUTORES.AS-DO-CAMPUS-SANTANA.pdf\" target=\"_blank\" rel=\"noopener\">Campus Santana<\/a><\/strong><\/li><li><strong><a href=\"http:\/\/www2.unifap.br\/nitt\/files\/2017\/06\/MAPEAMENTO-DE-PESQUISADORES.AS-DOUTORES.AS-DO-CAMPUS-MAZAG\u00c3O.pdf\" target=\"_blank\" rel=\"noopener\">Campus Mazag\u00e3o<\/a><\/strong><\/li><li><strong><a href=\"http:\/\/www2.unifap.br\/nitt\/files\/2017\/06\/MAPEAMENTO-DE-PESQUISADORES.AS-DOUTORES.AS-DO-CAMPUS-BINACIONAL-OIAPOQUE.pdf\" target=\"_blank\" rel=\"noopener\">Campus Binacional\/Oiapoque<\/a><\/strong><\/li><\/ul>\t\t\t\t\t\t\t\t<\/div>\n\t\t\t\t<\/div>\n\t\t\t\t\t<\/div>\n\t\t<\/div>\n\t\t\t\t\t<\/div>\n\t\t<\/section>\n\t\t\t\t\t<\/div>\n\t\t<\/div>\n\t\t\t\t\t<\/div>\n\t\t<\/section>\n\t\t\t\t<section class=\"elementor-section elementor-top-section elementor-element elementor-element-52e1dc5 elementor-section-boxed elementor-section-height-default elementor-section-height-default\" data-id=\"52e1dc5\" data-element_type=\"section\" data-e-type=\"section\">\n\t\t\t\t\t\t<div class=\"elementor-container elementor-column-gap-default\">\n\t\t\t\t\t<div class=\"elementor-column elementor-col-100 elementor-top-column elementor-element elementor-element-730a725\" data-id=\"730a725\" data-element_type=\"column\" data-e-type=\"column\">\n\t\t\t<div class=\"elementor-widget-wrap\">\n\t\t\t\t\t\t\t<\/div>\n\t\t<\/div>\n\t\t\t\t\t<\/div>\n\t\t<\/section>\n\t\t\t\t<\/div>\n\t\t","protected":false},"excerpt":{"rendered":"<p>Mapeamento Doutoral 2017 Com o objetivo de dar publicidade, transpar\u00eancia e organizar informa\u00e7\u00f5es de consulta p\u00fablica a respeito da localiza\u00e7\u00e3o, das \u00e1reas de atua\u00e7\u00e3o e dos contatos eletr\u00f4nicos dos\/as pesquisadores\/as da Universidade Federal do Amap\u00e1, o N\u00facleo de Inova\u00e7\u00e3o e Transfer\u00eancia de Tecnologia (NITT), como uma divis\u00e3o da Pr\u00f3-Reitoria de Pesquisa e P\u00f3s-Gradua\u00e7\u00e3o (PROPESPG) desta&#8230;<\/p>\n","protected":false},"author":168,"featured_media":0,"parent":0,"menu_order":1,"comment_status":"open","ping_status":"open","template":"elementor_header_footer","meta":{"inline_featured_image":false,"ngg_post_thumbnail":0,"footnotes":""},"class_list":["post-396","page","type-page","status-publish","hentry","entry"],"_links":{"self":[{"href":"https:\/\/www2.unifap.br\/nitt\/wp-json\/wp\/v2\/pages\/396","targetHints":{"allow":["GET"]}}],"collection":[{"href":"https:\/\/www2.unifap.br\/nitt\/wp-json\/wp\/v2\/pages"}],"about":[{"href":"https:\/\/www2.unifap.br\/nitt\/wp-json\/wp\/v2\/types\/page"}],"author":[{"embeddable":true,"href":"https:\/\/www2.unifap.br\/nitt\/wp-json\/wp\/v2\/users\/168"}],"replies":[{"embeddable":true,"href":"https:\/\/www2.unifap.br\/nitt\/wp-json\/wp\/v2\/comments?post=396"}],"version-history":[{"count":26,"href":"https:\/\/www2.unifap.br\/nitt\/wp-json\/wp\/v2\/pages\/396\/revisions"}],"predecessor-version":[{"id":3347,"href":"https:\/\/www2.unifap.br\/nitt\/wp-json\/wp\/v2\/pages\/396\/revisions\/3347"}],"wp:attachment":[{"href":"https:\/\/www2.unifap.br\/nitt\/wp-json\/wp\/v2\/media?parent=396"}],"curies":[{"name":"wp","href":"https:\/\/api.w.org\/{rel}","templated":true}]}}