{"id":466,"date":"2017-10-04T00:02:39","date_gmt":"2017-10-04T00:02:39","guid":{"rendered":"http:\/\/www2.unifap.br\/nitt\/?page_id=466"},"modified":"2022-03-20T22:28:34","modified_gmt":"2022-03-21T01:28:34","slug":"registro-de-software","status":"publish","type":"page","link":"https:\/\/www2.unifap.br\/nitt\/chamadas-editais\/registro-de-software\/","title":{"rendered":"Registro de Software"},"content":{"rendered":"<p>1\u00aa CHAMADA P\u00daBLICA INTERNA PARA SELE\u00c7\u00c3O DE PROGRAMAS DE COMPUTADOR, GERADOS NO \u00c2MBITO DA UNIVERSIDADE FEDERAL DO AMAP\u00c1, PARA REGISTRO NO INSTITUTO NACIONAL DA PROPRIEDADE INDUSTRIAL. &#8211; <strong><span style=\"color: #ff0000\"><em>encerrado.<\/em><\/span><\/strong><\/p>\n<p>A Pr\u00f3-Reitoria de Pesquisa e P\u00f3s-Gradua\u00e7\u00e3o da Universidade Federal do Amap\u00e1 (Propespg\/Unifap), por meio do N\u00facleo de Inova\u00e7\u00e3o e Transfer\u00eancia de Tecnologia (NITT\/Unifap), d\u00e1 publicidade a Chamada P\u00fablica Interna para sele\u00e7\u00e3o de programas de computador, gerados no \u00e2mbito da Universidade Federal do Amap\u00e1, para registro no Instituto Nacional da Propriedade Industrial (INPI).<\/p>\n<p><a href=\"http:\/\/www.unifap.br\/public\/index\/download\/id\/203765\" target=\"_blank\" rel=\"noopener noreferrer\"><strong>Clique aqui para acessar a chamada!<\/strong><\/a><\/p>\n<ul>\n<li><strong><a href=\"http:\/\/www2.unifap.br\/nitt\/files\/2017\/10\/RESULTADO-PRELIMINAR-CHAMADA-002-E-003-2017-PATENTE-E-SOFTWARE.pdf\" target=\"_blank\" rel=\"noopener noreferrer\">Publica\u00e7\u00e3o Preliminar das Propostas<\/a><\/strong><\/li>\n<\/ul>\n","protected":false},"excerpt":{"rendered":"<p>1\u00aa CHAMADA P\u00daBLICA INTERNA PARA SELE\u00c7\u00c3O DE PROGRAMAS DE COMPUTADOR, GERADOS NO \u00c2MBITO DA UNIVERSIDADE FEDERAL DO AMAP\u00c1, PARA REGISTRO NO INSTITUTO NACIONAL DA PROPRIEDADE INDUSTRIAL. &#8211; encerrado. A Pr\u00f3-Reitoria de Pesquisa e P\u00f3s-Gradua\u00e7\u00e3o da Universidade Federal do Amap\u00e1 (Propespg\/Unifap), por meio do N\u00facleo de Inova\u00e7\u00e3o e Transfer\u00eancia de Tecnologia (NITT\/Unifap), d\u00e1 publicidade a Chamada&#8230;<\/p>\n","protected":false},"author":168,"featured_media":0,"parent":464,"menu_order":0,"comment_status":"open","ping_status":"open","template":"elementor_header_footer","meta":{"inline_featured_image":false,"ngg_post_thumbnail":0,"footnotes":""},"class_list":["post-466","page","type-page","status-publish","hentry","entry"],"_links":{"self":[{"href":"https:\/\/www2.unifap.br\/nitt\/wp-json\/wp\/v2\/pages\/466","targetHints":{"allow":["GET"]}}],"collection":[{"href":"https:\/\/www2.unifap.br\/nitt\/wp-json\/wp\/v2\/pages"}],"about":[{"href":"https:\/\/www2.unifap.br\/nitt\/wp-json\/wp\/v2\/types\/page"}],"author":[{"embeddable":true,"href":"https:\/\/www2.unifap.br\/nitt\/wp-json\/wp\/v2\/users\/168"}],"replies":[{"embeddable":true,"href":"https:\/\/www2.unifap.br\/nitt\/wp-json\/wp\/v2\/comments?post=466"}],"version-history":[{"count":4,"href":"https:\/\/www2.unifap.br\/nitt\/wp-json\/wp\/v2\/pages\/466\/revisions"}],"predecessor-version":[{"id":1339,"href":"https:\/\/www2.unifap.br\/nitt\/wp-json\/wp\/v2\/pages\/466\/revisions\/1339"}],"up":[{"embeddable":true,"href":"https:\/\/www2.unifap.br\/nitt\/wp-json\/wp\/v2\/pages\/464"}],"wp:attachment":[{"href":"https:\/\/www2.unifap.br\/nitt\/wp-json\/wp\/v2\/media?parent=466"}],"curies":[{"name":"wp","href":"https:\/\/api.w.org\/{rel}","templated":true}]}}