{"id":5446,"date":"2023-04-25T12:48:46","date_gmt":"2023-04-25T15:48:46","guid":{"rendered":"https:\/\/www2.unifap.br\/nitt\/?page_id=5446"},"modified":"2023-04-25T14:17:41","modified_gmt":"2023-04-25T17:17:41","slug":"agenda-do-diretor","status":"publish","type":"page","link":"https:\/\/www2.unifap.br\/nitt\/institucional\/agenda-do-diretor\/","title":{"rendered":"Agenda do Diretor"},"content":{"rendered":"\t\t<div data-elementor-type=\"wp-page\" data-elementor-id=\"5446\" class=\"elementor elementor-5446\">\n\t\t\t\t\t\t<section class=\"elementor-section elementor-top-section elementor-element elementor-element-24e4c36 elementor-section-boxed elementor-section-height-default elementor-section-height-default elementor-invisible\" data-id=\"24e4c36\" data-element_type=\"section\" data-e-type=\"section\" data-settings=\"{&quot;animation&quot;:&quot;fadeInUp&quot;}\">\n\t\t\t\t\t\t<div class=\"elementor-container elementor-column-gap-default\">\n\t\t\t\t\t<div class=\"elementor-column elementor-col-100 elementor-top-column elementor-element elementor-element-19be3ae\" data-id=\"19be3ae\" data-element_type=\"column\" data-e-type=\"column\">\n\t\t\t<div class=\"elementor-widget-wrap elementor-element-populated\">\n\t\t\t\t\t\t<div class=\"elementor-element elementor-element-3567f82c elementor-widget elementor-widget-heading\" data-id=\"3567f82c\" data-element_type=\"widget\" data-e-type=\"widget\" data-widget_type=\"heading.default\">\n\t\t\t\t<div class=\"elementor-widget-container\">\n\t\t\t\t\t<h4 class=\"elementor-heading-title elementor-size-default\">Agenda do Diretor<\/h4>\t\t\t\t<\/div>\n\t\t\t\t<\/div>\n\t\t\t\t\t<\/div>\n\t\t<\/div>\n\t\t\t\t\t<\/div>\n\t\t<\/section>\n\t\t\t\t<section class=\"elementor-section elementor-top-section elementor-element elementor-element-495dd3a elementor-section-boxed elementor-section-height-default elementor-section-height-default elementor-invisible\" data-id=\"495dd3a\" data-element_type=\"section\" data-e-type=\"section\" data-settings=\"{&quot;animation&quot;:&quot;fadeInUp&quot;}\">\n\t\t\t\t\t\t<div class=\"elementor-container elementor-column-gap-default\">\n\t\t\t\t\t<div class=\"elementor-column elementor-col-100 elementor-top-column elementor-element elementor-element-c93b00d\" data-id=\"c93b00d\" data-element_type=\"column\" data-e-type=\"column\">\n\t\t\t<div class=\"elementor-widget-wrap elementor-element-populated\">\n\t\t\t\t\t\t<div class=\"elementor-element elementor-element-0b5dcd4 elementor-widget elementor-widget-text-editor\" data-id=\"0b5dcd4\" data-element_type=\"widget\" data-e-type=\"widget\" data-widget_type=\"text-editor.default\">\n\t\t\t\t<div class=\"elementor-widget-container\">\n\t\t\t\t\t\t\t\t\t<p style=\"text-align: justify\">A <strong>\u201cTranspar\u00eancia de Agendas\u201d<\/strong>, estabelecida pela <a href=\"https:\/\/www.planalto.gov.br\/ccivil_03\/_ato2011-2014\/2013\/lei\/l12813.htm\" target=\"_blank\" rel=\"noopener\">Lei de Conflito de Interesses \u2013 LCI (Lei n\u00ba 12.813, de 16 de maio de 2013)<\/a> e pelo <a href=\"https:\/\/www.planalto.gov.br\/ccivil_03\/_ato2019-2022\/2021\/decreto\/D10889.htm\" target=\"_blank\" rel=\"noopener\">Decreto n\u00ba 10.889, de 9 de dezembro de 2021<\/a>, tem por objetivo maior fortalecer as a\u00e7\u00f5es de integridade no \u00e2mbito do Poder Executivo federal, na medida em que proporciona maior transpar\u00eancia \u00e0s rela\u00e7\u00f5es de representa\u00e7\u00e3o privada de interesses que ocorrem no relacionamento do Governo Federal com o mercado e com os diversos segmentos da sociedade, destinat\u00e1ria final das pol\u00edticas p\u00fablicas.<\/p><p style=\"text-align: justify\">Neste contexto, a implementa\u00e7\u00e3o da \u201cTranspar\u00eancia de Agendas\u201d propicia avan\u00e7os na preven\u00e7\u00e3o ao conflito de interesses, no controle social e na promo\u00e7\u00e3o da \u00e9tica e dos princ\u00edpios constitucionais da impessoalidade, da moralidade e da publicidade na Administra\u00e7\u00e3o P\u00fablica.<\/p><p>A seguir temos dispon\u00edvel a <strong>Agenda do Diretor do N\u00facleo de Inova\u00e7\u00e3o e Transfer\u00eanciade Tecnologia<\/strong>.<\/p>\t\t\t\t\t\t\t\t<\/div>\n\t\t\t\t<\/div>\n\t\t\t\t\t<\/div>\n\t\t<\/div>\n\t\t\t\t\t<\/div>\n\t\t<\/section>\n\t\t\t\t<section class=\"elementor-section elementor-top-section elementor-element elementor-element-19a8015 elementor-section-boxed elementor-section-height-default elementor-section-height-default\" data-id=\"19a8015\" data-element_type=\"section\" data-e-type=\"section\">\n\t\t\t\t\t\t<div class=\"elementor-container elementor-column-gap-default\">\n\t\t\t\t\t<div class=\"elementor-column elementor-col-100 elementor-top-column elementor-element elementor-element-b8db7af\" data-id=\"b8db7af\" data-element_type=\"column\" data-e-type=\"column\">\n\t\t\t<div class=\"elementor-widget-wrap\">\n\t\t\t\t\t\t\t<\/div>\n\t\t<\/div>\n\t\t\t\t\t<\/div>\n\t\t<\/section>\n\t\t\t\t<section class=\"elementor-section elementor-top-section elementor-element elementor-element-9ac211f elementor-section-boxed elementor-section-height-default elementor-section-height-default\" data-id=\"9ac211f\" data-element_type=\"section\" data-e-type=\"section\">\n\t\t\t\t\t\t<div class=\"elementor-container elementor-column-gap-default\">\n\t\t\t\t\t<div class=\"elementor-column elementor-col-100 elementor-top-column elementor-element elementor-element-927757d\" data-id=\"927757d\" data-element_type=\"column\" data-e-type=\"column\">\n\t\t\t<div class=\"elementor-widget-wrap elementor-element-populated\">\n\t\t\t\t\t\t<div class=\"elementor-element elementor-element-6462c09 elementor-invisible elementor-widget elementor-widget-image\" data-id=\"6462c09\" data-element_type=\"widget\" data-e-type=\"widget\" data-settings=\"{&quot;_animation&quot;:&quot;fadeInUp&quot;}\" data-widget_type=\"image.default\">\n\t\t\t\t<div class=\"elementor-widget-container\">\n\t\t\t\t\t\t\t\t\t\t\t\t\t\t\t\t<a href=\"https:\/\/calendar.google.com\/calendar\/u\/0\/embed?src=felipe.monteiro@unifap.br&#038;ctz=America\/Belem\" target=\"_blank\">\n\t\t\t\t\t\t\t<img fetchpriority=\"high\" decoding=\"async\" width=\"300\" height=\"207\" src=\"https:\/\/www2.unifap.br\/nitt\/files\/2023\/04\/google-agenda-300x207.jpg\" class=\"elementor-animation-grow attachment-medium size-medium wp-image-5490\" alt=\"\" srcset=\"https:\/\/www2.unifap.br\/nitt\/files\/2023\/04\/google-agenda-300x207.jpg 300w, https:\/\/www2.unifap.br\/nitt\/files\/2023\/04\/google-agenda-768x530.jpg 768w, https:\/\/www2.unifap.br\/nitt\/files\/2023\/04\/google-agenda.jpg 910w\" sizes=\"(max-width: 300px) 100vw, 300px\" \/>\t\t\t\t\t\t\t\t<\/a>\n\t\t\t\t\t\t\t\t\t\t\t\t\t\t\t<\/div>\n\t\t\t\t<\/div>\n\t\t\t\t\t<\/div>\n\t\t<\/div>\n\t\t\t\t\t<\/div>\n\t\t<\/section>\n\t\t\t\t<section class=\"elementor-section elementor-top-section elementor-element elementor-element-a72285d elementor-section-boxed elementor-section-height-default elementor-section-height-default\" data-id=\"a72285d\" data-element_type=\"section\" data-e-type=\"section\">\n\t\t\t\t\t\t<div class=\"elementor-container elementor-column-gap-default\">\n\t\t\t\t\t<div class=\"elementor-column elementor-col-100 elementor-top-column elementor-element elementor-element-8f0f85b\" data-id=\"8f0f85b\" data-element_type=\"column\" data-e-type=\"column\">\n\t\t\t<div class=\"elementor-widget-wrap\">\n\t\t\t\t\t\t\t<\/div>\n\t\t<\/div>\n\t\t\t\t\t<\/div>\n\t\t<\/section>\n\t\t\t\t<\/div>\n\t\t","protected":false},"excerpt":{"rendered":"<p>Agenda do Diretor A \u201cTranspar\u00eancia de Agendas\u201d, estabelecida pela Lei de Conflito de Interesses \u2013 LCI (Lei n\u00ba 12.813, de 16 de maio de 2013) e pelo Decreto n\u00ba 10.889, de 9 de dezembro de 2021, tem por objetivo maior fortalecer as a\u00e7\u00f5es de integridade no \u00e2mbito do Poder Executivo federal, na medida em que&#8230;<\/p>\n","protected":false},"author":2820,"featured_media":0,"parent":865,"menu_order":2,"comment_status":"closed","ping_status":"closed","template":"elementor_header_footer","meta":{"inline_featured_image":false,"ngg_post_thumbnail":0,"footnotes":""},"class_list":["post-5446","page","type-page","status-publish","hentry","entry"],"_links":{"self":[{"href":"https:\/\/www2.unifap.br\/nitt\/wp-json\/wp\/v2\/pages\/5446","targetHints":{"allow":["GET"]}}],"collection":[{"href":"https:\/\/www2.unifap.br\/nitt\/wp-json\/wp\/v2\/pages"}],"about":[{"href":"https:\/\/www2.unifap.br\/nitt\/wp-json\/wp\/v2\/types\/page"}],"author":[{"embeddable":true,"href":"https:\/\/www2.unifap.br\/nitt\/wp-json\/wp\/v2\/users\/2820"}],"replies":[{"embeddable":true,"href":"https:\/\/www2.unifap.br\/nitt\/wp-json\/wp\/v2\/comments?post=5446"}],"version-history":[{"count":94,"href":"https:\/\/www2.unifap.br\/nitt\/wp-json\/wp\/v2\/pages\/5446\/revisions"}],"predecessor-version":[{"id":5545,"href":"https:\/\/www2.unifap.br\/nitt\/wp-json\/wp\/v2\/pages\/5446\/revisions\/5545"}],"up":[{"embeddable":true,"href":"https:\/\/www2.unifap.br\/nitt\/wp-json\/wp\/v2\/pages\/865"}],"wp:attachment":[{"href":"https:\/\/www2.unifap.br\/nitt\/wp-json\/wp\/v2\/media?parent=5446"}],"curies":[{"name":"wp","href":"https:\/\/api.w.org\/{rel}","templated":true}]}}