{"id":5751,"date":"2023-09-05T12:46:27","date_gmt":"2023-09-05T15:46:27","guid":{"rendered":"https:\/\/www2.unifap.br\/nitt\/?page_id=5751"},"modified":"2024-09-23T09:53:11","modified_gmt":"2024-09-23T12:53:11","slug":"provic-it-editais","status":"publish","type":"page","link":"https:\/\/www2.unifap.br\/nitt\/provic-it-editais\/","title":{"rendered":"PROVIC-IT"},"content":{"rendered":"\t\t<div data-elementor-type=\"wp-page\" data-elementor-id=\"5751\" class=\"elementor elementor-5751\">\n\t\t\t\t\t\t<section class=\"elementor-section elementor-top-section elementor-element elementor-element-1ce8a8e3 elementor-section-content-middle elementor-section-boxed elementor-section-height-default elementor-section-height-default elementor-invisible\" data-id=\"1ce8a8e3\" data-element_type=\"section\" data-e-type=\"section\" data-settings=\"{&quot;animation&quot;:&quot;fadeInUp&quot;,&quot;background_background&quot;:&quot;classic&quot;}\">\n\t\t\t\t\t\t<div class=\"elementor-container elementor-column-gap-no\">\n\t\t\t\t\t<div class=\"elementor-column elementor-col-50 elementor-top-column elementor-element elementor-element-38086301\" data-id=\"38086301\" data-element_type=\"column\" data-e-type=\"column\">\n\t\t\t<div class=\"elementor-widget-wrap elementor-element-populated\">\n\t\t\t\t\t\t<div class=\"elementor-element elementor-element-666caf27 elementor-widget elementor-widget-heading\" data-id=\"666caf27\" data-element_type=\"widget\" data-e-type=\"widget\" data-widget_type=\"heading.default\">\n\t\t\t\t<div class=\"elementor-widget-container\">\n\t\t\t\t\t<h3 class=\"elementor-heading-title elementor-size-default\">Lista de Editais<\/h3>\t\t\t\t<\/div>\n\t\t\t\t<\/div>\n\t\t\t\t<div class=\"elementor-element elementor-element-53ca724a elementor-widget-divider--view-line elementor-widget elementor-widget-divider\" data-id=\"53ca724a\" data-element_type=\"widget\" data-e-type=\"widget\" data-widget_type=\"divider.default\">\n\t\t\t\t<div class=\"elementor-widget-container\">\n\t\t\t\t\t\t\t<div class=\"elementor-divider\">\n\t\t\t<span class=\"elementor-divider-separator\">\n\t\t\t\t\t\t<\/span>\n\t\t<\/div>\n\t\t\t\t\t\t<\/div>\n\t\t\t\t<\/div>\n\t\t\t\t\t<\/div>\n\t\t<\/div>\n\t\t\t\t<div class=\"elementor-column elementor-col-50 elementor-top-column elementor-element elementor-element-7ee29b28\" data-id=\"7ee29b28\" data-element_type=\"column\" data-e-type=\"column\">\n\t\t\t<div class=\"elementor-widget-wrap elementor-element-populated\">\n\t\t\t\t\t\t<div class=\"elementor-element elementor-element-dcb9559 elementor-widget__width-initial elementor-widget elementor-widget-image\" data-id=\"dcb9559\" data-element_type=\"widget\" data-e-type=\"widget\" data-widget_type=\"image.default\">\n\t\t\t\t<div class=\"elementor-widget-container\">\n\t\t\t\t\t\t\t\t\t\t\t\t\t\t\t<img fetchpriority=\"high\" decoding=\"async\" width=\"586\" height=\"169\" src=\"https:\/\/www2.unifap.br\/nitt\/files\/2023\/09\/PROVIC-IT.jpg\" class=\"attachment-large size-large wp-image-5753\" alt=\"\" srcset=\"https:\/\/www2.unifap.br\/nitt\/files\/2023\/09\/PROVIC-IT.jpg 586w, https:\/\/www2.unifap.br\/nitt\/files\/2023\/09\/PROVIC-IT-300x87.jpg 300w\" sizes=\"(max-width: 586px) 100vw, 586px\" \/>\t\t\t\t\t\t\t\t\t\t\t\t\t\t\t<\/div>\n\t\t\t\t<\/div>\n\t\t\t\t\t<\/div>\n\t\t<\/div>\n\t\t\t\t\t<\/div>\n\t\t<\/section>\n\t\t\t\t<section class=\"elementor-section elementor-top-section elementor-element elementor-element-e6cb6d4 elementor-section-boxed elementor-section-height-default elementor-section-height-default\" data-id=\"e6cb6d4\" data-element_type=\"section\" data-e-type=\"section\">\n\t\t\t\t\t\t<div class=\"elementor-container elementor-column-gap-default\">\n\t\t\t\t\t<div class=\"elementor-column elementor-col-100 elementor-top-column elementor-element elementor-element-bb8a822\" data-id=\"bb8a822\" data-element_type=\"column\" data-e-type=\"column\">\n\t\t\t<div class=\"elementor-widget-wrap\">\n\t\t\t\t\t\t\t<\/div>\n\t\t<\/div>\n\t\t\t\t\t<\/div>\n\t\t<\/section>\n\t\t\t\t<section class=\"elementor-section elementor-top-section elementor-element elementor-element-3ee8ec55 elementor-section-boxed elementor-section-height-default elementor-section-height-default elementor-invisible\" data-id=\"3ee8ec55\" data-element_type=\"section\" data-e-type=\"section\" data-settings=\"{&quot;background_background&quot;:&quot;classic&quot;,&quot;animation&quot;:&quot;fadeInUp&quot;}\">\n\t\t\t\t\t\t<div class=\"elementor-container elementor-column-gap-default\">\n\t\t\t\t\t<div class=\"elementor-column elementor-col-100 elementor-top-column elementor-element elementor-element-2e1f2305\" data-id=\"2e1f2305\" data-element_type=\"column\" data-e-type=\"column\">\n\t\t\t<div class=\"elementor-widget-wrap elementor-element-populated\">\n\t\t\t\t\t\t<div class=\"elementor-element elementor-element-74d7c65 elementor-tabs-view-vertical elementor-widget elementor-widget-tabs\" data-id=\"74d7c65\" data-element_type=\"widget\" data-e-type=\"widget\" data-widget_type=\"tabs.default\">\n\t\t\t\t<div class=\"elementor-widget-container\">\n\t\t\t\t\t\t\t<div class=\"elementor-tabs\">\n\t\t\t<div class=\"elementor-tabs-wrapper\" role=\"tablist\" >\n\t\t\t\t\t\t\t\t\t<div id=\"elementor-tab-title-1221\" class=\"elementor-tab-title elementor-tab-desktop-title\" aria-selected=\"true\" data-tab=\"1\" role=\"tab\" tabindex=\"0\" aria-controls=\"elementor-tab-content-1221\" aria-expanded=\"false\">2024<\/div>\n\t\t\t\t\t\t\t\t\t<div id=\"elementor-tab-title-1222\" class=\"elementor-tab-title elementor-tab-desktop-title\" aria-selected=\"false\" data-tab=\"2\" role=\"tab\" tabindex=\"-1\" aria-controls=\"elementor-tab-content-1222\" aria-expanded=\"false\">2023<\/div>\n\t\t\t\t\t\t\t<\/div>\n\t\t\t<div class=\"elementor-tabs-content-wrapper\" role=\"tablist\" aria-orientation=\"vertical\">\n\t\t\t\t\t\t\t\t\t<div class=\"elementor-tab-title elementor-tab-mobile-title\" aria-selected=\"true\" data-tab=\"1\" role=\"tab\" tabindex=\"0\" aria-controls=\"elementor-tab-content-1221\" aria-expanded=\"false\">2024<\/div>\n\t\t\t\t\t<div id=\"elementor-tab-content-1221\" class=\"elementor-tab-content elementor-clearfix\" data-tab=\"1\" role=\"tabpanel\" aria-labelledby=\"elementor-tab-title-1221\" tabindex=\"0\" hidden=\"false\"><ul><li><a href=\"http:\/\/www2.unifap.br\/nitt\/files\/2024\/09\/EDITAL_003_2024_-_PIBITI_V_NITT_V1_assinado_assinado.pdf\" target=\"_blank\" rel=\"noopener\">EDITAL N\u00ba 003\/2024 &#8211; NITT\/PROPESPG\/UNIFAP &#8211; PROVIC-IT<span style=\"color: #0000ff\"> (05\/09\/2024)<\/span><\/a><ul><li><span style=\"color: #ff0000\"><a style=\"color: #ff0000\" href=\"https:\/\/drive.google.com\/drive\/folders\/1B4qW0s50dR6Gkx9bfu7f_kPRjKpB1_so?usp=sharing\" target=\"_blank\" rel=\"noopener\"><span style=\"text-decoration: underline\">Termo de Compromisso<\/span> \/\u00a0<span style=\"text-decoration: underline\">Termo de Sigilo e Confidencialidade<\/span> <span style=\"color: #0000ff\">(05\/09\/2024)<\/span><\/a><\/span><\/li><li><span style=\"color: #ff0000\"><a style=\"color: #ff0000\" href=\"https:\/\/forms.gle\/c3goNN3h454sak5v5\" target=\"_blank\" rel=\"noopener\"><strong>Formul\u00e1rio de Inscri\u00e7\u00e3o: <span style=\"color: #0000ff\">https:\/\/forms.gle\/c3goNN3h454sak5v5<\/span><\/strong><\/a><\/span><\/li><li><span style=\"color: #ff0000\"><a href=\"https:\/\/www2.unifap.br\/nitt\/files\/2024\/09\/Resultado_Final_-_EDITAL_003_2024_-_PROVIC-IT_assinado.pdf\" target=\"_blank\" rel=\"noopener\">Resultado Final (23\/09\/2024)<\/a><\/span><\/li><\/ul><\/li><\/ul><\/div>\n\t\t\t\t\t\t\t\t\t<div class=\"elementor-tab-title elementor-tab-mobile-title\" aria-selected=\"false\" data-tab=\"2\" role=\"tab\" tabindex=\"-1\" aria-controls=\"elementor-tab-content-1222\" aria-expanded=\"false\">2023<\/div>\n\t\t\t\t\t<div id=\"elementor-tab-content-1222\" class=\"elementor-tab-content elementor-clearfix\" data-tab=\"2\" role=\"tabpanel\" aria-labelledby=\"elementor-tab-title-1222\" tabindex=\"0\" hidden=\"hidden\"><ul><li><a href=\"http:\/\/www2.unifap.br\/nitt\/files\/2023\/09\/EDITAL_003_2023_-_PROVIC-IT_NITT_PROPESPG2.pdf\" target=\"_blank\" rel=\"noopener\">EDITAL N\u00ba 003\/2023 &#8211; NITT\/PROPESPG\/UNIFAP &#8211; PROVIC-IT (05\/09\/2023)<\/a><ul><li><span style=\"color: #ff0000\"><a style=\"color: #ff0000\" href=\"https:\/\/drive.google.com\/drive\/folders\/1B4qW0s50dR6Gkx9bfu7f_kPRjKpB1_so?usp=sharing\" target=\"_blank\" rel=\"noopener\"><span style=\"text-decoration: underline\">Termo de Compromisso<\/span> e <span style=\"text-decoration: underline\">Termo de Sigilo e Confidencialidade<\/span> (05\/09\/2023)<\/a><\/span><\/li><li><span style=\"color: #000000\"><strong>Formul\u00e1rio de Inscri\u00e7\u00e3o: <\/strong><\/span><a href=\"https:\/\/forms.gle\/j51oNVc7RnffdC1n9\" target=\"_blank\" rel=\"noopener\">https:\/\/forms.gle\/j51oNVc7RnffdC1n9<\/a><\/li><li><a href=\"https:\/\/www2.unifap.br\/nitt\/files\/2023\/09\/Retificacao-EDITAL-003_2023-PROVIC-IT_NITT.pdf\" target=\"_blank\" rel=\"noopener\">Retifica\u00e7\u00e3o do Edital N\u00ba 003\/2023 (06\/09\/2023)<\/a><\/li><li><a href=\"https:\/\/www2.unifap.br\/nitt\/files\/2023\/09\/Retificacao-2-EDITAL-003_2023-PROVIC-IT_NITT.pdf\" target=\"_blank\" rel=\"noopener\">Retifica\u00e7\u00e3o 2 (Cronograma) do Edital N\u00ba 003\/2023 (15\/09\/2023)<\/a><\/li><li><a href=\"https:\/\/www2.unifap.br\/nitt\/files\/2023\/09\/Resultado-Preliminar-EDITAL-003_2023-PROVIC-IT.pdf\" target=\"_blank\" rel=\"noopener\">Resultado Preliminar (25\/09\/2023)<\/a><\/li><li><a href=\"http:\/\/www2.unifap.br\/nitt\/files\/2023\/09\/Resultado-Final-EDITAL-003_2023-PROVIC-IT-2.pdf\" target=\"_blank\" rel=\"noopener\">Resultado Final (27\/09\/2023)<\/a><\/li><\/ul><\/li><\/ul><\/div>\n\t\t\t\t\t\t\t<\/div>\n\t\t<\/div>\n\t\t\t\t\t\t<\/div>\n\t\t\t\t<\/div>\n\t\t\t\t\t<\/div>\n\t\t<\/div>\n\t\t\t\t\t<\/div>\n\t\t<\/section>\n\t\t\t\t<\/div>\n\t\t","protected":false},"excerpt":{"rendered":"<p>Lista de Editais 2024 2023 2024 EDITAL N\u00ba 003\/2024 &#8211; NITT\/PROPESPG\/UNIFAP &#8211; PROVIC-IT (05\/09\/2024) Termo de Compromisso \/\u00a0Termo de Sigilo e Confidencialidade (05\/09\/2024) Formul\u00e1rio de Inscri\u00e7\u00e3o: https:\/\/forms.gle\/c3goNN3h454sak5v5 Resultado Final (23\/09\/2024) 2023 EDITAL N\u00ba 003\/2023 &#8211; NITT\/PROPESPG\/UNIFAP &#8211; PROVIC-IT (05\/09\/2023) Termo de Compromisso e Termo de Sigilo e Confidencialidade (05\/09\/2023) Formul\u00e1rio de Inscri\u00e7\u00e3o: https:\/\/forms.gle\/j51oNVc7RnffdC1n9 Retifica\u00e7\u00e3o do&#8230;<\/p>\n","protected":false},"author":2820,"featured_media":0,"parent":0,"menu_order":0,"comment_status":"closed","ping_status":"closed","template":"","meta":{"inline_featured_image":false,"ngg_post_thumbnail":0,"footnotes":""},"class_list":["post-5751","page","type-page","status-publish","hentry","entry"],"_links":{"self":[{"href":"https:\/\/www2.unifap.br\/nitt\/wp-json\/wp\/v2\/pages\/5751","targetHints":{"allow":["GET"]}}],"collection":[{"href":"https:\/\/www2.unifap.br\/nitt\/wp-json\/wp\/v2\/pages"}],"about":[{"href":"https:\/\/www2.unifap.br\/nitt\/wp-json\/wp\/v2\/types\/page"}],"author":[{"embeddable":true,"href":"https:\/\/www2.unifap.br\/nitt\/wp-json\/wp\/v2\/users\/2820"}],"replies":[{"embeddable":true,"href":"https:\/\/www2.unifap.br\/nitt\/wp-json\/wp\/v2\/comments?post=5751"}],"version-history":[{"count":64,"href":"https:\/\/www2.unifap.br\/nitt\/wp-json\/wp\/v2\/pages\/5751\/revisions"}],"predecessor-version":[{"id":6659,"href":"https:\/\/www2.unifap.br\/nitt\/wp-json\/wp\/v2\/pages\/5751\/revisions\/6659"}],"wp:attachment":[{"href":"https:\/\/www2.unifap.br\/nitt\/wp-json\/wp\/v2\/media?parent=5751"}],"curies":[{"name":"wp","href":"https:\/\/api.w.org\/{rel}","templated":true}]}}