{"id":744,"date":"2021-10-08T14:50:28","date_gmt":"2021-10-08T14:50:28","guid":{"rendered":"http:\/\/www2.unifap.br\/nitt\/?page_id=744"},"modified":"2022-04-07T15:43:03","modified_gmt":"2022-04-07T18:43:03","slug":"pedidos-de-registro-de-modelo-de-utilidade","status":"publish","type":"page","link":"https:\/\/www2.unifap.br\/nitt\/vitrine-tecnologica\/pedidos-de-registro-de-modelo-de-utilidade\/","title":{"rendered":"Pedidos de registro de modelo de utilidade"},"content":{"rendered":"\t\t<div data-elementor-type=\"wp-page\" data-elementor-id=\"744\" class=\"elementor elementor-744\">\n\t\t\t\t\t\t<section class=\"elementor-section elementor-top-section elementor-element elementor-element-3fd5217b elementor-section-content-middle elementor-section-boxed elementor-section-height-default elementor-section-height-default elementor-invisible\" data-id=\"3fd5217b\" data-element_type=\"section\" data-e-type=\"section\" data-settings=\"{&quot;animation&quot;:&quot;fadeInUp&quot;,&quot;background_background&quot;:&quot;classic&quot;}\">\n\t\t\t\t\t\t<div class=\"elementor-container elementor-column-gap-no\">\n\t\t\t\t\t<div class=\"elementor-column elementor-col-50 elementor-top-column elementor-element elementor-element-78fcb2b2\" data-id=\"78fcb2b2\" data-element_type=\"column\" data-e-type=\"column\">\n\t\t\t<div class=\"elementor-widget-wrap elementor-element-populated\">\n\t\t\t\t\t\t<div class=\"elementor-element elementor-element-b8f5bb2 elementor-widget elementor-widget-heading\" data-id=\"b8f5bb2\" data-element_type=\"widget\" data-e-type=\"widget\" data-widget_type=\"heading.default\">\n\t\t\t\t<div class=\"elementor-widget-container\">\n\t\t\t\t\t<h3 class=\"elementor-heading-title elementor-size-default\">Pedidos de registro de modelo de utilidade<\/h3>\t\t\t\t<\/div>\n\t\t\t\t<\/div>\n\t\t\t\t<div class=\"elementor-element elementor-element-ab60a7f elementor-widget elementor-widget-text-editor\" data-id=\"ab60a7f\" data-element_type=\"widget\" data-e-type=\"widget\" data-widget_type=\"text-editor.default\">\n\t\t\t\t<div class=\"elementor-widget-container\">\n\t\t\t\t\t\t\t\t\t<p>A UNIFAP \u00e9 detentora dos direitos de tr\u00eas pedidos de patente de modelo de utilidade (MU). Os\u00a0modelos de utilidade s\u00e3o objetos de uso pr\u00e1tico, ou partes deste, suscet\u00edveis de aplica\u00e7\u00e3o industrial, que apresentem nova forma ou disposi\u00e7\u00e3o, envolvendo ato inventivo.<\/p>\t\t\t\t\t\t\t\t<\/div>\n\t\t\t\t<\/div>\n\t\t\t\t<div class=\"elementor-element elementor-element-1d724b3b elementor-widget-divider--view-line elementor-widget elementor-widget-divider\" data-id=\"1d724b3b\" data-element_type=\"widget\" data-e-type=\"widget\" data-widget_type=\"divider.default\">\n\t\t\t\t<div class=\"elementor-widget-container\">\n\t\t\t\t\t\t\t<div class=\"elementor-divider\">\n\t\t\t<span class=\"elementor-divider-separator\">\n\t\t\t\t\t\t<\/span>\n\t\t<\/div>\n\t\t\t\t\t\t<\/div>\n\t\t\t\t<\/div>\n\t\t\t\t\t<\/div>\n\t\t<\/div>\n\t\t\t\t<div class=\"elementor-column elementor-col-50 elementor-top-column elementor-element elementor-element-684d6860\" data-id=\"684d6860\" data-element_type=\"column\" data-e-type=\"column\">\n\t\t\t<div class=\"elementor-widget-wrap elementor-element-populated\">\n\t\t\t\t\t\t<div class=\"elementor-element elementor-element-15b12668 elementor-widget elementor-widget-image\" data-id=\"15b12668\" data-element_type=\"widget\" data-e-type=\"widget\" data-widget_type=\"image.default\">\n\t\t\t\t<div class=\"elementor-widget-container\">\n\t\t\t\t\t\t\t\t\t\t\t\t\t\t\t<img decoding=\"async\" width=\"150\" height=\"150\" src=\"http:\/\/www2.unifap.br\/nitt\/files\/2022\/03\/Design-sem-nome-3.png\" class=\"attachment-thumbnail size-thumbnail wp-image-2690\" alt=\"\" \/>\t\t\t\t\t\t\t\t\t\t\t\t\t\t\t<\/div>\n\t\t\t\t<\/div>\n\t\t\t\t\t<\/div>\n\t\t<\/div>\n\t\t\t\t\t<\/div>\n\t\t<\/section>\n\t\t\t\t<section class=\"elementor-section elementor-top-section elementor-element elementor-element-823a73b elementor-section-boxed elementor-section-height-default elementor-section-height-default elementor-invisible\" data-id=\"823a73b\" data-element_type=\"section\" data-e-type=\"section\" data-settings=\"{&quot;background_background&quot;:&quot;classic&quot;,&quot;animation&quot;:&quot;fadeInUp&quot;}\">\n\t\t\t\t\t\t<div class=\"elementor-container elementor-column-gap-default\">\n\t\t\t\t\t<div class=\"elementor-column elementor-col-50 elementor-top-column elementor-element elementor-element-04bfd7c\" data-id=\"04bfd7c\" data-element_type=\"column\" data-e-type=\"column\">\n\t\t\t<div class=\"elementor-widget-wrap elementor-element-populated\">\n\t\t\t\t\t\t<div class=\"elementor-element elementor-element-46ca073 elementor-widget elementor-widget-image\" data-id=\"46ca073\" data-element_type=\"widget\" data-e-type=\"widget\" data-widget_type=\"image.default\">\n\t\t\t\t<div class=\"elementor-widget-container\">\n\t\t\t\t\t\t\t\t\t\t\t\t\t\t\t<img fetchpriority=\"high\" decoding=\"async\" width=\"225\" height=\"317\" src=\"http:\/\/www2.unifap.br\/nitt\/files\/2021\/10\/2-1.jpg\" class=\"attachment-full size-full wp-image-830\" alt=\"\" srcset=\"http:\/\/www2.unifap.br\/nitt\/files\/2021\/10\/2-1.jpg 225w, http:\/\/www2.unifap.br\/nitt\/files\/2021\/10\/2-1-213x300.jpg 213w\" sizes=\"(max-width: 225px) 100vw, 225px\" \/>\t\t\t\t\t\t\t\t\t\t\t\t\t\t\t<\/div>\n\t\t\t\t<\/div>\n\t\t\t\t\t<\/div>\n\t\t<\/div>\n\t\t\t\t<div class=\"elementor-column elementor-col-50 elementor-top-column elementor-element elementor-element-4ac6879\" data-id=\"4ac6879\" data-element_type=\"column\" data-e-type=\"column\">\n\t\t\t<div class=\"elementor-widget-wrap elementor-element-populated\">\n\t\t\t\t\t\t<div class=\"elementor-element elementor-element-b14d4a6 elementor-widget elementor-widget-text-editor\" data-id=\"b14d4a6\" data-element_type=\"widget\" data-e-type=\"widget\" data-widget_type=\"text-editor.default\">\n\t\t\t\t<div class=\"elementor-widget-container\">\n\t\t\t\t\t\t\t\t\t<table>\n<tbody>\n<tr>\n<td><b>Nome<\/b><\/td>\n<td>\n<h2 style=\"color:#ffff\"><strong>DESPOLPADEIRA FOTOVOLTAICA DE A\u00c7A\u00cd<\/strong><\/h2>\n<\/td>\n<\/tr>\n<tr>\n<td><b>Descri\u00e7\u00e3o (resumo)<\/b><\/td>\n<td><span style=\"font-weight: 400\">A Despolpadeira Fotovoltaica de A\u00e7a\u00ed \u00e9 uma m\u00e1quina acionada por um gerador fotovoltaico de forma direta, eliminando assim o uso de banco de baterias e mantendo apenas o gerador fotovoltaico conectado a um conversor de frequ\u00eancia.<\/span><\/td>\n<\/tr>\n<tr>\n<td><b>Titular<\/b><\/td>\n<td><span style=\"font-weight: 400\">Universidade Federal do Amap\u00e1 (UNIFAP)<\/span><\/td>\n<\/tr>\n<tr>\n<td><b>Inventor<\/b><\/td>\n<td><span style=\"font-weight: 400\">Dr Alaan Ubaiara<\/span><\/td>\n<\/tr>\n<tr>\n<td><b>N\u00ba do Pedido<\/b><\/td>\n<td><span style=\"font-weight: 400\">BR 20 2017 020482 6 U2<\/span><\/td>\n<\/tr>\n<tr>\n<td><b>Data do dep\u00f3sito<\/b><\/td>\n<td><span style=\"font-weight: 400\">25\/09\/2017<\/span><\/td>\n<\/tr>\n<\/tbody>\n<\/table>\t\t\t\t\t\t\t\t<\/div>\n\t\t\t\t<\/div>\n\t\t\t\t\t<\/div>\n\t\t<\/div>\n\t\t\t\t\t<\/div>\n\t\t<\/section>\n\t\t\t\t<section class=\"elementor-section elementor-top-section elementor-element elementor-element-1c812a1 elementor-section-boxed elementor-section-height-default elementor-section-height-default elementor-invisible\" data-id=\"1c812a1\" data-element_type=\"section\" data-e-type=\"section\" data-settings=\"{&quot;animation&quot;:&quot;fadeInUp&quot;}\">\n\t\t\t\t\t\t<div class=\"elementor-container elementor-column-gap-default\">\n\t\t\t\t\t<div class=\"elementor-column elementor-col-50 elementor-top-column elementor-element elementor-element-b664f81\" data-id=\"b664f81\" data-element_type=\"column\" data-e-type=\"column\">\n\t\t\t<div class=\"elementor-widget-wrap elementor-element-populated\">\n\t\t\t\t\t\t<div class=\"elementor-element elementor-element-84391f7 elementor-widget elementor-widget-image\" data-id=\"84391f7\" data-element_type=\"widget\" data-e-type=\"widget\" data-widget_type=\"image.default\">\n\t\t\t\t<div class=\"elementor-widget-container\">\n\t\t\t\t\t\t\t\t\t\t\t\t\t\t\t<img decoding=\"async\" width=\"461\" height=\"538\" src=\"http:\/\/www2.unifap.br\/nitt\/files\/2021\/10\/Sem-t\u00edtulo-1.jpg\" class=\"attachment-large size-large wp-image-833\" alt=\"\" srcset=\"http:\/\/www2.unifap.br\/nitt\/files\/2021\/10\/Sem-t\u00edtulo-1.jpg 461w, http:\/\/www2.unifap.br\/nitt\/files\/2021\/10\/Sem-t\u00edtulo-1-257x300.jpg 257w\" sizes=\"(max-width: 461px) 100vw, 461px\" \/>\t\t\t\t\t\t\t\t\t\t\t\t\t\t\t<\/div>\n\t\t\t\t<\/div>\n\t\t\t\t\t<\/div>\n\t\t<\/div>\n\t\t\t\t<div class=\"elementor-column elementor-col-50 elementor-top-column elementor-element elementor-element-952935b\" data-id=\"952935b\" data-element_type=\"column\" data-e-type=\"column\">\n\t\t\t<div class=\"elementor-widget-wrap elementor-element-populated\">\n\t\t\t\t\t\t<div class=\"elementor-element elementor-element-dbf3616 elementor-widget elementor-widget-text-editor\" data-id=\"dbf3616\" data-element_type=\"widget\" data-e-type=\"widget\" data-widget_type=\"text-editor.default\">\n\t\t\t\t<div class=\"elementor-widget-container\">\n\t\t\t\t\t\t\t\t\t<table><tbody><tr><td><p><b>Nome<\/b><\/p><\/td><td><h2><strong>M\u00c1QUINA DE PASSAR ROUPA AUTOMATIZADA<\/strong><\/h2><\/td><\/tr><tr><td><p><b>Descri\u00e7\u00e3o (resumo)<\/b><\/p><\/td><td><p><span style=\"font-weight: 400\">A m\u00e1quina de passar roupa automatizada \u00e9 uma tecnologia que conta atuadores e sensores a serem utilizados, que permite que a roupa seja passada a partir de vapores de \u00e1gua, sem utilizar prensa, ferro ou qualquer fonte de fogo para gerar vapor, podendo passar mais de uma pe\u00e7a de roupa por vez.\u00a0<\/span><\/p><\/td><\/tr><tr><td><p><b>Titular<\/b><\/p><\/td><td><p><span style=\"font-weight: 400\">Universidade Federal do Amap\u00e1 (UNIFAP)<\/span><\/p><\/td><\/tr><tr><td><p><b>Inventor<\/b><\/p><\/td><td><p><span style=\"font-weight: 400\">Aksel Campos<\/span><\/p><\/td><\/tr><tr><td><p><b>N\u00ba do Pedido<\/b><\/p><\/td><td><p><span style=\"font-weight: 400\">BR 20 2019 008553 9<\/span><\/p><\/td><\/tr><tr><td><p><b>Data do dep\u00f3sito<\/b><\/p><\/td><td><p><span style=\"font-weight: 400\">26\/04\/2019<\/span><\/p><\/td><\/tr><\/tbody><\/table>\t\t\t\t\t\t\t\t<\/div>\n\t\t\t\t<\/div>\n\t\t\t\t\t<\/div>\n\t\t<\/div>\n\t\t\t\t\t<\/div>\n\t\t<\/section>\n\t\t\t\t<section class=\"elementor-section elementor-top-section elementor-element elementor-element-a1b1ea7 elementor-section-boxed elementor-section-height-default elementor-section-height-default elementor-invisible\" data-id=\"a1b1ea7\" data-element_type=\"section\" data-e-type=\"section\" data-settings=\"{&quot;background_background&quot;:&quot;classic&quot;,&quot;animation&quot;:&quot;fadeInUp&quot;}\">\n\t\t\t\t\t\t<div class=\"elementor-container elementor-column-gap-default\">\n\t\t\t\t\t<div class=\"elementor-column elementor-col-50 elementor-top-column elementor-element elementor-element-b81afdd\" data-id=\"b81afdd\" data-element_type=\"column\" data-e-type=\"column\">\n\t\t\t<div class=\"elementor-widget-wrap elementor-element-populated\">\n\t\t\t\t\t\t<div class=\"elementor-element elementor-element-f65169d elementor-widget elementor-widget-image\" data-id=\"f65169d\" data-element_type=\"widget\" data-e-type=\"widget\" data-widget_type=\"image.default\">\n\t\t\t\t<div class=\"elementor-widget-container\">\n\t\t\t\t\t\t\t\t\t\t\t\t\t\t\t<img loading=\"lazy\" decoding=\"async\" width=\"1080\" height=\"1080\" src=\"http:\/\/www2.unifap.br\/nitt\/files\/2022\/03\/dia-da-escola-2.png\" class=\"attachment-full size-full wp-image-3363\" alt=\"\" \/>\t\t\t\t\t\t\t\t\t\t\t\t\t\t\t<\/div>\n\t\t\t\t<\/div>\n\t\t\t\t\t<\/div>\n\t\t<\/div>\n\t\t\t\t<div class=\"elementor-column elementor-col-50 elementor-top-column elementor-element elementor-element-9e4f37a\" data-id=\"9e4f37a\" data-element_type=\"column\" data-e-type=\"column\">\n\t\t\t<div class=\"elementor-widget-wrap elementor-element-populated\">\n\t\t\t\t\t\t<div class=\"elementor-element elementor-element-ce012f4 elementor-widget elementor-widget-text-editor\" data-id=\"ce012f4\" data-element_type=\"widget\" data-e-type=\"widget\" data-widget_type=\"text-editor.default\">\n\t\t\t\t<div class=\"elementor-widget-container\">\n\t\t\t\t\t\t\t\t\t<table><tbody><tr><td><b>Nome<\/b><\/td><td><h2 style=\"color: #ffff\"><strong>BANCADA DID\u00c1TICA PARA ENSINO DE SISTEMAS FOTOVOLTAICOS CONECTADOS \u00c0 REDE DE BAIXA TENS\u00c3O<\/strong><\/h2><\/td><\/tr><tr><td><b>Descri\u00e7\u00e3o (resumo)<\/b><\/td><td><p><span style=\"font-weight: 400\">A BANCADA DID\u00c1TICA PARA ENSINO DE SISTEMAS FOTOVOLTAICOS <\/span><span style=\"font-weight: 400\">CONECTADOS \u00c0 REDE tem como premissa ser um instrumento de facilita\u00e7\u00e3o da difus\u00e3o do conhecimento, possibilitando a experi\u00eancia de se ter uma viv\u00eancia pr\u00e1tica desses sistemas e suas nuances e do recurso solar, auxiliando no entendimento do processo de gera\u00e7\u00e3o de energia fotovoltaica de forma distribu\u00edda e da sua compatibilidade com a energia el\u00e9trica da rede de distribui\u00e7\u00e3o, seja com rela\u00e7\u00e3o \u00e0 energia consumida da rede ou com rela\u00e7\u00e3o \u00e0 energia avertida \u00e0 rede, tendo em vista a compatibilidade el\u00e9trica e a mitiga\u00e7\u00e3o de efeitos negativos e a disponibilidade do recurso solar e a influ\u00eancia das intemp\u00e9ries. Desta forma, a bancada did\u00e1tica apresenta dois diferenciais que s\u00e3o a atua\u00e7\u00e3o em sistemas fotovoltaicos conectados \u00e0 rede (on grid) e a mobilidade, visto que est\u00e1 disposta em forma de maleta, possibilitando<\/span><\/p><p><span style=\"font-weight: 400\">testes em campo.<\/span><\/p><\/td><\/tr><tr><td><b>Titular<\/b><\/td><td><span style=\"font-weight: 400\">Universidade Federal do Amap\u00e1 (UNIFAP)<\/span><\/td><\/tr><tr><td><b>Inventor<\/b><\/td><td><span style=\"font-weight: 400\">Dr Alaan Ubaiara<\/span><\/td><\/tr><tr><td><b>N\u00ba do Pedido<\/b><\/td><td><span style=\"font-weight: 400\">BR 20 2021 007849 4<\/span><\/td><\/tr><tr><td><b>Data do dep\u00f3sito<\/b><\/td><td><span style=\"font-weight: 400\">26\/04\/2021<\/span><\/td><\/tr><\/tbody><\/table>\t\t\t\t\t\t\t\t<\/div>\n\t\t\t\t<\/div>\n\t\t\t\t\t<\/div>\n\t\t<\/div>\n\t\t\t\t\t<\/div>\n\t\t<\/section>\n\t\t\t\t<\/div>\n\t\t","protected":false},"excerpt":{"rendered":"<p>Pedidos de registro de modelo de utilidade A UNIFAP \u00e9 detentora dos direitos de tr\u00eas pedidos de patente de modelo de utilidade (MU). Os\u00a0modelos de utilidade s\u00e3o objetos de uso pr\u00e1tico, ou partes deste, suscet\u00edveis de aplica\u00e7\u00e3o industrial, que apresentem nova forma ou disposi\u00e7\u00e3o, envolvendo ato inventivo. Nome DESPOLPADEIRA FOTOVOLTAICA DE A\u00c7A\u00cd Descri\u00e7\u00e3o (resumo) A&#8230;<\/p>\n","protected":false},"author":3810,"featured_media":0,"parent":704,"menu_order":0,"comment_status":"closed","ping_status":"closed","template":"","meta":{"inline_featured_image":false,"ngg_post_thumbnail":0,"footnotes":""},"class_list":["post-744","page","type-page","status-publish","hentry","entry"],"_links":{"self":[{"href":"https:\/\/www2.unifap.br\/nitt\/wp-json\/wp\/v2\/pages\/744","targetHints":{"allow":["GET"]}}],"collection":[{"href":"https:\/\/www2.unifap.br\/nitt\/wp-json\/wp\/v2\/pages"}],"about":[{"href":"https:\/\/www2.unifap.br\/nitt\/wp-json\/wp\/v2\/types\/page"}],"author":[{"embeddable":true,"href":"https:\/\/www2.unifap.br\/nitt\/wp-json\/wp\/v2\/users\/3810"}],"replies":[{"embeddable":true,"href":"https:\/\/www2.unifap.br\/nitt\/wp-json\/wp\/v2\/comments?post=744"}],"version-history":[{"count":127,"href":"https:\/\/www2.unifap.br\/nitt\/wp-json\/wp\/v2\/pages\/744\/revisions"}],"predecessor-version":[{"id":5376,"href":"https:\/\/www2.unifap.br\/nitt\/wp-json\/wp\/v2\/pages\/744\/revisions\/5376"}],"up":[{"embeddable":true,"href":"https:\/\/www2.unifap.br\/nitt\/wp-json\/wp\/v2\/pages\/704"}],"wp:attachment":[{"href":"https:\/\/www2.unifap.br\/nitt\/wp-json\/wp\/v2\/media?parent=744"}],"curies":[{"name":"wp","href":"https:\/\/api.w.org\/{rel}","templated":true}]}}