{"id":1365,"date":"2014-11-21T16:35:57","date_gmt":"2014-11-21T19:35:57","guid":{"rendered":"http:\/\/www2.unifap.br\/nti\/?page_id=1365"},"modified":"2017-05-10T09:49:30","modified_gmt":"2017-05-10T12:49:30","slug":"periodicos","status":"publish","type":"page","link":"https:\/\/www2.unifap.br\/nti\/orientacoes-ao-usuario\/manuais\/periodicos\/","title":{"rendered":"Peri\u00f3dicos &#8211; Portal CAPES"},"content":{"rendered":"<p style=\"text-align: justify;\"><a href=\"http:\/\/www2.unifap.br\/nti\/files\/2014\/11\/periodicos.png\"><img decoding=\"async\" class=\" wp-image-2630 alignright\" alt=\"periodicos\" src=\"http:\/\/www2.unifap.br\/nti\/files\/2014\/11\/periodicos.png\" width=\"212\" height=\"54\" srcset=\"https:\/\/www2.unifap.br\/nti\/files\/2014\/11\/periodicos.png 984w, https:\/\/www2.unifap.br\/nti\/files\/2014\/11\/periodicos-300x76.png 300w\" sizes=\"(max-width: 212px) 100vw, 212px\" \/><\/a>O Portal de\u00a0<b>Peri\u00f3dicos<\/b>, da Coordena\u00e7\u00e3o de Aperfei\u00e7oamento de Pessoal de N\u00edvel Superior (<b>Capes<\/b>), \u00e9 uma biblioteca virtual que re\u00fane e disponibiliza a institui\u00e7\u00f5es de ensino e pesquisa no Brasil o melhor da produ\u00e7\u00e3o cient\u00edfica internacional.<\/p>\n<p><strong>Saiba como acessar:<\/strong><\/p>\n<p><a href=\"http:\/\/www2.unifap.br\/nti\/files\/2014\/11\/Orientacoes_para_o_acesso_remoto_via_CAFe.pdf\">Acesso Peri\u00f3dicos CAPES<\/a><\/p>\n","protected":false},"excerpt":{"rendered":"<p>O Portal de\u00a0Peri\u00f3dicos, da Coordena\u00e7\u00e3o de Aperfei\u00e7oamento de Pessoal de N\u00edvel Superior (Capes), \u00e9 uma biblioteca virtual que re\u00fane e disponibiliza a institui\u00e7\u00f5es de ensino e pesquisa no Brasil o melhor da produ\u00e7\u00e3o cient\u00edfica internacional. Saiba como acessar: Acesso Peri\u00f3dicos CAPES<\/p>\n","protected":false},"author":167,"featured_media":0,"parent":1355,"menu_order":2,"comment_status":"closed","ping_status":"closed","template":"","meta":{"inline_featured_image":false,"ngg_post_thumbnail":0,"footnotes":""},"class_list":["post-1365","page","type-page","status-publish","hentry","entry"],"_links":{"self":[{"href":"https:\/\/www2.unifap.br\/nti\/wp-json\/wp\/v2\/pages\/1365","targetHints":{"allow":["GET"]}}],"collection":[{"href":"https:\/\/www2.unifap.br\/nti\/wp-json\/wp\/v2\/pages"}],"about":[{"href":"https:\/\/www2.unifap.br\/nti\/wp-json\/wp\/v2\/types\/page"}],"author":[{"embeddable":true,"href":"https:\/\/www2.unifap.br\/nti\/wp-json\/wp\/v2\/users\/167"}],"replies":[{"embeddable":true,"href":"https:\/\/www2.unifap.br\/nti\/wp-json\/wp\/v2\/comments?post=1365"}],"version-history":[{"count":7,"href":"https:\/\/www2.unifap.br\/nti\/wp-json\/wp\/v2\/pages\/1365\/revisions"}],"predecessor-version":[{"id":2634,"href":"https:\/\/www2.unifap.br\/nti\/wp-json\/wp\/v2\/pages\/1365\/revisions\/2634"}],"up":[{"embeddable":true,"href":"https:\/\/www2.unifap.br\/nti\/wp-json\/wp\/v2\/pages\/1355"}],"wp:attachment":[{"href":"https:\/\/www2.unifap.br\/nti\/wp-json\/wp\/v2\/media?parent=1365"}],"curies":[{"name":"wp","href":"https:\/\/api.w.org\/{rel}","templated":true}]}}