{"id":1371,"date":"2014-11-21T16:39:18","date_gmt":"2014-11-21T19:39:18","guid":{"rendered":"http:\/\/www2.unifap.br\/nti\/?page_id=1371"},"modified":"2017-05-10T09:25:50","modified_gmt":"2017-05-10T12:25:50","slug":"sites-unifap-wordpress","status":"publish","type":"page","link":"https:\/\/www2.unifap.br\/nti\/orientacoes-ao-usuario\/manuais\/sites-unifap-wordpress\/","title":{"rendered":"Sites Unifap \u2013 WordPress"},"content":{"rendered":"<p style=\"text-align: justify;\"><a href=\"http:\/\/www2.unifap.br\/nti\/files\/2014\/11\/wordpressinstitucional.png\"><img decoding=\"async\" class=\" wp-image-2623 alignright\" alt=\"wordpressinstitucional\" src=\"http:\/\/www2.unifap.br\/nti\/files\/2014\/11\/wordpressinstitucional.png\" width=\"242\" height=\"59\" srcset=\"https:\/\/www2.unifap.br\/nti\/files\/2014\/11\/wordpressinstitucional.png 378w, https:\/\/www2.unifap.br\/nti\/files\/2014\/11\/wordpressinstitucional-300x73.png 300w\" sizes=\"(max-width: 242px) 100vw, 242px\" \/><\/a>O WordPress \u00e9 uma plataforma que permite a cria\u00e7\u00e3o de websites de maneira r\u00e1pida e simples. A manuten\u00e7\u00e3o do site pode ser feita de qualquer computador com acesso \u00e0 internet, atrav\u00e9s do pr\u00f3prio navegador, dispensando conhecimentos t\u00e9cnicos e programas adicionais.<\/p>\n<p><strong>Saiba como utilizar a plataforma:<\/strong><\/p>\n<p><a href=\"http:\/\/www2.unifap.br\/nti\/files\/2014\/11\/Manual-Wordpress.pdf\">Sites Unifap \u2013 WordPress<\/a><\/p>\n","protected":false},"excerpt":{"rendered":"<p>O WordPress \u00e9 uma plataforma que permite a cria\u00e7\u00e3o de websites de maneira r\u00e1pida e simples. A manuten\u00e7\u00e3o do site pode ser feita de qualquer computador com acesso \u00e0 internet, atrav\u00e9s do pr\u00f3prio navegador, dispensando conhecimentos t\u00e9cnicos e programas adicionais. Saiba como utilizar a plataforma: Sites Unifap \u2013 WordPress<\/p>\n","protected":false},"author":167,"featured_media":0,"parent":1355,"menu_order":4,"comment_status":"closed","ping_status":"closed","template":"","meta":{"inline_featured_image":false,"ngg_post_thumbnail":0,"footnotes":""},"class_list":["post-1371","page","type-page","status-publish","hentry","entry"],"_links":{"self":[{"href":"https:\/\/www2.unifap.br\/nti\/wp-json\/wp\/v2\/pages\/1371","targetHints":{"allow":["GET"]}}],"collection":[{"href":"https:\/\/www2.unifap.br\/nti\/wp-json\/wp\/v2\/pages"}],"about":[{"href":"https:\/\/www2.unifap.br\/nti\/wp-json\/wp\/v2\/types\/page"}],"author":[{"embeddable":true,"href":"https:\/\/www2.unifap.br\/nti\/wp-json\/wp\/v2\/users\/167"}],"replies":[{"embeddable":true,"href":"https:\/\/www2.unifap.br\/nti\/wp-json\/wp\/v2\/comments?post=1371"}],"version-history":[{"count":8,"href":"https:\/\/www2.unifap.br\/nti\/wp-json\/wp\/v2\/pages\/1371\/revisions"}],"predecessor-version":[{"id":2629,"href":"https:\/\/www2.unifap.br\/nti\/wp-json\/wp\/v2\/pages\/1371\/revisions\/2629"}],"up":[{"embeddable":true,"href":"https:\/\/www2.unifap.br\/nti\/wp-json\/wp\/v2\/pages\/1355"}],"wp:attachment":[{"href":"https:\/\/www2.unifap.br\/nti\/wp-json\/wp\/v2\/media?parent=1371"}],"curies":[{"name":"wp","href":"https:\/\/api.w.org\/{rel}","templated":true}]}}