{"id":140,"date":"2012-04-20T05:17:12","date_gmt":"2012-04-20T08:17:12","guid":{"rendered":"http:\/\/www2.unifap.br\/dinfo\/?page_id=140"},"modified":"2018-04-20T18:14:10","modified_gmt":"2018-04-20T21:14:10","slug":"estrutura-organizacional","status":"publish","type":"page","link":"https:\/\/www2.unifap.br\/nti\/estrutura-organizacional\/","title":{"rendered":"Estrutura Organizacional"},"content":{"rendered":"<p>Atualmente, o\u00a0N\u00facleo de Tecnologia da Informa\u00e7\u00e3o (NTI), subordinado a Reitoria, apresenta a sua estrutura <a href=\"http:\/\/www2.unifap.br\/nti\/files\/2012\/04\/1-estrutura-organizacional.jpg\"><img fetchpriority=\"high\" decoding=\"async\" class=\"alignright  wp-image-3036\" alt=\"1-estrutura-organizacional\" src=\"http:\/\/www2.unifap.br\/nti\/files\/2012\/04\/1-estrutura-organizacional.jpg\" width=\"337\" height=\"162\" srcset=\"https:\/\/www2.unifap.br\/nti\/files\/2012\/04\/1-estrutura-organizacional.jpg 937w, https:\/\/www2.unifap.br\/nti\/files\/2012\/04\/1-estrutura-organizacional-300x144.jpg 300w\" sizes=\"(max-width: 337px) 100vw, 337px\" \/><\/a>organizacional\u00a0composta \u00a0pelos seguintes setores:<\/p>\n<ul>\n<li>N\u00facleo de Tecnologia da Informa\u00e7\u00e3o (NTI);\n<ul>\n<li>Dire\u00e7\u00e3o do N\u00facleo;<\/li>\n<li>Assessoria da Dire\u00e7\u00e3o &#8211; ASSNTI;<\/li>\n<li>Divis\u00e3o de Manuten\u00e7\u00e3o e Suporte &#8211; DMSUPORT;<\/li>\n<li>Divis\u00e3o de Redes e Infraestrutura &#8211; DRINF;<\/li>\n<li>Divis\u00e3o de Sistemas &#8211; DIVSIST.<\/li>\n<\/ul>\n<\/li>\n<\/ul>\n","protected":false},"excerpt":{"rendered":"<p>Atualmente, o\u00a0N\u00facleo de Tecnologia da Informa\u00e7\u00e3o (NTI), subordinado a Reitoria, apresenta a sua estrutura organizacional\u00a0composta \u00a0pelos seguintes setores: N\u00facleo de Tecnologia da Informa\u00e7\u00e3o (NTI); Dire\u00e7\u00e3o do N\u00facleo; Assessoria da Dire\u00e7\u00e3o &#8211; ASSNTI; Divis\u00e3o de Manuten\u00e7\u00e3o e Suporte &#8211; DMSUPORT; Divis\u00e3o de Redes e Infraestrutura &#8211; DRINF; Divis\u00e3o de Sistemas &#8211; DIVSIST.<\/p>\n","protected":false},"author":1,"featured_media":0,"parent":0,"menu_order":2,"comment_status":"closed","ping_status":"closed","template":"page-template-full.php","meta":{"inline_featured_image":false,"ngg_post_thumbnail":0,"footnotes":""},"class_list":["post-140","page","type-page","status-publish","hentry","entry"],"_links":{"self":[{"href":"https:\/\/www2.unifap.br\/nti\/wp-json\/wp\/v2\/pages\/140","targetHints":{"allow":["GET"]}}],"collection":[{"href":"https:\/\/www2.unifap.br\/nti\/wp-json\/wp\/v2\/pages"}],"about":[{"href":"https:\/\/www2.unifap.br\/nti\/wp-json\/wp\/v2\/types\/page"}],"author":[{"embeddable":true,"href":"https:\/\/www2.unifap.br\/nti\/wp-json\/wp\/v2\/users\/1"}],"replies":[{"embeddable":true,"href":"https:\/\/www2.unifap.br\/nti\/wp-json\/wp\/v2\/comments?post=140"}],"version-history":[{"count":10,"href":"https:\/\/www2.unifap.br\/nti\/wp-json\/wp\/v2\/pages\/140\/revisions"}],"predecessor-version":[{"id":3037,"href":"https:\/\/www2.unifap.br\/nti\/wp-json\/wp\/v2\/pages\/140\/revisions\/3037"}],"wp:attachment":[{"href":"https:\/\/www2.unifap.br\/nti\/wp-json\/wp\/v2\/media?parent=140"}],"curies":[{"name":"wp","href":"https:\/\/api.w.org\/{rel}","templated":true}]}}