{"id":153,"date":"2012-04-20T05:21:37","date_gmt":"2012-04-20T08:21:37","guid":{"rendered":"http:\/\/www2.unifap.br\/dinfo\/?page_id=153"},"modified":"2016-06-21T17:02:45","modified_gmt":"2016-06-21T20:02:45","slug":"divisao-de-redes-e-telecomunicacao","status":"publish","type":"page","link":"https:\/\/www2.unifap.br\/nti\/estrutura-organizacional\/divisao-de-redes-e-telecomunicacao\/","title":{"rendered":"Divis\u00e3o de Redes e Infraestrutura"},"content":{"rendered":"<address style=\"text-align: center;\"><span style=\"line-height: 1.5em;\">\u00a0<\/span><\/address>\n<p><strong><span style=\"line-height: 1.5em;\"><span style=\"line-height: 1.5em;\">Compete ao setor de Redes e Infraestrutura:<\/span><\/span><\/strong><\/p>\n<ul>\n<li>Assessorar o Comit\u00ea Gestor de Seguran\u00e7a da Informa\u00e7\u00e3o na elabora\u00e7\u00e3o de pol\u00edticas que visem garantir a seguran\u00e7a da informa\u00e7\u00e3o eletr\u00f4nica na UNIFAP;<\/li>\n<li>Instrumentalizar a diretoria do NTI com informa\u00e7\u00f5es gerenciais relacionadas a gest\u00e3o de seguran\u00e7a da informa\u00e7\u00e3o, infraestrutura de redes e telecomunica\u00e7\u00e3o;<\/li>\n<li>Manter em funcionamento a rede da Universidade, disponibilizando e otimizando os recursos computacionais para os usu\u00e1rios;<\/li>\n<li>Garantir a integra\u00e7\u00e3o da rede UNIFAPNET com o Backbone do Ponto de Presen\u00e7a da RNP, acatando as normas t\u00e9cnicas definidas para a utiliza\u00e7\u00e3o da UNIFAPNET;<\/li>\n<li>Controlar o acesso dos usu\u00e1rios da Universidade \u00e0 rede UNIFAPNET;<\/li>\n<li>Garantir a integridade dos dados dos usu\u00e1rios da rede UNIFAPNET, gerenciando e propondo pol\u00edticas de seguran\u00e7a;<\/li>\n<li>Controlar e gerenciar os sistemas operacionais e aplicativos dos computadores conectados \u00e0 rede da Universidade;<\/li>\n<li>Gerenciar e dar manuten\u00e7\u00e3o aos servi\u00e7os de informa\u00e7\u00e3o via rede de computadores, mantidos pela Universidade;<\/li>\n<li>Gerenciar e dar manuten\u00e7\u00e3o aos servi\u00e7os de telefonia PABX anal\u00f3gica e Digital e telefonia Voz sobre IP;<\/li>\n<li>Propor, desenvolver e implantar amplia\u00e7\u00f5es na rede e nos servi\u00e7o de telefonia da Universidade;<\/li>\n<li>Desenvolver e implantar treinamento de utiliza\u00e7\u00e3o da rede da Universidade e dos sistemas de informa\u00e7\u00e3o via rede de computadores mantidos pela Universidade;<\/li>\n<li>Apresenta\u00e7\u00e3o do relat\u00f3rio semestral de atendimentos (n\u00famero, tipo de atendimentos, bem como tempo m\u00e9dio entre chamadas e atendimentos e funcion\u00e1rios envolvidos).<\/li>\n<li>Produ\u00e7\u00e3o e distribui\u00e7\u00e3o de documenta\u00e7\u00e3o e informa\u00e7\u00f5es inerentes \u00e0s aplica\u00e7\u00f5es da \u00e1rea;<\/li>\n<li>Seguir as normas e procedimentos t\u00e9cnicos definidos pelas inst\u00e2ncias superiores da administra\u00e7\u00e3o de redes da Universidade.<\/li>\n<\/ul>\n<p>&nbsp;<\/p>\n","protected":false},"excerpt":{"rendered":"<p>\u00a0 Compete ao setor de Redes e Infraestrutura: Assessorar o Comit\u00ea Gestor de Seguran\u00e7a da Informa\u00e7\u00e3o na elabora\u00e7\u00e3o de pol\u00edticas que visem garantir a seguran\u00e7a da informa\u00e7\u00e3o eletr\u00f4nica na UNIFAP; Instrumentalizar a diretoria do NTI com informa\u00e7\u00f5es gerenciais relacionadas a gest\u00e3o de seguran\u00e7a da informa\u00e7\u00e3o, infraestrutura de redes e telecomunica\u00e7\u00e3o; Manter em funcionamento a rede&#8230;<\/p>\n","protected":false},"author":1,"featured_media":0,"parent":140,"menu_order":4,"comment_status":"closed","ping_status":"closed","template":"","meta":{"inline_featured_image":false,"ngg_post_thumbnail":0,"footnotes":""},"class_list":["post-153","page","type-page","status-publish","hentry","entry"],"_links":{"self":[{"href":"https:\/\/www2.unifap.br\/nti\/wp-json\/wp\/v2\/pages\/153","targetHints":{"allow":["GET"]}}],"collection":[{"href":"https:\/\/www2.unifap.br\/nti\/wp-json\/wp\/v2\/pages"}],"about":[{"href":"https:\/\/www2.unifap.br\/nti\/wp-json\/wp\/v2\/types\/page"}],"author":[{"embeddable":true,"href":"https:\/\/www2.unifap.br\/nti\/wp-json\/wp\/v2\/users\/1"}],"replies":[{"embeddable":true,"href":"https:\/\/www2.unifap.br\/nti\/wp-json\/wp\/v2\/comments?post=153"}],"version-history":[{"count":11,"href":"https:\/\/www2.unifap.br\/nti\/wp-json\/wp\/v2\/pages\/153\/revisions"}],"predecessor-version":[{"id":2143,"href":"https:\/\/www2.unifap.br\/nti\/wp-json\/wp\/v2\/pages\/153\/revisions\/2143"}],"up":[{"embeddable":true,"href":"https:\/\/www2.unifap.br\/nti\/wp-json\/wp\/v2\/pages\/140"}],"wp:attachment":[{"href":"https:\/\/www2.unifap.br\/nti\/wp-json\/wp\/v2\/media?parent=153"}],"curies":[{"name":"wp","href":"https:\/\/api.w.org\/{rel}","templated":true}]}}