{"id":157,"date":"2012-04-20T05:22:11","date_gmt":"2012-04-20T08:22:11","guid":{"rendered":"http:\/\/www2.unifap.br\/dinfo\/?page_id=157"},"modified":"2016-06-21T17:17:48","modified_gmt":"2016-06-21T20:17:48","slug":"divisao-de-desenvolvimento-de-sistemas-computacionais","status":"publish","type":"page","link":"https:\/\/www2.unifap.br\/nti\/estrutura-organizacional\/divisao-de-desenvolvimento-de-sistemas-computacionais\/","title":{"rendered":"Divis\u00e3o de Sistemas"},"content":{"rendered":"<address style=\"text-align: center;\"><em>\u00a0<\/em><\/address>\n<p><strong>Compete a Divis\u00e3o de Sistemas<\/strong><\/p>\n<ul>\n<li>Instrumentalizar a diretoria com informa\u00e7\u00f5es gerenciais relacionadas aos sistemas utilizados e mantidos pelo NTI;<\/li>\n<li>Assessorar no planejamento dos procedimentos que definam o processo de desenvolvimento de sistemas;<\/li>\n<li>Assessorar quanto \u00e0s pol\u00edticas de uso e gest\u00e3o dos usu\u00e1rios dos sistemas implantados na UNIFAP;<\/li>\n<li>Assessorar quanto \u00e0s pol\u00edticas de seguran\u00e7a da informa\u00e7\u00e3o a serem adotados no uso e desenvolvimento dos sistemas;<\/li>\n<li>Definir os procedimentos e metodologia para o desenvolvimento de sistemas;<\/li>\n<li>Efetuar os levantamentos de dados e estudos de viabilidade para definir objetivos, estabelecer requisitos e definir diretrizes para os projetos de sistemas;<\/li>\n<li>Desenvolver e implantar projetos de sistemas de informa\u00e7\u00e3o;<\/li>\n<li>Efetuar os levantamentos de dados e estudos de viabilidade para definir objetivos, estabelecer requisitos e definir diretrizes para os projetos de Portais WEB da Universidade;<\/li>\n<li>Efetuar os levantamentos de dados e estudos de viabilidade para definir objetivos, estabelecer requisitos e definir diretrizes para os projetos de Ambientes Virtuais de Aprendizagem;<\/li>\n<li>Desenvolver e implantar Portais de Professores e Departamentos;<\/li>\n<li>Desenvolver e implantar Ambientes Virtuais de Aprendizagem para Professores e Departamentos;<\/li>\n<li>Documentar o sistema e dar treinamento aos usu\u00e1rios;<\/li>\n<li>Realizar manuten\u00e7\u00f5es dos sistemas e programas implantados;<\/li>\n<li>Acompanhar a implanta\u00e7\u00e3o de sistemas realizados por pessoal externo;<\/li>\n<li>Administrar e realizar manuten\u00e7\u00e3o nos sistemas de informa\u00e7\u00e3o;<\/li>\n<li>Apresenta\u00e7\u00e3o do relat\u00f3rio semestral de atendimentos (n\u00famero, tipo de atendimento, bem como tempo m\u00e9dio entre chamadas e atendimentos e funcion\u00e1rios envolvidos);<\/li>\n<li>Produ\u00e7\u00e3o e distribui\u00e7\u00e3o de documenta\u00e7\u00e3o e informa\u00e7\u00f5es inerentes \u00e0s aplica\u00e7\u00f5es da \u00e1rea;<\/li>\n<li>Seguir as normas e procedimentos t\u00e9cnicos definidos pelas inst\u00e2ncias superiores da administra\u00e7\u00e3o de desenvolvimento de sistemas da Universidade.<\/li>\n<\/ul>\n<p>&nbsp;<\/p>\n","protected":false},"excerpt":{"rendered":"<p>\u00a0 Compete a Divis\u00e3o de Sistemas Instrumentalizar a diretoria com informa\u00e7\u00f5es gerenciais relacionadas aos sistemas utilizados e mantidos pelo NTI; Assessorar no planejamento dos procedimentos que definam o processo de desenvolvimento de sistemas; Assessorar quanto \u00e0s pol\u00edticas de uso e gest\u00e3o dos usu\u00e1rios dos sistemas implantados na UNIFAP; Assessorar quanto \u00e0s pol\u00edticas de seguran\u00e7a da&#8230;<\/p>\n","protected":false},"author":1,"featured_media":0,"parent":140,"menu_order":6,"comment_status":"closed","ping_status":"closed","template":"","meta":{"inline_featured_image":false,"ngg_post_thumbnail":0,"footnotes":""},"class_list":["post-157","page","type-page","status-publish","hentry","entry"],"_links":{"self":[{"href":"https:\/\/www2.unifap.br\/nti\/wp-json\/wp\/v2\/pages\/157","targetHints":{"allow":["GET"]}}],"collection":[{"href":"https:\/\/www2.unifap.br\/nti\/wp-json\/wp\/v2\/pages"}],"about":[{"href":"https:\/\/www2.unifap.br\/nti\/wp-json\/wp\/v2\/types\/page"}],"author":[{"embeddable":true,"href":"https:\/\/www2.unifap.br\/nti\/wp-json\/wp\/v2\/users\/1"}],"replies":[{"embeddable":true,"href":"https:\/\/www2.unifap.br\/nti\/wp-json\/wp\/v2\/comments?post=157"}],"version-history":[{"count":12,"href":"https:\/\/www2.unifap.br\/nti\/wp-json\/wp\/v2\/pages\/157\/revisions"}],"predecessor-version":[{"id":2145,"href":"https:\/\/www2.unifap.br\/nti\/wp-json\/wp\/v2\/pages\/157\/revisions\/2145"}],"up":[{"embeddable":true,"href":"https:\/\/www2.unifap.br\/nti\/wp-json\/wp\/v2\/pages\/140"}],"wp:attachment":[{"href":"https:\/\/www2.unifap.br\/nti\/wp-json\/wp\/v2\/media?parent=157"}],"curies":[{"name":"wp","href":"https:\/\/api.w.org\/{rel}","templated":true}]}}