{"id":1604,"date":"2015-06-02T10:01:38","date_gmt":"2015-06-02T13:01:38","guid":{"rendered":"http:\/\/www2.unifap.br\/nti\/?page_id=1604"},"modified":"2018-11-26T16:02:07","modified_gmt":"2018-11-26T19:02:07","slug":"equipe","status":"publish","type":"page","link":"https:\/\/www2.unifap.br\/nti\/nti\/equipe\/","title":{"rendered":"Equipe"},"content":{"rendered":"<p><strong>NTI<\/strong><\/p>\n<div>\n<p><strong>Jos\u00e9 Al\u00edpio Diniz de Moraes J\u00fanior\u00a0<\/strong>&#8211; Diretor do N\u00facleo de Tecnologia da Informa\u00e7\u00e3o \u00a0&#8211; alipio@unifap.br<\/p>\n<p><strong>Ronan Luiz do Nascimento Oliveira<\/strong> &#8211; Secret\u00e1rio Executivo &#8211; ronan.oliveira@unifap.br<\/p>\n<p>&nbsp;<\/p>\n<p><strong>ASSESSORIA DO NTI<\/strong><\/p>\n<p><strong>Junior Gomes da Silva<\/strong>\u00a0&#8211; Assessoria da Dire\u00e7\u00e3o \u2013 junior.silva@unifap.br<\/p>\n<p><strong>F\u00e1bio Vasconcelos Cant\u00e3o de Lima\u00a0<\/strong>\u2013 Assessor para Aquisi\u00e7\u00f5es de Bens e Servi\u00e7os de TI \u2013 fabiolima@unifap.br<\/p>\n<p><strong>Samara Silva Lima<\/strong>\u00a0\u2013 T\u00e9cnica em Tecnologia da Informa\u00e7\u00e3o\u00a0\u2013 samara.lima@unifap.br<\/p>\n<p><strong>\u00a0<\/strong><\/p>\n<p><strong>DMSUPORT<\/strong><\/p>\n<p><strong>Kym Keive Machado dos Santos &#8211;\u00a0<\/strong>Chefe da Divis\u00e3o de Manuten\u00e7\u00e3o e Suporte \u2013\u00a0kym.keive@unifap.br<\/p>\n<p><strong>Helano Ata\u00edde dos Santos\u00a0<\/strong>&#8211; T\u00e9cnico em Tecnologia da Informa\u00e7\u00e3o \u2013 helano@unifap.br<\/p>\n<p><strong>J\u00falio Cesar de Carvalho Silva\u00a0<\/strong>&#8211; T\u00e9cnico em Tecnologia da Informa\u00e7\u00e3o\u00a0\u2013 julio.cesar@unifap.br<\/p>\n<p><strong>Bruno Lincoln Costa e Silva<\/strong> &#8211;\u00a0T\u00e9cnico em Tecnologia da Informa\u00e7\u00e3o\u00a0\u2013\u00a0lincoln@unifap.br<\/p>\n<p>&nbsp;<\/p>\n<p><strong>DRINF<\/strong><\/p>\n<p><strong>Efraim Franco Morais<\/strong>\u00a0\u2013 Chefe da Divis\u00e3o de Redes e Infraestrutura\u00a0\u2013\u00a0efraim.morais@unifap.br<\/p>\n<p><strong>Samir Patrice Batista da Silva<\/strong>\u00a0\u2013 Analista em Tecnologia da Informa\u00e7\u00e3o\u00a0\u2013\u00a0samir@unifap.br<\/p>\n<p><strong>Elvis Azevedo de Ara\u00fajo<\/strong>\u00a0&#8211;\u00a0Analista em Tecnologia da Informa\u00e7\u00e3o\u00a0\u2013 elvis.araujo@unifap.br<\/p>\n<p><strong>Paulo Roberto Alves\u00a0<\/strong>&#8211; Analista em Tecnologia da Informa\u00e7\u00e3o\u00a0\u2013 paulo@unifap.br<\/p>\n<p><strong>Richardson Salom\u00e3o de Ara\u00fajo<\/strong>\u00a0\u2013 Analista em Tecnologia da Informa\u00e7\u00e3o\u00a0\u2013\u00a0 richardson@unifap.br<\/p>\n<p><span style=\"line-height: 1.5em;\"><strong><strong>Dirlana da Silva da Silveira<\/strong>\u00a0<\/strong>\u2013\u00a0Analista em Tecnologia da Informa\u00e7\u00e3o \u2013\u00a0dirlana@unifap.br<\/span><\/p>\n<p><strong>Erick Hermann Facundes da Silva<\/strong> &#8211;\u00a0T\u00e9cnico de Laborat\u00f3rio &#8211; erick.silva@unifap.br<\/p>\n<p>&nbsp;<\/p>\n<p><strong>DSIST<\/strong><\/p>\n<p><strong>Marcos Roberto Fonseca Magalh\u00e3es<\/strong>\u00a0&#8211; Chefe da Divis\u00e3o de Desenvolvimento de Sistemas \u2013 marcosmagalhaes@unifap.br<\/p>\n<p><strong><strong>J\u00e2nio Cesar da Silva e Silva<\/strong>\u00a0\u2013\u00a0<\/strong>T\u00e9cnico em Tecnologia da Informa\u00e7\u00e3o\u00a0\u2013\u00a0janiocesar@unifap.br<\/p>\n<p><strong>Fernando Ubiratan Correa Baia \u2013\u00a0<\/strong>Analista em Tecnologia da Informa\u00e7\u00e3o\u00a0\u2013 fernando.baia@unifap.br<\/p>\n<p><strong>Emanuel Amoras Rodrigues<\/strong>\u00a0&#8211;\u00a0Analista em Tecnologia da Informa\u00e7\u00e3o\u00a0\u2013 emanuelrodrigues@unifap.br<\/p>\n<p><strong>Nilmara da Silva Gurj\u00e3o<\/strong> &#8211;\u00a0Analista em Tecnologia da Informa\u00e7\u00e3o &#8211; nilmara@unifap.br<\/p>\n<p><strong>Jos\u00e9 Luis Soares Batista<\/strong>\u00a0&#8211;\u00a0Auxiliar em Administra\u00e7\u00e3o \u2013 zeluis@unifap.br<\/p>\n<p><strong>Felipi Ramon Rodrigues de Pinho<\/strong>\u00a0\u2013\u00a0Analista em Tecnologia da Informa\u00e7\u00e3o\u00a0\u2013 felipirodrigues@unifap.br<\/p>\n<p><strong><strong>Berton Zanfrini Rodrigues Azevedo<\/strong>\u00a0\u2013\u00a0\u00a0<\/strong>T\u00e9cnico em Tecnologia da Informa\u00e7\u00e3o\u00a0\u2013 berton.azevedo@unifap.br<\/p>\n<p><strong>Robson Rodrigues Neves Aguiar\u00a0<\/strong>\u2013 Analista em Tecnologia da Informa\u00e7\u00e3o\u00a0\u2013 robson.neves@unifap.br<\/p>\n<\/div>\n","protected":false},"excerpt":{"rendered":"<p>NTI Jos\u00e9 Al\u00edpio Diniz de Moraes J\u00fanior\u00a0&#8211; Diretor do N\u00facleo de Tecnologia da Informa\u00e7\u00e3o \u00a0&#8211; alipio@unifap.br Ronan Luiz do Nascimento Oliveira &#8211; Secret\u00e1rio Executivo &#8211; ronan.oliveira@unifap.br &nbsp; ASSESSORIA DO NTI Junior Gomes da Silva\u00a0&#8211; Assessoria da Dire\u00e7\u00e3o \u2013 junior.silva@unifap.br F\u00e1bio Vasconcelos Cant\u00e3o de Lima\u00a0\u2013 Assessor para Aquisi\u00e7\u00f5es de Bens e Servi\u00e7os de TI \u2013 fabiolima@unifap.br&#8230;<\/p>\n","protected":false},"author":167,"featured_media":0,"parent":87,"menu_order":0,"comment_status":"closed","ping_status":"closed","template":"","meta":{"inline_featured_image":false,"ngg_post_thumbnail":0,"footnotes":""},"class_list":["post-1604","page","type-page","status-publish","hentry","entry"],"_links":{"self":[{"href":"https:\/\/www2.unifap.br\/nti\/wp-json\/wp\/v2\/pages\/1604","targetHints":{"allow":["GET"]}}],"collection":[{"href":"https:\/\/www2.unifap.br\/nti\/wp-json\/wp\/v2\/pages"}],"about":[{"href":"https:\/\/www2.unifap.br\/nti\/wp-json\/wp\/v2\/types\/page"}],"author":[{"embeddable":true,"href":"https:\/\/www2.unifap.br\/nti\/wp-json\/wp\/v2\/users\/167"}],"replies":[{"embeddable":true,"href":"https:\/\/www2.unifap.br\/nti\/wp-json\/wp\/v2\/comments?post=1604"}],"version-history":[{"count":21,"href":"https:\/\/www2.unifap.br\/nti\/wp-json\/wp\/v2\/pages\/1604\/revisions"}],"predecessor-version":[{"id":3090,"href":"https:\/\/www2.unifap.br\/nti\/wp-json\/wp\/v2\/pages\/1604\/revisions\/3090"}],"up":[{"embeddable":true,"href":"https:\/\/www2.unifap.br\/nti\/wp-json\/wp\/v2\/pages\/87"}],"wp:attachment":[{"href":"https:\/\/www2.unifap.br\/nti\/wp-json\/wp\/v2\/media?parent=1604"}],"curies":[{"name":"wp","href":"https:\/\/api.w.org\/{rel}","templated":true}]}}