{"id":162,"date":"2012-04-20T05:22:42","date_gmt":"2012-04-20T08:22:42","guid":{"rendered":"http:\/\/www2.unifap.br\/dinfo\/?page_id=162"},"modified":"2018-04-20T18:20:11","modified_gmt":"2018-04-20T21:20:11","slug":"atuacao-do-dinfo-nos-campi-do-interior","status":"publish","type":"page","link":"https:\/\/www2.unifap.br\/nti\/estrutura-organizacional\/atuacao-do-dinfo-nos-campi-do-interior\/","title":{"rendered":"Atua\u00e7\u00e3o do NTI nos Campi do Interior"},"content":{"rendered":"<p><a href=\"http:\/\/www2.unifap.br\/nti\/files\/2012\/04\/esquemarede1.png\"><img decoding=\"async\" class=\"alignright  wp-image-3038\" alt=\"esquemarede1\" src=\"http:\/\/www2.unifap.br\/nti\/files\/2012\/04\/esquemarede1.png\" width=\"240\" height=\"180\" srcset=\"https:\/\/www2.unifap.br\/nti\/files\/2012\/04\/esquemarede1.png 400w, https:\/\/www2.unifap.br\/nti\/files\/2012\/04\/esquemarede1-300x225.png 300w\" sizes=\"(max-width: 240px) 100vw, 240px\" \/><\/a>Atualmente existem os seguintes campi da Universidade no interior:<\/p>\n<ul>\n<li>&#8211; Campus Santana;<\/li>\n<li>&#8211; Campus Mazag\u00e3o;<\/li>\n<li>&#8211; Campus Oiapoque.<\/li>\n<\/ul>\n<p>&nbsp;<\/p>\n<p style=\"text-align: justify;\">Hoje, o Campus Oiapoque possui a Divis\u00e3o de Inform\u00e1tica &#8211; DINFO, subordinado a Coordena\u00e7\u00e3o de Administra\u00e7\u00e3o e Planejamento do Campus Binacional &#8211; COAP. Os demais Campi recebem apoio da equipe do N\u00facleo de Tecnologia da Informa\u00e7\u00e3o do Campus Marco Zero.<\/p>\n<p>&nbsp;<\/p>\n","protected":false},"excerpt":{"rendered":"<p>Atualmente existem os seguintes campi da Universidade no interior: &#8211; Campus Santana; &#8211; Campus Mazag\u00e3o; &#8211; Campus Oiapoque. &nbsp; Hoje, o Campus Oiapoque possui a Divis\u00e3o de Inform\u00e1tica &#8211; DINFO, subordinado a Coordena\u00e7\u00e3o de Administra\u00e7\u00e3o e Planejamento do Campus Binacional &#8211; COAP. Os demais Campi recebem apoio da equipe do N\u00facleo de Tecnologia da Informa\u00e7\u00e3o&#8230;<\/p>\n","protected":false},"author":1,"featured_media":0,"parent":140,"menu_order":0,"comment_status":"closed","ping_status":"open","template":"page-template-full.php","meta":{"inline_featured_image":false,"ngg_post_thumbnail":0,"footnotes":""},"class_list":["post-162","page","type-page","status-publish","hentry","entry"],"_links":{"self":[{"href":"https:\/\/www2.unifap.br\/nti\/wp-json\/wp\/v2\/pages\/162","targetHints":{"allow":["GET"]}}],"collection":[{"href":"https:\/\/www2.unifap.br\/nti\/wp-json\/wp\/v2\/pages"}],"about":[{"href":"https:\/\/www2.unifap.br\/nti\/wp-json\/wp\/v2\/types\/page"}],"author":[{"embeddable":true,"href":"https:\/\/www2.unifap.br\/nti\/wp-json\/wp\/v2\/users\/1"}],"replies":[{"embeddable":true,"href":"https:\/\/www2.unifap.br\/nti\/wp-json\/wp\/v2\/comments?post=162"}],"version-history":[{"count":8,"href":"https:\/\/www2.unifap.br\/nti\/wp-json\/wp\/v2\/pages\/162\/revisions"}],"predecessor-version":[{"id":3041,"href":"https:\/\/www2.unifap.br\/nti\/wp-json\/wp\/v2\/pages\/162\/revisions\/3041"}],"up":[{"embeddable":true,"href":"https:\/\/www2.unifap.br\/nti\/wp-json\/wp\/v2\/pages\/140"}],"wp:attachment":[{"href":"https:\/\/www2.unifap.br\/nti\/wp-json\/wp\/v2\/media?parent=162"}],"curies":[{"name":"wp","href":"https:\/\/api.w.org\/{rel}","templated":true}]}}