{"id":1718,"date":"2015-09-03T13:56:24","date_gmt":"2015-09-03T16:56:24","guid":{"rendered":"http:\/\/www2.unifap.br\/nti\/?page_id=1718"},"modified":"2017-12-07T10:09:21","modified_gmt":"2017-12-07T13:09:21","slug":"pops","status":"publish","type":"page","link":"https:\/\/www2.unifap.br\/nti\/documentos\/pops\/","title":{"rendered":"Procedimentos Operacionais Padr\u00e3o &#8211; POP&#8217;s"},"content":{"rendered":"<p style=\"text-align: justify;\">Os Procedimentos Operacionais Padr\u00e3o\u00a0(POP&#8217;s) s\u00e3o\u00a0instru\u00e7\u00f5es sequenciais das opera\u00e7\u00f5es executadas pelo Departamento, especificando o respons\u00e1vel pela sua execu\u00e7\u00e3o, os materiais utilizados na tarefa e a descri\u00e7\u00e3o dos procedimentos.<\/p>\n<p style=\"text-align: justify;\">Um POP tem o objetivo de padronizar e facilitar o entendimento dos usu\u00e1rio em como se d\u00e1 o processo de execu\u00e7\u00e3o de tarefas fundamentais e o funcionamento correto do processo. Visto isso, um POP coerente garante ao usu\u00e1rio que a qualquer momento que ele se dirija ao Departamento, as a\u00e7\u00f5es tomadas para garantir a solu\u00e7\u00e3o do incidente sejam as mesmas, de um turno para outro ou de um dia para outro, aumentando assim a eficacia de seus resultados.<\/p>\n<p><strong>POP&#8217;s N\u00facleo de Tecnologia da Informa\u00e7\u00e3o<\/strong><\/p>\n<p><a title=\"Dire\u00e7\u00e3o\" href=\"http:\/\/www2.unifap.br\/nti\/documentos\/procedimentos-operacionais-padrao-pops\/direcao\/\">POP&#8217;s Assessoria do NTI<\/a><\/p>\n<p><a title=\"Divis\u00e3o de Manuten\u00e7\u00e3o e Suporte\" href=\"http:\/\/www2.unifap.br\/nti\/documentos\/pops\/dms\/\">POP&#8217;s Divis\u00e3o de Manuten\u00e7\u00e3o e Suporte<\/a><\/p>\n<p><a title=\"Divis\u00e3o de Redes e Infraestrutura\" href=\"http:\/\/www2.unifap.br\/nti\/documentos\/pops\/dr\/\">POP&#8217;s Divis\u00e3o de Redes e Infraestrutura<\/a><\/p>\n<p><a title=\"Divis\u00e3o de  Sistemas\" href=\"http:\/\/www2.unifap.br\/nti\/documentos\/pops\/dds\/\">POP&#8217;s Divis\u00e3o de Sistemas<\/a><\/p>\n","protected":false},"excerpt":{"rendered":"<p>Os Procedimentos Operacionais Padr\u00e3o\u00a0(POP&#8217;s) s\u00e3o\u00a0instru\u00e7\u00f5es sequenciais das opera\u00e7\u00f5es executadas pelo Departamento, especificando o respons\u00e1vel pela sua execu\u00e7\u00e3o, os materiais utilizados na tarefa e a descri\u00e7\u00e3o dos procedimentos. Um POP tem o objetivo de padronizar e facilitar o entendimento dos usu\u00e1rio em como se d\u00e1 o processo de execu\u00e7\u00e3o de tarefas fundamentais e o funcionamento correto&#8230;<\/p>\n","protected":false},"author":167,"featured_media":0,"parent":1002,"menu_order":0,"comment_status":"closed","ping_status":"closed","template":"","meta":{"inline_featured_image":false,"ngg_post_thumbnail":0,"footnotes":""},"class_list":["post-1718","page","type-page","status-publish","hentry","entry"],"_links":{"self":[{"href":"https:\/\/www2.unifap.br\/nti\/wp-json\/wp\/v2\/pages\/1718","targetHints":{"allow":["GET"]}}],"collection":[{"href":"https:\/\/www2.unifap.br\/nti\/wp-json\/wp\/v2\/pages"}],"about":[{"href":"https:\/\/www2.unifap.br\/nti\/wp-json\/wp\/v2\/types\/page"}],"author":[{"embeddable":true,"href":"https:\/\/www2.unifap.br\/nti\/wp-json\/wp\/v2\/users\/167"}],"replies":[{"embeddable":true,"href":"https:\/\/www2.unifap.br\/nti\/wp-json\/wp\/v2\/comments?post=1718"}],"version-history":[{"count":12,"href":"https:\/\/www2.unifap.br\/nti\/wp-json\/wp\/v2\/pages\/1718\/revisions"}],"predecessor-version":[{"id":2911,"href":"https:\/\/www2.unifap.br\/nti\/wp-json\/wp\/v2\/pages\/1718\/revisions\/2911"}],"up":[{"embeddable":true,"href":"https:\/\/www2.unifap.br\/nti\/wp-json\/wp\/v2\/pages\/1002"}],"wp:attachment":[{"href":"https:\/\/www2.unifap.br\/nti\/wp-json\/wp\/v2\/media?parent=1718"}],"curies":[{"name":"wp","href":"https:\/\/api.w.org\/{rel}","templated":true}]}}