{"id":2072,"date":"2016-05-30T09:14:55","date_gmt":"2016-05-30T12:14:55","guid":{"rendered":"http:\/\/www2.unifap.br\/nti\/?page_id=2072"},"modified":"2017-06-29T09:13:47","modified_gmt":"2017-06-29T12:13:47","slug":"levantamentos-tcu","status":"publish","type":"page","link":"https:\/\/www2.unifap.br\/nti\/documentos\/levantamentos-tcu\/","title":{"rendered":"Levantamentos TCU"},"content":{"rendered":"<p style=\"text-align: justify;\"><a href=\"http:\/\/www2.unifap.br\/nti\/files\/2016\/05\/concurso-tribunal-de-contas-2015-3.jpg\"><a href=\"http:\/\/www2.unifap.br\/nti\/files\/2016\/05\/tribunal-de-contas-da-uniao-original.png\"><img decoding=\"async\" class=\"alignright size-full wp-image-2701\" alt=\"tribunal-de-contas-da-uniao-original\" src=\"http:\/\/www2.unifap.br\/nti\/files\/2016\/05\/tribunal-de-contas-da-uniao-original.png\" width=\"203\" height=\"183\" \/><\/a><\/a>Para avaliar a situa\u00e7\u00e3o de governan\u00e7a de tecnologia da informa\u00e7\u00e3o (TI) na Administra\u00e7\u00e3o P\u00fablica Federal (APF), o Tribunal de Contas da Uni\u00e3o (TCU) realiza levantamentos baseados em question\u00e1rios que abordam pr\u00e1ticas de governan\u00e7a e de gest\u00e3o de TI previstas em leis, regulamentos, normas t\u00e9cnicas e modelos internacionais de boas pr\u00e1ticas.<\/p>\n<p style=\"text-align: justify;\">Abaixo, encontram-se os resultados individuais dos levantamentos realizados pelo TCU sobre Governan\u00e7a de TI na Universidade Federal do Amap\u00e1:<\/p>\n<p style=\"text-align: justify;\"><strong><a href=\"http:\/\/www2.unifap.br\/nti\/files\/2016\/05\/132.pdf\">Relat\u00f3rio de Governan\u00e7a de TI 2016<\/a><\/strong><\/p>\n<p style=\"text-align: justify;\"><strong><a href=\"http:\/\/www2.unifap.br\/nti\/files\/2016\/05\/2014.pdf\">Relat\u00f3rio de Governan\u00e7a de TI 2014<\/a><\/strong><\/p>\n<p style=\"text-align: justify;\"><strong><a href=\"http:\/\/www2.unifap.br\/nti\/files\/2016\/05\/2012.pdf\">Relat\u00f3rio de Governan\u00e7a de TI 2012<\/a><\/strong><\/p>\n","protected":false},"excerpt":{"rendered":"<p>Para avaliar a situa\u00e7\u00e3o de governan\u00e7a de tecnologia da informa\u00e7\u00e3o (TI) na Administra\u00e7\u00e3o P\u00fablica Federal (APF), o Tribunal de Contas da Uni\u00e3o (TCU) realiza levantamentos baseados em question\u00e1rios que abordam pr\u00e1ticas de governan\u00e7a e de gest\u00e3o de TI previstas em leis, regulamentos, normas t\u00e9cnicas e modelos internacionais de boas pr\u00e1ticas. Abaixo, encontram-se os resultados individuais&#8230;<\/p>\n","protected":false},"author":167,"featured_media":0,"parent":1002,"menu_order":0,"comment_status":"closed","ping_status":"closed","template":"","meta":{"inline_featured_image":false,"ngg_post_thumbnail":0,"footnotes":""},"class_list":["post-2072","page","type-page","status-publish","hentry","entry"],"_links":{"self":[{"href":"https:\/\/www2.unifap.br\/nti\/wp-json\/wp\/v2\/pages\/2072","targetHints":{"allow":["GET"]}}],"collection":[{"href":"https:\/\/www2.unifap.br\/nti\/wp-json\/wp\/v2\/pages"}],"about":[{"href":"https:\/\/www2.unifap.br\/nti\/wp-json\/wp\/v2\/types\/page"}],"author":[{"embeddable":true,"href":"https:\/\/www2.unifap.br\/nti\/wp-json\/wp\/v2\/users\/167"}],"replies":[{"embeddable":true,"href":"https:\/\/www2.unifap.br\/nti\/wp-json\/wp\/v2\/comments?post=2072"}],"version-history":[{"count":8,"href":"https:\/\/www2.unifap.br\/nti\/wp-json\/wp\/v2\/pages\/2072\/revisions"}],"predecessor-version":[{"id":2702,"href":"https:\/\/www2.unifap.br\/nti\/wp-json\/wp\/v2\/pages\/2072\/revisions\/2702"}],"up":[{"embeddable":true,"href":"https:\/\/www2.unifap.br\/nti\/wp-json\/wp\/v2\/pages\/1002"}],"wp:attachment":[{"href":"https:\/\/www2.unifap.br\/nti\/wp-json\/wp\/v2\/media?parent=2072"}],"curies":[{"name":"wp","href":"https:\/\/api.w.org\/{rel}","templated":true}]}}