{"id":2239,"date":"2016-09-06T11:31:11","date_gmt":"2016-09-06T14:31:11","guid":{"rendered":"http:\/\/www2.unifap.br\/nti\/?page_id=2239"},"modified":"2016-11-18T15:52:46","modified_gmt":"2016-11-18T18:52:46","slug":"sig-id","status":"publish","type":"page","link":"https:\/\/www2.unifap.br\/nti\/sig-id\/","title":{"rendered":"NTI APRESENTA NOVO GESTOR DE IDENTIDADES NA UNIFAP"},"content":{"rendered":"<p style=\"text-align: center;\"><a href=\"http:\/\/www2.unifap.br\/nti\/files\/2016\/09\/SIGid-Logo1.jpg\"><img fetchpriority=\"high\" decoding=\"async\" class=\"aligncenter  wp-image-2217\" alt=\"SIGid-Logo\" src=\"http:\/\/www2.unifap.br\/nti\/files\/2016\/09\/SIGid-Logo1.jpg\" width=\"398\" height=\"167\" srcset=\"https:\/\/www2.unifap.br\/nti\/files\/2016\/09\/SIGid-Logo1.jpg 664w, https:\/\/www2.unifap.br\/nti\/files\/2016\/09\/SIGid-Logo1-300x126.jpg 300w\" sizes=\"(max-width: 398px) 100vw, 398px\" \/><\/a><\/p>\n<p style=\"text-align: justify;\"><span style=\"color: #000000;\">O N\u00facleo de Tecnologia da Informa\u00e7\u00e3o (NTI) informa que a partir do dia 12 de Setembro de 2016, um novo gestor de identidades ser\u00e1 utilizado na UNIFAP. Com ele, ser\u00e1 oferecido aos servidores uma autentica\u00e7\u00e3o \u00fanica, ou seja, ser\u00e1 utilizado a mesma credencial em distintos sistemas da Universidade.<\/span><\/p>\n<p style=\"text-align: justify;\"><span style=\"color: #ff0000;\"><strong>ATEN\u00c7\u00c3O! Mudan\u00e7as ser\u00e3o necess\u00e1rias.<\/strong><\/span><br \/>\n<span style=\"color: #000000;\">A principal delas consiste em que o CPF deixar\u00e1 de ser utilizado como seu USU\u00c1RIO. Outra mudan\u00e7a, os SERVIDORES poder\u00e3o permanecer com o usu\u00e1rio de seu e-mail institucional, garantindo a perman\u00eancia de sua conta, de acordo com as seguintes situa\u00e7\u00f5es:<\/span><\/p>\n<p style=\"text-align: justify;\"><span style=\"color: #000000;\"><strong>1\u00aa. Servidores que possuem e-mail institucional e j\u00e1 utilizam os sistemas SIG<\/strong><\/span><br \/>\n<span style=\"color: #000000;\"> A primeira parte de seu e-mail institucional passar\u00e1 a ser o USU\u00c1RIO, ou seja, o nome antes do @unifap.br ser\u00e1 o login utilizado em todos os servi\u00e7os, como o SIG, WEBMAIL UNIFAP, EDUROAM e outros. A SENHA utilizada para acessar os SISTEMAS SIG permanecer\u00e1.<\/span><br \/>\n<span style=\"color: #000000;\"> <em>Exemplo:<\/em><\/span><br \/>\n<span style=\"color: #000000;\"> Antigo Usu\u00e1rio: 123.456.789-00 (CPF)<\/span><br \/>\n<span style=\"color: #000000;\"> Webmail UNIFAP: servidor@unifap.br<\/span><\/p>\n<p style=\"text-align: justify;\"><span style=\"color: #000000;\">Passar\u00e1 a utilizar o Usu\u00e1rio: servidor<\/span><br \/>\n<span style=\"color: #000000;\"> Senha: Continuar\u00e1 a mesma j\u00e1 utilizada nos SIGs<\/span><\/p>\n<p style=\"text-align: justify;\"><strong><span style=\"color: #000000;\">2\u00aa. Servidores que possuem e-mail institucional e<\/span> <span style=\"color: #ff0000;\">NUNCA<\/span> <span style=\"color: #000000;\">utilizaram os sistemas SIG<\/span><\/strong><br \/>\n<span style=\"color: #000000;\"> A primeira parte do seu e-mail institucional ser\u00e1 o USU\u00c1RIO, ou seja, o nome de usu\u00e1rio antes do @unifap.br ser\u00e1 o login a ser utilizado em todos os servi\u00e7os, como o SIG, WEBMAIL UNIFAP, EDUROAM e outros. Sua senha n\u00e3o ser\u00e1 migrada, logo, ser\u00e1 necess\u00e1rio solicitar &#8220;REDEFINI\u00c7\u00c3O DE SENHA&#8221; nos SIGs<\/span> <a title=\"(Veja como fazer)\" href=\"http:\/\/www2.unifap.br\/nti\/files\/2016\/09\/SIGid-Esqueci-minha-senha.jpg\" target=\"_blank\"><span style=\"color: #ff0000;\"><em>(Veja como fazer)<\/em><\/span><\/a>.<br \/>\n<span style=\"color: #000000;\">Exemplo:<\/span><br \/>\n<span style=\"color: #000000;\"> Antigo Usu\u00e1rio: 123.456.789-00 (CPF)<\/span><br \/>\n<span style=\"color: #000000;\"> Webmail UNIFAP: servidor@unifap.br<\/span><\/p>\n<p><span style=\"color: #000000;\">Novo Usu\u00e1rio: servidor<\/span><br \/>\n<span style=\"color: #000000;\"> Senha: Acessar a op\u00e7\u00e3o \u201cESQUECEU A SENHA?\u201d, dos SIGs<\/span> <em><a title=\"(Veja como fazer)\" href=\"http:\/\/www2.unifap.br\/nti\/files\/2016\/09\/SIGid-Esqueci-minha-senha.jpg\" target=\"_blank\"><span style=\"color: #ff0000;\">(Veja como fazer<\/span><\/a><span style=\"color: #ff0000;\"><a title=\"(Veja como fazer)\" href=\"http:\/\/www2.unifap.br\/nti\/files\/2016\/09\/SIGid-Esqueci-minha-senha.jpg\" target=\"_blank\"><span style=\"color: #ff0000;\">)<\/span><\/a><\/span><span style=\"color: #ff0000;\">.<\/span><\/em><\/p>\n<p style=\"text-align: justify;\"><strong><span style=\"color: #000000;\">3\u00aa. Servidores que<\/span> <span style=\"color: #ff0000;\">N\u00c3O<\/span> <span style=\"color: #000000;\">possuem e-mail institucional e j\u00e1 utilizaram os sistemas SIG<\/span><\/strong><br \/>\n<span style=\"color: #000000;\">Servidores que n\u00e3o possuem e-mail institucional, mesmo os que j\u00e1 utilizam os sistemas SIG, dever\u00e3o:<\/span><br \/>\n<span style=\"color: #000000;\"> consultar lista disponibilizada pelo NTI\u00a0<strong><a href=\"http:\/\/www2.unifap.br\/nti\/files\/2016\/09\/SIGid-LISTA-DE-USUA\u0301RIOS62.pdf\">(Clique Aqui)<\/a>\u00a0<\/strong>e verificar seu novo login. A SENHA utilizada para acessar os SISTEMAS SIG permanecer\u00e1; ou<\/span><br \/>\n<span style=\"color: #000000;\"> caso seu nome n\u00e3o conste na lista supracitada, passar pelo auto-cadastro do SIG, onde ser\u00e3o escolhidos novos USU\u00c1RIO e SENHA, atrav\u00e9s da p\u00e1gina de login dos SIGs, clicando em \u201cCADASTRE-SE\u201d<\/span> <a title=\"(Veja como fazer)\" href=\"http:\/\/www2.unifap.br\/nti\/files\/2015\/12\/SIGid-Cadastro.jpg\" target=\"_blank\"><em><span style=\"color: #ff0000;\">(Veja como fazer)<\/span><\/em><\/a>.<\/p>\n<p style=\"text-align: justify;\"><strong><span style=\"color: #000000;\">4\u00aa. Servidores que<\/span> <span style=\"color: #ff0000;\">N\u00c3O<\/span><span style=\"color: #000000;\"> possuem e-mail institucional e<\/span> <span style=\"color: #ff0000;\">NUNCA<\/span> <span style=\"color: #000000;\">utilizaram os sistemas SIG<\/span><\/strong><br \/>\n<span style=\"color: #000000;\"> Servidores que n\u00e3o possuem e-mail institucional, e nunca utilizaram os sistemas SIG, dever\u00e3o passar pelo auto-cadastro do SIG, onde ser\u00e3o escolhidos novos USU\u00c1RIO e SENHA, atrav\u00e9s da p\u00e1gina de login do SIG, clicando em \u201cCADASTRE-SE\u201d<\/span><span style=\"color: #ff0000;\"><em> <a title=\" (Veja como fazer)\" href=\"http:\/\/www2.unifap.br\/nti\/files\/2015\/12\/SIGid-Cadastro.jpg\" target=\"_blank\"><span style=\"color: #ff0000;\">(Veja como fazer)<\/span><\/a><\/em><\/span>.<\/p>\n<p style=\"text-align: justify;\"><span style=\"color: #000000;\"><strong>5\u00aa. Discentes<br \/>\n<\/strong><\/span><span style=\"color: #000000;\">Todos os Alunos dever\u00e3o acessar o SIGAA <a href=\"http:\/\/sigaa.unifap.br\/sigaa\/\">(http:\/\/sigaa.unifap.br)<\/a> para realizar seu cadastro, atualizar suas informa\u00e7\u00f5es, e configurar login e senha<span style=\"color: #ff0000;\">\u00a0<\/span><\/span><span style=\"color: #ff0000;\"><em><a title=\" (Veja como fazer)\" href=\"http:\/\/www2.unifap.br\/nti\/files\/2016\/11\/SIGAA-Cadastro.jpg\" target=\"_blank\"><span style=\"color: #ff0000;\">(Veja como fazer)<\/span><\/a><\/em><em>.<\/em><\/span><\/p>\n<p style=\"text-align: justify;\"><span style=\"color: #000000;\"><strong>DUVIDAS?<\/strong><\/span><\/p>\n<p style=\"text-align: justify;\"><span style=\"color: #000000;\">Acesse nosso website, atrav\u00e9s da URL<\/span><br \/>\n<span style=\"color: #000000;\"> http:\/\/www2.unifap.br\/nti\/sig-id<\/span><\/p>\n<p style=\"text-align: justify;\"><span style=\"color: #000000;\">Contato pelo Whatsapp ou Telegram &#8211; (96) 99933-3908<\/span><br \/>\n<span style=\"color: #000000;\"> Ou ligue para (96) 3312-1733<\/span><\/p>\n","protected":false},"excerpt":{"rendered":"<p>O N\u00facleo de Tecnologia da Informa\u00e7\u00e3o (NTI) informa que a partir do dia 12 de Setembro de 2016, um novo gestor de identidades ser\u00e1 utilizado na UNIFAP. Com ele, ser\u00e1 oferecido aos servidores uma autentica\u00e7\u00e3o \u00fanica, ou seja, ser\u00e1 utilizado a mesma credencial em distintos sistemas da Universidade. ATEN\u00c7\u00c3O! Mudan\u00e7as ser\u00e3o necess\u00e1rias. A principal delas&#8230;<\/p>\n","protected":false},"author":167,"featured_media":0,"parent":0,"menu_order":0,"comment_status":"closed","ping_status":"closed","template":"","meta":{"inline_featured_image":false,"ngg_post_thumbnail":0,"footnotes":""},"class_list":["post-2239","page","type-page","status-publish","hentry","entry"],"_links":{"self":[{"href":"https:\/\/www2.unifap.br\/nti\/wp-json\/wp\/v2\/pages\/2239","targetHints":{"allow":["GET"]}}],"collection":[{"href":"https:\/\/www2.unifap.br\/nti\/wp-json\/wp\/v2\/pages"}],"about":[{"href":"https:\/\/www2.unifap.br\/nti\/wp-json\/wp\/v2\/types\/page"}],"author":[{"embeddable":true,"href":"https:\/\/www2.unifap.br\/nti\/wp-json\/wp\/v2\/users\/167"}],"replies":[{"embeddable":true,"href":"https:\/\/www2.unifap.br\/nti\/wp-json\/wp\/v2\/comments?post=2239"}],"version-history":[{"count":30,"href":"https:\/\/www2.unifap.br\/nti\/wp-json\/wp\/v2\/pages\/2239\/revisions"}],"predecessor-version":[{"id":2458,"href":"https:\/\/www2.unifap.br\/nti\/wp-json\/wp\/v2\/pages\/2239\/revisions\/2458"}],"wp:attachment":[{"href":"https:\/\/www2.unifap.br\/nti\/wp-json\/wp\/v2\/media?parent=2239"}],"curies":[{"name":"wp","href":"https:\/\/api.w.org\/{rel}","templated":true}]}}