{"id":2289,"date":"2016-10-05T11:17:53","date_gmt":"2016-10-05T14:17:53","guid":{"rendered":"http:\/\/www2.unifap.br\/nti\/?page_id=2289"},"modified":"2018-09-27T14:52:01","modified_gmt":"2018-09-27T17:52:01","slug":"politicas-de-servicos","status":"publish","type":"page","link":"https:\/\/www2.unifap.br\/nti\/documentos\/politicas-de-servicos\/","title":{"rendered":"Pol\u00edticas de Servi\u00e7os"},"content":{"rendered":"<ul>\n<li><strong><a href=\"http:\/\/www2.unifap.br\/nti\/files\/2016\/10\/Pol\u00edtica-de-Seguran\u00e7a-da-Informa\u00e7\u00e3o-POSIC-2.pdf\">Pol\u00edtica de Seguran\u00e7a da Informa\u00e7\u00e3o (POSIC)<\/a><\/strong><\/li>\n<\/ul>\n<ul>\n<li><strong><a href=\"http:\/\/www2.unifap.br\/nti\/files\/2016\/10\/Politica-de-Backup.pdf\">Politica de Backup<\/a><\/strong><\/li>\n<\/ul>\n<ul>\n<li><strong><a href=\"http:\/\/www2.unifap.br\/nti\/files\/2016\/10\/Politica-Webmail-Institucional-para-Servidores.pdf\">Politica de uso para e-mail institucional<\/a><br \/>\n<\/strong><\/li>\n<\/ul>\n<ul>\n<li><strong><a href=\"http:\/\/www2.unifap.br\/nti\/files\/2012\/04\/Norma-de-seguran\u00e7a-para-UNIFAPnet.pdf\">Norma de Seguran\u00e7a para UNIFAPnet<\/a><\/strong><\/li>\n<\/ul>\n","protected":false},"excerpt":{"rendered":"<p>Pol\u00edtica de Seguran\u00e7a da Informa\u00e7\u00e3o (POSIC) Politica de Backup Politica de uso para e-mail institucional Norma de Seguran\u00e7a para UNIFAPnet<\/p>\n","protected":false},"author":926,"featured_media":0,"parent":1002,"menu_order":0,"comment_status":"closed","ping_status":"closed","template":"","meta":{"inline_featured_image":false,"ngg_post_thumbnail":0,"footnotes":""},"class_list":["post-2289","page","type-page","status-publish","hentry","entry"],"_links":{"self":[{"href":"https:\/\/www2.unifap.br\/nti\/wp-json\/wp\/v2\/pages\/2289","targetHints":{"allow":["GET"]}}],"collection":[{"href":"https:\/\/www2.unifap.br\/nti\/wp-json\/wp\/v2\/pages"}],"about":[{"href":"https:\/\/www2.unifap.br\/nti\/wp-json\/wp\/v2\/types\/page"}],"author":[{"embeddable":true,"href":"https:\/\/www2.unifap.br\/nti\/wp-json\/wp\/v2\/users\/926"}],"replies":[{"embeddable":true,"href":"https:\/\/www2.unifap.br\/nti\/wp-json\/wp\/v2\/comments?post=2289"}],"version-history":[{"count":7,"href":"https:\/\/www2.unifap.br\/nti\/wp-json\/wp\/v2\/pages\/2289\/revisions"}],"predecessor-version":[{"id":3079,"href":"https:\/\/www2.unifap.br\/nti\/wp-json\/wp\/v2\/pages\/2289\/revisions\/3079"}],"up":[{"embeddable":true,"href":"https:\/\/www2.unifap.br\/nti\/wp-json\/wp\/v2\/pages\/1002"}],"wp:attachment":[{"href":"https:\/\/www2.unifap.br\/nti\/wp-json\/wp\/v2\/media?parent=2289"}],"curies":[{"name":"wp","href":"https:\/\/api.w.org\/{rel}","templated":true}]}}