{"id":2952,"date":"2018-01-31T17:03:25","date_gmt":"2018-01-31T20:03:25","guid":{"rendered":"http:\/\/www2.unifap.br\/nti\/?page_id=2952"},"modified":"2018-01-31T18:17:39","modified_gmt":"2018-01-31T21:17:39","slug":"governanca-de-ti","status":"publish","type":"page","link":"https:\/\/www2.unifap.br\/nti\/documentos\/governanca-de-ti\/","title":{"rendered":"Governan\u00e7a de TI"},"content":{"rendered":"<p style=\"text-align: justify;\"><a href=\"http:\/\/www2.unifap.br\/nti\/files\/2018\/01\/Governan\u00e7a-de-TI.jpg\"><img decoding=\"async\" class=\" wp-image-2957 alignright\" style=\"border: 0px;\" alt=\"Governan\u00e7a-de-TI\" src=\"http:\/\/www2.unifap.br\/nti\/files\/2018\/01\/Governan\u00e7a-de-TI.jpg\" width=\"173\" height=\"121\" srcset=\"https:\/\/www2.unifap.br\/nti\/files\/2018\/01\/Governan\u00e7a-de-TI.jpg 800w, https:\/\/www2.unifap.br\/nti\/files\/2018\/01\/Governan\u00e7a-de-TI-300x210.jpg 300w, https:\/\/www2.unifap.br\/nti\/files\/2018\/01\/Governan\u00e7a-de-TI-250x175.jpg 250w\" sizes=\"(max-width: 173px) 100vw, 173px\" \/><\/a>A Governan\u00e7a de TI\u00a0est\u00e1 relacionada ao desenvolvimento de um conjunto estruturado de compet\u00eancias e habilidades estrat\u00e9gicas para profissionais de TI respons\u00e1veis pelo planejamento, implanta\u00e7\u00e3o, controle e monitoramento de programas e projetos de governan\u00e7a.<\/p>\n<p style=\"text-align: justify;\">Abaixo, acompanhe a Pol\u00edtica de Governan\u00e7a de TI elaborada pelo NTI:<\/p>\n<p style=\"text-align: justify;\"><strong><a href=\"http:\/\/www2.unifap.br\/nti\/files\/2018\/01\/POL\u00cdTICA-DE-GOVERNAN\u00c7A-DE-TI.pdf\">DOCUMENTO DA POL\u00cdTICA DE GOVERNAN\u00c7A DE TI<\/a><\/strong><\/p>\n","protected":false},"excerpt":{"rendered":"<p>A Governan\u00e7a de TI\u00a0est\u00e1 relacionada ao desenvolvimento de um conjunto estruturado de compet\u00eancias e habilidades estrat\u00e9gicas para profissionais de TI respons\u00e1veis pelo planejamento, implanta\u00e7\u00e3o, controle e monitoramento de programas e projetos de governan\u00e7a. Abaixo, acompanhe a Pol\u00edtica de Governan\u00e7a de TI elaborada pelo NTI: DOCUMENTO DA POL\u00cdTICA DE GOVERNAN\u00c7A DE TI<\/p>\n","protected":false},"author":167,"featured_media":0,"parent":1002,"menu_order":0,"comment_status":"closed","ping_status":"closed","template":"","meta":{"inline_featured_image":false,"ngg_post_thumbnail":0,"footnotes":""},"class_list":["post-2952","page","type-page","status-publish","hentry","entry"],"_links":{"self":[{"href":"https:\/\/www2.unifap.br\/nti\/wp-json\/wp\/v2\/pages\/2952","targetHints":{"allow":["GET"]}}],"collection":[{"href":"https:\/\/www2.unifap.br\/nti\/wp-json\/wp\/v2\/pages"}],"about":[{"href":"https:\/\/www2.unifap.br\/nti\/wp-json\/wp\/v2\/types\/page"}],"author":[{"embeddable":true,"href":"https:\/\/www2.unifap.br\/nti\/wp-json\/wp\/v2\/users\/167"}],"replies":[{"embeddable":true,"href":"https:\/\/www2.unifap.br\/nti\/wp-json\/wp\/v2\/comments?post=2952"}],"version-history":[{"count":5,"href":"https:\/\/www2.unifap.br\/nti\/wp-json\/wp\/v2\/pages\/2952\/revisions"}],"predecessor-version":[{"id":2961,"href":"https:\/\/www2.unifap.br\/nti\/wp-json\/wp\/v2\/pages\/2952\/revisions\/2961"}],"up":[{"embeddable":true,"href":"https:\/\/www2.unifap.br\/nti\/wp-json\/wp\/v2\/pages\/1002"}],"wp:attachment":[{"href":"https:\/\/www2.unifap.br\/nti\/wp-json\/wp\/v2\/media?parent=2952"}],"curies":[{"name":"wp","href":"https:\/\/api.w.org\/{rel}","templated":true}]}}