{"id":3789,"date":"2020-10-23T17:04:00","date_gmt":"2020-10-23T20:04:00","guid":{"rendered":"http:\/\/www2.unifap.br\/nti\/?page_id=3789"},"modified":"2020-10-27T12:53:49","modified_gmt":"2020-10-27T15:53:49","slug":"g-suite","status":"publish","type":"page","link":"https:\/\/www2.unifap.br\/nti\/g-suite\/","title":{"rendered":"G-Suite"},"content":{"rendered":"\t\t<div data-elementor-type=\"wp-page\" data-elementor-id=\"3789\" class=\"elementor elementor-3789\">\n\t\t\t\t\t\t<section class=\"elementor-section elementor-top-section elementor-element elementor-element-737e578 elementor-section-boxed elementor-section-height-default elementor-section-height-default\" data-id=\"737e578\" data-element_type=\"section\" data-e-type=\"section\">\n\t\t\t\t\t\t<div class=\"elementor-container elementor-column-gap-default\">\n\t\t\t\t\t<div class=\"elementor-column elementor-col-100 elementor-top-column elementor-element elementor-element-90cf0b2\" data-id=\"90cf0b2\" data-element_type=\"column\" data-e-type=\"column\">\n\t\t\t<div class=\"elementor-widget-wrap elementor-element-populated\">\n\t\t\t\t\t\t<div class=\"elementor-element elementor-element-7d05fb3 elementor-widget elementor-widget-heading\" data-id=\"7d05fb3\" data-element_type=\"widget\" data-e-type=\"widget\" data-widget_type=\"heading.default\">\n\t\t\t\t<div class=\"elementor-widget-container\">\n\t\t\t\t\t<h5 class=\"elementor-heading-title elementor-size-small\">A UNIFAP e o Google firmaram um Termo de Coopera\u00e7\u00e3o T\u00e9cnica que possibilita a todos os T\u00e9cnicos Administrativos e Docentes para colaborar e acessar as ferramentas e servi\u00e7os do G Suite for Education.\n<br><br><\/h5>\t\t\t\t<\/div>\n\t\t\t\t<\/div>\n\t\t\t\t\t<\/div>\n\t\t<\/div>\n\t\t\t\t\t<\/div>\n\t\t<\/section>\n\t\t\t\t<section class=\"elementor-section elementor-top-section elementor-element elementor-element-cd88f7e elementor-section-boxed elementor-section-height-default elementor-section-height-default\" data-id=\"cd88f7e\" data-element_type=\"section\" data-e-type=\"section\">\n\t\t\t\t\t\t<div class=\"elementor-container elementor-column-gap-default\">\n\t\t\t\t\t<div class=\"elementor-column elementor-col-25 elementor-top-column elementor-element elementor-element-94943cf\" data-id=\"94943cf\" data-element_type=\"column\" data-e-type=\"column\">\n\t\t\t<div class=\"elementor-widget-wrap elementor-element-populated\">\n\t\t\t\t\t\t<div class=\"elementor-element elementor-element-8277c7f elementor-widget elementor-widget-image\" data-id=\"8277c7f\" data-element_type=\"widget\" data-e-type=\"widget\" data-widget_type=\"image.default\">\n\t\t\t\t<div class=\"elementor-widget-container\">\n\t\t\t\t\t\t\t\t\t\t\t\t<figure class=\"wp-caption\">\n\t\t\t\t\t\t\t\t\t\t\t<a href=\"https:\/\/accounts.google.com\/signin\/v2\/identifier?continue=https%3A%2F%2Fmail.google.com%2Fmail%2F&#038;service=mail&#038;hd=unifap.br&#038;sacu=1&#038;flowName=GlifWebSignIn&#038;flowEntry=AddSession\">\n\t\t\t\t\t\t\t<img fetchpriority=\"high\" decoding=\"async\" width=\"695\" height=\"401\" src=\"http:\/\/www2.unifap.br\/nti\/files\/2020\/10\/gmail-icone.jpg\" class=\"attachment-large size-large wp-image-3817\" alt=\"Acesse o E-mail\" srcset=\"http:\/\/www2.unifap.br\/nti\/files\/2020\/10\/gmail-icone.jpg 695w, http:\/\/www2.unifap.br\/nti\/files\/2020\/10\/gmail-icone-300x173.jpg 300w\" sizes=\"(max-width: 695px) 100vw, 695px\" \/>\t\t\t\t\t\t\t\t<\/a>\n\t\t\t\t\t\t\t\t\t\t\t<figcaption class=\"widget-image-caption wp-caption-text\">Acesso ao E-mail<\/figcaption>\n\t\t\t\t\t\t\t\t\t\t<\/figure>\n\t\t\t\t\t\t\t\t\t<\/div>\n\t\t\t\t<\/div>\n\t\t\t\t\t<\/div>\n\t\t<\/div>\n\t\t\t\t<div class=\"elementor-column elementor-col-25 elementor-top-column elementor-element elementor-element-ce0cf68\" data-id=\"ce0cf68\" data-element_type=\"column\" data-e-type=\"column\">\n\t\t\t<div class=\"elementor-widget-wrap elementor-element-populated\">\n\t\t\t\t\t\t<div class=\"elementor-element elementor-element-29c3f33 elementor-widget elementor-widget-image\" data-id=\"29c3f33\" data-element_type=\"widget\" data-e-type=\"widget\" data-widget_type=\"image.default\">\n\t\t\t\t<div class=\"elementor-widget-container\">\n\t\t\t\t\t\t\t\t\t\t\t\t<figure class=\"wp-caption\">\n\t\t\t\t\t\t\t\t\t\t\t<a href=\"https:\/\/support.google.com\/a\/answer\/10077155#meet\">\n\t\t\t\t\t\t\t<img decoding=\"async\" width=\"300\" height=\"225\" src=\"http:\/\/www2.unifap.br\/nti\/files\/2020\/10\/gsuite-produtos-600x450px-300x225.png\" class=\"attachment-medium size-medium wp-image-3820\" alt=\"\" srcset=\"http:\/\/www2.unifap.br\/nti\/files\/2020\/10\/gsuite-produtos-600x450px-300x225.png 300w, http:\/\/www2.unifap.br\/nti\/files\/2020\/10\/gsuite-produtos-600x450px.png 600w\" sizes=\"(max-width: 300px) 100vw, 300px\" \/>\t\t\t\t\t\t\t\t<\/a>\n\t\t\t\t\t\t\t\t\t\t\t<figcaption class=\"widget-image-caption wp-caption-text\">Recursos do G-Suite For Education<\/figcaption>\n\t\t\t\t\t\t\t\t\t\t<\/figure>\n\t\t\t\t\t\t\t\t\t<\/div>\n\t\t\t\t<\/div>\n\t\t\t\t\t<\/div>\n\t\t<\/div>\n\t\t\t\t<div class=\"elementor-column elementor-col-25 elementor-top-column elementor-element elementor-element-22115a8\" data-id=\"22115a8\" data-element_type=\"column\" data-e-type=\"column\">\n\t\t\t<div class=\"elementor-widget-wrap elementor-element-populated\">\n\t\t\t\t\t\t<div class=\"elementor-element elementor-element-319d12d elementor-widget elementor-widget-image\" data-id=\"319d12d\" data-element_type=\"widget\" data-e-type=\"widget\" data-widget_type=\"image.default\">\n\t\t\t\t<div class=\"elementor-widget-container\">\n\t\t\t\t\t\t\t\t\t\t\t\t<figure class=\"wp-caption\">\n\t\t\t\t\t\t\t\t\t\t\t<a href=\"https:\/\/www2.unifap.br\/nti\/?page_id=3837&#038;preview=true\">\n\t\t\t\t\t\t\t<img decoding=\"async\" width=\"903\" height=\"470\" src=\"http:\/\/www2.unifap.br\/nti\/files\/2020\/10\/Gsuite.png\" class=\"attachment-large size-large wp-image-3825\" alt=\"\" srcset=\"http:\/\/www2.unifap.br\/nti\/files\/2020\/10\/Gsuite.png 903w, http:\/\/www2.unifap.br\/nti\/files\/2020\/10\/Gsuite-300x156.png 300w, http:\/\/www2.unifap.br\/nti\/files\/2020\/10\/Gsuite-768x400.png 768w\" sizes=\"(max-width: 903px) 100vw, 903px\" \/>\t\t\t\t\t\t\t\t<\/a>\n\t\t\t\t\t\t\t\t\t\t\t<figcaption class=\"widget-image-caption wp-caption-text\">Tire suas d\u00favidas<\/figcaption>\n\t\t\t\t\t\t\t\t\t\t<\/figure>\n\t\t\t\t\t\t\t\t\t<\/div>\n\t\t\t\t<\/div>\n\t\t\t\t\t<\/div>\n\t\t<\/div>\n\t\t\t\t<div class=\"elementor-column elementor-col-25 elementor-top-column elementor-element elementor-element-ae2534e\" data-id=\"ae2534e\" data-element_type=\"column\" data-e-type=\"column\">\n\t\t\t<div class=\"elementor-widget-wrap elementor-element-populated\">\n\t\t\t\t\t\t<div class=\"elementor-element elementor-element-1dccda3 elementor-widget elementor-widget-image\" data-id=\"1dccda3\" data-element_type=\"widget\" data-e-type=\"widget\" data-widget_type=\"image.default\">\n\t\t\t\t<div class=\"elementor-widget-container\">\n\t\t\t\t\t\t\t\t\t\t\t\t<figure class=\"wp-caption\">\n\t\t\t\t\t\t\t\t\t\t\t<a href=\"https:\/\/gsuite.google.com.br\/learning-center\/#!\/\">\n\t\t\t\t\t\t\t<img loading=\"lazy\" decoding=\"async\" width=\"618\" height=\"381\" src=\"http:\/\/www2.unifap.br\/nti\/files\/2020\/10\/unnamed.png\" class=\"attachment-large size-large wp-image-3823\" alt=\"\" srcset=\"http:\/\/www2.unifap.br\/nti\/files\/2020\/10\/unnamed.png 618w, http:\/\/www2.unifap.br\/nti\/files\/2020\/10\/unnamed-300x185.png 300w\" sizes=\"(max-width: 618px) 100vw, 618px\" \/>\t\t\t\t\t\t\t\t<\/a>\n\t\t\t\t\t\t\t\t\t\t\t<figcaption class=\"widget-image-caption wp-caption-text\">Centro de Aprendizado G-Suite<\/figcaption>\n\t\t\t\t\t\t\t\t\t\t<\/figure>\n\t\t\t\t\t\t\t\t\t<\/div>\n\t\t\t\t<\/div>\n\t\t\t\t\t<\/div>\n\t\t<\/div>\n\t\t\t\t\t<\/div>\n\t\t<\/section>\n\t\t\t\t<section class=\"elementor-section elementor-top-section elementor-element elementor-element-c441a2b elementor-section-boxed elementor-section-height-default elementor-section-height-default\" data-id=\"c441a2b\" data-element_type=\"section\" data-e-type=\"section\">\n\t\t\t\t\t\t<div class=\"elementor-container elementor-column-gap-default\">\n\t\t\t\t\t<div class=\"elementor-column elementor-col-100 elementor-top-column elementor-element elementor-element-ec52d43\" data-id=\"ec52d43\" data-element_type=\"column\" data-e-type=\"column\">\n\t\t\t<div class=\"elementor-widget-wrap elementor-element-populated\">\n\t\t\t\t\t\t<div class=\"elementor-element elementor-element-395c342 elementor-widget elementor-widget-text-editor\" data-id=\"395c342\" data-element_type=\"widget\" data-e-type=\"widget\" data-widget_type=\"text-editor.default\">\n\t\t\t\t<div class=\"elementor-widget-container\">\n\t\t\t\t\t\t\t\t\t<p><strong><a href=\"https:\/\/sipac.unifap.br\/public\/jsp\/processos\/processo_detalhado.jsf?id=49748\">Processo de Uso UNIFAP &#8211; Google<\/a><\/strong><\/p><p><strong><a href=\"http:\/\/www2.unifap.br\/nti\/files\/2020\/10\/termos-de-servico-do-g-suite-g-suite.pdf\">Termo de servi\u00e7o do G-SUITE<\/a><\/strong><\/p>\t\t\t\t\t\t\t\t<\/div>\n\t\t\t\t<\/div>\n\t\t\t\t\t<\/div>\n\t\t<\/div>\n\t\t\t\t\t<\/div>\n\t\t<\/section>\n\t\t\t\t<\/div>\n\t\t","protected":false},"excerpt":{"rendered":"<p>A UNIFAP e o Google firmaram um Termo de Coopera\u00e7\u00e3o T\u00e9cnica que possibilita a todos os T\u00e9cnicos Administrativos e Docentes para colaborar e acessar as ferramentas e servi\u00e7os do G Suite for Education. Acesso ao E-mail Recursos do G-Suite For Education Tire suas d\u00favidas Centro de Aprendizado G-Suite Processo de Uso UNIFAP &#8211; Google Termo&#8230;<\/p>\n","protected":false},"author":942,"featured_media":0,"parent":0,"menu_order":0,"comment_status":"closed","ping_status":"closed","template":"","meta":{"inline_featured_image":false,"ngg_post_thumbnail":0,"footnotes":""},"class_list":["post-3789","page","type-page","status-publish","hentry","entry"],"_links":{"self":[{"href":"https:\/\/www2.unifap.br\/nti\/wp-json\/wp\/v2\/pages\/3789","targetHints":{"allow":["GET"]}}],"collection":[{"href":"https:\/\/www2.unifap.br\/nti\/wp-json\/wp\/v2\/pages"}],"about":[{"href":"https:\/\/www2.unifap.br\/nti\/wp-json\/wp\/v2\/types\/page"}],"author":[{"embeddable":true,"href":"https:\/\/www2.unifap.br\/nti\/wp-json\/wp\/v2\/users\/942"}],"replies":[{"embeddable":true,"href":"https:\/\/www2.unifap.br\/nti\/wp-json\/wp\/v2\/comments?post=3789"}],"version-history":[{"count":25,"href":"https:\/\/www2.unifap.br\/nti\/wp-json\/wp\/v2\/pages\/3789\/revisions"}],"predecessor-version":[{"id":3843,"href":"https:\/\/www2.unifap.br\/nti\/wp-json\/wp\/v2\/pages\/3789\/revisions\/3843"}],"wp:attachment":[{"href":"https:\/\/www2.unifap.br\/nti\/wp-json\/wp\/v2\/media?parent=3789"}],"curies":[{"name":"wp","href":"https:\/\/api.w.org\/{rel}","templated":true}]}}