{"id":3793,"date":"2020-10-23T17:08:15","date_gmt":"2020-10-23T20:08:15","guid":{"rendered":"http:\/\/www2.unifap.br\/nti\/?page_id=3793"},"modified":"2020-10-27T16:46:15","modified_gmt":"2020-10-27T19:46:15","slug":"ms-office-365","status":"publish","type":"page","link":"https:\/\/www2.unifap.br\/nti\/ms-office-365\/","title":{"rendered":"MS OFFICE 365"},"content":{"rendered":"\t\t<div data-elementor-type=\"wp-page\" data-elementor-id=\"3793\" class=\"elementor elementor-3793\">\n\t\t\t\t\t\t<section class=\"elementor-section elementor-top-section elementor-element elementor-element-12f5c77f elementor-section-boxed elementor-section-height-default elementor-section-height-default\" data-id=\"12f5c77f\" data-element_type=\"section\" data-e-type=\"section\">\n\t\t\t\t\t\t<div class=\"elementor-container elementor-column-gap-default\">\n\t\t\t\t\t<div class=\"elementor-column elementor-col-100 elementor-top-column elementor-element elementor-element-18a1b623\" data-id=\"18a1b623\" data-element_type=\"column\" data-e-type=\"column\">\n\t\t\t<div class=\"elementor-widget-wrap elementor-element-populated\">\n\t\t\t\t\t\t<div class=\"elementor-element elementor-element-508a03b6 elementor-widget elementor-widget-text-editor\" data-id=\"508a03b6\" data-element_type=\"widget\" data-e-type=\"widget\" data-widget_type=\"text-editor.default\">\n\t\t\t\t<div class=\"elementor-widget-container\">\n\t\t\t\t\t\t\t\t\t<h2>MS OFFICE 365<\/h2>\t\t\t\t\t\t\t\t<\/div>\n\t\t\t\t<\/div>\n\t\t\t\t\t<\/div>\n\t\t<\/div>\n\t\t\t\t\t<\/div>\n\t\t<\/section>\n\t\t\t\t<section class=\"elementor-section elementor-top-section elementor-element elementor-element-6272e85 elementor-section-boxed elementor-section-height-default elementor-section-height-default\" data-id=\"6272e85\" data-element_type=\"section\" data-e-type=\"section\">\n\t\t\t\t\t\t<div class=\"elementor-container elementor-column-gap-default\">\n\t\t\t\t\t<div class=\"elementor-column elementor-col-50 elementor-top-column elementor-element elementor-element-c4f57e8\" data-id=\"c4f57e8\" data-element_type=\"column\" data-e-type=\"column\">\n\t\t\t<div class=\"elementor-widget-wrap elementor-element-populated\">\n\t\t\t\t\t\t<div class=\"elementor-element elementor-element-1a47430 elementor-widget elementor-widget-text-editor\" data-id=\"1a47430\" data-element_type=\"widget\" data-e-type=\"widget\" data-widget_type=\"text-editor.default\">\n\t\t\t\t<div class=\"elementor-widget-container\">\n\t\t\t\t\t\t\t\t\t<p>A UNIFAP fechou um acordo com a Microsoft para disponibilizar\u00a0 as ferramentas online do Microsoft Office 365.<\/p><p>A vers\u00e3o da su\u00edte do\u00a0Microsoft Office 365 Education disponibilizada \u00e9 a vers\u00e3o gratuita, que\u00a0<strong>n\u00e3o contempla a instala\u00e7\u00e3o em computadores (Linux, Windows ou Mac OS) do Office 365, Vers\u00e3o A 1<\/strong>, mas somente a\u00a0<strong>vers\u00e3o Office Online<\/strong>, acess\u00edvel por navegador web.<\/p><h3><strong>O que pode ser solicitado\/utilizado<\/strong><\/h3><p>As ferramentas online e gratuitas do Office 365, tais como:<\/p><ul><li><p style=\"margin: 1.5em auto; padding-right: 20px; padding-left: 20px; font-variant-ligatures: normal; font-variant-caps: normal; font-family: Roboto; font-size: 17px; font-style: normal; font-weight: 400; max-width: 699px; color: #555555; background-color: #fbfbfb;\"><span style=\"font-size: 17px; font-weight: 600;\">Confira os recursos oferecidos<\/span><\/p><p style=\"margin: 1.5em auto; padding-right: 20px; padding-left: 20px; font-variant-ligatures: normal; font-variant-caps: normal; font-family: Roboto; font-size: 17px; font-style: normal; font-weight: 400; max-width: 699px; color: #555555; background-color: #fbfbfb;\"><span id=\"docs-internal-guid-018f8811-7fff-6e3a-b98b-443472d92c58\" style=\"font-weight: normal;\"><a href=\"https:\/\/lh5.googleusercontent.com\/WM3nKKy67bb-pRxNive94cFG_usZbAT4OdvmUFCWfiD_CoMwJdPXGAupK4t0PVwA1MULbslbvzQkxbmzAKNAdLREsxdjb6yPKrkOCY1LcclABNOk1BUN8cLaqUZdR1-3VxbztsThUSA\"><img fetchpriority=\"high\" decoding=\"async\" class=\"aligncenter\" src=\"https:\/\/lh5.googleusercontent.com\/WM3nKKy67bb-pRxNive94cFG_usZbAT4OdvmUFCWfiD_CoMwJdPXGAupK4t0PVwA1MULbslbvzQkxbmzAKNAdLREsxdjb6yPKrkOCY1LcclABNOk1BUN8cLaqUZdR1-3VxbztsThUSA\" alt=\"\" width=\"531\" height=\"216\" \/><\/a><\/span><\/p><\/li><\/ul><h3><strong>Como solicitar\/utilizar<\/strong><\/h3><p>Entre na p\u00e1gina de acesso ao\u00a0<a title=\"Office 365 Unicamp\" href=\"https:\/\/signup.microsoft.com\/signup?sku=Education\" target=\"_blank\" rel=\"noopener\">Office 365\u00a0<\/a>e preencha as informa\u00e7\u00f5es de usu\u00e1rio e senha.<\/p><h3><strong>Quem pode solicitar\/utilizar<\/strong><\/h3><p>O Office 365 est\u00e1 dispon\u00edvel para toda comunidade universit\u00e1ria com um\u00a0<strong>usu\u00e1rio UNIFAP<\/strong>\u00a0ativo.<\/p><h3><strong>Servi\u00e7o dispon\u00edvel para<\/strong><\/h3><ul><li>T\u00e9cnicos Administrativos<\/li><li>Professores<\/li><\/ul>\t\t\t\t\t\t\t\t<\/div>\n\t\t\t\t<\/div>\n\t\t\t\t\t<\/div>\n\t\t<\/div>\n\t\t\t\t<div class=\"elementor-column elementor-col-50 elementor-top-column elementor-element elementor-element-5c60f1f\" data-id=\"5c60f1f\" data-element_type=\"column\" data-e-type=\"column\">\n\t\t\t<div class=\"elementor-widget-wrap elementor-element-populated\">\n\t\t\t\t\t\t<div class=\"elementor-element elementor-element-9fcb913 elementor-widget elementor-widget-text-editor\" data-id=\"9fcb913\" data-element_type=\"widget\" data-e-type=\"widget\" data-widget_type=\"text-editor.default\">\n\t\t\t\t<div class=\"elementor-widget-container\">\n\t\t\t\t\t\t\t\t\t<h1>Acesso r\u00e1pido<\/h1><ul><li><h4><a href=\"https:\/\/login.live.com\/login.srf?wa=wsignin1.0&amp;rpsnv=13&amp;rver=7.3.6963.0&amp;wp=MBI_SSL&amp;wreply=https%3a%2f%2fwww.microsoft.com%2fpt-br%2f&amp;lc=1046&amp;id=74335&amp;aadredir=1\">Acesso ao servi\u00e7o<\/a> ou <a href=\"https:\/\/login.live.com\/login.srf?wa=wsignin1.0&amp;rpsnv=13&amp;rver=7.3.6963.0&amp;wp=MBI_SSL&amp;wreply=https%3a%2f%2fwww.microsoft.com%2fpt-br%2f&amp;lc=1046&amp;id=74335&amp;aadredir=1\">Microsoft.com<\/a><\/h4><\/li><li><h4><a href=\"https:\/\/signup.microsoft.com\/signup?sku=Education\">Inscri\u00e7\u00e3o no servi\u00e7o Microsoft Office 365<\/a><\/h4><\/li><li><h4><a href=\"https:\/\/www.microsoft.com\/pt-br\/microsoft-365\/microsoft-teams\/download-app\">Download do Microsoft Teams\u00a0<\/a><\/h4><\/li><li><h4><a href=\"http:\/\/suportenti.unifap.br\">Suporte NTI<\/a><\/h4><\/li><\/ul><div>\u00a0<\/div><div>\u00a0<\/div>\t\t\t\t\t\t\t\t<\/div>\n\t\t\t\t<\/div>\n\t\t\t\t\t<\/div>\n\t\t<\/div>\n\t\t\t\t\t<\/div>\n\t\t<\/section>\n\t\t\t\t<\/div>\n\t\t","protected":false},"excerpt":{"rendered":"<p>MS OFFICE 365 A UNIFAP fechou um acordo com a Microsoft para disponibilizar\u00a0 as ferramentas online do Microsoft Office 365. A vers\u00e3o da su\u00edte do\u00a0Microsoft Office 365 Education disponibilizada \u00e9 a vers\u00e3o gratuita, que\u00a0n\u00e3o contempla a instala\u00e7\u00e3o em computadores (Linux, Windows ou Mac OS) do Office 365, Vers\u00e3o A 1, mas somente a\u00a0vers\u00e3o Office Online,&#8230;<\/p>\n","protected":false},"author":942,"featured_media":0,"parent":0,"menu_order":0,"comment_status":"closed","ping_status":"closed","template":"","meta":{"inline_featured_image":false,"ngg_post_thumbnail":0,"footnotes":""},"class_list":["post-3793","page","type-page","status-publish","hentry","entry"],"_links":{"self":[{"href":"https:\/\/www2.unifap.br\/nti\/wp-json\/wp\/v2\/pages\/3793","targetHints":{"allow":["GET"]}}],"collection":[{"href":"https:\/\/www2.unifap.br\/nti\/wp-json\/wp\/v2\/pages"}],"about":[{"href":"https:\/\/www2.unifap.br\/nti\/wp-json\/wp\/v2\/types\/page"}],"author":[{"embeddable":true,"href":"https:\/\/www2.unifap.br\/nti\/wp-json\/wp\/v2\/users\/942"}],"replies":[{"embeddable":true,"href":"https:\/\/www2.unifap.br\/nti\/wp-json\/wp\/v2\/comments?post=3793"}],"version-history":[{"count":8,"href":"https:\/\/www2.unifap.br\/nti\/wp-json\/wp\/v2\/pages\/3793\/revisions"}],"predecessor-version":[{"id":3852,"href":"https:\/\/www2.unifap.br\/nti\/wp-json\/wp\/v2\/pages\/3793\/revisions\/3852"}],"wp:attachment":[{"href":"https:\/\/www2.unifap.br\/nti\/wp-json\/wp\/v2\/media?parent=3793"}],"curies":[{"name":"wp","href":"https:\/\/api.w.org\/{rel}","templated":true}]}}